{"id":1067,"date":"2022-06-13T15:40:50","date_gmt":"2022-06-13T18:40:50","guid":{"rendered":"https:\/\/www.ufsm.br\/cursos\/pos-graduacao\/santa-maria\/pgeec\/?page_id=1067"},"modified":"2026-04-01T08:54:09","modified_gmt":"2026-04-01T11:54:09","slug":"colegiado","status":"publish","type":"page","link":"https:\/\/www.ufsm.br\/cursos\/pos-graduacao\/santa-maria\/pgeec\/colegiado","title":{"rendered":"Colegiado"},"content":{"rendered":"<p>Prof. Daniel Morin Ocampo (Presidente)<\/p>\n<p>Prof. Luiz Caldeira Brandt de Tolentino Neto (Vice-Presidente)<\/p>\n<p>Prof\u00aa. Eliziane da Silva D&#8217;Avila (docente)<\/p>\n<p>Prof. Phillip Vilanova Ilha (docente)<\/p>\n<p>Prof. Leandro Marcon Frigo (docente)<\/p>\n<p>Prof\u00aa. Sabrina Zancan (docente)<\/p>\n<p>Prof. Renato Xavier Coutinho (docente)<\/p>\n<p>Acad. Stephani Gon\u00e7alves Fagundes (discente)<\/p>\n<p>Acad. Eduarda Rosa Silveira (discente)<\/p>\n<p>Acad. Daniele Javarez de Oliveira ( discente)<\/p>\n<p>Suplentes<\/p>\n<p>Prof\u00aa. Cristiane Muenchen (docente)<\/p>\n<p>Prof\u00aa. Maria Cec\u00edlia Pereira Santarosa <span style=\"font-size: revert;color: initial\">(docente)<\/span><\/p>\n<p>Prof\u00aa. Cadidja Coutirnho (docente)<\/p>\n<p>Acad.\u00a0 Bruna da Rosa de Brites (discente)<\/p>\n<p>Acad.\u00a0 Patr\u00edcia Lunardi Martins (discente)<\/p>\n<p>Acad. Ana Fl\u00e1via Zorxi (discente)<\/p>\n<h2><\/h2>\n<h2>Portarias<\/h2>\n<p><a href=\"https:\/\/www.ufsm.br\/app\/uploads\/sites\/565\/2025\/08\/PPGECI-Portaria-204-2025-Designar-colegiado-.pdf\">Portaria 2024\/2025 (24\/07\/2025)<\/a> &#8211; Altera o Colegiado do PPGECI<\/p>\n<p><a href=\"https:\/\/www.ufsm.br\/app\/uploads\/sites\/565\/2025\/04\/PPGECI-Portaria-089-2025-Alterar-Colegiado-do-PPGECQVS.pdf\">Portaria 089\/2025 (24\/04\/2025)<\/a>&#8211; Altera o Colegiado do PPGECI<\/p>\n<p><a href=\"https:\/\/www.ufsm.br\/app\/uploads\/sites\/565\/2025\/04\/Portaria-064-2025-Designar-Colegiado-do-PPGECQVS.pdf\">Portaria 064-2025 Designar Colegiado do PPGECQVS<\/a> &#8211; 2025<\/p>\n<p><a href=\"https:\/\/www.ufsm.br\/app\/uploads\/sites\/565\/2025\/04\/PPGQVS-Portaria-170-2024-Altera-Colegiado.pdf\">PPGQVS &#8211; Portaria 170-2024 Altera Colegiado &#8211; 2024<\/a><\/p>\n<p><a href=\"https:\/\/www.ufsm.br\/app\/uploads\/sites\/565\/2023\/09\/Portaria-231-2023-Altera-Colegiado-do-PPGCQVS.pdf\">Portaria que altera o Colegiado &#8211; 2023<\/a><\/p>\n<p><a href=\"https:\/\/www.ufsm.br\/app\/uploads\/sites\/565\/2023\/03\/Portaria-062-2023-Colegiado-PPGCQVS.pdf\">Portaria que institui o Colegiado &#8211; 2023<\/a><\/p>\n<p><a href=\"https:\/\/www.ufsm.br\/app\/uploads\/sites\/565\/2022\/12\/Portaria_230_2022_altera_Colegiado.pdf\">Portaria que institui o Colegiado &#8211; 2022<\/a><\/p>\n<h2><\/h2>\n<h2>Atas Colegiado PPGECI<\/h2>\n<p><a href=\"https:\/\/portal.ufsm.br\/documentos\/publico\/documento.html?idDocumento=15778645\">Ata 060\/2026 &#8211; Colegiado PPGECI\/CCNE\/UFSM (16 mar. 2026)<\/a><\/p>\n<p><a href=\"https:\/\/portal.ufsm.br\/documentos\/publico\/documento.html?idDocumento=15770287\">Ata 059\/2026 &#8211; Colegiado PPGECI\/CCNE\/UFSM (10 fev. 2026)<\/a><\/p>\n<p><a href=\"https:\/\/portal.ufsm.br\/documentos\/publico\/documento.html?idDocumento=15774185\">Ata 058\/2026 &#8211; Colegiado do PPGECI\/CCNE\/UFSM (05 jan. 2026)<\/a><\/p>\n<p><a href=\"https:\/\/portal.ufsm.br\/documentos\/publico\/documento.html?idDocumento=15770191\">Ata 057\/2025 &#8211; Colegiado PPGECI\/CCNE\/UFSM (21 nov. 2025)<\/a><\/p>\n<p><a href=\"https:\/\/portal.ufsm.br\/documentos\/publico\/documento.html?id=15631532\">Ata 056\/2025 &#8211; Colegiado PPGECI\/CCNE\/UFSM (20 out. 2025)<\/a><\/p>\n<p><a href=\"https:\/\/portal.ufsm.br\/documentos\/publico\/documento.html?idDocumento=15612774\">Ata 055\/2025 &#8211; Reuni\u00e3o Extraordin\u00e1ria Colegiado PPGECI\/CCNE\/UFSM (25 set. 2025)<\/a><\/p>\n<p><a href=\"https:\/\/portal.ufsm.br\/documentos\/publico\/documento.html?id=15590873\">Ata 054\/2025 &#8211; Colegiado PPGECI\/CCNE\/UFSM (15 set. 2025)<\/a><\/p>\n<p>Anexo ata 054\/2025: <a href=\"https:\/\/www.ufsm.br\/app\/uploads\/sites\/565\/2025\/09\/Anexo-ata-Levantamento_Auxilio_eventos_2025.pdf\">Levantamento de aux\u00edlio eventos<\/a><\/p>\n<p><a href=\"https:\/\/portal.ufsm.br\/documentos\/publico\/documento.html?idDocumento=15567562\">Ata 053\/2025 &#8211; Colegiado PPGECI\/CCNE\/UFSM (18 ago. 2025)<\/a><\/p>\n<p>Anexo ata 053\/2025: <a href=\"https:\/\/www.ufsm.br\/app\/uploads\/sites\/565\/2025\/09\/CRITERIOS-PARA-APROVEITAMENTO-DE-CREDITOS-POR-OUTRAS-ATIVIDADES-ACADEMICAS.pdf\">Crit\u00e9rios para concess\u00e3o de cr\u00e9ditos por outras atividades acad\u00eamicas<\/a>.<\/p>\n<p><a href=\"https:\/\/portal.ufsm.br\/documentos\/publico\/documento.html?idDocumento=15513536\">Ata 052\/2025 &#8211; Colegiado PPGECI\/CCNE\/UFSM (03 jul. 2025)<\/a><\/p>\n<p><a href=\"https:\/\/portal.ufsm.br\/documentos\/publico\/documento.html?idDocumento=15487739\">Ata 051\/2025 &#8211; Colegiado PPGECI\/CCNE\/UFSM (09 jun. 2025)<\/a><\/p>\n<p><a href=\"https:\/\/portal.ufsm.br\/documentos\/publico\/documento.html?idDocumento=15452085\">Ata 050\/2025 &#8211; Colegiado PPGECI\/CCNE\/UFSM (15 mai. 2025).<\/a><\/p>\n<p><a href=\"https:\/\/portal.ufsm.br\/documentos\/publico\/documento.html?idDocumento=15432471\">Ata 049\/2025 &#8211; Colegiado PPGECI\/CCNE\/UFSM (25 abr. 2025).<\/a><\/p>\n<p><a href=\"https:\/\/portal.ufsm.br\/documentos\/publico\/documento.html?idDocumento=15426591\">Ata 048\/2025 &#8211; Colegiado PPGECI\/CCNE\/UFSM (17 abr. 2025).<\/a><\/p>\n<p>Anexo ata 048\/2025: <a href=\"https:\/\/www.ufsm.br\/app\/uploads\/sites\/565\/2025\/04\/Ata-Representacao-discente-e-estudantes-do-PPgECi.pdf\">Ata reuni\u00e3o representa\u00e7\u00e3o discente<\/a><\/p>\n<p><a href=\"https:\/\/portal.ufsm.br\/documentos\/publico\/documento.html?id=15408859\">Ata 047\/2025 &#8211; Colegiado PPGECI\/CCNE\/UFSM (19 mar. 2025)<\/a>.<\/p>\n<p><a href=\"https:\/\/portal.ufsm.br\/documentos\/publico\/documento.html?idDocumento=15357461\">Ata 046\/2025 &#8211; Colegiado PPGECI\/CCNE\/UFSM (18 fev. 2025)<\/a>.<\/p>\n<p><a href=\"https:\/\/portal.ufsm.br\/documentos\/publico\/documento.html?idDocumento=15336497\">Ata 045\/2025 &#8211; Colegiado PPGECI\/CCNE\/UFSM (22 jan. 2025).<\/a><\/p>\n<p><a href=\"https:\/\/portal.ufsm.br\/documentos\/publico\/documento.html?id=15323046\">Ata 044\/2024 &#8211; Colegiado PPGECI\/CCNE\/UFSM (19 dez. 2024)<\/a>.<\/p>\n<p><a href=\"https:\/\/portal.ufsm.br\/documentos\/publico\/documento.html?id=15284938\">Ata 043\/2024 &#8211; Colegiado PPGECI\/CCNE\/UFSM (22 nov. 2024).<\/a><\/p>\n<p><a style=\"color: #204c90;font-size: 16px\" href=\"https:\/\/portal.ufsm.br\/documentos\/publico\/documento.html?idDocumento=15240180\">Ata 042\/2024 &#8211; Colegiado PPGECI\/CCNE\/UFSM (16 out. 2024).<\/a><\/p>\n<p><a style=\"color: #204c90;font-size: 16px\" href=\"https:\/\/portal.ufsm.br\/documentos\/publico\/documento.html?id=15210229\">Ata 041\/2024 &#8211; Colegiado PPGECI\/CCNE\/UFSM (18 set. 2024).<\/a><\/p>\n<p><a style=\"color: #204c90;font-size: 16px\" href=\"https:\/\/portal.ufsm.br\/documentos\/publico\/documento.html?idDocumento=15162434\">Ata 040\/2024 &#8211; Colegiado PPGECI\/CCNE\/UFSM (21 ago. 2024).<\/a><\/p>\n<p><a style=\"color: #204c90;font-size: 16px\" href=\"https:\/\/portal.ufsm.br\/documentos\/publico\/documento.html?idDocumento=15121102\">Ata 039\/2024 &#8211; Colegiado PPGECI\/CCNE\/UFSM (17 jul. 2024).<\/a><\/p>\n<p><a style=\"color: #204c90;font-size: 16px\" href=\"https:\/\/portal.ufsm.br\/documentos\/publico\/documento.html?id=15105896\">Ata 038\/2024 &#8211; Colegiado PPGECI\/CCNE\/UFSM (26 jun. 2024).<\/a><\/p>\n<p><a style=\"color: #204c90;font-size: 16px\" href=\"https:\/\/portal.ufsm.br\/documentos\/publico\/documento.html?idDocumento=15103832\">Ata 037\/2024 &#8211; Colegiado PPGECI\/CCNE\/UFSM (22 mai. 2024).<\/a><\/p>\n<p><a style=\"color: #204c90;font-size: 16px\" href=\"https:\/\/portal.ufsm.br\/documentos\/publico\/documento.html?idDocumento=15096955\">Ata 036\/2024 &#8211; Colegiado PPGECI\/CCNE\/UFSM (30 abr. 2024).<\/a><\/p>\n<p><a style=\"font-size: 1rem;font-weight: var( --e-global-typography-text-font-weight );text-align: var(--bs-body-text-align)\" href=\"https:\/\/portal.ufsm.br\/documentos\/publico\/documento.html?idDocumento=15054679\">Ata 035\/2024 &#8211; Colegiado PPGECI\/CCNE\/UFSM (17 abr. 2024).<\/a><\/p>\n<p><a href=\"https:\/\/portal.ufsm.br\/documentos\/publico\/documento.html?idDocumento=15032559\">Ata 034\/2024 &#8211; Colegiado PPGECI\/CCNE\/UFSM (20 mar. 2024).<\/a><\/p>\n<p><a style=\"font-size: 1rem;font-weight: var( --e-global-typography-text-font-weight );text-align: var(--bs-body-text-align)\" href=\"https:\/\/portal.ufsm.br\/documentos\/publico\/documento.html?idDocumento=15004189\">Ata 033\/2024 &#8211; Colegiado PPGECI\/CCNE\/UFSM (22 fev. 2024).<\/a><\/p>\n<p><a href=\"https:\/\/portal.ufsm.br\/documentos\/publico\/documento.html?idDocumento=14956090\">Ata 032\/2023 &#8211; Colegiado PPGECI\/CCNE\/UFSM (22 dez. 2023).<\/a><\/p>\n<p><a href=\"https:\/\/portal.ufsm.br\/documentos\/publico\/documento.html?idDocumento=14922684\">Ata 031\/2023 &#8211; Colegiado PPGECI\/CCNE\/UFSM (01 dez. 2023).<\/a><\/p>\n<p><a href=\"https:\/\/portal.ufsm.br\/documentos\/publico\/documento.html?idDocumento=14932401\">Ata 030\/2023 &#8211; Colegiado PPGECI\/CCNE\/UFSM (23 nov. 2023).<\/a><\/p>\n<p><a href=\"https:\/\/portal.ufsm.br\/documentos\/publico\/documento.html?id=14881328\">Ata 029\/2023 &#8211; Colegiado PPGECI\/CCNE\/UFSM (19 out. 2023).<\/a><\/p>\n<p><a href=\"https:\/\/portal.ufsm.br\/documentos\/publico\/documento.html?idDocumento=14854556\">Ata 028\/2023 &#8211; Colegiado PPGECI\/CCNE\/UFSM (21 set. 2023).<\/a><\/p>\n<p><a href=\"https:\/\/portal.ufsm.br\/documentos\/publico\/documento.html?idDocumento=14844017\">Ata 027\/2023 &#8211; Colegiado PPGECI\/CCNE\/UFSM (18 set. 2023).<\/a><\/p>\n<p><a href=\"https:\/\/portal.ufsm.br\/documentos\/publico\/documento.html?idDocumento=14830696\">Ata 026\/2023 &#8211; Colegiado PPGECI\/CCNE\/UFSM (24 ago. 2023).<\/a><\/p>\n<p><a href=\"https:\/\/portal.ufsm.br\/documentos\/publico\/documento.html?idDocumento=14779588\">Ata 025\/2023 &#8211; Colegiado PPGECI\/CCNE\/UFSM (20 jul. 2023).<\/a><\/p>\n<p><a href=\"https:\/\/portal.ufsm.br\/documentos\/publico\/documento.html?idDocumento=14715936\">Ata 024\/2023 &#8211; Colegiado PPGECI\/CCNE\/UFSM (22 jun. 2023).<\/a><\/p>\n<p><a href=\"https:\/\/portal.ufsm.br\/documentos\/publico\/documento.html?idDocumento=14678455\">Ata 023\/2023 &#8211; Colegiado PPGECI\/CCNE\/UFSM (18 mai. 2023)<\/a><\/p>\n<p><a href=\"https:\/\/portal.ufsm.br\/documentos\/publico\/documento.html?id=14671559\">Ata 022\/2023 &#8211; Colegiado PPGECI\/CCNE\/UFSM (20 abr. 2023)<\/a><\/p>\n<p><a href=\"https:\/\/portal.ufsm.br\/documentos\/publico\/documento.html?idDocumento=14619844\">Ata 021\/2023 &#8211; Colegiado PPGECI\/CCNE\/UFSM (16 mar. 2023)<\/a><\/p>\n<p><a href=\"https:\/\/portal.ufsm.br\/documentos\/publico\/documento.html?id=14564534\">Ata 020\/2023 &#8211; Colegiado PPGECI\/CCNE\/UFSM (16 fev. 2023)<\/a><\/p>\n<p><a href=\"https:\/\/portal.ufsm.br\/documentos\/publico\/documento.html?idDocumento=14515428\">Ata 019\/2023 &#8211; Colegiado PPGECI\/CCNE\/UFSM (09 jan. 2023)<\/a><\/p>\n<p><a href=\"https:\/\/portal.ufsm.br\/documentos\/publico\/documento.html?id=14496592\">Ata 018\/2022 &#8211; Colegiado PPGECI\/CCNE\/UFSM (17 nov. 2022)<\/a><\/p>\n<p><a href=\"https:\/\/portal.ufsm.br\/documentos\/publico\/documento.html?id=14418790\">Ata 017\/2022 &#8211; Colegiado PPGECI\/CCNE\/UFSM (29 ago. 2022)<\/a><\/p>\n<p><a href=\"https:\/\/portal.ufsm.br\/documentos\/publico\/documento.html?id=14418770\">Ata 016\/2022 &#8211; Colegiado PPGECI\/CCNE\/UFSM (25 ago. 2022)<\/a><\/p>\n<p><a href=\"https:\/\/portal.ufsm.br\/documentos\/publico\/documento.html?id=14418736\">Ata 015\/2022 &#8211; Colegiado PPGECI\/CCNE\/UFSM (11 ago. 2022)<\/a><\/p>\n<p><a href=\"https:\/\/portal.ufsm.br\/documentos\/publico\/documento.html?id=14416605\">Ata 014\/2022 &#8211; Colegiado PPGECQVS\/CCNE\/UFSM (13 jul. 2022)<\/a><\/p>\n<p><a href=\"https:\/\/portal.ufsm.br\/documentos\/publico\/documento.html?id=14207773\">Ata 013\/2022 &#8211; Colegiado PPGECQVS\/CCNE\/UFSM (25 abr. 2022)<\/a><\/p>\n<p><a href=\"https:\/\/portal.ufsm.br\/documentos\/publico\/documento.html?id=14416570\">Ata 012\/2022 &#8211; Colegiado PPGECQVS\/CCNE\/UFSM (22 fev. 2022)<\/a><\/p>\n<p><a href=\"https:\/\/portal.ufsm.br\/documentos\/publico\/documento.html?id=14416514\">Ata 011\/2022 &#8211; Colegiado PPGECQVS\/CCNE\/UFSM (14 fev. 2022)<\/a><\/p>\n","protected":false},"excerpt":{"rendered":"<p>Prof. Daniel Morin Ocampo (Presidente) Prof. Luiz Caldeira Brandt de Tolentino Neto (Vice-Presidente) Prof\u00aa. Eliziane da Silva D&#8217;Avila (docente) Prof. Phillip Vilanova Ilha (docente) Prof. Leandro Marcon Frigo (docente) Prof\u00aa. Sabrina Zancan (docente) Prof. Renato Xavier Coutinho (docente) Acad. Stephani Gon\u00e7alves Fagundes (discente) Acad. Eduarda Rosa Silveira (discente) Acad. Daniele Javarez de Oliveira ( discente) [&hellip;]<\/p>\n","protected":false},"author":3017,"featured_media":0,"parent":0,"menu_order":0,"comment_status":"closed","ping_status":"closed","template":"","meta":{"footnotes":""},"categories":[],"tags":[],"class_list":["post-1067","page","type-page","status-publish","hentry"],"acf":[],"_links":{"self":[{"href":"https:\/\/www.ufsm.br\/cursos\/pos-graduacao\/santa-maria\/pgeec\/wp-json\/wp\/v2\/pages\/1067","targetHints":{"allow":["GET"]}}],"collection":[{"href":"https:\/\/www.ufsm.br\/cursos\/pos-graduacao\/santa-maria\/pgeec\/wp-json\/wp\/v2\/pages"}],"about":[{"href":"https:\/\/www.ufsm.br\/cursos\/pos-graduacao\/santa-maria\/pgeec\/wp-json\/wp\/v2\/types\/page"}],"author":[{"embeddable":true,"href":"https:\/\/www.ufsm.br\/cursos\/pos-graduacao\/santa-maria\/pgeec\/wp-json\/wp\/v2\/users\/3017"}],"replies":[{"embeddable":true,"href":"https:\/\/www.ufsm.br\/cursos\/pos-graduacao\/santa-maria\/pgeec\/wp-json\/wp\/v2\/comments?post=1067"}],"version-history":[{"count":0,"href":"https:\/\/www.ufsm.br\/cursos\/pos-graduacao\/santa-maria\/pgeec\/wp-json\/wp\/v2\/pages\/1067\/revisions"}],"wp:attachment":[{"href":"https:\/\/www.ufsm.br\/cursos\/pos-graduacao\/santa-maria\/pgeec\/wp-json\/wp\/v2\/media?parent=1067"}],"wp:term":[{"taxonomy":"category","embeddable":true,"href":"https:\/\/www.ufsm.br\/cursos\/pos-graduacao\/santa-maria\/pgeec\/wp-json\/wp\/v2\/categories?post=1067"},{"taxonomy":"post_tag","embeddable":true,"href":"https:\/\/www.ufsm.br\/cursos\/pos-graduacao\/santa-maria\/pgeec\/wp-json\/wp\/v2\/tags?post=1067"}],"curies":[{"name":"wp","href":"https:\/\/api.w.org\/{rel}","templated":true}]}}