{"id":167,"date":"2019-04-09T16:34:05","date_gmt":"2019-04-09T19:34:05","guid":{"rendered":"https:\/\/www.ufsm.br\/cursos\/pos-graduacao\/santa-maria\/pgeec\/?page_id=167"},"modified":"2020-07-15T23:21:09","modified_gmt":"2020-07-16T02:21:09","slug":"contato-2","status":"publish","type":"page","link":"https:\/\/www.ufsm.br\/cursos\/pos-graduacao\/santa-maria\/pgeec\/contato-2","title":{"rendered":"Contato"},"content":{"rendered":"\n<h3>Localiza\u00e7\u00e3o e Contatos<\/h3>\n<p>Endere\u00e7o: Universidade Federal de Santa Maria<br>Centro de Ci\u00eancias Naturais e Exatas (CCNE) &#8211; Pr\u00e9dio 13 B.&nbsp;<a href=\"https:\/\/goo.gl\/maps\/hvkbqBxLDk82\" target=\"_blank\" rel=\"noopener noreferrer\">(MAPA)<\/a><br>Av. Roraima, 1000- Campus Universit\u00e1rio&nbsp;<br>Bairro Camobi \u2013 CEP 97105-900 \u2013 Santa Maria-RS<\/p>\n<p><strong>T\u00e9cnico em Assuntos Educacionais:<\/strong>&nbsp;Gisandro Cunha Ilha<\/p>\n<p><strong>Telefone:&nbsp;<\/strong>(55) 3220-9695<\/p>\n<p><strong>E-mail:&nbsp;<\/strong><span id=\"cloak28857\"><a href=\"mailto:ppgeducacaoemciencias@ufsm.br\">ppgeducacaoemciencias@ufsm.br<\/a><\/span><\/p>\n<iframe src=\"https:\/\/www.google.com\/maps\/embed?pb=!1m18!1m12!1m3!1d3465.1231425384703!2d-53.7223290847255!3d-29.716192023047046!2m3!1f0!2f0!3f0!3m2!1i1024!2i768!4f13.1!3m3!1m2!1s0x9503b5e164cd8941%3A0xbc10c020c7f612b6!2zQ2nDqm5jaWEgVml2YSwgUHLDqWRpbyAxMyBCIChQUEcgRWR1Y2HDp8OjbyBlbSBDacOqbmNpYXMp!5e0!3m2!1spt-BR!2sus!4v1554839451131!5m2!1spt-BR!2sus\" width=\"600\" height=\"450\" frameborder=\"0\" allowfullscreen=\"\"><\/iframe>\n<p>&nbsp;<\/p>\n<p>&nbsp;<\/p>\n<p>&nbsp;<\/p>\n","protected":false},"excerpt":{"rendered":"<p>Localiza\u00e7\u00e3o e Contatos Endere\u00e7o: Universidade Federal de Santa MariaCentro de Ci\u00eancias Naturais e Exatas (CCNE) &#8211; Pr\u00e9dio 13 B.&nbsp;(MAPA)Av. Roraima, 1000- Campus Universit\u00e1rio&nbsp;Bairro Camobi \u2013 CEP 97105-900 \u2013 Santa Maria-RS T\u00e9cnico em Assuntos Educacionais:&nbsp;Gisandro Cunha Ilha Telefone:&nbsp;(55) 3220-9695 E-mail:&nbsp;ppgeducacaoemciencias@ufsm.br &nbsp; &nbsp; &nbsp;<\/p>\n","protected":false},"author":772,"featured_media":0,"parent":0,"menu_order":0,"comment_status":"closed","ping_status":"closed","template":"","meta":{"footnotes":""},"categories":[],"tags":[],"class_list":["post-167","page","type-page","status-publish","hentry"],"acf":[],"_links":{"self":[{"href":"https:\/\/www.ufsm.br\/cursos\/pos-graduacao\/santa-maria\/pgeec\/wp-json\/wp\/v2\/pages\/167","targetHints":{"allow":["GET"]}}],"collection":[{"href":"https:\/\/www.ufsm.br\/cursos\/pos-graduacao\/santa-maria\/pgeec\/wp-json\/wp\/v2\/pages"}],"about":[{"href":"https:\/\/www.ufsm.br\/cursos\/pos-graduacao\/santa-maria\/pgeec\/wp-json\/wp\/v2\/types\/page"}],"author":[{"embeddable":true,"href":"https:\/\/www.ufsm.br\/cursos\/pos-graduacao\/santa-maria\/pgeec\/wp-json\/wp\/v2\/users\/772"}],"replies":[{"embeddable":true,"href":"https:\/\/www.ufsm.br\/cursos\/pos-graduacao\/santa-maria\/pgeec\/wp-json\/wp\/v2\/comments?post=167"}],"version-history":[{"count":0,"href":"https:\/\/www.ufsm.br\/cursos\/pos-graduacao\/santa-maria\/pgeec\/wp-json\/wp\/v2\/pages\/167\/revisions"}],"wp:attachment":[{"href":"https:\/\/www.ufsm.br\/cursos\/pos-graduacao\/santa-maria\/pgeec\/wp-json\/wp\/v2\/media?parent=167"}],"wp:term":[{"taxonomy":"category","embeddable":true,"href":"https:\/\/www.ufsm.br\/cursos\/pos-graduacao\/santa-maria\/pgeec\/wp-json\/wp\/v2\/categories?post=167"},{"taxonomy":"post_tag","embeddable":true,"href":"https:\/\/www.ufsm.br\/cursos\/pos-graduacao\/santa-maria\/pgeec\/wp-json\/wp\/v2\/tags?post=167"}],"curies":[{"name":"wp","href":"https:\/\/api.w.org\/{rel}","templated":true}]}}