{"id":287,"date":"2019-04-10T18:14:46","date_gmt":"2019-04-10T21:14:46","guid":{"rendered":"https:\/\/www.ufsm.br\/cursos\/pos-graduacao\/santa-maria\/pgeec\/?page_id=287"},"modified":"2025-04-28T16:01:53","modified_gmt":"2025-04-28T19:01:53","slug":"docentes","status":"publish","type":"page","link":"https:\/\/www.ufsm.br\/cursos\/pos-graduacao\/santa-maria\/pgeec\/docentes","title":{"rendered":"Docentes\/Linhas de Pesquisa"},"content":{"rendered":"\n<h4>Para visualizar as regras e o calend\u00e1rio de Credenciamento de Docente, clique <a href=\"https:\/\/www.ufsm.br\/cursos\/pos-graduacao\/santa-maria\/pgeec\/credenciamento-docente\/\">aqui.<\/a><\/h4>\n<p>\u00a0<\/p>\n<h4>LINHA DE PESQUISA 1: PROCESSOS DE ENSINO E APRENDIZAGEM EM AMBIENTES FORMAIS E N\u00c3O FORMAIS<\/h4>\n<p>A linha de pesquisa focaliza os processos relativos ao campo da did\u00e1tica das ci\u00eancias que envolvem investiga\u00e7\u00e3o dos problemas do ensino e da aprendizagem das ci\u00eancias em suas perspectivas pr\u00e1ticas e te\u00f3ricas. Referenciados nos saberes da ci\u00eancia, da filosofia, da hist\u00f3ria da ci\u00eancia, da psicologia e das ci\u00eancias da educa\u00e7\u00e3o, promove o conhecimento para desenvolver a\u00e7\u00f5es pr\u00f3prias do espa\u00e7o escolar e universit\u00e1rio e dos espa\u00e7os n\u00e3o formais de educa\u00e7\u00e3o, na busca de alternativas para as diferentes situa\u00e7\u00f5es relacionadas ao processo educacional.<\/p>\n<h4>Orientadores: (clique no nome do orientador para visualizar o Curr\u00edculo Lattes):<\/h4>\n<ul>\n<li><a href=\"http:\/\/lattes.cnpq.br\/6491503571016482\">Prof\u00aa. Andr\u00e9a In\u00eas Goldschmidt<\/a><\/li>\n<\/ul>\n<p>Contato:\u00a0<a class=\"notranslate\" href=\"mailto:andreainesgold@gmail.com\">andreainesgold@gmail.com<\/a>. UFSM, campus Palmeira das Miss\u00f5es.<\/p>\n<p>Fone: (55) 3742 8914<\/p>\n<ul>\n<li><a href=\"http:\/\/lattes.cnpq.br\/9429704945665907\">Prof\u00aa. Cadidja Coutinho<\/a><\/li>\n<\/ul>\n<p>Contato: <a class=\"rABsFf RffVmb AL18ce\" href=\"mailto:cadidja.coutinho@ufsm.br\" target=\"_blank\" rel=\"noopener\" data-tooltip-position=\"top\" data-tooltip=\"Do Contatos do Google\">cadidja.coutinho@ufsm.br<\/a>. Pr\u00e9dio 16, Sala 3334-A ou 3360. Fone: (55) 32208197.<\/p>\n<ul>\n<li><a href=\"http:\/\/lattes.cnpq.br\/0008067199219325\">Prof\u00aa. Cristiane Muenchen<\/a><\/li>\n<\/ul>\n<p class=\"complemento\">Contato:\u00a0<span id=\"cloak40934\"><a class=\"notranslate\" href=\"mailto:crismuenchen@yahoo.com.br\">crismuenchen@yahoo.com.br<\/a><\/span>\u00a0. Pr\u00e9dio 13, Sala 1302-A. Fone: (55) 3220 8865.<\/p>\n<ul>\n<li><a href=\"http:\/\/buscatextual.cnpq.br\/buscatextual\/visualizacv.do?metodo=apresentar&amp;id=K4785575A7\">Prof\u00ba. Elgion L\u00facio da Silva Loreto<\/a><\/li>\n<\/ul>\n<p class=\"complemento\">Contato:\u00a0<span id=\"cloak47284\"><a class=\"notranslate\" href=\"mailto:elgionl@gmail.com\">elgionl@gmail.com<\/a><\/span>\u00a0. Pr\u00e9dio 16, Sala: 3210, 2\u00ba andar. Fone: (55) 3220 8912.<\/p>\n<ul>\n<li><a href=\"http:\/\/lattes.cnpq.br\/5041156346108350\">Prof.\u00aa Eliziane da Silva D\u2019Avila<\/a>\u00a0. IFFar\/S\u00e3o vicente do Sul.<\/li>\n<\/ul>\n<p>Contato:\u00a0<a class=\"notranslate\" href=\"mailto:elizianedavila@yahoo.com.br\">elizianedavila@yahoo.com.br<\/a><\/p>\n<ul>\n<li><a href=\"http:\/\/lattes.cnpq.br\/8752453650114092\">Prof\u00ba. F\u00e9lix Alexandre Antunes Soares<\/a><\/li>\n<\/ul>\n<p class=\"complemento\">Contato:\u00a0<span id=\"cloak64573\"><a class=\"notranslate\" href=\"mailto:felix@ufsm.br\">felix@ufsm.br<\/a><\/span>\u00a0. Pr\u00e9dio 19, Salas 3216 e 3217. Fone: (55) 3220-9522.<\/p>\n<ul>\n<li><a href=\"http:\/\/lattes.cnpq.br\/7906512702835414\">Prof\u00aa. In\u00e9s Prieto Schmidt Saverwein<\/a><\/li>\n<\/ul>\n<p class=\"complemento\">Contato:\u00a0<a class=\"notranslate\" href=\"mailto:ines.p.sauerwein@ufsm.br\"><span id=\"cloak15969\">ines.p.sauerwein@ufsm.br<\/span><\/a>\u00a0. Pr\u00e9dio 13, Sala 1319. Fone: (55) 3220 8863.<\/p>\n<ul>\n<li><a href=\"http:\/\/lattes.cnpq.br\/7724745358129837\">Prof. J\u00falio C\u00e9sar Bresolin Marinho<\/a>\u00a0. UNIPAMPA\/S\u00e3o Gabriel.<\/li>\n<\/ul>\n<p>Contato:\u00a0<a class=\"notranslate\" href=\"mailto:marinhojcb@gmail.com\">marinhojcb@gmail.com<\/a><\/p>\n<ul>\n<li><a href=\"https:\/\/lattes.cnpq.br\/3667993659461271\" target=\"_blank\" rel=\"noopener noreferrer\">Prof. Leandro Marcon Frigo<\/a><\/li>\n<\/ul>\n<p class=\"complemento\">Contato: <a href=\"mailto:leandro.frigo@iffarroupilha.edu.br\">leandro.frigo@iffarroupilha.edu.br<\/a>\u00a0<\/p>\n<ul>\n<li><a href=\"http:\/\/buscatextual.cnpq.br\/buscatextual\/visualizacv.do?id=K4763280P0\" target=\"_blank\" rel=\"noopener noreferrer\">Prof\u00aa. Lenira Maria Nunes Sepel<\/a><\/li>\n<\/ul>\n<p class=\"complemento\">Contato:\u00a0<span id=\"cloak7839\"><a class=\"notranslate\" href=\"mailto:lenirasepel@gmail.com\">lenirasepel@gmail.com<\/a><\/span>\u00a0.Pr\u00e9dio 16, bloco A, Sala 3210 Fone: (55) 3220-8912.<\/p>\n<ul>\n<li><a href=\"http:\/\/lattes.cnpq.br\/5626168979329885\">Prof\u00ba. Luiz Caldeira Brant de Tolentino Neto<\/a><\/li>\n<\/ul>\n<p class=\"complemento\">Contato:\u00a0<span id=\"cloak36717\"><a class=\"notranslate\" href=\"mailto:lcaldeira@smail.ufsm.br\">lcaldeira@smail.ufsm.br<\/a><\/span>\u00a0.Pr\u00e9dio: 16, Sala: 3335-A. Fone: (55) 3220 8197.<\/p>\n<ul>\n<li><a href=\"http:\/\/buscatextual.cnpq.br\/buscatextual\/visualizacv.do?id=K4798949P8\" target=\"_blank\" rel=\"noopener noreferrer\">Prof\u00aa. Maria Cec\u00edlia Pereira Santarosa<\/a><\/li>\n<\/ul>\n<p class=\"complemento\">Contato:\u00a0<span id=\"cloak97935\"><a class=\"notranslate\" href=\"mailto:mcpsrosa@gmail.com\">mcpsrosa@gmail.com<\/a><\/span>\u00a0. Pr\u00e9dio: 13. Sala: 1221. Fone: (55) 3220 8136 \u2013 Ramal: 210.<\/p>\n<ul>\n<li><a href=\"http:\/\/lattes.cnpq.br\/4401319386725357\">Prof\u00aa. Maria Rosa Chitolina<\/a><\/li>\n<\/ul>\n<p class=\"complemento\">Contato:\u00a0<span id=\"cloak24147\"><a class=\"notranslate\" href=\"mailto:mariachitolina@gmail.com\">mariachitolina@gmail.com<\/a><\/span> . Pr\u00e9dio 18 , sala 2234. Fone: (55) 3220 9557.<\/p>\n<ul>\n<li><a href=\"http:\/\/lattes.cnpq.br\/0390762757228334\">Prof. Phillip Vilanova Ilha<\/a><\/li>\n<\/ul>\n<p>Contato: <a href=\"mailto:phillip.ilha@ufsm.br\">phillip.ilha@ufsm.br<\/a>. Pr\u00e9dio 16, sala 3356.<\/p>\n<ul>\n<li><a href=\"http:\/\/buscatextual.cnpq.br\/buscatextual\/visualizacv.do?id=K4276761P1\" target=\"_blank\" rel=\"noopener noreferrer\">Prof. Renato Xavier Coutinho<\/a><\/li>\n<\/ul>\n<p class=\"complemento\">Contato:\u00a0<span id=\"cloak26150\"><a class=\"notranslate\" href=\"mailto:renato.coutinho@iffarroupilha.edu.br\">renato.coutinho@ufsm.br<\/a><\/span> . Col\u00e9gio Polit\u00e9cnico\/UFSM.<\/p>\n<ul>\n<li><a href=\"http:\/\/lattes.cnpq.br\/8330933788557081\">Prof.\u00aa Rita de C\u00e1ssia Pist\u00f3ia Mariani<\/a>\u00a0. Fone: (55) 3220 8136 \u2013 Depto. de Matem\u00e1tica.<\/li>\n<\/ul>\n<p>Contato:\u00a0<a class=\"notranslate\" href=\"mailto:rcpmariani@yahoo.com.br\">rcpmariani@yahoo.com.br<\/a><\/p>\n<ul>\n<li><a href=\"http:\/\/lattes.cnpq.br\/8249974315534440\">Prof.\u00aa Sabrina Zancan<\/a><\/li>\n<\/ul>\n<p>Contato: <a class=\"rABsFf RffVmb AL18ce\" href=\"mailto:sabrina_zancan@yahoo.com.br\" target=\"_blank\" rel=\"noopener\" data-tooltip-position=\"top\" data-tooltip=\"Do Contatos do Google\">sabrina_zancan@yahoo.com.br<\/a>. Bloco da Zootecnia &#8211; Sala 104 &#8211; UFSM\/Palmeira das Miss\u00f5es. Fone: (55) 3742 8800.<\/p>\n<p>\u00a0<\/p>\n<h4>LINHA DE PESQUISA 2: AVALIA\u00c7\u00c3O DA PRODU\u00c7\u00c3O CIENT\u00cdFICA E DAS POL\u00cdTICAS P\u00daBLICAS EM CT&amp;I E DIVULGA\u00c7\u00c3O DAS CI\u00caNCIAS.<\/h4>\n<p>A linha tem como foco a an\u00e1lise dos processos da comunica\u00e7\u00e3o e divulga\u00e7\u00e3o em Ci\u00eancia, Tecnologia e Inova\u00e7\u00e3o e seu impacto nos entendimentos pol\u00edtico-s\u00f3cio-econ\u00f4micos da ci\u00eancia que perpassam a avalia\u00e7\u00e3o de programas, de projetos e de pol\u00edticas p\u00fablicas de fomento e de financiamento e a an\u00e1lise de Pol\u00edticas P\u00fablicas e Educacionais em Ci\u00eancia, Tecnologia e Inova\u00e7\u00e3o.<\/p>\n<p>Orientadores: (clique no nome do orientador para visualizar o Curr\u00edculo Lattes):<\/p>\n<ul>\n<li>Prof. <a href=\"http:\/\/lattes.cnpq.br\/4542170364363130\">Renato Xavier Coutinho<\/a><\/li>\n<\/ul>\n<p>Contato:\u00a0<a href=\"mailto:renato.coutinho@ufsm.br\">renato.coutinho@ufsm.br<\/a> . Col\u00e9gio Polit\u00e9cnico\/UFSM.<\/p>\n<p>\u00a0<\/p>\n<h4>LINHA DE PESQUISA 3: IMPLICA\u00c7\u00d5ES DAS PR\u00c1TICAS CIENT\u00cdFICAS NA CONSTITUI\u00c7\u00c3O DOS SUJEITOS E DE CURR\u00cdCULOS<\/h4>\n<p>A linha Investiga efeitos das pr\u00e1ticas sociais em diferentes inst\u00e2ncias \u2013 laborat\u00f3rio, salas de aula, universidade e escola, m\u00eddia, entre outras, visando compreender como atuam na produ\u00e7\u00e3o de verdades cient\u00edficas, bem como, analisa como as pr\u00e1ticas cient\u00edficas e suas verdades factuais produzem subjetividades, identidades, culturas da ci\u00eancia, da educa\u00e7\u00e3o e da tecnologia. Para tanto, utiliza-se de autores que interpelam, justap\u00f5em e\/ou perspectivam o estudos das pr\u00e1ticas cient\u00edficas e educacionais aos entendimentos de sujeito, verdade e curr\u00edculo.<\/p>\n<p>Orientadores (clique no nome do orientador para visualizar o Curr\u00edculo Lattes):<\/p>\n<ul>\n<li><a href=\"http:\/\/lattes.cnpq.br\/5041156346108350\">Prof.\u00aa Eliziane da Silva D\u2019Avila<\/a>\u00a0. IFFar\/S\u00e3o vicente do Sul.<\/li>\n<\/ul>\n<p>Contato:\u00a0<a class=\"notranslate\" href=\"mailto:elizianedavila@yahoo.com.br\">elizianedavila@yahoo.com.br<\/a><\/p>\n<ul>\n<li><a href=\"http:\/\/lattes.cnpq.br\/2578873528103320\">Prof. Marcelo Pustilnik de Almeida Vieira<\/a><\/li>\n<\/ul>\n<p>Contato: <a class=\"rABsFf RffVmb AL18ce\" href=\"mailto:marcelo.pustilnik@ufsm.br\" target=\"_blank\" rel=\"noopener\" data-tooltip-position=\"top\" data-tooltip=\"Do Contatos do Google\">marcelo.pustilnik@ufsm.br<\/a>. Pr\u00e9dio 16, Sala 3351.<\/p>\n<ul>\n<li><a href=\"http:\/\/lattes.cnpq.br\/4401319386725357\">Prof\u00aa. Maria Rosa Chitolina<\/a><\/li>\n<\/ul>\n<p class=\"complemento\">Contato:\u00a0<span id=\"cloak55091\"><a class=\"notranslate\" href=\"mailto:mariachitolina@gmail.com\">mariachitolina@gmail.com<\/a><\/span>\u00a0. Pr\u00e9dio 18 , sala 2234. Fone: (55) 3220 9557.<\/p>\n<p class=\"complemento\">\u00a0<\/p>\n<h4 class=\"complemento\">LINHA DE PESQUISA 4: PERSPECTIVAS CIENT\u00cdFICAS TECNOL\u00d3GICAS E SOCIAIS NO PROCESSO DE EDUCA\u00c7\u00c3O EM CI\u00caNCIAS<\/h4>\n<p>A linha de pesquisa dedica-se a investiga\u00e7\u00f5es de processos educativos desenvolvidos em perspectivas cient\u00edficas, tecnol\u00f3gicas e sociais e\/ou mediatizados. S\u00e3o de interesse da referida linha, perspectivas e compreens\u00f5es sobre as rela\u00e7\u00f5es de tecnologias com ci\u00eancia(s) e sociedades, Estudos Ci\u00eancia-Tecnologia-Sociedade (CTS), an\u00e1lises sociot\u00e9cnicas na Educa\u00e7\u00e3o Cient\u00edfica, Hist\u00f3ria e Filosofia da Ci\u00eancia-Tecnologia (CT), desenvolvimento de tecnologias e metodologias aplicadas \u00e0 Educa\u00e7\u00e3o em Ci\u00eancias, ambientes de aprendizagem e interfaces interativas.<\/p>\n<p>Orientadores: (clique no nome do orientador para visualizar o Curr\u00edculo Lattes):<\/p>\n<ul>\n<li><a href=\"http:\/\/lattes.cnpq.br\/9429704945665907\">Prof\u00aa. Cadidja Coutinho<\/a><\/li>\n<\/ul>\n<p>Contato: <a class=\"rABsFf RffVmb AL18ce\" href=\"mailto:cadidja.coutinho@ufsm.br\" target=\"_blank\" rel=\"noopener\" data-tooltip-position=\"top\" data-tooltip=\"Do Contatos do Google\">cadidja.coutinho@ufsm.br<\/a>. Pr\u00e9dio 16, Sala 3334-A ou 3360. Fone: (55) 32208197.<\/p>\n<ul>\n<li><a href=\"http:\/\/lattes.cnpq.br\/0008067199219325\">Prof\u00aa. Cristiane Muenchen<\/a><\/li>\n<\/ul>\n<p class=\"complemento\">Contato:\u00a0<span id=\"cloak40934\"><a class=\"notranslate\" href=\"mailto:crismuenchen@yahoo.com.br\">crismuenchen@yahoo.com.br<\/a><\/span>\u00a0. Pr\u00e9dio 13, Sala 1302-A. Fone: (55) 3220 8865.<\/p>\n<ul>\n<li><a href=\"https:\/\/lattes.cnpq.br\/6437347860097705\">Prof\u00aa. Daniel Morin Ocampo<\/a><\/li>\n<\/ul>\n<p class=\"complemento\">Contato: <a href=\"mailto:daniel.ocampo@ufsm.br\">daniel.ocampo@ufsm.br<\/a>\u00a0<\/p>\n<ul>\n<li><a href=\"http:\/\/lattes.cnpq.br\/8752453650114092\">Prof\u00ba. F\u00e9lix Alexandre Antunes Soares<\/a><\/li>\n<\/ul>\n<p class=\"complemento\">Contato:\u00a0<span id=\"cloak73648\"><a class=\"notranslate\" href=\"mailto:felix@ufsm.br\">felix@ufsm.br<\/a><\/span>\u00a0. Pr\u00e9dio 19, Salas 3216 e 3217. Fone: (55) 3220-9522.<\/p>\n<ul>\n<li><a href=\"http:\/\/lattes.cnpq.br\/7906512702835414\">Prof\u00aa. In\u00e9s Prieto Schmidt Saverwein<\/a><\/li>\n<\/ul>\n<p class=\"complemento\">Contato:\u00a0<span id=\"cloak6170\"><a class=\"notranslate\" href=\"mailto:ines.ufsm@gmail.com\">ines.ufsm@gmail.com<\/a><\/span>\u00a0. Pr\u00e9dio 13, Sala 1319. Fone: (55) 3220 8860.<\/p>\n<ul>\n<li><a href=\"https:\/\/lattes.cnpq.br\/3667993659461271\" target=\"_blank\" rel=\"noopener noreferrer\">Prof. Leandro Marcon Frigo<\/a><\/li>\n<\/ul>\n<p class=\"complemento\">Contato: <a href=\"mailto:leandro.frigo@iffarroupilha.edu.br\">leandro.frigo@iffarroupilha.edu.br<\/a>\u00a0<\/p>\n<ul>\n<li><a href=\"http:\/\/buscatextual.cnpq.br\/buscatextual\/visualizacv.do?id=K4763280P0\" target=\"_blank\" rel=\"noopener noreferrer\">Prof\u00aa. Lenira Maria Nunes Sepel<\/a><\/li>\n<\/ul>\n<p class=\"complemento\">Contato:\u00a0<span id=\"cloak56646\"><a class=\"notranslate\" href=\"mailto:lenirasepel@gmail.com\">lenirasepel@gmail.com<\/a><\/span>\u00a0Pr\u00e9dio 16, bloco A, Sala 3210 Fone: (55) 3220-8912.<\/p>\n<ul>\n<li><a href=\"http:\/\/lattes.cnpq.br\/2578873528103320\">Prof. Marcelo Pustilnik de Almeida Vieira<\/a><\/li>\n<\/ul>\n<p>Contato: <a class=\"rABsFf RffVmb AL18ce\" href=\"mailto:marcelo.pustilnik@ufsm.br\" target=\"_blank\" rel=\"noopener\" data-tooltip-position=\"top\" data-tooltip=\"Do Contatos do Google\">marcelo.pustilnik@ufsm.br<\/a>. Pr\u00e9dio 16, Sala 3351.<\/p>\n<ul>\n<li><a href=\"http:\/\/lattes.cnpq.br\/0390762757228334\">Prof. Phillip Vilanova Ilha<\/a><\/li>\n<\/ul>\n<p>Contato: <a href=\"mailto:phillip.ilha@ufsm.br\">phillip.ilha@ufsm.br<\/a>. Pr\u00e9dio 16, sala 3356.<\/p>\n","protected":false},"excerpt":{"rendered":"<p>Para visualizar as regras e o calend\u00e1rio de Credenciamento de Docente, clique aqui. \u00a0 LINHA DE PESQUISA 1: PROCESSOS DE ENSINO E APRENDIZAGEM EM AMBIENTES FORMAIS E N\u00c3O FORMAIS A linha de pesquisa focaliza os processos relativos ao campo da did\u00e1tica das ci\u00eancias que envolvem investiga\u00e7\u00e3o dos problemas do ensino e da aprendizagem das ci\u00eancias [&hellip;]<\/p>\n","protected":false},"author":25,"featured_media":0,"parent":0,"menu_order":0,"comment_status":"closed","ping_status":"closed","template":"","meta":{"footnotes":""},"categories":[],"tags":[],"class_list":["post-287","page","type-page","status-publish","hentry"],"acf":[],"_links":{"self":[{"href":"https:\/\/www.ufsm.br\/cursos\/pos-graduacao\/santa-maria\/pgeec\/wp-json\/wp\/v2\/pages\/287","targetHints":{"allow":["GET"]}}],"collection":[{"href":"https:\/\/www.ufsm.br\/cursos\/pos-graduacao\/santa-maria\/pgeec\/wp-json\/wp\/v2\/pages"}],"about":[{"href":"https:\/\/www.ufsm.br\/cursos\/pos-graduacao\/santa-maria\/pgeec\/wp-json\/wp\/v2\/types\/page"}],"author":[{"embeddable":true,"href":"https:\/\/www.ufsm.br\/cursos\/pos-graduacao\/santa-maria\/pgeec\/wp-json\/wp\/v2\/users\/25"}],"replies":[{"embeddable":true,"href":"https:\/\/www.ufsm.br\/cursos\/pos-graduacao\/santa-maria\/pgeec\/wp-json\/wp\/v2\/comments?post=287"}],"version-history":[{"count":0,"href":"https:\/\/www.ufsm.br\/cursos\/pos-graduacao\/santa-maria\/pgeec\/wp-json\/wp\/v2\/pages\/287\/revisions"}],"wp:attachment":[{"href":"https:\/\/www.ufsm.br\/cursos\/pos-graduacao\/santa-maria\/pgeec\/wp-json\/wp\/v2\/media?parent=287"}],"wp:term":[{"taxonomy":"category","embeddable":true,"href":"https:\/\/www.ufsm.br\/cursos\/pos-graduacao\/santa-maria\/pgeec\/wp-json\/wp\/v2\/categories?post=287"},{"taxonomy":"post_tag","embeddable":true,"href":"https:\/\/www.ufsm.br\/cursos\/pos-graduacao\/santa-maria\/pgeec\/wp-json\/wp\/v2\/tags?post=287"}],"curies":[{"name":"wp","href":"https:\/\/api.w.org\/{rel}","templated":true}]}}