{"id":288,"date":"2019-04-12T15:13:27","date_gmt":"2019-04-12T18:13:27","guid":{"rendered":"https:\/\/www.ufsm.br\/cursos\/pos-graduacao\/santa-maria\/pgeec\/?page_id=288"},"modified":"2026-03-04T08:42:39","modified_gmt":"2026-03-04T11:42:39","slug":"formularios-2","status":"publish","type":"page","link":"https:\/\/www.ufsm.br\/cursos\/pos-graduacao\/santa-maria\/pgeec\/formularios-2","title":{"rendered":"Discente\/Consultas"},"content":{"rendered":"\n<h2><span style=\"color: #0000ff\">Procedimento para abertura de Doc\u00eancia Orientada:<\/span><\/h2>\n<p>Proceder a leitura das orienta\u00e7\u00f5es constantes na p\u00e1gina da PRPGP:<\/p>\n<p><a href=\"https:\/\/www.ufsm.br\/pro-reitorias\/prpgp\/servicos\/processo-de-docencia-orientada-estagio-de-docencia\">https:\/\/www.ufsm.br\/pro-reitorias\/prpgp\/servicos\/processo-de-docencia-orientada-estagio-de-docencia<\/a><\/p>\n<p><a href=\"https:\/\/www.ufsm.br\/app\/uploads\/sites\/565\/2024\/03\/MODELO-DO-PLANO-DE-DOCENCIA-ORIENTADA.docx\">Modelo do Plano de Doc\u00eancia Orientada<\/a>\u00a0a ser anexado no Portal e assinado eletronicamente pelo discente, professor orientador e professor da disciplina.<\/p>\n<p>\u00a0<\/p>\n<p>Conforme consulta a PRPGP e novas regras estabelecidas pelo <span style=\"font-weight: 400\">Of\u00edcio Circular no 21\/2025-CBIP\/CGFIP\/DPB\/CAPES &#8211;\u00a0 Amplia\u00e7\u00e3o do escopo do est\u00e1gio obrigat\u00f3rio em doc\u00eancia, fica estabelecido que, no \u00e2mbito de Doc\u00eancia Orientada, podem ser realizadas atividades fora da UFSM, que posteriormente seriam utilizadas para aproveitamento\/dispensa da disciplina de Doc\u00eancia Orientada; e que doc\u00eancias poderiam ser realizadas em outras institui\u00e7\u00f5es, desde que fa\u00e7am parte da associa\u00e7\u00e3o do programa. Tamb\u00e9m foi decidido que as atividades a serem realizadas passariam por an\u00e1lise pr\u00e9via do Colegiado, como \u00e9 feito com o Plano de Doc\u00eancia<\/span><\/p>\n<h2><span style=\"color: #0000ff\"><strong><span style=\"color: #0000ff\">Procedimentos<\/span> para abertura de solicita\u00e7\u00e3o de banca:<\/strong><\/span><\/h2>\n<p>Para abertura de processos, quer qualifica\u00e7\u00e3o ou defesa, tanto de mestrado quanto doutorado, <strong>deve-se utilizar do formul\u00e1rio pr\u00f3prio<\/strong> (Nos Anexos abaixo), com o formul\u00e1rio devidamente preenchido, <strong>encaminhar o pedido por e-mail<\/strong> para : ppgeducacaoemciencias@ufsm.br colocando no campo Assunto: &#8220;<strong>Consulta ao Colegiado para aprova\u00e7\u00e3o de banca<\/strong>&#8220;, anexando al\u00e9m do formul\u00e1rio os seguintes documentos:<\/p>\n<ul>\n<li>Qualifica\u00e7\u00e3o de Mestrado: formul\u00e1rio pr\u00f3prio e hist\u00f3rico escolar onde pode-se constatar ter cursado 75% dos cr\u00e9ditos (13,5 cr\u00e9ditos). <strong>Ap\u00f3s aprova\u00e7\u00e3o, o processo deve ser aberto pelo PEN-SIE.<\/strong><\/li>\n<li>Defesa de Mestrado: formul\u00e1rio pr\u00f3prio, hist\u00f3rico (com 18 cr\u00e9ditos conclu\u00eddos e sufici\u00eancia em l\u00edngua inglesa),\u00a0 1 Artigo publicado\/submetido* e o print do Qualis. <strong>O processo deve ser aberto no Portal Estudantil.<\/strong><\/li>\n<li>Qualifica\u00e7\u00e3o de Doutorado: formul\u00e1rio pr\u00f3prio e hist\u00f3rico escolar onde pode-se constatar ter cursado 75% dos cr\u00e9ditos (27 cr\u00e9ditos). <strong>O processo deve ser aberto no Portal Estudantil.<\/strong><\/li>\n<li>Defesa de Doutorado: formul\u00e1rio pr\u00f3prio, hist\u00f3rico (com 36 cr\u00e9ditos conclu\u00eddos e sufici\u00eancia em l\u00edngua inglesa e mais uma outra estrangeira), 2 Artigos 1 j\u00e1 publicado e outro publicado\/submetido* e o print do Qualis. <strong>O processo deve ser aberto no Portal Estudantil.<\/strong><\/li>\n<\/ul>\n<p>Ap\u00f3s receber por e-mail a aprova\u00e7\u00e3o do Colegiado, dever\u00e1 abrir o processo via Portal Estudantil, para isso seguir o tutorial:<\/p>\n<p><a href=\"https:\/\/www.ufsm.br\/app\/uploads\/sites\/513\/2022\/08\/TUTORIAL-PROCESSO-DE-DEFESA.pdf\">Tutorial: Qualifica\u00e7\u00e3o de DOUTORADO<\/a> Via Portal Estudantil<\/p>\n<p><a href=\"https:\/\/www.ufsm.br\/app\/uploads\/sites\/565\/2023\/08\/TUTORIAL-QUALIFICACAO-DE-MESTRADO.pdf\">TUTORIAL &#8211; QUALIFICA\u00c7\u00c3O DE MESTRADO<\/a>\u00a0<\/p>\n<ol>\n<li><strong>*<\/strong> Considerando a publica\u00e7\u00e3o do novo Qualis pela CAPES (2017-2020), foram alteradas pelo Colegiado as normas para solicita\u00e7\u00e3o de homologa\u00e7\u00e3o de banca de defesa de mestrado e de doutorado. Para homologa\u00e7\u00e3o de banca de Mestrado: ser\u00e1 exigido comprovante de submiss\u00e3o de artigo em revista Qualis A1, A2, A3 ou A4, para os alunos ingressantes a partir do ano de 2024. Para homologa\u00e7\u00e3o de banca de Doutorado: ser\u00e3o exigidos um comprovante de submiss\u00e3o e um comprovante de aceite de artigos em revista Qualis A1, A2, A3 ou A4, para os alunos ingressantes a partir do ano de 2023. Permanece a exig\u00eancia de que as revistas sejam da \u00c1rea de Ensino. Para os alunos de mestrado ingressantes at\u00e9 o ano de 2023 e para os alunos de doutorado ingressantes at\u00e9 o ano de 2022 permanece v\u00e1lida a regra anterior: revista com Qualis B2 ou superior, conforme Qualis da CAPES 2013-2016.<\/li>\n<\/ol>\n<h2><span style=\"color: #0000ff\">Procedimentos para a <strong>entrega final da disserta\u00e7\u00e3o ou tese:<\/strong><\/span><\/h2>\n<p>De acordo com o estabelecido no <a href=\"https:\/\/www.ufsm.br\/app\/uploads\/sites\/565\/2022\/07\/Memo-Circ-04-2022-entrega-da-versao-final-MDT-digital-ASSINADO.pdf\">Memorando Circular N. 04\/2022 &#8211; PRPGP<\/a> e definido pelo Colegiado do PPG em Educa\u00e7\u00e3o em Ci\u00eancias, dever\u00e3o ser obedecidas as seguintes orienta\u00e7\u00f5es para o encaminhamento da vers\u00e3o final da disserta\u00e7\u00e3o ou tese e demais documentos complementares no prazo m\u00e1ximo de 60 dias ap\u00f3s a data da banca:<\/p>\n<ol>\n<li><strong>Ato da entrega da vers\u00e3o final da disserta\u00e7\u00e3o ou tese &#8211; via processo eletr\u00f4nico &#8211; <a href=\"https:\/\/www.ufsm.br\/app\/uploads\/sites\/565\/2022\/07\/TUTORIAL-Ato-de-entrega-de-MDT-versao-05-07-22-edicao-PRPGP.pdf\">tutorial<\/a>;<\/strong><\/li>\n<li><strong>Documentos complementares (a serem anexados em pdf no mesmo processo eletr\u00f4nico de entrega da disserta\u00e7\u00e3o ou tese)<\/strong>:\n<ol style=\"list-style-type: lower-alpha\">\n<li><a href=\"https:\/\/www.ufsm.br\/app\/uploads\/sites\/565\/2024\/06\/formulario_entrega_final-1.doc\">Formul\u00e1rio de entrega final<\/a><\/li>\n<li><a href=\"https:\/\/www.ufsm.br\/app\/uploads\/sites\/362\/2022\/07\/TERMO_DE_AUTORIZACAO_PARA_DISPONIBILIDADE_TESE_DIS-1.docx\">Autoriza\u00e7\u00e3o para disponibiliza\u00e7\u00e3o on-line de Disserta\u00e7\u00e3o\/Tese<\/a>;<\/li>\n<li>Artigos publicados com a ficha Qualis (Print);<\/li>\n<\/ol>\n<\/li>\n<\/ol>\n<p>\u00a0<\/p>\n<h2><span style=\"color: #0000ff\">Procedimento para Solicita\u00e7\u00e3o de Prorroga\u00e7\u00e3o de Prazo:<\/span><\/h2>\n<p>O(a) aluno(a) poder\u00e1 solicitar a prorroga\u00e7\u00e3o de prazo para efetuar a Qualifica\u00e7\u00e3o de Mestrado ou Doutorado. O prazo m\u00e1ximo de prorroga\u00e7\u00e3o ser\u00e1 de (06) seis meses.<\/p>\n<p><em>Para solicitar a prorroga\u00e7\u00e3o do prazo para a qualifica\u00e7\u00e3o, o discente dever\u00e1 preencher o formul\u00e1rio de <a href=\"https:\/\/www.ufsm.br\/app\/uploads\/sites\/345\/2018\/08\/Requerimento_Prorrogacao_Prazo_Defesa_Stricto-Sensu.docx\" target=\"_blank\" rel=\"noopener\"><strong>Requerimento de Prorroga\u00e7\u00e3o do Prazo de Defesa,<\/strong><\/a>\u00a0anexando a documenta\u00e7\u00e3o exigida (formato PDF leg\u00edvel) e efetuar o envio via\u00a0<a href=\"https:\/\/www.ufsm.br\/orgaos-suplementares\/dag\/pen\/\" target=\"_blank\" rel=\"noopener\">PEN-SIE da UFSM<\/a>. Veja a seguir.<\/em><\/p>\n<p><strong>Documenta\u00e7\u00e3o obrigat\u00f3ria:<br \/>\u00bb\u00a0<\/strong><a href=\"https:\/\/www.ufsm.br\/app\/uploads\/sites\/345\/2018\/08\/Requerimento_Prorrogacao_Prazo_Defesa_Stricto-Sensu.docx\" target=\"_blank\" rel=\"noopener\"><strong>Requerimento de Prorroga\u00e7\u00e3o do Prazo de Defesa Stricto Sensu\u00a0<\/strong><\/a>(preenchido e assinado via PEN);<br \/><strong>\u00bb<\/strong> Relat\u00f3rio da pesquisa de disserta\u00e7\u00e3o\/tese: com situa\u00e7\u00e3o atual e o que ainda deve ser feito;<br \/><strong>\u00bb<\/strong> Cronograma de atividades (referente ao prazo solicitado), assinado pelo orientador(a)<\/p>\n<p><strong>Para requerer a prorroga\u00e7\u00e3o de prazo para a defesa o aluno dever\u00e1 efetuar os passos a seguir:<\/strong><\/p>\n<p><strong>1<\/strong>\u00a0\u2013 Conversar com seu\/sua orientador(a) sobre a prorroga\u00e7\u00e3o, providenciar a documenta\u00e7\u00e3o acima, e;<br \/><strong>2<\/strong>\u00a0\u2013 Acessar sua\u00a0<strong><a href=\"https:\/\/portal.ufsm.br\/estudantil\/index.html\">Caixa Postal no Portal Estudantil<\/a><\/strong>\u00a0&gt; Menu Novo &gt; Processo&gt; seleciona o PEN com tipo documental \u201cProcesso de prorroga\u00e7\u00e3o de prazo do exame de qualifica\u00e7\u00e3o (134.323)\u201c;<br \/><strong>3\u00a0<\/strong>\u2013 Anexar a documenta\u00e7\u00e3o obrigat\u00f3ria (formato de arquivo PDF, leg\u00edvel);<br \/><strong>4<\/strong>\u00a0\u2013 Tramitar o PEN ao seu\/sua orientador(a);<br \/><strong>5<\/strong>\u00a0\u2013 O(a) orientador(a), aprova o prazo e assina o requerimento, e tramita o processo PEN ao curso;<br \/><strong>6\u00a0<\/strong>\u2013 A secretaria do curso recebe na caixa postal, confere a documenta\u00e7\u00e3o, caso necess\u00e1rio, retorna ao aluno(a) para corre\u00e7\u00e3o;<br \/><strong>7<\/strong>\u00a0\u2013 O colegiado ir\u00e1 analisar a solicita\u00e7\u00e3o em reuni\u00e3o, deferir ou indeferir, constando a decis\u00e3o em ata de reuni\u00e3o;<br \/><strong>8\u00a0<\/strong>\u2013 A secretaria do curso comunicar\u00e1 o(a) aluno(a), por e-mail, da decis\u00e3o do Colegiado;<br \/><strong>9\u00a0<\/strong>\u2013 A ata da reuni\u00e3o do Colegiado com a decis\u00e3o \u00e0 solicita\u00e7\u00e3o ser\u00e1 anexada ao processo PEN at\u00e9 ocorrer a defesa, ap\u00f3s ser\u00e1 arquivado.<\/p>\n<p>Durante o per\u00edodo de prorroga\u00e7\u00e3o em que o(a) aluno(a) n\u00e3o esteja cursando disciplinas, dever\u00e1 estar matriculado em EDD001, assim, mantendo o v\u00ednculo com o curso.<\/p>\n<p><strong>Aten\u00e7\u00e3o:<\/strong>\u00a0O discente poder\u00e1 acompanhar a situa\u00e7\u00e3o da sua solicita\u00e7\u00e3o com o n\u00ba do processo PEN gerado no \u00a0<strong><a href=\"https:\/\/portal.ufsm.br\/documentos\">Portal Documentos\u00a0\u00a0<\/a><\/strong>ou em sua\u00a0<strong><a href=\"https:\/\/portal.ufsm.br\/estudantil\/index.html\">Caixa Postal no Portal Estudantil\u00a0<\/a><\/strong>no menu lateral, Interessado.<\/p>\n<h2><span style=\"color: #0000ff\"><strong>Procedimentos para solicita\u00e7\u00e3o de cr\u00e9ditos por outras atividades acad\u00eamicas:<\/strong><\/span><\/h2>\n<p>Para solicitar o registro de cr\u00e9ditos por outras atividades acad\u00eamicas como publica\u00e7\u00e3o de artigos, publica\u00e7\u00e3o de livros e\/ou produ\u00e7\u00e3o t\u00e9cnica, devem ser seguidos os crit\u00e9rios definidos no <a href=\"https:\/\/www.ufsm.br\/app\/uploads\/sites\/565\/2025\/09\/CRITERIOS-PARA-APROVEITAMENTO-DE-CREDITOS-POR-OUTRAS-ATIVIDADES-ACADEMICAS.pdf\">documento de orienta\u00e7\u00e3o<\/a>, aprovado pelo Colegiado (ata 053\/2025).<\/p>\n<p>\u00a0<\/p>\n<p>\u00a0<\/p>\n","protected":false},"excerpt":{"rendered":"<p>Procedimento para abertura de Doc\u00eancia Orientada: Proceder a leitura das orienta\u00e7\u00f5es constantes na p\u00e1gina da PRPGP: https:\/\/www.ufsm.br\/pro-reitorias\/prpgp\/servicos\/processo-de-docencia-orientada-estagio-de-docencia Modelo do Plano de Doc\u00eancia Orientada\u00a0a ser anexado no Portal e assinado eletronicamente pelo discente, professor orientador e professor da disciplina. \u00a0 Conforme consulta a PRPGP e novas regras estabelecidas pelo Of\u00edcio Circular no 21\/2025-CBIP\/CGFIP\/DPB\/CAPES &#8211;\u00a0 Amplia\u00e7\u00e3o do [&hellip;]<\/p>\n","protected":false},"author":772,"featured_media":0,"parent":0,"menu_order":0,"comment_status":"closed","ping_status":"closed","template":"","meta":{"footnotes":""},"categories":[],"tags":[],"class_list":["post-288","page","type-page","status-publish","hentry"],"acf":[],"_links":{"self":[{"href":"https:\/\/www.ufsm.br\/cursos\/pos-graduacao\/santa-maria\/pgeec\/wp-json\/wp\/v2\/pages\/288","targetHints":{"allow":["GET"]}}],"collection":[{"href":"https:\/\/www.ufsm.br\/cursos\/pos-graduacao\/santa-maria\/pgeec\/wp-json\/wp\/v2\/pages"}],"about":[{"href":"https:\/\/www.ufsm.br\/cursos\/pos-graduacao\/santa-maria\/pgeec\/wp-json\/wp\/v2\/types\/page"}],"author":[{"embeddable":true,"href":"https:\/\/www.ufsm.br\/cursos\/pos-graduacao\/santa-maria\/pgeec\/wp-json\/wp\/v2\/users\/772"}],"replies":[{"embeddable":true,"href":"https:\/\/www.ufsm.br\/cursos\/pos-graduacao\/santa-maria\/pgeec\/wp-json\/wp\/v2\/comments?post=288"}],"version-history":[{"count":0,"href":"https:\/\/www.ufsm.br\/cursos\/pos-graduacao\/santa-maria\/pgeec\/wp-json\/wp\/v2\/pages\/288\/revisions"}],"wp:attachment":[{"href":"https:\/\/www.ufsm.br\/cursos\/pos-graduacao\/santa-maria\/pgeec\/wp-json\/wp\/v2\/media?parent=288"}],"wp:term":[{"taxonomy":"category","embeddable":true,"href":"https:\/\/www.ufsm.br\/cursos\/pos-graduacao\/santa-maria\/pgeec\/wp-json\/wp\/v2\/categories?post=288"},{"taxonomy":"post_tag","embeddable":true,"href":"https:\/\/www.ufsm.br\/cursos\/pos-graduacao\/santa-maria\/pgeec\/wp-json\/wp\/v2\/tags?post=288"}],"curies":[{"name":"wp","href":"https:\/\/api.w.org\/{rel}","templated":true}]}}