{"id":964,"date":"2022-02-24T08:26:15","date_gmt":"2022-02-24T11:26:15","guid":{"rendered":"https:\/\/www.ufsm.br\/cursos\/pos-graduacao\/santa-maria\/pgeec\/?page_id=964"},"modified":"2022-12-29T11:30:56","modified_gmt":"2022-12-29T14:30:56","slug":"contato","status":"publish","type":"page","link":"https:\/\/www.ufsm.br\/cursos\/pos-graduacao\/santa-maria\/pgeec\/contato","title":{"rendered":"Contato"},"content":{"rendered":"\n<h3 class=\"footer-title\">PROGRAMA DE P\u00d3S-GRADUA\u00c7\u00c3O EM EDUCA\u00c7\u00c3O EM CI\u00caNCIAS<\/h3>\n<p>CCNE &#8211; Centro de Ci\u00eancias Naturais e Exatas<br \/>COORDENA\u00c7\u00c3O PPgECi: pr\u00e9dio 13 B<br \/>Telefone: (55) 3220 &#8211; 9695<br \/>E-mail: ppgeducacaoemciencias@ufsm.br<br \/>SECRETARIA INTEGRADA PG\/CCNE: sala 1108C &#8211; pr\u00e9dio 13<br \/>Telefone: (55) 3220 &#8211; 6163<br \/>E-mail: pos.ccne@ufsm.br<br \/>AVENIDA RORAIMA, n\u00ba 1000 <br \/>Bairro CAMOBI <br \/>Santa Maria &#8211; RS <br \/>CEP: 97105-900<\/p>\n","protected":false},"excerpt":{"rendered":"<p>PROGRAMA DE P\u00d3S-GRADUA\u00c7\u00c3O EM EDUCA\u00c7\u00c3O EM CI\u00caNCIAS CCNE &#8211; Centro de Ci\u00eancias Naturais e ExatasCOORDENA\u00c7\u00c3O PPgECi: pr\u00e9dio 13 BTelefone: (55) 3220 &#8211; 9695E-mail: ppgeducacaoemciencias@ufsm.brSECRETARIA INTEGRADA PG\/CCNE: sala 1108C &#8211; pr\u00e9dio 13Telefone: (55) 3220 &#8211; 6163E-mail: pos.ccne@ufsm.brAVENIDA RORAIMA, n\u00ba 1000 Bairro CAMOBI Santa Maria &#8211; RS CEP: 97105-900<\/p>\n","protected":false},"author":867,"featured_media":0,"parent":0,"menu_order":0,"comment_status":"closed","ping_status":"closed","template":"","meta":{"footnotes":""},"categories":[],"tags":[],"class_list":["post-964","page","type-page","status-publish","hentry"],"acf":[],"_links":{"self":[{"href":"https:\/\/www.ufsm.br\/cursos\/pos-graduacao\/santa-maria\/pgeec\/wp-json\/wp\/v2\/pages\/964","targetHints":{"allow":["GET"]}}],"collection":[{"href":"https:\/\/www.ufsm.br\/cursos\/pos-graduacao\/santa-maria\/pgeec\/wp-json\/wp\/v2\/pages"}],"about":[{"href":"https:\/\/www.ufsm.br\/cursos\/pos-graduacao\/santa-maria\/pgeec\/wp-json\/wp\/v2\/types\/page"}],"author":[{"embeddable":true,"href":"https:\/\/www.ufsm.br\/cursos\/pos-graduacao\/santa-maria\/pgeec\/wp-json\/wp\/v2\/users\/867"}],"replies":[{"embeddable":true,"href":"https:\/\/www.ufsm.br\/cursos\/pos-graduacao\/santa-maria\/pgeec\/wp-json\/wp\/v2\/comments?post=964"}],"version-history":[{"count":0,"href":"https:\/\/www.ufsm.br\/cursos\/pos-graduacao\/santa-maria\/pgeec\/wp-json\/wp\/v2\/pages\/964\/revisions"}],"wp:attachment":[{"href":"https:\/\/www.ufsm.br\/cursos\/pos-graduacao\/santa-maria\/pgeec\/wp-json\/wp\/v2\/media?parent=964"}],"wp:term":[{"taxonomy":"category","embeddable":true,"href":"https:\/\/www.ufsm.br\/cursos\/pos-graduacao\/santa-maria\/pgeec\/wp-json\/wp\/v2\/categories?post=964"},{"taxonomy":"post_tag","embeddable":true,"href":"https:\/\/www.ufsm.br\/cursos\/pos-graduacao\/santa-maria\/pgeec\/wp-json\/wp\/v2\/tags?post=964"}],"curies":[{"name":"wp","href":"https:\/\/api.w.org\/{rel}","templated":true}]}}