{"id":992,"date":"2022-02-24T10:54:11","date_gmt":"2022-02-24T13:54:11","guid":{"rendered":"https:\/\/www.ufsm.br\/cursos\/pos-graduacao\/santa-maria\/pgeec\/?page_id=992"},"modified":"2026-03-24T10:23:08","modified_gmt":"2026-03-24T13:23:08","slug":"bolsas","status":"publish","type":"page","link":"https:\/\/www.ufsm.br\/cursos\/pos-graduacao\/santa-maria\/pgeec\/bolsas","title":{"rendered":"Bolsas"},"content":{"rendered":"<h2>Normativas da Comiss\u00e3o de Bolsas:<\/h2>\n<a href=\"https:\/\/www.ufsm.br\/app\/uploads\/sites\/565\/2025\/03\/Resolucao-Bolsa-PPGECI.docx-1.pdf\">Resolu\u00e7\u00e3o Bolsa PPGECI 001\/2025 <\/a>\n\n&#8212; <a href=\"https:\/\/www.ufsm.br\/app\/uploads\/sites\/565\/2025\/04\/NOTA_assinado.pdf\">NOTA &#8211; Comiss\u00e3o de Bolsas\u00a0<\/a>\n<ul>\n \t<li><\/li>\n<\/ul>\nR<a style=\"font-size: 1rem;text-align: var(--bs-body-text-align)\" href=\"https:\/\/www.ufsm.br\/app\/uploads\/sites\/565\/2024\/04\/Resolucao0012024.pdf\" target=\"_blank\" rel=\"noopener\">esolu\u00e7\u00e3o 001\/2024<\/a>\n<h2>Contatos:<\/h2>\n<h2>E-MAIL DA COMISS\u00c3O DE BOLSAS: <u><b><a href=\"mailto:cbppgeci@ufsm.br\" target=\"_blank\" rel=\"noopener\">cbppgeci@ufsm.br<\/a><\/b><\/u><\/h2>\n<h2>CONTATO AN\u00d4NIMO COM A COMISS\u00c3O DE BOLSAS: <a href=\"https:\/\/forms.gle\/9UnBMcdmzUwKrgQ76\">https:\/\/forms.gle\/9UnBMcdmzUwKrgQ76<\/a><\/h2>\n<h2>Comiss\u00e3o de Bolsas (Portaria emitida em 03\/2026)<\/h2>\nProf. Daniel Morin Ocampo (Coordenador\/Presidente)\n\nProfa. Sabrina Zancan\n\nProf. Luiz Caldeira Brandt de Tolentino Neto (suplente)\n\nAcad. Gabrieli Buzata Nicola\n\nAcad. Camilo Silva Costa (suplente)\n<h1>2025<\/h1>\n<a href=\"https:\/\/www.ufsm.br\/app\/uploads\/sites\/565\/2025\/09\/PPGECI-Portaria-255-2025-Alterar-Comissao-Bolsas.pdf\">Portaria 255\/2025 (22\/09\/2025)<\/a>: Comiss\u00e3o de Bolsas do PPGECI\n\n<a href=\"https:\/\/www.ufsm.br\/app\/uploads\/sites\/565\/2025\/04\/PPGECI-Portaria-088-2025-Alterar-Comissao-de-Bolsas-dp-PPGECQVS.pdf\">Portaria 088\/2025 (24\/04\/2025)<\/a>: Comiss\u00e3o de Bolsas do PPGECI\n\n<a href=\"https:\/\/www.ufsm.br\/app\/uploads\/sites\/565\/2025\/03\/Portaria-057-2025-Comissao-de-bolsas-do-PPGECQVS.pdf\">Portaria 057-2025 Comiss\u00e3o de bolsas do PPGECQVS\u00a0<\/a>\n<ul>\n \t<li><\/li>\n<\/ul>\n<a href=\"https:\/\/www.ufsm.br\/cursos\/pos-graduacao\/santa-maria\/pgeec\/editais\/001-2025\">Edital de Bolsas 2025<\/a>\n<h1>2024<\/h1>\n<a href=\"https:\/\/www.ufsm.br\/app\/uploads\/sites\/565\/2025\/04\/EditalSelecaoBolsistas01de2024_28129_assinado.pdf\">EditalSelecaoBolsistas 2024<\/a>\n\n<a href=\"https:\/\/www.ufsm.br\/app\/uploads\/sites\/565\/2025\/04\/Resultado-final-selecao-de-bolsas-2024-1.pdf\">Resultado-final-selecao-de-bolsas 2024<\/a>\n<h1>2023<\/h1>\n<a href=\"https:\/\/www.ufsm.br\/app\/uploads\/sites\/565\/2023\/03\/EditalSelecaoBolsistas02de2023.pdf\">Edital de Bolsas 2023<\/a>\n\n<a href=\"https:\/\/www.ufsm.br\/app\/uploads\/sites\/565\/2023\/04\/Resultado-final-de-classificacao-do-Edital-02_2023.pdf\">Classifica\u00e7\u00e3o Final\u00a0<\/a>\n<h1>2022<\/h1>\n<a href=\"https:\/\/www.ufsm.br\/app\/uploads\/sites\/565\/2022\/02\/Portaria_Comissao_Bolsas_2022.pdf\">Comiss\u00e3o de Bolsas 2022<\/a>\n\n<a href=\"https:\/\/www.ufsm.br\/app\/uploads\/sites\/565\/2022\/02\/EditalSelecaoBolsistas01de2022.pdf\">Edital de Bolsas\/01 &#8211; Mestrado 2022<\/a>\n\n<a href=\"https:\/\/www.ufsm.br\/app\/uploads\/sites\/565\/2022\/03\/Resultado_001_2022_ComissaoBolsas.pdf\">Classifica\u00e7\u00e3o Final Bolsas\/01 &#8211; Mestrado 2022<\/a>\n\n<a href=\"https:\/\/www.ufsm.br\/app\/uploads\/sites\/565\/2022\/05\/EditalSelecaoBolsistas_Doutorado_02de2022.pdf\">Edital de Bolsas\/02 &#8211; Doutorado 2022<\/a>\n\n<a href=\"https:\/\/www.ufsm.br\/app\/uploads\/sites\/565\/2022\/06\/Resultado_Preliminar_Edital_Bolsas_2022_Doutorado.pdf\">Resultado Final Bolsas\/02 &#8211; Doutorado 2022<\/a>\n\n<a href=\"https:\/\/www.ufsm.br\/app\/uploads\/sites\/565\/2022\/09\/EditalSelecaoBolsistas03de2022.pdf\">Edital de Bolsas\/03 &#8211; Mestrado 2022<\/a>\n\n<a href=\"https:\/\/www.ufsm.br\/app\/uploads\/sites\/565\/2022\/09\/Resultado_003_2022_ComissaoBolsas.pdf\">Resultado Final Bolsas\/03 &#8211; Mestrado 2022<\/a>\n<h1>2021<\/h1>\n<a href=\"https:\/\/www.ufsm.br\/app\/uploads\/sites\/565\/2022\/02\/Portaria_Comissao_de_Bolsas_2021.pdf\">Comiss\u00e3o de Bolsas 2021<\/a>\n\n<a href=\"https:\/\/www.ufsm.br\/app\/uploads\/sites\/565\/2021\/05\/EditalSelecaoBolsistas01de2021.pdf\">Edital de Bolsas 2021<\/a>\n\n<a href=\"https:\/\/www.ufsm.br\/app\/uploads\/sites\/565\/2021\/05\/Resultados_Edital_Bolsas_PPGECQVS_2021_pos_recursos.pdf\">Classifica\u00e7\u00e3o Final Bolsas 2021<\/a>\n<h2><strong>Rela\u00e7\u00e3o de Bolsistas Ativos (atualizada em 25\/08\/2025)<\/strong><\/h2>\n<!-- \/wp:post-content -->\n\n<!-- wp:tadv\/classic-paragraph \/-->\n\n<!-- wp:tadv\/classic-paragraph -->\n<table style=\"border-collapse: collapse;width: 90.8231%;height: 1060px\">\n<tbody>\n<tr>\n<td style=\"width: 8.52575%;text-align: center\">N\u00edvel<\/td>\n<td style=\"width: 27.5311%;text-align: center\">Discente<\/td>\n<td style=\"width: 10.4796%;text-align: center\">Tipo de bolsa<\/td>\n<td style=\"width: 13.7951%;text-align: center\">Cadastro da bolsa<\/td>\n<td style=\"width: 20.1895%;text-align: center\">Tempo Concedido (meses)<\/td>\n<td style=\"width: 19.3606%;text-align: center\">Prazo para defesa\/ Limite<\/td>\n<\/tr>\n<tr>\n<td style=\"width: 8.52575%\">Mestrado<\/td>\n<td style=\"width: 27.5311%\">ANA FLAVIA ZORZI<\/td>\n<td style=\"width: 10.4796%\">DS\/CAPES<\/td>\n<td style=\"width: 13.7951%;text-align: center\">03\/2025<\/td>\n<td style=\"width: 20.1895%;text-align: center\">13<\/td>\n<td style=\"width: 19.3606%;text-align: center\">11\/03\/2026<\/td>\n<\/tr>\n<tr>\n<td style=\"width: 8.52575%\">Mestrado<\/td>\n<td style=\"width: 27.5311%\">EDUARDA MALAVOLTA CORTESE<\/td>\n<td style=\"width: 10.4796%\">DS\/CAPES<\/td>\n<td style=\"width: 13.7951%;text-align: center\">04\/2025<\/td>\n<td style=\"width: 20.1895%;text-align: center\">12<\/td>\n<td style=\"width: 19.3606%;text-align: center\">11\/03\/2026<\/td>\n<\/tr>\n<tr>\n<td style=\"width: 8.52575%\">Mestrado<\/td>\n<td style=\"width: 27.5311%\">EDUARDA ROSA SILVEIRA<\/td>\n<td style=\"width: 10.4796%\">DS\/CAPES<\/td>\n<td style=\"width: 13.7951%;text-align: center\">05\/2025<\/td>\n<td style=\"width: 20.1895%;text-align: center\">23<\/td>\n<td style=\"width: 19.3606%;text-align: center\">10\/03\/2027<\/td>\n<\/tr>\n<tr>\n<td style=\"width: 8.52575%\">Mestrado<\/td>\n<td style=\"width: 27.5311%\">EDUARDO DE MORAES PRETTO<\/td>\n<td style=\"width: 10.4796%\">DS\/CAPES<\/td>\n<td style=\"width: 13.7951%;text-align: center\">08\/2025<\/td>\n<td style=\"width: 20.1895%;text-align: center\">20<\/td>\n<td style=\"width: 19.3606%;text-align: center\">10\/03\/2027<\/td>\n<\/tr>\n<tr>\n<td style=\"width: 8.52575%\">Mestrado<\/td>\n<td style=\"width: 27.5311%\">EDUARDO VIN\u00cdCIUS KR\u00dcMMEL<\/td>\n<td style=\"width: 10.4796%\">DS\/CAPES<\/td>\n<td style=\"width: 13.7951%;text-align: center\">04\/2025<\/td>\n<td style=\"width: 20.1895%;text-align: center\">12<\/td>\n<td style=\"width: 19.3606%;text-align: center\">11\/03\/2026<\/td>\n<\/tr>\n<tr>\n<td style=\"width: 8.52575%\">Mestrado<\/td>\n<td style=\"width: 27.5311%\">KESIA DOS SANTOS MELO<\/td>\n<td style=\"width: 10.4796%\">PIBPG\/CNPq<\/td>\n<td style=\"width: 13.7951%;text-align: center\">06\/2025<\/td>\n<td style=\"width: 20.1895%;text-align: center\">24<\/td>\n<td style=\"width: 19.3606%;text-align: center\">10\/03\/2027<\/td>\n<\/tr>\n<tr>\n<td style=\"width: 8.52575%\">Mestrado<\/td>\n<td style=\"width: 27.5311%\">LAURA MOREIRA KUNDE<\/td>\n<td style=\"width: 10.4796%\">DS\/CAPES<\/td>\n<td style=\"width: 13.7951%;text-align: center\">03\/2024<\/td>\n<td style=\"width: 20.1895%;text-align: center\">24<\/td>\n<td style=\"width: 19.3606%;text-align: center\">20\/03\/2025*<\/td>\n<\/tr>\n<tr>\n<td style=\"width: 8.52575%\">Mestrado<\/td>\n<td style=\"width: 27.5311%\">LUCAS HENRIQUE BUBANZ<\/td>\n<td style=\"width: 10.4796%\">DS\/CAPES<\/td>\n<td style=\"width: 13.7951%;text-align: center\">04\/2025<\/td>\n<td style=\"width: 20.1895%;text-align: center\">12<\/td>\n<td style=\"width: 19.3606%;text-align: center\">11\/03\/2026<\/td>\n<\/tr>\n<tr>\n<td style=\"width: 8.52575%\">Mestrado<\/td>\n<td style=\"width: 27.5311%\">MELINA HICKMANN<\/td>\n<td style=\"width: 10.4796%\">DS\/CAPES<\/td>\n<td style=\"width: 13.7951%;text-align: center\">05\/2024<\/td>\n<td style=\"width: 20.1895%;text-align: center\">22<\/td>\n<td style=\"width: 19.3606%;text-align: center\">11\/03\/2026<\/td>\n<\/tr>\n<tr>\n<td style=\"width: 8.52575%\">Mestrado<\/td>\n<td style=\"width: 27.5311%\">PATR\u00cdCIA AGUIRRE MARTINS<\/td>\n<td style=\"width: 10.4796%\">DS\/CAPES<\/td>\n<td style=\"width: 13.7951%;text-align: center\">04\/2025<\/td>\n<td style=\"width: 20.1895%;text-align: center\">12<\/td>\n<td style=\"width: 19.3606%;text-align: center\">11\/03\/2026<\/td>\n<\/tr>\n<tr>\n<td style=\"width: 8.52575%\">Mestrado<\/td>\n<td style=\"width: 27.5311%\">STEPHANI GONCALVES FAGUNDES<\/td>\n<td style=\"width: 10.4796%\">PIBPG\/CNPq<\/td>\n<td style=\"width: 13.7951%;text-align: center\">06\/2025<\/td>\n<td style=\"width: 20.1895%;text-align: center\">24<\/td>\n<td style=\"width: 19.3606%;text-align: center\">10\/03\/2027<\/td>\n<\/tr>\n<tr>\n<td style=\"width: 8.52575%\">Doutorado<\/td>\n<td style=\"width: 27.5311%\">ANA LUIZA ZAPPE DESORDI FLORES<\/td>\n<td style=\"width: 10.4796%\">DS\/CAPES<\/td>\n<td style=\"width: 13.7951%;text-align: center\">09\/2024<\/td>\n<td style=\"width: 20.1895%;text-align: center\">31<\/td>\n<td style=\"width: 19.3606%;text-align: center\">20\/03\/2027<\/td>\n<\/tr>\n<tr>\n<td style=\"width: 8.52575%\">Doutorado<\/td>\n<td style=\"width: 27.5311%\">ANDR\u00c9 DE AZAMBUJA MARASCHIN<\/td>\n<td style=\"width: 10.4796%\">DS\/CAPES<\/td>\n<td style=\"width: 13.7951%;text-align: center\">06\/2025<\/td>\n<td style=\"width: 20.1895%;text-align: center\">34<\/td>\n<td style=\"width: 19.3606%;text-align: center\">11\/03\/2028<\/td>\n<\/tr>\n<tr>\n<td style=\"width: 8.52575%\">Doutorado<\/td>\n<td style=\"width: 27.5311%\">ANDRESSA FREITAS LOPES<\/td>\n<td style=\"width: 10.4796%\">DS\/CAPES<\/td>\n<td style=\"width: 13.7951%;text-align: center\">03\/2023<\/td>\n<td style=\"width: 20.1895%;text-align: center\">35<\/td>\n<td style=\"width: 19.3606%;text-align: center\">23\/04\/2026<\/td>\n<\/tr>\n<tr>\n<td style=\"width: 8.52575%\">Doutorado<\/td>\n<td style=\"width: 27.5311%\">BRUNA DA ROSA DE BRITES<\/td>\n<td style=\"width: 10.4796%\">DS\/CAPES<\/td>\n<td style=\"width: 13.7951%;text-align: center\">09\/2023<\/td>\n<td style=\"width: 20.1895%;text-align: center\">48<\/td>\n<td style=\"width: 19.3606%;text-align: center\">20\/03\/2027<\/td>\n<\/tr>\n<tr>\n<td style=\"width: 8.52575%\">Doutorado<\/td>\n<td style=\"width: 27.5311%\">DANIELE JAVAREZ DE OLIVEIRA<\/td>\n<td style=\"width: 10.4796%\">DS\/CAPES<\/td>\n<td style=\"width: 13.7951%;text-align: center\">12\/2024<\/td>\n<td style=\"width: 20.1895%;text-align: center\">12<\/td>\n<td style=\"width: 19.3606%;text-align: center\">20\/03\/2027<\/td>\n<\/tr>\n<tr>\n<td style=\"width: 8.52575%\">Doutorado<\/td>\n<td style=\"width: 27.5311%\">GABRIELI BUZATA NICOLA<\/td>\n<td style=\"width: 10.4796%\">DS\/CAPES<\/td>\n<td style=\"width: 13.7951%;text-align: center\">06\/2025<\/td>\n<td style=\"width: 20.1895%;text-align: center\">46<\/td>\n<td style=\"width: 19.3606%;text-align: center\">12\/03\/2029<\/td>\n<\/tr>\n<tr>\n<td style=\"width: 8.52575%\">Doutorado<\/td>\n<td style=\"width: 27.5311%\">GRACIELE CARVALHO DE MELO<\/td>\n<td style=\"width: 10.4796%\">DS\/CAPES<\/td>\n<td style=\"width: 13.7951%;text-align: center\">08\/2023<\/td>\n<td style=\"width: 20.1895%;text-align: center\">48<\/td>\n<td style=\"width: 19.3606%;text-align: center\">23\/04\/2026<\/td>\n<\/tr>\n<tr>\n<td style=\"width: 8.52575%\">Doutorado<\/td>\n<td style=\"width: 27.5311%\">KARINE GEHRKE GRAFFUNDER<\/td>\n<td style=\"width: 10.4796%\">DS\/CAPES<\/td>\n<td style=\"width: 13.7951%;text-align: center\">07\/2022<\/td>\n<td style=\"width: 20.1895%;text-align: center\">45<\/td>\n<td style=\"width: 19.3606%;text-align: center\">11\/04\/2026<\/td>\n<\/tr>\n<tr>\n<td style=\"width: 8.52575%\">Doutorado<\/td>\n<td style=\"width: 27.5311%\">K\u00c9LLI RENATA CORR\u00caA DE MATTOS<\/td>\n<td style=\"width: 10.4796%\">DS\/CAPES<\/td>\n<td style=\"width: 13.7951%;text-align: center\">09\/2021<\/td>\n<td style=\"width: 20.1895%;text-align: center\">48<\/td>\n<td style=\"width: 19.3606%;text-align: center\">11\/05\/2025*<\/td>\n<\/tr>\n<tr>\n<td style=\"width: 8.52575%\">Doutorado<\/td>\n<td style=\"width: 27.5311%\">PATRICIA LUNARDI MARTINS<\/td>\n<td style=\"width: 10.4796%\">PIBPG\/CNPq<\/td>\n<td style=\"width: 13.7951%;text-align: center\">06\/2025<\/td>\n<td style=\"width: 20.1895%;text-align: center\">48<\/td>\n<td style=\"width: 19.3606%;text-align: center\">17\/03\/2029<\/td>\n<\/tr>\n<tr>\n<td style=\"width: 8.52575%\">Doutorado<\/td>\n<td style=\"width: 27.5311%\">TAMARA ROSSATO PIOVESAN<\/td>\n<td style=\"width: 10.4796%\">DS\/CAPES<\/td>\n<td style=\"width: 13.7951%;text-align: center\">06\/2025<\/td>\n<td style=\"width: 20.1895%;text-align: center\">46<\/td>\n<td style=\"width: 19.3606%;text-align: center\">18\/03\/2029<\/td>\n<\/tr>\n<tr>\n<td style=\"width: 8.52575%\">Doutorado<\/td>\n<td style=\"width: 27.5311%\">THAMIRES LUANA CORDEIRO<\/td>\n<td style=\"width: 10.4796%\">DS\/CAPES<\/td>\n<td style=\"width: 13.7951%;text-align: center\">09\/2022<\/td>\n<td style=\"width: 20.1895%;text-align: center\">43<\/td>\n<td style=\"width: 19.3606%;text-align: center\">11\/04\/2026<\/td>\n<\/tr>\n<\/tbody>\n<\/table>\n<!-- \/wp:tadv\/classic-paragraph -->\n\n<!-- wp:tadv\/classic-paragraph -->\n\n* Discentes com prorroga\u00e7\u00e3o autom\u00e1tica por licen\u00e7a maternidade.\n\n<!-- \/wp:tadv\/classic-paragraph -->\n\n<!-- wp:tadv\/classic-paragraph \/-->","protected":false},"excerpt":{"rendered":"<p>Normativas da Comiss\u00e3o de Bolsas: Resolu\u00e7\u00e3o Bolsa PPGECI 001\/2025 &#8212; NOTA &#8211; Comiss\u00e3o de Bolsas\u00a0 Resolu\u00e7\u00e3o 001\/2024 Contatos: E-MAIL DA COMISS\u00c3O DE BOLSAS: cbppgeci@ufsm.br CONTATO AN\u00d4NIMO COM A COMISS\u00c3O DE BOLSAS: https:\/\/forms.gle\/9UnBMcdmzUwKrgQ76 Comiss\u00e3o de Bolsas (Portaria emitida em 03\/2026) Prof. Daniel Morin Ocampo (Coordenador\/Presidente) Profa. Sabrina Zancan Prof. Luiz Caldeira Brandt de Tolentino Neto (suplente) [&hellip;]<\/p>\n","protected":false},"author":3017,"featured_media":0,"parent":0,"menu_order":0,"comment_status":"closed","ping_status":"closed","template":"","meta":{"footnotes":""},"categories":[41],"tags":[],"class_list":["post-992","page","type-page","status-publish","hentry","category-bolsas"],"acf":[],"_links":{"self":[{"href":"https:\/\/www.ufsm.br\/cursos\/pos-graduacao\/santa-maria\/pgeec\/wp-json\/wp\/v2\/pages\/992","targetHints":{"allow":["GET"]}}],"collection":[{"href":"https:\/\/www.ufsm.br\/cursos\/pos-graduacao\/santa-maria\/pgeec\/wp-json\/wp\/v2\/pages"}],"about":[{"href":"https:\/\/www.ufsm.br\/cursos\/pos-graduacao\/santa-maria\/pgeec\/wp-json\/wp\/v2\/types\/page"}],"author":[{"embeddable":true,"href":"https:\/\/www.ufsm.br\/cursos\/pos-graduacao\/santa-maria\/pgeec\/wp-json\/wp\/v2\/users\/3017"}],"replies":[{"embeddable":true,"href":"https:\/\/www.ufsm.br\/cursos\/pos-graduacao\/santa-maria\/pgeec\/wp-json\/wp\/v2\/comments?post=992"}],"version-history":[{"count":0,"href":"https:\/\/www.ufsm.br\/cursos\/pos-graduacao\/santa-maria\/pgeec\/wp-json\/wp\/v2\/pages\/992\/revisions"}],"wp:attachment":[{"href":"https:\/\/www.ufsm.br\/cursos\/pos-graduacao\/santa-maria\/pgeec\/wp-json\/wp\/v2\/media?parent=992"}],"wp:term":[{"taxonomy":"category","embeddable":true,"href":"https:\/\/www.ufsm.br\/cursos\/pos-graduacao\/santa-maria\/pgeec\/wp-json\/wp\/v2\/categories?post=992"},{"taxonomy":"post_tag","embeddable":true,"href":"https:\/\/www.ufsm.br\/cursos\/pos-graduacao\/santa-maria\/pgeec\/wp-json\/wp\/v2\/tags?post=992"}],"curies":[{"name":"wp","href":"https:\/\/api.w.org\/{rel}","templated":true}]}}