{"id":1156,"date":"2025-03-31T15:16:23","date_gmt":"2025-03-31T18:16:23","guid":{"rendered":"https:\/\/www.ufsm.br\/cursos\/pos-graduacao\/santa-maria\/pgfarmacologia\/?page_id=1156"},"modified":"2025-03-31T15:18:24","modified_gmt":"2025-03-31T18:18:24","slug":"autoavaliacao","status":"publish","type":"page","link":"https:\/\/www.ufsm.br\/cursos\/pos-graduacao\/santa-maria\/pgfarmacologia\/autoavaliacao","title":{"rendered":"Autoavalia\u00e7\u00e3o"},"content":{"rendered":"\t\t<div data-elementor-type=\"wp-page\" data-elementor-id=\"1156\" class=\"elementor elementor-1156\">\n\t\t\t\t\t\t<section class=\"elementor-section elementor-top-section elementor-element elementor-element-5da4ac1 elementor-section-boxed elementor-section-height-default elementor-section-height-default\" data-id=\"5da4ac1\" data-element_type=\"section\">\n\t\t\t\t\t\t<div class=\"elementor-container elementor-column-gap-default\">\n\t\t\t\t\t<div class=\"elementor-column elementor-col-100 elementor-top-column elementor-element elementor-element-2f73d60\" data-id=\"2f73d60\" data-element_type=\"column\">\n\t\t\t<div class=\"elementor-widget-wrap elementor-element-populated\">\n\t\t\t\t\t\t<div class=\"elementor-element elementor-element-2c1f6be elementor-widget elementor-widget-text-editor\" data-id=\"2c1f6be\" data-element_type=\"widget\" data-widget_type=\"text-editor.default\">\n\t\t\t\t<div class=\"elementor-widget-container\">\n\t\t\t\t\t\t\t<p><span style=\"font-size: 1rem;font-weight: var( --e-global-typography-text-font-weight );text-align: var(--bs-body-text-align)\">A estrat\u00e9gia de autoavalia\u00e7\u00e3o que vem sendo utilizada pelo PPG Farmacologia \u00e9 a avalia\u00e7\u00e3o permanente, orientada \u00e0s quest\u00f5es e problemas identificados pela comunidade do Programa. Acreditamos que esta abordagem est\u00e1 em linha com nosso planejamento estrat\u00e9gico e com a pol\u00edtica institucional estabelecida pela da UFSM por meio da Coordenadoria de Planejamento e Avalia\u00e7\u00e3o Institucional (COPLAI) da Pr\u00f3-Reitoria de Planejamento (PROPLAN), em conjunto com a Pr\u00f3-Reitoria de P\u00f3s-Gradua\u00e7\u00e3o e Pesquisa (PRPGP). As orienta\u00e7\u00f5es da COPLAI\/UFSM foram embasadas nas sugest\u00f5es atuais da CAPES, nos pressupostos do Plano de Desenvolvimento Institucional (PDI) e do Plano de Metas Institucionais da UFSM. Esse processo institucional tem sido facilitado pela ocorr\u00eancia anual do \u201cSemin\u00e1rio Institucional de Avalia\u00e7\u00e3o e Planejamento da P\u00f3s-gradua\u00e7\u00e3o\u201d, o qual fomenta a constru\u00e7\u00e3o do processo e disponibiliza material de apoio para a continuidade do processo no \u00e2mbito de cada programa.&nbsp;<\/span><\/p><p><span style=\"font-size: 1rem;font-weight: var( --e-global-typography-text-font-weight );text-align: var(--bs-body-text-align)\">Assim como o planejamento estrat\u00e9gico, os processos de autoavalia\u00e7\u00e3o do PPG Farmacologia t\u00eam sido gerenciados pelo Colegiado do Programa, o qual entendemos ser o melhor f\u00f3rum para prepara\u00e7\u00e3o e acompanhamento do planejamento estrat\u00e9gico, desde que \u00e9 composto pelos coordenadores, por 1 membro titular e 1 membro suplente de cada uma das tr\u00eas linhas de pesquisa do PPG, e por 1 representante dos discentes de mestrado e 1 representante dos discentes de doutorado com seus respectivos suplentes, todos eleitos por seus pares em vota\u00e7\u00e3o conduzida por comiss\u00e3o eleitoral espec\u00edfica. Nesse contexto, a metodologia para o desenvolvimento do planejamento estrat\u00e9gico do PPG Farmacologia foi baseada nos seguintes pontos:<\/span><\/p>\n<p><\/p>\n<p>1) An\u00e1lise dos dados coletados com formul\u00e1rios Google an\u00f4nimos enviados anualmente para docentes, discentes e egressos.&nbsp;<\/p>\n<p><span style=\"font-size: 1rem;font-weight: var( --e-global-typography-text-font-weight );text-align: var(--bs-body-text-align)\">2) Discuss\u00f5es em Colegiado sobre os pareceres constantes na ficha de avalia\u00e7\u00e3o do quadri\u00eanio anterior.&nbsp;<\/span><\/p>\n<p><span style=\"font-size: 1rem;font-weight: var( --e-global-typography-text-font-weight );text-align: var(--bs-body-text-align)\">3) Acompanhamento pela coordena\u00e7\u00e3o de diversos indicadores de engajamento com o programa, produtividade e qualidade acad\u00eamica.<\/span><\/p>\n<p><span style=\"font-size: 1rem;font-weight: var( --e-global-typography-text-font-weight );text-align: var(--bs-body-text-align)\">4) Discuss\u00f5es em assembleias plen\u00e1rias e conversas oportunas com docentes e discentes do programa.<\/span><\/p>\t\t\t\t\t\t<\/div>\n\t\t\t\t<\/div>\n\t\t\t\t\t<\/div>\n\t\t<\/div>\n\t\t\t\t\t<\/div>\n\t\t<\/section>\n\t\t\t\t<\/div>\n\t\t","protected":false},"excerpt":{"rendered":"<p>A estrat\u00e9gia de autoavalia\u00e7\u00e3o que vem sendo utilizada pelo PPG Farmacologia \u00e9 a avalia\u00e7\u00e3o permanente, orientada \u00e0s quest\u00f5es e problemas identificados pela comunidade do Programa. Acreditamos que esta abordagem est\u00e1 em linha com nosso planejamento estrat\u00e9gico e com a pol\u00edtica institucional estabelecida pela da UFSM por meio da Coordenadoria de Planejamento e Avalia\u00e7\u00e3o Institucional (COPLAI) [&hellip;]<\/p>\n","protected":false},"author":7592,"featured_media":0,"parent":0,"menu_order":0,"comment_status":"closed","ping_status":"closed","template":"","meta":{"footnotes":""},"categories":[],"tags":[],"class_list":["post-1156","page","type-page","status-publish","hentry"],"acf":[],"_links":{"self":[{"href":"https:\/\/www.ufsm.br\/cursos\/pos-graduacao\/santa-maria\/pgfarmacologia\/wp-json\/wp\/v2\/pages\/1156","targetHints":{"allow":["GET"]}}],"collection":[{"href":"https:\/\/www.ufsm.br\/cursos\/pos-graduacao\/santa-maria\/pgfarmacologia\/wp-json\/wp\/v2\/pages"}],"about":[{"href":"https:\/\/www.ufsm.br\/cursos\/pos-graduacao\/santa-maria\/pgfarmacologia\/wp-json\/wp\/v2\/types\/page"}],"author":[{"embeddable":true,"href":"https:\/\/www.ufsm.br\/cursos\/pos-graduacao\/santa-maria\/pgfarmacologia\/wp-json\/wp\/v2\/users\/7592"}],"replies":[{"embeddable":true,"href":"https:\/\/www.ufsm.br\/cursos\/pos-graduacao\/santa-maria\/pgfarmacologia\/wp-json\/wp\/v2\/comments?post=1156"}],"version-history":[{"count":0,"href":"https:\/\/www.ufsm.br\/cursos\/pos-graduacao\/santa-maria\/pgfarmacologia\/wp-json\/wp\/v2\/pages\/1156\/revisions"}],"wp:attachment":[{"href":"https:\/\/www.ufsm.br\/cursos\/pos-graduacao\/santa-maria\/pgfarmacologia\/wp-json\/wp\/v2\/media?parent=1156"}],"wp:term":[{"taxonomy":"category","embeddable":true,"href":"https:\/\/www.ufsm.br\/cursos\/pos-graduacao\/santa-maria\/pgfarmacologia\/wp-json\/wp\/v2\/categories?post=1156"},{"taxonomy":"post_tag","embeddable":true,"href":"https:\/\/www.ufsm.br\/cursos\/pos-graduacao\/santa-maria\/pgfarmacologia\/wp-json\/wp\/v2\/tags?post=1156"}],"curies":[{"name":"wp","href":"https:\/\/api.w.org\/{rel}","templated":true}]}}