{"id":174,"date":"2019-02-28T11:58:46","date_gmt":"2019-02-28T14:58:46","guid":{"rendered":"https:\/\/www.ufsm.br\/cursos\/pos-graduacao\/santa-maria\/pgfarmacologia\/?page_id=174"},"modified":"2026-03-25T16:58:16","modified_gmt":"2026-03-25T19:58:16","slug":"normas-para-concessao-de-bolsas","status":"publish","type":"page","link":"https:\/\/www.ufsm.br\/cursos\/pos-graduacao\/santa-maria\/pgfarmacologia\/normas-para-concessao-de-bolsas","title":{"rendered":"Normas para concess\u00e3o de bolsas"},"content":{"rendered":"\t\t<div data-elementor-type=\"wp-page\" data-elementor-id=\"174\" class=\"elementor elementor-174\">\n\t\t\t\t\t\t<section class=\"elementor-section elementor-top-section elementor-element elementor-element-7064b6d3 elementor-section-boxed elementor-section-height-default elementor-section-height-default\" data-id=\"7064b6d3\" data-element_type=\"section\">\n\t\t\t\t\t\t<div class=\"elementor-container elementor-column-gap-default\">\n\t\t\t\t\t<div class=\"elementor-column elementor-col-100 elementor-top-column elementor-element elementor-element-1dd6d986\" data-id=\"1dd6d986\" data-element_type=\"column\">\n\t\t\t<div class=\"elementor-widget-wrap elementor-element-populated\">\n\t\t\t\t\t\t<div class=\"elementor-element elementor-element-569c7313 elementor-widget__width-initial elementor-widget elementor-widget-text-editor\" data-id=\"569c7313\" data-element_type=\"widget\" data-widget_type=\"text-editor.default\">\n\t\t\t\t<div class=\"elementor-widget-container\">\n\t\t\t\t\t\t\t<p><span style=\"color: #000000;font-size: 1rem;font-weight: var( --e-global-typography-text-font-weight );text-align: var(--bs-body-text-align)\">A Comiss\u00e3o de bolsas do Programa de P\u00f3s-Gradua\u00e7\u00e3o em Farmacologia do Centro de Ci\u00eancias da Sa\u00fade da Universidade Federal de Santa Maria, no uso de suas atribui\u00e7\u00f5es legais e estatut\u00e1rias, e<\/span><span style=\"color: #000000;font-size: 1rem;font-weight: var( --e-global-typography-text-font-weight );text-align: var(--bs-body-text-align)\">stabeleceu as normas gerais, diretrizes, crit\u00e9rios e procedimentos internos relativos \u00e0s bolsas de mestrado e doutorado financiadas por ag\u00eancias de fomento no pa\u00eds, no que diz respeito \u00e0 concess\u00e3o, renova\u00e7\u00e3o, cancelamento, e ac\u00famulo com atividade remunerada ou outros rendimentos atrav\u00e9s da&nbsp;<\/span><span style=\"color: #000000;font-size: 16px;font-weight: var( --e-global-typography-text-font-weight );text-align: var(--bs-body-text-align)\">DELIBERA\u00c7\u00c3O 01\/2023 CB-PPGF, 18 de outubro de 2023, que pode ser consultada na <\/span><strong><a style=\"font-size: 1rem;font-weight: var( --e-global-typography-text-font-weight );text-align: var(--bs-body-text-align)\" href=\"https:\/\/www.ufsm.br\/app\/uploads\/sites\/537\/2024\/11\/Deliberacao_CB_PPGF_2023.pdf\">neste link<\/a><\/strong><span style=\"color: #000000;font-size: 1rem;font-weight: var( --e-global-typography-text-font-weight );text-align: var(--bs-body-text-align)\">. Para&nbsp;<\/span><span style=\"color: #000000;font-size: 1rem;font-weight: var( --e-global-typography-text-font-weight );text-align: var(--bs-body-text-align)\">facilitar o entendimento dos processos<\/span><span style=\"color: #000000;font-size: 1rem;font-weight: var( --e-global-typography-text-font-weight );text-align: var(--bs-body-text-align)\">, s\u00e3o apresentadas&nbsp;<\/span><span style=\"color: #000000;font-size: 16px;font-weight: var( --e-global-typography-text-font-weight );text-align: var(--bs-body-text-align)\">abaixo informa\u00e7\u00f5es gerais, as quais&nbsp;<\/span><span style=\"color: #000000;font-size: 1rem;font-weight: var( --e-global-typography-text-font-weight );text-align: var(--bs-body-text-align)\">n\u00e3o substituem a leitura cuidadosa da&nbsp;<\/span><a style=\"font-size: 1rem;font-weight: var( --e-global-typography-text-font-weight );text-align: var(--bs-body-text-align)\" href=\"https:\/\/www.ufsm.br\/app\/uploads\/sites\/537\/2024\/11\/Deliberacao_CB_PPGF_2023.pdf\"><strong>delibera\u00e7\u00e3o<\/strong><\/a>&nbsp;e da normas relacionadas da UFSM, CAPES ou outra ag\u00eancia de fomento.<\/p>\n<p><\/p>\n<p><b>Candidatura \u00e0 bolsa<\/b><\/p>\n<p style=\"text-align: left\" align=\"center\">&#8211; A formaliza\u00e7\u00e3o de candidatura \u00e0 concess\u00e3o de bolsas de mestrado e doutorado ser\u00e1 realizada por meio de preenchimento de question\u00e1rio eletr\u00f4nico a ser disponibilizado na p\u00e1gina do PPGF \/ encaminhado pelo PPGF por e-mail.<\/p>\n<p style=\"text-align: left\" align=\"center\">\n<\/p><p style=\"text-align: left\" align=\"center\">&#8211; Poder\u00e3o pleitear bolsa de estudos os alunos aqueles regularmente matriculados no mestrado ou doutorado que n\u00e3o tenham reprova\u00e7\u00e3o em qualquer disciplina do PPGF e que n\u00e3o tenham atingido 75 %&nbsp; do tempo recomendado para conclus\u00e3o do curso a partir do ingresso.<\/p>\n<p><!-- \/wp:tadv\/classic-paragraph --><\/p>\t\t\t\t\t\t<\/div>\n\t\t\t\t<\/div>\n\t\t\t\t\t<\/div>\n\t\t<\/div>\n\t\t\t\t\t<\/div>\n\t\t<\/section>\n\t\t\t\t<section class=\"elementor-section elementor-top-section elementor-element elementor-element-24088d0 elementor-section-boxed elementor-section-height-default elementor-section-height-default\" data-id=\"24088d0\" data-element_type=\"section\">\n\t\t\t\t\t\t<div class=\"elementor-container elementor-column-gap-default\">\n\t\t\t\t\t<div class=\"elementor-column elementor-col-100 elementor-top-column elementor-element elementor-element-bc80439\" data-id=\"bc80439\" data-element_type=\"column\">\n\t\t\t<div class=\"elementor-widget-wrap elementor-element-populated\">\n\t\t\t\t\t\t<div class=\"elementor-element elementor-element-b506cc9 elementor-widget elementor-widget-text-editor\" data-id=\"b506cc9\" data-element_type=\"widget\" data-widget_type=\"text-editor.default\">\n\t\t\t\t<div class=\"elementor-widget-container\">\n\t\t\t\t\t\t\t<p><b>Ac\u00famulo de bolsa com atividade remunerada ou outros rendimentos<\/b><\/p>\n<p>&#8211; No caso de candidatos que exercem atividade remunerada ou possuem outras fontes de rendimentos antes de se candidatar a bolsa, o ac\u00famulo destes provimentos com a bolsa poder\u00e1 ser autorizado apenas ap\u00f3s a distribui\u00e7\u00e3o das bolsas aos benefici\u00e1rios que n\u00e3o possuem atividade remunerada ou outras fontes de rendimentos.<\/p>\n<p><span style=\"font-weight: var( --e-global-typography-text-font-weight );text-align: var(--bs-body-text-align)\">&#8211; Para alunos que possuam atividade remunerada ou outras fontes de rendimentos de qualquer natureza, a bolsa poder\u00e1 ser concedida pelo prazo de at\u00e9 3 (tr\u00eas) meses, sendo permitida a renova\u00e7\u00e3o trimestralmente at\u00e9 atingir o limite de 12 (doze) meses, desde que observada ordem de prioridade estabelecida na PORTARIA NORMATIVA PRPGP\/UFSM N. 001, DE 27 DE SETEMBRO DE 2023, o tempo recomendado para conclus\u00e3o do curso a partir do ingresso, e o m\u00e9rito acad\u00eamico conforme a compara\u00e7\u00e3o com os pares na avalia\u00e7\u00e3o trimestral.\u00a0<\/span><\/p>\t\t\t\t\t\t<\/div>\n\t\t\t\t<\/div>\n\t\t\t\t<div class=\"elementor-element elementor-element-1f6bacc elementor-widget elementor-widget-image\" data-id=\"1f6bacc\" data-element_type=\"widget\" data-widget_type=\"image.default\">\n\t\t\t\t<div class=\"elementor-widget-container\">\n\t\t\t\t\t\t\t\t\t\t\t\t\t<img fetchpriority=\"high\" decoding=\"async\" width=\"768\" height=\"388\" src=\"https:\/\/www.ufsm.br\/app\/uploads\/sites\/537\/2024\/11\/Imagem1-768x388.png\" class=\"attachment-medium_large size-medium_large wp-image-1040\" alt=\"\" srcset=\"https:\/\/www.ufsm.br\/app\/uploads\/sites\/537\/2024\/11\/Imagem1-768x388.png 768w, https:\/\/www.ufsm.br\/app\/uploads\/sites\/537\/2024\/11\/Imagem1-300x152.png 300w, https:\/\/www.ufsm.br\/app\/uploads\/sites\/537\/2024\/11\/Imagem1-1024x517.png 1024w, https:\/\/www.ufsm.br\/app\/uploads\/sites\/537\/2024\/11\/Imagem1-1536x776.png 1536w, https:\/\/www.ufsm.br\/app\/uploads\/sites\/537\/2024\/11\/Imagem1-2048x1034.png 2048w\" sizes=\"(max-width: 768px) 100vw, 768px\" \/>\t\t\t\t\t\t\t\t\t\t\t\t\t<\/div>\n\t\t\t\t<\/div>\n\t\t\t\t\t<\/div>\n\t\t<\/div>\n\t\t\t\t\t<\/div>\n\t\t<\/section>\n\t\t\t\t<section class=\"elementor-section elementor-top-section elementor-element elementor-element-a384a22 elementor-section-boxed elementor-section-height-default elementor-section-height-default\" data-id=\"a384a22\" data-element_type=\"section\">\n\t\t\t\t\t\t<div class=\"elementor-container elementor-column-gap-default\">\n\t\t\t\t\t<div class=\"elementor-column elementor-col-100 elementor-top-column elementor-element elementor-element-a087419\" data-id=\"a087419\" data-element_type=\"column\">\n\t\t\t<div class=\"elementor-widget-wrap elementor-element-populated\">\n\t\t\t\t\t\t<div class=\"elementor-element elementor-element-bdd16a2 elementor-widget elementor-widget-image\" data-id=\"bdd16a2\" data-element_type=\"widget\" data-widget_type=\"image.default\">\n\t\t\t\t<div class=\"elementor-widget-container\">\n\t\t\t\t\t\t\t\t\t\t\t\t\t<img decoding=\"async\" width=\"768\" height=\"526\" src=\"https:\/\/www.ufsm.br\/app\/uploads\/sites\/537\/2024\/11\/Imagem2-768x526.png\" class=\"attachment-medium_large size-medium_large wp-image-1042\" alt=\"\" srcset=\"https:\/\/www.ufsm.br\/app\/uploads\/sites\/537\/2024\/11\/Imagem2-768x526.png 768w, https:\/\/www.ufsm.br\/app\/uploads\/sites\/537\/2024\/11\/Imagem2-300x206.png 300w, https:\/\/www.ufsm.br\/app\/uploads\/sites\/537\/2024\/11\/Imagem2-1024x701.png 1024w, https:\/\/www.ufsm.br\/app\/uploads\/sites\/537\/2024\/11\/Imagem2-1536x1052.png 1536w, https:\/\/www.ufsm.br\/app\/uploads\/sites\/537\/2024\/11\/Imagem2-2048x1403.png 2048w\" sizes=\"(max-width: 768px) 100vw, 768px\" \/>\t\t\t\t\t\t\t\t\t\t\t\t\t<\/div>\n\t\t\t\t<\/div>\n\t\t\t\t\t<\/div>\n\t\t<\/div>\n\t\t\t\t\t<\/div>\n\t\t<\/section>\n\t\t\t\t<\/div>\n\t\t","protected":false},"excerpt":{"rendered":"<p>A Comiss\u00e3o de bolsas do Programa de P\u00f3s-Gradua\u00e7\u00e3o em Farmacologia do Centro de Ci\u00eancias da Sa\u00fade da Universidade Federal de Santa Maria, no uso de suas atribui\u00e7\u00f5es legais e estatut\u00e1rias, estabeleceu as normas gerais, diretrizes, crit\u00e9rios e procedimentos internos relativos \u00e0s bolsas de mestrado e doutorado financiadas por ag\u00eancias de fomento no pa\u00eds, no que [&hellip;]<\/p>\n","protected":false},"author":115,"featured_media":0,"parent":0,"menu_order":0,"comment_status":"closed","ping_status":"closed","template":"","meta":{"footnotes":""},"categories":[],"tags":[],"class_list":["post-174","page","type-page","status-publish","hentry"],"acf":[],"_links":{"self":[{"href":"https:\/\/www.ufsm.br\/cursos\/pos-graduacao\/santa-maria\/pgfarmacologia\/wp-json\/wp\/v2\/pages\/174","targetHints":{"allow":["GET"]}}],"collection":[{"href":"https:\/\/www.ufsm.br\/cursos\/pos-graduacao\/santa-maria\/pgfarmacologia\/wp-json\/wp\/v2\/pages"}],"about":[{"href":"https:\/\/www.ufsm.br\/cursos\/pos-graduacao\/santa-maria\/pgfarmacologia\/wp-json\/wp\/v2\/types\/page"}],"author":[{"embeddable":true,"href":"https:\/\/www.ufsm.br\/cursos\/pos-graduacao\/santa-maria\/pgfarmacologia\/wp-json\/wp\/v2\/users\/115"}],"replies":[{"embeddable":true,"href":"https:\/\/www.ufsm.br\/cursos\/pos-graduacao\/santa-maria\/pgfarmacologia\/wp-json\/wp\/v2\/comments?post=174"}],"version-history":[{"count":0,"href":"https:\/\/www.ufsm.br\/cursos\/pos-graduacao\/santa-maria\/pgfarmacologia\/wp-json\/wp\/v2\/pages\/174\/revisions"}],"wp:attachment":[{"href":"https:\/\/www.ufsm.br\/cursos\/pos-graduacao\/santa-maria\/pgfarmacologia\/wp-json\/wp\/v2\/media?parent=174"}],"wp:term":[{"taxonomy":"category","embeddable":true,"href":"https:\/\/www.ufsm.br\/cursos\/pos-graduacao\/santa-maria\/pgfarmacologia\/wp-json\/wp\/v2\/categories?post=174"},{"taxonomy":"post_tag","embeddable":true,"href":"https:\/\/www.ufsm.br\/cursos\/pos-graduacao\/santa-maria\/pgfarmacologia\/wp-json\/wp\/v2\/tags?post=174"}],"curies":[{"name":"wp","href":"https:\/\/api.w.org\/{rel}","templated":true}]}}