{"id":189,"date":"2019-02-28T12:16:09","date_gmt":"2019-02-28T15:16:09","guid":{"rendered":"https:\/\/www.ufsm.br\/cursos\/pos-graduacao\/santa-maria\/pgfarmacologia\/?page_id=189"},"modified":"2025-03-19T16:36:44","modified_gmt":"2025-03-19T19:36:44","slug":"para-bolsista","status":"publish","type":"page","link":"https:\/\/www.ufsm.br\/cursos\/pos-graduacao\/santa-maria\/pgfarmacologia\/para-bolsista","title":{"rendered":"Bolsas de estudo"},"content":{"rendered":"\t\t<div data-elementor-type=\"wp-page\" data-elementor-id=\"189\" class=\"elementor elementor-189\">\n\t\t\t\t\t\t<section class=\"elementor-section elementor-top-section elementor-element elementor-element-582e5784 elementor-section-boxed elementor-section-height-default elementor-section-height-default\" data-id=\"582e5784\" data-element_type=\"section\">\n\t\t\t\t\t\t<div class=\"elementor-container elementor-column-gap-default\">\n\t\t\t\t\t<div class=\"elementor-column elementor-col-100 elementor-top-column elementor-element elementor-element-3d550ffb\" data-id=\"3d550ffb\" data-element_type=\"column\">\n\t\t\t<div class=\"elementor-widget-wrap elementor-element-populated\">\n\t\t\t\t\t\t<div class=\"elementor-element elementor-element-3f6135eb elementor-widget elementor-widget-text-editor\" data-id=\"3f6135eb\" data-element_type=\"widget\" data-widget_type=\"text-editor.default\">\n\t\t\t\t<div class=\"elementor-widget-container\">\n\t\t\t\t\t\t\t<p><!-- wp:tadv\/classic-paragraph \/--><!-- wp:paragraph --><\/p>\n<p style=\"font-size: 16px\"><a href=\"https:\/\/www.ufsm.br\/cursos\/pos-graduacao\/santa-maria\/pgfarmacologia\/normas-para-concessao-de-bolsas\" target=\"_blank\" rel=\"noopener\"><span style=\"font-weight: bolder\">Normas para concess\u00e3o de bolsas<\/span><\/a><\/p><div><strong style=\"font-size: 1rem;text-align: var(--bs-body-text-align)\"><a href=\"https:\/\/www.ufsm.br\/pro-reitorias\/prpgp\/servicos\/1-cadastro-de-bolsa-demanda-social-capes\/\" target=\"_blank\" rel=\"noreferrer noopener\">Cadastro de Bolsa Demanda Social\/CAPES<\/a><\/strong><\/div>\n<p><!-- \/wp:paragraph --><!-- wp:paragraph --><\/p>\n<p><a href=\"https:\/\/www.ufsm.br\/cursos\/pos-graduacao\/santa-maria\/pgfarmacologia\/normas-para-concessao-de-bolsas\/criterios-para-avaliacao-dos-bolsistas-de-mestrado-e-doutorado\" target=\"_blank\" rel=\"noopener\" style=\"font-size: 1rem;font-weight: var( --e-global-typography-text-font-weight );text-align: var(--bs-body-text-align)\"><strong>Crit\u00e9rios para avalia\u00e7\u00e3o dos bolsistas de mestrado e doutorado<\/strong><\/a><\/p>\n<p><\/p>\n<p><!-- \/wp:paragraph --><\/p>\t\t\t\t\t\t<\/div>\n\t\t\t\t<\/div>\n\t\t\t\t\t<\/div>\n\t\t<\/div>\n\t\t\t\t\t<\/div>\n\t\t<\/section>\n\t\t\t\t<\/div>\n\t\t","protected":false},"excerpt":{"rendered":"<p>Normas para concess\u00e3o de bolsas Cadastro de Bolsa Demanda Social\/CAPES Crit\u00e9rios para avalia\u00e7\u00e3o dos bolsistas de mestrado e doutorado<\/p>\n","protected":false},"author":115,"featured_media":0,"parent":0,"menu_order":0,"comment_status":"closed","ping_status":"closed","template":"","meta":{"footnotes":""},"categories":[],"tags":[],"class_list":["post-189","page","type-page","status-publish","hentry"],"acf":[],"_links":{"self":[{"href":"https:\/\/www.ufsm.br\/cursos\/pos-graduacao\/santa-maria\/pgfarmacologia\/wp-json\/wp\/v2\/pages\/189","targetHints":{"allow":["GET"]}}],"collection":[{"href":"https:\/\/www.ufsm.br\/cursos\/pos-graduacao\/santa-maria\/pgfarmacologia\/wp-json\/wp\/v2\/pages"}],"about":[{"href":"https:\/\/www.ufsm.br\/cursos\/pos-graduacao\/santa-maria\/pgfarmacologia\/wp-json\/wp\/v2\/types\/page"}],"author":[{"embeddable":true,"href":"https:\/\/www.ufsm.br\/cursos\/pos-graduacao\/santa-maria\/pgfarmacologia\/wp-json\/wp\/v2\/users\/115"}],"replies":[{"embeddable":true,"href":"https:\/\/www.ufsm.br\/cursos\/pos-graduacao\/santa-maria\/pgfarmacologia\/wp-json\/wp\/v2\/comments?post=189"}],"version-history":[{"count":0,"href":"https:\/\/www.ufsm.br\/cursos\/pos-graduacao\/santa-maria\/pgfarmacologia\/wp-json\/wp\/v2\/pages\/189\/revisions"}],"wp:attachment":[{"href":"https:\/\/www.ufsm.br\/cursos\/pos-graduacao\/santa-maria\/pgfarmacologia\/wp-json\/wp\/v2\/media?parent=189"}],"wp:term":[{"taxonomy":"category","embeddable":true,"href":"https:\/\/www.ufsm.br\/cursos\/pos-graduacao\/santa-maria\/pgfarmacologia\/wp-json\/wp\/v2\/categories?post=189"},{"taxonomy":"post_tag","embeddable":true,"href":"https:\/\/www.ufsm.br\/cursos\/pos-graduacao\/santa-maria\/pgfarmacologia\/wp-json\/wp\/v2\/tags?post=189"}],"curies":[{"name":"wp","href":"https:\/\/api.w.org\/{rel}","templated":true}]}}