{"id":213,"date":"2019-02-28T12:38:31","date_gmt":"2019-02-28T15:38:31","guid":{"rendered":"https:\/\/www.ufsm.br\/cursos\/pos-graduacao\/santa-maria\/pgfarmacologia\/?page_id=213"},"modified":"2019-02-28T12:38:34","modified_gmt":"2019-02-28T15:38:34","slug":"modelo-de-relatorio-ds-capes","status":"publish","type":"page","link":"https:\/\/www.ufsm.br\/cursos\/pos-graduacao\/santa-maria\/pgfarmacologia\/modelo-de-relatorio-ds-capes","title":{"rendered":"Modelo de relat\u00f3rio DS-Capes"},"content":{"rendered":"\n<p><strong>RELAT\u00d3RIO DE DESEMPENHO ACAD\u00caMICO &#8211; BOLSISTA<\/strong><\/p>\n<p><strong>PROGRAMA DE DEMANDA SOCIAL \u2013 DS \u2013 CAPES<\/strong><\/p>\n<p>\u00a0<\/p>\n<p>Semestre: \u00a0 \u00a0 \u00a0 \u00a0 \u00a0 \u00a0 \u00a0 \u00a0 \u00a0 \u00a0 \u00a0 \u00a0 \u00a0 \u00a0 \u00a0 \u00a0 \u00a0 \u00a0 \u00a0 \u00a0 \u00a0 \u00a0 \u00a0 \u00a0 \u00a0 \u00a0 \u00a0 \u00a0 \u00a0 \u00a0 \u00a0 Ano:<\/p>\n<p>\u00a0<\/p>\n<p><strong>Dados Gerais<\/strong><\/p>\n<p>Centro: Centro de Ci\u00eancias da Sa\u00fade<\/p>\n<p>Curso: Programa de P\u00f3s-Gradua\u00e7\u00e3o em Farmacologia<\/p>\n<p>Nome do aluno:<\/p>\n<p>Matr\u00edcula:<\/p>\n<p>Email:<\/p>\n<p>Fone:<\/p>\n<p>Nome do professor orientador:<\/p>\n<p>\u00a0<\/p>\n<p><strong>Dados do Curso<\/strong><\/p>\n<p>N\u00edvel do curso: \u00a0 \u00a0 \u00a0 \u00a0 \u00a0 ( )Mestrado \u00a0 \u00a0 \u00a0 \u00a0( )Doutorado<\/p>\n<p>Linha de pesquisa:<\/p>\n<p>In\u00edcio do aluno no curso:<\/p>\n<p>N\u00famero de cr\u00e9ditos exigidos:<\/p>\n<p>N\u00fameros de cr\u00e9ditos j\u00e1 realizados:<\/p>\n<p>\u00a0\u00a0<\/p>\n<p><strong>Atividades<\/strong>\u00a0<\/p>\n<p>Disciplinas Totais Realizadas:<\/p>\n<p>Apresenta\u00e7\u00e3o de Trabalhos (listar trabalhos):<\/p>\n<p>Artigos (listar):<\/p>\n<p>\u00a0<\/p>\n<p><strong>Situa\u00e7\u00e3o da Disserta\u00e7\u00e3o\/Tese<\/strong><\/p>\n<p>( ) N\u00e3o iniciada;<\/p>\n<p>( ) Estudos preliminares ou elabora\u00e7\u00e3o do projeto;<\/p>\n<p>( ) Em execu\u00e7\u00e3o: coleta, processamento ou an\u00e1lise de dados;<\/p>\n<p>( ) Elabora\u00e7\u00e3o final da disserta\u00e7\u00e3o\/tese.<\/p>\n<p>\u00a0<\/p>\n<p>\u00a0<\/p>\n<p><strong>Assinatura do aluno \u00a0 \u00a0 \u00a0 \u00a0\u00a0<\/strong>______________________________<\/p>\n<p><strong>Data:<\/strong>___\/___\/_____<\/p>\n<p>\u00a0<\/p>\n","protected":false},"excerpt":{"rendered":"<p>RELAT\u00d3RIO DE DESEMPENHO ACAD\u00caMICO &#8211; BOLSISTA PROGRAMA DE DEMANDA SOCIAL \u2013 DS \u2013 CAPES \u00a0 Semestre: \u00a0 \u00a0 \u00a0 \u00a0 \u00a0 \u00a0 \u00a0 \u00a0 \u00a0 \u00a0 \u00a0 \u00a0 \u00a0 \u00a0 \u00a0 \u00a0 \u00a0 \u00a0 \u00a0 \u00a0 \u00a0 \u00a0 \u00a0 \u00a0 \u00a0 \u00a0 \u00a0 \u00a0 \u00a0 \u00a0 \u00a0 Ano: \u00a0 Dados Gerais Centro: Centro de Ci\u00eancias [&hellip;]<\/p>\n","protected":false},"author":115,"featured_media":0,"parent":0,"menu_order":0,"comment_status":"closed","ping_status":"closed","template":"","meta":{"footnotes":""},"categories":[],"tags":[],"class_list":["post-213","page","type-page","status-publish","hentry"],"acf":[],"_links":{"self":[{"href":"https:\/\/www.ufsm.br\/cursos\/pos-graduacao\/santa-maria\/pgfarmacologia\/wp-json\/wp\/v2\/pages\/213","targetHints":{"allow":["GET"]}}],"collection":[{"href":"https:\/\/www.ufsm.br\/cursos\/pos-graduacao\/santa-maria\/pgfarmacologia\/wp-json\/wp\/v2\/pages"}],"about":[{"href":"https:\/\/www.ufsm.br\/cursos\/pos-graduacao\/santa-maria\/pgfarmacologia\/wp-json\/wp\/v2\/types\/page"}],"author":[{"embeddable":true,"href":"https:\/\/www.ufsm.br\/cursos\/pos-graduacao\/santa-maria\/pgfarmacologia\/wp-json\/wp\/v2\/users\/115"}],"replies":[{"embeddable":true,"href":"https:\/\/www.ufsm.br\/cursos\/pos-graduacao\/santa-maria\/pgfarmacologia\/wp-json\/wp\/v2\/comments?post=213"}],"version-history":[{"count":0,"href":"https:\/\/www.ufsm.br\/cursos\/pos-graduacao\/santa-maria\/pgfarmacologia\/wp-json\/wp\/v2\/pages\/213\/revisions"}],"wp:attachment":[{"href":"https:\/\/www.ufsm.br\/cursos\/pos-graduacao\/santa-maria\/pgfarmacologia\/wp-json\/wp\/v2\/media?parent=213"}],"wp:term":[{"taxonomy":"category","embeddable":true,"href":"https:\/\/www.ufsm.br\/cursos\/pos-graduacao\/santa-maria\/pgfarmacologia\/wp-json\/wp\/v2\/categories?post=213"},{"taxonomy":"post_tag","embeddable":true,"href":"https:\/\/www.ufsm.br\/cursos\/pos-graduacao\/santa-maria\/pgfarmacologia\/wp-json\/wp\/v2\/tags?post=213"}],"curies":[{"name":"wp","href":"https:\/\/api.w.org\/{rel}","templated":true}]}}