{"id":233,"date":"2019-02-28T12:57:30","date_gmt":"2019-02-28T15:57:30","guid":{"rendered":"https:\/\/www.ufsm.br\/cursos\/pos-graduacao\/santa-maria\/pgfarmacologia\/?page_id=233"},"modified":"2019-02-28T12:57:33","modified_gmt":"2019-02-28T15:57:33","slug":"contato-2","status":"publish","type":"page","link":"https:\/\/www.ufsm.br\/cursos\/pos-graduacao\/santa-maria\/pgfarmacologia\/contato-2","title":{"rendered":"Contato"},"content":{"rendered":"\n<p><strong>Telefones:\u00a0<\/strong>(55)3220-9382 &#8211; Secretaria<\/p>\n<p>(55)3220-8241 &#8211; Fax<\/p>\n<p><strong>E-mail:\u00a0<\/strong><a href=\"mailto:pgfarmacologia@gmail.com\">pgfarmacologia@gmail.com<\/a><\/p>\n<p><strong>Endere\u00e7o:\u00a0<\/strong>Programa de P\u00f3s-gradua\u00e7\u00e3o em Farmacologia<\/p>\n<p>Centro de Ci\u00eancias da Sa\u00fade &#8211; Pr\u00e9dio 21 &#8211; sala 5118<\/p>\n<p>Universidade Federal de Santa Maria<\/p>\n<p>Campus Universit\u00e1rio &#8211; Camobi<\/p>\n<p>97105-900<\/p>\n<p>Santa Maria &#8211; RS &#8211; Brasil<\/p>\n<p>\u00a0<\/p>\n","protected":false},"excerpt":{"rendered":"<p>Telefones:\u00a0(55)3220-9382 &#8211; Secretaria (55)3220-8241 &#8211; Fax E-mail:\u00a0pgfarmacologia@gmail.com Endere\u00e7o:\u00a0Programa de P\u00f3s-gradua\u00e7\u00e3o em Farmacologia Centro de Ci\u00eancias da Sa\u00fade &#8211; Pr\u00e9dio 21 &#8211; sala 5118 Universidade Federal de Santa Maria Campus Universit\u00e1rio &#8211; Camobi 97105-900 Santa Maria &#8211; RS &#8211; Brasil \u00a0<\/p>\n","protected":false},"author":115,"featured_media":0,"parent":0,"menu_order":0,"comment_status":"closed","ping_status":"closed","template":"","meta":{"footnotes":""},"categories":[],"tags":[],"class_list":["post-233","page","type-page","status-publish","hentry"],"acf":[],"_links":{"self":[{"href":"https:\/\/www.ufsm.br\/cursos\/pos-graduacao\/santa-maria\/pgfarmacologia\/wp-json\/wp\/v2\/pages\/233","targetHints":{"allow":["GET"]}}],"collection":[{"href":"https:\/\/www.ufsm.br\/cursos\/pos-graduacao\/santa-maria\/pgfarmacologia\/wp-json\/wp\/v2\/pages"}],"about":[{"href":"https:\/\/www.ufsm.br\/cursos\/pos-graduacao\/santa-maria\/pgfarmacologia\/wp-json\/wp\/v2\/types\/page"}],"author":[{"embeddable":true,"href":"https:\/\/www.ufsm.br\/cursos\/pos-graduacao\/santa-maria\/pgfarmacologia\/wp-json\/wp\/v2\/users\/115"}],"replies":[{"embeddable":true,"href":"https:\/\/www.ufsm.br\/cursos\/pos-graduacao\/santa-maria\/pgfarmacologia\/wp-json\/wp\/v2\/comments?post=233"}],"version-history":[{"count":0,"href":"https:\/\/www.ufsm.br\/cursos\/pos-graduacao\/santa-maria\/pgfarmacologia\/wp-json\/wp\/v2\/pages\/233\/revisions"}],"wp:attachment":[{"href":"https:\/\/www.ufsm.br\/cursos\/pos-graduacao\/santa-maria\/pgfarmacologia\/wp-json\/wp\/v2\/media?parent=233"}],"wp:term":[{"taxonomy":"category","embeddable":true,"href":"https:\/\/www.ufsm.br\/cursos\/pos-graduacao\/santa-maria\/pgfarmacologia\/wp-json\/wp\/v2\/categories?post=233"},{"taxonomy":"post_tag","embeddable":true,"href":"https:\/\/www.ufsm.br\/cursos\/pos-graduacao\/santa-maria\/pgfarmacologia\/wp-json\/wp\/v2\/tags?post=233"}],"curies":[{"name":"wp","href":"https:\/\/api.w.org\/{rel}","templated":true}]}}