{"id":236,"date":"2019-02-28T13:02:33","date_gmt":"2019-02-28T16:02:33","guid":{"rendered":"https:\/\/www.ufsm.br\/cursos\/pos-graduacao\/santa-maria\/pgfarmacologia\/?page_id=236"},"modified":"2019-02-28T13:02:38","modified_gmt":"2019-02-28T16:02:38","slug":"matricula-aluno-especial-i-e-de-outras-pos-graduacoes","status":"publish","type":"page","link":"https:\/\/www.ufsm.br\/cursos\/pos-graduacao\/santa-maria\/pgfarmacologia\/matricula-aluno-especial-i-e-de-outras-pos-graduacoes","title":{"rendered":"Matr\u00edcula Aluno Especial I e de outras P\u00f3s-Gradua\u00e7\u00f5es"},"content":{"rendered":"\n<p><strong>ALUNO ESPECIAL I &#8211;\u00a0<br \/><\/strong><\/p>\n<p>A inscri\u00e7\u00e3o para Aluno Especial I \u00e9 feita conforme edital publicado pela UFSM.\u00a0<strong>\u00a0<\/strong><\/p>\n<ul>\n<li><strong>Alunos de outra p\u00f3s-gradua\u00e7\u00e3o da UFSM<\/strong><\/li>\n<li><a href=\"https:\/\/www.ufsm.br\/cursos\/pos-graduacao\/santa-maria\/pgfarmacologia\/wp-content\/uploads\/sites\/537\/2019\/02\/REQUERIMENTO_DE_MATR\u00cdUCLA_EXTRACURRICULAR-1.doc\">Requerimento de Matr\u00edcula Extracurricular (em outro curso)<\/a> <\/li>\n<\/ul>\n<ul>\n<li>O aceite da solicita\u00e7\u00e3o da matr\u00edcula no PPGFARM seguir\u00e1 os seguintes crit\u00e9rios:<\/li>\n<\/ul>\n<ol>\n<li style=\"list-style-type: none\">\n<ol>\n<li>Para aluno de orientador do curso;<\/li>\n<li>Para aluno de professor colaborador do curso;<\/li>\n<li>Para aluno do CCS;<\/li>\n<li>Para alunos de outros Centros da UFSM;<\/li>\n<li>Para aluno de fora da UFSM.<\/li>\n<\/ol>\n<\/li>\n<\/ol>\n","protected":false},"excerpt":{"rendered":"<p>ALUNO ESPECIAL I &#8211;\u00a0 A inscri\u00e7\u00e3o para Aluno Especial I \u00e9 feita conforme edital publicado pela UFSM.\u00a0\u00a0 Alunos de outra p\u00f3s-gradua\u00e7\u00e3o da UFSM Requerimento de Matr\u00edcula Extracurricular (em outro curso) O aceite da solicita\u00e7\u00e3o da matr\u00edcula no PPGFARM seguir\u00e1 os seguintes crit\u00e9rios: Para aluno de orientador do curso; Para aluno de professor colaborador do curso; [&hellip;]<\/p>\n","protected":false},"author":115,"featured_media":0,"parent":0,"menu_order":0,"comment_status":"closed","ping_status":"closed","template":"","meta":{"footnotes":""},"categories":[],"tags":[],"class_list":["post-236","page","type-page","status-publish","hentry"],"acf":[],"_links":{"self":[{"href":"https:\/\/www.ufsm.br\/cursos\/pos-graduacao\/santa-maria\/pgfarmacologia\/wp-json\/wp\/v2\/pages\/236","targetHints":{"allow":["GET"]}}],"collection":[{"href":"https:\/\/www.ufsm.br\/cursos\/pos-graduacao\/santa-maria\/pgfarmacologia\/wp-json\/wp\/v2\/pages"}],"about":[{"href":"https:\/\/www.ufsm.br\/cursos\/pos-graduacao\/santa-maria\/pgfarmacologia\/wp-json\/wp\/v2\/types\/page"}],"author":[{"embeddable":true,"href":"https:\/\/www.ufsm.br\/cursos\/pos-graduacao\/santa-maria\/pgfarmacologia\/wp-json\/wp\/v2\/users\/115"}],"replies":[{"embeddable":true,"href":"https:\/\/www.ufsm.br\/cursos\/pos-graduacao\/santa-maria\/pgfarmacologia\/wp-json\/wp\/v2\/comments?post=236"}],"version-history":[{"count":0,"href":"https:\/\/www.ufsm.br\/cursos\/pos-graduacao\/santa-maria\/pgfarmacologia\/wp-json\/wp\/v2\/pages\/236\/revisions"}],"wp:attachment":[{"href":"https:\/\/www.ufsm.br\/cursos\/pos-graduacao\/santa-maria\/pgfarmacologia\/wp-json\/wp\/v2\/media?parent=236"}],"wp:term":[{"taxonomy":"category","embeddable":true,"href":"https:\/\/www.ufsm.br\/cursos\/pos-graduacao\/santa-maria\/pgfarmacologia\/wp-json\/wp\/v2\/categories?post=236"},{"taxonomy":"post_tag","embeddable":true,"href":"https:\/\/www.ufsm.br\/cursos\/pos-graduacao\/santa-maria\/pgfarmacologia\/wp-json\/wp\/v2\/tags?post=236"}],"curies":[{"name":"wp","href":"https:\/\/api.w.org\/{rel}","templated":true}]}}