{"id":735,"date":"2022-07-14T12:35:18","date_gmt":"2022-07-14T15:35:18","guid":{"rendered":"https:\/\/www.ufsm.br\/cursos\/pos-graduacao\/santa-maria\/pgfarmacologia\/?page_id=735"},"modified":"2022-07-14T13:12:25","modified_gmt":"2022-07-14T16:12:25","slug":"prorrogacao-de-prazo-para-defesa","status":"publish","type":"page","link":"https:\/\/www.ufsm.br\/cursos\/pos-graduacao\/santa-maria\/pgfarmacologia\/modelo-de-relatorio-ds-capes\/prorrogacao-de-prazo-para-defesa","title":{"rendered":"Prorroga\u00e7\u00e3o de Prazo para Defesa"},"content":{"rendered":"\n<h5 class=\"wp-block-heading\"><a>&nbsp;Descri\u00e7\u00e3o<\/a><\/h5>\n\n\n\n<p>Previs\u00e3o legal: Art. 36 do Regimento Geral de P\u00f3s-Gradua\u00e7\u00e3o.<\/p>\n\n\n\n<p>O&nbsp;<strong>Processo de prorroga\u00e7\u00e3o de prazo para defesa de disserta\u00e7\u00e3o ou tese deve ser aberto pelo pelo discente<\/strong>&nbsp;no&nbsp;<a href=\"https:\/\/portal.ufsm.br\/documentos\/index.html\">Portal Documentos da UFSM<\/a>.<\/p>\n\n\n\n<p><strong>Discentes de cursos Stricto Sensu:<\/strong>&nbsp;Clica em Novo &gt; Processo&gt; seleciona o PEN com tipo documental \u201cProcesso de prorroga\u00e7\u00e3o de prazo para defesa de disserta\u00e7\u00e3o\/tese (134.333)\u201d<\/p>\n\n\n\n<p><strong>Fluxo correto da abertura do PEN de prorroga\u00e7\u00e3o de prazo para defesa:<\/strong><br>Discente &gt; Orientador &gt; Curso\/Colegiado &gt; Controle Acad\u00eamico de P\u00f3s-Gradua\u00e7\u00e3o da PRPGP.<\/p>\n\n\n\n<p><strong>Observa\u00e7\u00e3o:<\/strong>&nbsp;N\u00e3o h\u00e1 abertura de PEN para prorroga\u00e7\u00e3o de exame de qualifica\u00e7\u00e3o dos cursos de P\u00f3s-gradua\u00e7\u00e3o e registro acad\u00eamico nos sistemas da UFSM, pois os mesmos s\u00e3o normatizados e registrados internamente em cada curso.<\/p>\n\n\n\n<p><strong>REVOGA\u00c7\u00c3O DO REDE:<\/strong><br>Conforme Art. 2\u00ba da&nbsp;<strong><a href=\"https:\/\/portal.ufsm.br\/documentos\/publico\/documento.html?id=13993853\">Instru\u00e7\u00e3o Normativa PRPGP\/UFSM N. 003\/2022:<\/a><\/strong><\/p>\n\n\n\n<p>Art. 2\u00ba A regulariza\u00e7\u00e3o do prazo de conclus\u00e3o de curso dos(as) alunos(as) de p\u00f3s-gradua\u00e7\u00e3o que j\u00e1 se encontravam com seus per\u00edodos de conclus\u00e3o expirados quando da entrada em vigor da Resolu\u00e7\u00e3o UFSM 079\/2022 dever\u00e1 ser feita por iniciativa do(a) aluno(a), via Processo Eletr\u00f4nico Nacional (PEN), encaminhando ao Colegiado de Curso, com anu\u00eancia do(a) orientador(a), a solicita\u00e7\u00e3o justificada de prorroga\u00e7\u00e3o, considerando como prazo m\u00e1ximo o final do segundo semestre letivo de 2022.<\/p>\n\n\n\n<p>\u00a71\u00ba No caso de alunos cujo prazo de conclus\u00e3o de curso se d\u00ea ap\u00f3s a entrada em vigor da Resolu\u00e7\u00e3o UFSM 079\/2022, os prazos de prorroga\u00e7\u00e3o poder\u00e3o ser concedidos conforme previsto no Regimento Geral da P\u00f3s-Gradua\u00e7\u00e3o da UFSM e nos Regulamentos Internos dos Programas\/Cursos, de acordo com a justificativa de necessidade.<\/p>\n\n\n\n<p>\u00a72\u00ba Cabe aos Programas de P\u00f3s-Gradua\u00e7\u00e3o o controle do cumprimento dos prazos de conclus\u00e3o de curso dos(as) alunos(as) durante o per\u00edodo compreendido entre a publica\u00e7\u00e3o desta Instru\u00e7\u00e3o Normativa e o final do segundo semestre letivo de 2022.<\/p>\n\n\n\n<p>\u00a73\u00ba Caso o(a) aluno(a) n\u00e3o regularize seu prazo de conclus\u00e3o de curso, o Colegiado do Programa\/Curso poder\u00e1 proceder ao desligamento do(a) mesmo(a), mediante procedimento que lhe garanta pr\u00e9via e ampla defesa junto \u00e0quele, ap\u00f3s ci\u00eancia da delibera\u00e7\u00e3o, tudo por meio eletr\u00f4nico.<\/p>\n\n\n\n<p><strong>ATEN\u00c7\u00c3O:<\/strong>&nbsp;discente abre o PEN anexando o formul\u00e1rio do requerimento\/solicita\u00e7\u00e3o de prorroga\u00e7\u00e3o, tramita para orientador(a) e este tramita ao Curso para an\u00e1lise do Colegiado. Ap\u00f3s aprova\u00e7\u00e3o pelo Colegiado, o Processo deve ser tramitado diretamente ao Controle Acad\u00eamico de P\u00f3s-Gradua\u00e7\u00e3o (01.09.13.00.0.0), que realizar\u00e1 os registros no hist\u00f3rico do(a) aluno(a).<\/p>\n\n\n\n<h5 class=\"wp-block-heading\"><a>&nbsp;Documentos<\/a><\/h5>\n\n\n\n<p><img decoding=\"async\" width=\"15\" height=\"15\" src=\"https:\/\/www.ufsm.br\/pro-reitorias\/prpgp\/wp-includes\/images\/media\/document.png\"><a rel=\"noreferrer noopener\" href=\"https:\/\/www.ufsm.br\/app\/uploads\/sites\/345\/2018\/08\/MemoCirc04-2019_ProcessoProrrogacaoPEN.pdf\" target=\"_blank\">Memorando Circular N\u00ba 04\/2019 &#8211; Processo Prorroga\u00e7\u00e3o Defesa via PEN (.PDF &#8211; 353,94 KB)<\/a><br><img decoding=\"async\" width=\"15\" height=\"15\" src=\"https:\/\/www.ufsm.br\/pro-reitorias\/prpgp\/wp-includes\/images\/media\/document.png\"><a rel=\"noreferrer noopener\" href=\"https:\/\/www.ufsm.br\/app\/uploads\/sites\/345\/2018\/08\/Informativo-001-2019-Prorroga%C3%A7%C3%A3o-Prazo-Defesa-PEN.pdf\" target=\"_blank\">Informativo N\u00ba 001\/2019\/PRPGP &#8211; Prorroga\u00e7\u00e3o Prazo Defesa &#8211; PEN (.PDF &#8211; 159,36 KB)<\/a><br><img decoding=\"async\" width=\"15\" height=\"15\" src=\"https:\/\/www.ufsm.br\/pro-reitorias\/prpgp\/wp-includes\/images\/media\/document.png\"><a rel=\"noreferrer noopener\" href=\"https:\/\/www.ufsm.br\/app\/uploads\/sites\/345\/2018\/08\/PEN-SIE-Prorroga%C3%A7%C3%A3o-de-Prazo-de-Defesa-em-lote.pdf\" target=\"_blank\">PEN-SIE &#8211; Orienta\u00e7\u00f5es para Prorroga\u00e7\u00e3o de Prazo de Defesa em lote (.PDF &#8211; 426,22 KB)<\/a><br><img decoding=\"async\" width=\"15\" height=\"15\" src=\"https:\/\/www.ufsm.br\/pro-reitorias\/prpgp\/wp-includes\/images\/media\/document.png\"><a rel=\"noreferrer noopener\" href=\"https:\/\/www.ufsm.br\/app\/uploads\/sites\/345\/2018\/08\/RequerimentoProrrogacaoPrazoDefesaStrictoSensu.pdf\" target=\"_blank\">Requerimento Stricto Sensu de Prorroga\u00e7\u00e3o individual de Prazo Defesa (.PDF &#8211; 128,61 KB)<\/a><br><img decoding=\"async\" width=\"15\" height=\"15\" src=\"https:\/\/www.ufsm.br\/pro-reitorias\/prpgp\/wp-includes\/images\/media\/document.png\"><a rel=\"noreferrer noopener\" href=\"https:\/\/www.ufsm.br\/app\/uploads\/sites\/345\/2018\/08\/SolicitacaoProrrogacaoPrazoDefesaLatoSensu.pdf\" target=\"_blank\">Solicita\u00e7\u00e3o Lato Sensu Prorroga\u00e7\u00e3o de Prazo Defesa (.PDF &#8211; 132,64 KB)<\/a><br><img decoding=\"async\" width=\"15\" height=\"15\" src=\"https:\/\/www.ufsm.br\/pro-reitorias\/prpgp\/wp-includes\/images\/media\/document.png\"><a rel=\"noreferrer noopener\" href=\"https:\/\/www.ufsm.br\/app\/uploads\/sites\/345\/2018\/08\/Manual_de_Dissertacoes_e_Teses-2015.pdf\" target=\"_blank\">Manual_de_Dissertacoes_e_Teses-2015 (.PDF &#8211; 35,08 MB)<\/a><\/p>\n\n\n\n<p><\/p>\n\n\n\n<p><a href=\"https:\/\/portal.ufsm.br\/documentos\/usuario\/documento\/form.html\" target=\"_blank\" rel=\"noreferrer noopener\">https:\/\/portal.ufsm.br\/documentos\/usuario\/documento\/form.html<\/a><\/p>\n","protected":false},"excerpt":{"rendered":"<p>&nbsp;Descri\u00e7\u00e3o Previs\u00e3o legal: Art. 36 do Regimento Geral de P\u00f3s-Gradua\u00e7\u00e3o. O&nbsp;Processo de prorroga\u00e7\u00e3o de prazo para defesa de disserta\u00e7\u00e3o ou tese deve ser aberto pelo pelo discente&nbsp;no&nbsp;Portal Documentos da UFSM. Discentes de cursos Stricto Sensu:&nbsp;Clica em Novo &gt; Processo&gt; seleciona o PEN com tipo documental \u201cProcesso de prorroga\u00e7\u00e3o de prazo para defesa de disserta\u00e7\u00e3o\/tese (134.333)\u201d [&hellip;]<\/p>\n","protected":false},"author":997,"featured_media":0,"parent":213,"menu_order":1,"comment_status":"closed","ping_status":"closed","template":"","meta":{"footnotes":""},"categories":[],"tags":[],"class_list":["post-735","page","type-page","status-publish","hentry"],"acf":[],"_links":{"self":[{"href":"https:\/\/www.ufsm.br\/cursos\/pos-graduacao\/santa-maria\/pgfarmacologia\/wp-json\/wp\/v2\/pages\/735","targetHints":{"allow":["GET"]}}],"collection":[{"href":"https:\/\/www.ufsm.br\/cursos\/pos-graduacao\/santa-maria\/pgfarmacologia\/wp-json\/wp\/v2\/pages"}],"about":[{"href":"https:\/\/www.ufsm.br\/cursos\/pos-graduacao\/santa-maria\/pgfarmacologia\/wp-json\/wp\/v2\/types\/page"}],"author":[{"embeddable":true,"href":"https:\/\/www.ufsm.br\/cursos\/pos-graduacao\/santa-maria\/pgfarmacologia\/wp-json\/wp\/v2\/users\/997"}],"replies":[{"embeddable":true,"href":"https:\/\/www.ufsm.br\/cursos\/pos-graduacao\/santa-maria\/pgfarmacologia\/wp-json\/wp\/v2\/comments?post=735"}],"version-history":[{"count":0,"href":"https:\/\/www.ufsm.br\/cursos\/pos-graduacao\/santa-maria\/pgfarmacologia\/wp-json\/wp\/v2\/pages\/735\/revisions"}],"up":[{"embeddable":true,"href":"https:\/\/www.ufsm.br\/cursos\/pos-graduacao\/santa-maria\/pgfarmacologia\/wp-json\/wp\/v2\/pages\/213"}],"wp:attachment":[{"href":"https:\/\/www.ufsm.br\/cursos\/pos-graduacao\/santa-maria\/pgfarmacologia\/wp-json\/wp\/v2\/media?parent=735"}],"wp:term":[{"taxonomy":"category","embeddable":true,"href":"https:\/\/www.ufsm.br\/cursos\/pos-graduacao\/santa-maria\/pgfarmacologia\/wp-json\/wp\/v2\/categories?post=735"},{"taxonomy":"post_tag","embeddable":true,"href":"https:\/\/www.ufsm.br\/cursos\/pos-graduacao\/santa-maria\/pgfarmacologia\/wp-json\/wp\/v2\/tags?post=735"}],"curies":[{"name":"wp","href":"https:\/\/api.w.org\/{rel}","templated":true}]}}