{"id":825,"date":"2023-04-18T09:15:18","date_gmt":"2023-04-18T12:15:18","guid":{"rendered":"https:\/\/www.ufsm.br\/cursos\/pos-graduacao\/santa-maria\/pgfarmacologia\/?page_id=825"},"modified":"2023-04-18T10:03:38","modified_gmt":"2023-04-18T13:03:38","slug":"criterios-para-avaliacao-dos-bolsistas-de-mestrado-e-doutorado","status":"publish","type":"page","link":"https:\/\/www.ufsm.br\/cursos\/pos-graduacao\/santa-maria\/pgfarmacologia\/normas-para-concessao-de-bolsas\/criterios-para-avaliacao-dos-bolsistas-de-mestrado-e-doutorado","title":{"rendered":"Crit\u00e9rios para avalia\u00e7\u00e3o dos bolsistas de mestrado e doutorado"},"content":{"rendered":"\n<p><strong>Para os alunos de mestrado ser\u00e3o considerados os seguintes crit\u00e9rios: <\/strong><\/p>\n\n\n\n<p>&#8211; aprova\u00e7\u00e3o de projeto da disserta\u00e7\u00e3o ou tese pelo CEUA se for usar animais ou pelo CEP se envolver seres humanos (1 ano); <\/p>\n\n\n\n<p>&#8211; aprova\u00e7\u00e3o no exame de profici\u00eancia em ingl\u00eas (at\u00e9 o final do terceiro semestre); <\/p>\n\n\n\n<p>&#8211; aprova\u00e7\u00e3o em 50% das disciplinas do plano de estudo (1 ano); <br>&#8211; n\u00e3o pode ter nenhuma reprova\u00e7\u00e3o nas disciplinas;<\/p>\n\n\n\n<p><strong>Para os alunos de doutorado ser\u00e3o considerados: <\/strong><\/p>\n\n\n\n<p>&#8211; aprova\u00e7\u00e3o de projeto da disserta\u00e7\u00e3o ou tese pelo pelo CEUA se for usar animais ou pelo CEP se envolver seres humanos (1 ano); <\/p>\n\n\n\n<p>&#8211; aprova\u00e7\u00e3o no exame de profici\u00eancia em ingl\u00eas e segunda l\u00edngua (at\u00e9 a qualifica\u00e7\u00e3o); <\/p>\n\n\n\n<p>&#8211; aprova\u00e7\u00e3o em 75% das disciplinas do plano de estudo (at\u00e9 o final do terceiro semestre);  <\/p>\n\n\n\n<p>&#8211; n\u00e3o pode ter nenhuma reprova\u00e7\u00e3o nas disciplinas;<\/p>\n\n\n\n<p>&#8211; aprova\u00e7\u00e3o na qualifica\u00e7\u00e3o at\u00e9 24 meses (n\u00e3o a abertura do processo, mas a aprova\u00e7\u00e3o);<\/p>\n","protected":false},"excerpt":{"rendered":"<p>Para os alunos de mestrado ser\u00e3o considerados os seguintes crit\u00e9rios: &#8211; aprova\u00e7\u00e3o de projeto da disserta\u00e7\u00e3o ou tese pelo CEUA se for usar animais ou pelo CEP se envolver seres humanos (1 ano); &#8211; aprova\u00e7\u00e3o no exame de profici\u00eancia em ingl\u00eas (at\u00e9 o final do terceiro semestre); &#8211; aprova\u00e7\u00e3o em 50% das disciplinas do plano [&hellip;]<\/p>\n","protected":false},"author":997,"featured_media":0,"parent":174,"menu_order":1,"comment_status":"closed","ping_status":"closed","template":"","meta":{"footnotes":""},"categories":[],"tags":[],"class_list":["post-825","page","type-page","status-publish","hentry"],"acf":[],"_links":{"self":[{"href":"https:\/\/www.ufsm.br\/cursos\/pos-graduacao\/santa-maria\/pgfarmacologia\/wp-json\/wp\/v2\/pages\/825","targetHints":{"allow":["GET"]}}],"collection":[{"href":"https:\/\/www.ufsm.br\/cursos\/pos-graduacao\/santa-maria\/pgfarmacologia\/wp-json\/wp\/v2\/pages"}],"about":[{"href":"https:\/\/www.ufsm.br\/cursos\/pos-graduacao\/santa-maria\/pgfarmacologia\/wp-json\/wp\/v2\/types\/page"}],"author":[{"embeddable":true,"href":"https:\/\/www.ufsm.br\/cursos\/pos-graduacao\/santa-maria\/pgfarmacologia\/wp-json\/wp\/v2\/users\/997"}],"replies":[{"embeddable":true,"href":"https:\/\/www.ufsm.br\/cursos\/pos-graduacao\/santa-maria\/pgfarmacologia\/wp-json\/wp\/v2\/comments?post=825"}],"version-history":[{"count":0,"href":"https:\/\/www.ufsm.br\/cursos\/pos-graduacao\/santa-maria\/pgfarmacologia\/wp-json\/wp\/v2\/pages\/825\/revisions"}],"up":[{"embeddable":true,"href":"https:\/\/www.ufsm.br\/cursos\/pos-graduacao\/santa-maria\/pgfarmacologia\/wp-json\/wp\/v2\/pages\/174"}],"wp:attachment":[{"href":"https:\/\/www.ufsm.br\/cursos\/pos-graduacao\/santa-maria\/pgfarmacologia\/wp-json\/wp\/v2\/media?parent=825"}],"wp:term":[{"taxonomy":"category","embeddable":true,"href":"https:\/\/www.ufsm.br\/cursos\/pos-graduacao\/santa-maria\/pgfarmacologia\/wp-json\/wp\/v2\/categories?post=825"},{"taxonomy":"post_tag","embeddable":true,"href":"https:\/\/www.ufsm.br\/cursos\/pos-graduacao\/santa-maria\/pgfarmacologia\/wp-json\/wp\/v2\/tags?post=825"}],"curies":[{"name":"wp","href":"https:\/\/api.w.org\/{rel}","templated":true}]}}