{"id":164,"date":"2019-04-01T16:11:16","date_gmt":"2019-04-01T19:11:16","guid":{"rendered":"https:\/\/www.ufsm.br\/cursos\/pos-graduacao\/santa-maria\/pgfisica\/?page_id=164"},"modified":"2019-04-03T12:42:34","modified_gmt":"2019-04-03T15:42:34","slug":"eleonir-joao-calegari-dr-ufsm-brasil-2006","status":"publish","type":"page","link":"https:\/\/www.ufsm.br\/cursos\/pos-graduacao\/santa-maria\/pgfisica\/eleonir-joao-calegari-dr-ufsm-brasil-2006","title":{"rendered":"Eleonir Jo\u00e3o Calegari, Dr. UFSM, Brasil \/ 2006"},"content":{"rendered":"\n<div><img decoding=\"async\" class=\"alignleft wp-image-165 size-thumbnail\" src=\"https:\/\/www.ufsm.br\/cursos\/pos-graduacao\/santa-maria\/pgfisica\/wp-content\/uploads\/sites\/557\/2019\/04\/ejcalegari-150x150.jpg\" alt=\"\" width=\"150\" height=\"150\" \/>Prof. permanente<\/div>\n<div>Orientador de mestrado e doutorado<\/div>\n<div>\u00a0<\/div>\n<div>Pr\u00e9dio 13, s<span style=\"font-size: large\">ala 1318<\/span><\/div>\n<div><span style=\"font-size: large\">Tel: (55) 3220 &#8211; 8864<\/span><\/div>\n<div><span style=\"font-size: large\"><a href=\"mailto:eleonir@mail.ufsm.br\">e-mail<\/a>: eleonir@mail.ufsm.br<\/span><\/div>\n<div>\u00a0<\/div>\n<div><span style=\"font-size: large\"><b>\u00c1reas de atua\u00e7\u00e3o<\/b><\/span><\/div>\n<div>\n<ul>\n<li><span style=\"font-size: large\">Teoria de muitos corpos<\/span><\/li>\n<li><span style=\"font-size: large\">Vidros de spin<\/span><\/li>\n<\/ul>\n<\/div>\n<div><span style=\"font-size: large\"><a href=\"http:\/\/lattes.cnpq.br\/6030572534512173\" target=\"_blank\" rel=\"nofollow noopener noreferrer\">Curriculum vitae<\/a>:\u00a0http:\/\/lattes.cnpq.br\/6030572534512173<\/span><\/div>\n<div><span style=\"font-size: large\">\u00a0<\/span><\/div>\n<div><span style=\"font-size: large\"><a href=\"http:\/\/dgp.cnpq.br\/buscaoperacional\/detalhepesq.jsp?pesq=6030572534512173\" target=\"_blank\" rel=\"nofollow noopener noreferrer\">Grupo de pesquisa CNPq<\/a>:\u00a0http:\/\/dgp.cnpq.br\/buscaoperacional\/detalhepesq.jsp?pesq=603057253451217<\/span><\/div>\n","protected":false},"excerpt":{"rendered":"<p>Prof. permanente Orientador de mestrado e doutorado \u00a0 Pr\u00e9dio 13, sala 1318 Tel: (55) 3220 &#8211; 8864 e-mail: eleonir@mail.ufsm.br \u00a0 \u00c1reas de atua\u00e7\u00e3o Teoria de muitos corpos Vidros de spin Curriculum vitae:\u00a0http:\/\/lattes.cnpq.br\/6030572534512173 \u00a0 Grupo de pesquisa CNPq:\u00a0http:\/\/dgp.cnpq.br\/buscaoperacional\/detalhepesq.jsp?pesq=603057253451217<\/p>\n","protected":false},"author":115,"featured_media":0,"parent":0,"menu_order":0,"comment_status":"closed","ping_status":"closed","template":"","meta":{"footnotes":""},"categories":[],"tags":[],"class_list":["post-164","page","type-page","status-publish","hentry"],"acf":[],"_links":{"self":[{"href":"https:\/\/www.ufsm.br\/cursos\/pos-graduacao\/santa-maria\/pgfisica\/wp-json\/wp\/v2\/pages\/164","targetHints":{"allow":["GET"]}}],"collection":[{"href":"https:\/\/www.ufsm.br\/cursos\/pos-graduacao\/santa-maria\/pgfisica\/wp-json\/wp\/v2\/pages"}],"about":[{"href":"https:\/\/www.ufsm.br\/cursos\/pos-graduacao\/santa-maria\/pgfisica\/wp-json\/wp\/v2\/types\/page"}],"author":[{"embeddable":true,"href":"https:\/\/www.ufsm.br\/cursos\/pos-graduacao\/santa-maria\/pgfisica\/wp-json\/wp\/v2\/users\/115"}],"replies":[{"embeddable":true,"href":"https:\/\/www.ufsm.br\/cursos\/pos-graduacao\/santa-maria\/pgfisica\/wp-json\/wp\/v2\/comments?post=164"}],"version-history":[{"count":0,"href":"https:\/\/www.ufsm.br\/cursos\/pos-graduacao\/santa-maria\/pgfisica\/wp-json\/wp\/v2\/pages\/164\/revisions"}],"wp:attachment":[{"href":"https:\/\/www.ufsm.br\/cursos\/pos-graduacao\/santa-maria\/pgfisica\/wp-json\/wp\/v2\/media?parent=164"}],"wp:term":[{"taxonomy":"category","embeddable":true,"href":"https:\/\/www.ufsm.br\/cursos\/pos-graduacao\/santa-maria\/pgfisica\/wp-json\/wp\/v2\/categories?post=164"},{"taxonomy":"post_tag","embeddable":true,"href":"https:\/\/www.ufsm.br\/cursos\/pos-graduacao\/santa-maria\/pgfisica\/wp-json\/wp\/v2\/tags?post=164"}],"curies":[{"name":"wp","href":"https:\/\/api.w.org\/{rel}","templated":true}]}}