{"id":170,"date":"2019-04-01T16:18:37","date_gmt":"2019-04-01T19:18:37","guid":{"rendered":"https:\/\/www.ufsm.br\/cursos\/pos-graduacao\/santa-maria\/pgfisica\/?page_id=170"},"modified":"2019-04-01T16:18:41","modified_gmt":"2019-04-01T19:18:41","slug":"fernando-l-metz-dr-ufrgs-brasil-2008-colaborador","status":"publish","type":"page","link":"https:\/\/www.ufsm.br\/cursos\/pos-graduacao\/santa-maria\/pgfisica\/fernando-l-metz-dr-ufrgs-brasil-2008-colaborador","title":{"rendered":"Fernando L. Metz, Dr. UFRGS, Brasil \/ 2008 (Colaborador)"},"content":{"rendered":"\n<div><img decoding=\"async\" class=\"wp-image-171 size-thumbnail alignleft\" src=\"https:\/\/www.ufsm.br\/cursos\/pos-graduacao\/santa-maria\/pgfisica\/wp-content\/uploads\/sites\/557\/2019\/04\/servletrecuperafoto-2-150x150.jpg\" alt=\"\" width=\"150\" height=\"150\" \/>Prof. permanente<\/div>\n<div>Orientador de mestrado\u00a0<\/div>\n<div>\u00a0<\/div>\n<div>Pr\u00e9dio 13, s<span style=\"font-size: large\">ala 1135<\/span><\/div>\n<div>\u00a0<\/div>\n<div><span style=\"font-size: large\"><a href=\"mailto:fmetzfmetz@gmail.com\">e-mail<\/a>:\u00a0<\/span><span style=\"font-size: large\">fmetzfmetz@gmail.com<\/span><\/div>\n<div>\n<div><span style=\"font-size: large\">Bolsista PQ\/CNPq &#8211; N\u00edvel 2<\/span><\/div>\n<\/div>\n<div><span style=\"font-size: large\">\u00a0<\/span><\/div>\n<div><span style=\"font-size: large\"><b>\u00c1reas de atua\u00e7\u00e3o<\/b><\/span><\/div>\n<div>\n<ul>\n<li>\n<div><span style=\"font-size: medium\">Mec\u00e2nica estat\u00edstica de sistemas desordenados (equil\u00edbrio e n\u00e3o-equil\u00edbrio)<\/span><\/div>\n<\/li>\n<li>\n<div><span style=\"font-size: medium\">Matrizes aleat\u00f3rias<\/span><\/div>\n<\/li>\n<li>\n<div><span style=\"font-size: medium\">Vidros de spin<\/span><\/div>\n<\/li>\n<li>\n<div><span style=\"font-size: medium\">Localiza\u00e7\u00e3o de Anderson<\/span><\/div>\n<\/li>\n<li>\n<div><span style=\"font-size: medium\">Grafos aleat\u00f3rios<\/span><\/div>\n<\/li>\n<li>\n<div><span style=\"font-size: medium\">Redes complexas<\/span><\/div>\n<\/li>\n<\/ul>\n<\/div>\n<div><span style=\"font-size: large\"><a href=\"http:\/\/lattes.cnpq.br\/7792896128018286\" target=\"_blank\" rel=\"nofollow noopener noreferrer\">Curriculum vitae<\/a>:\u00a0http:\/\/lattes.cnpq.b<span style=\"font-family: arial, sans-serif\">r<\/span><\/span><span style=\"font-family: arial, sans-serif;font-size: large\">\/7792896128018286<\/span><\/div>\n","protected":false},"excerpt":{"rendered":"<p>Prof. permanente Orientador de mestrado\u00a0 \u00a0 Pr\u00e9dio 13, sala 1135 \u00a0 e-mail:\u00a0fmetzfmetz@gmail.com Bolsista PQ\/CNPq &#8211; N\u00edvel 2 \u00a0 \u00c1reas de atua\u00e7\u00e3o Mec\u00e2nica estat\u00edstica de sistemas desordenados (equil\u00edbrio e n\u00e3o-equil\u00edbrio) Matrizes aleat\u00f3rias Vidros de spin Localiza\u00e7\u00e3o de Anderson Grafos aleat\u00f3rios Redes complexas Curriculum vitae:\u00a0http:\/\/lattes.cnpq.br\/7792896128018286<\/p>\n","protected":false},"author":115,"featured_media":0,"parent":0,"menu_order":0,"comment_status":"closed","ping_status":"closed","template":"","meta":{"footnotes":""},"categories":[],"tags":[],"class_list":["post-170","page","type-page","status-publish","hentry"],"acf":[],"_links":{"self":[{"href":"https:\/\/www.ufsm.br\/cursos\/pos-graduacao\/santa-maria\/pgfisica\/wp-json\/wp\/v2\/pages\/170","targetHints":{"allow":["GET"]}}],"collection":[{"href":"https:\/\/www.ufsm.br\/cursos\/pos-graduacao\/santa-maria\/pgfisica\/wp-json\/wp\/v2\/pages"}],"about":[{"href":"https:\/\/www.ufsm.br\/cursos\/pos-graduacao\/santa-maria\/pgfisica\/wp-json\/wp\/v2\/types\/page"}],"author":[{"embeddable":true,"href":"https:\/\/www.ufsm.br\/cursos\/pos-graduacao\/santa-maria\/pgfisica\/wp-json\/wp\/v2\/users\/115"}],"replies":[{"embeddable":true,"href":"https:\/\/www.ufsm.br\/cursos\/pos-graduacao\/santa-maria\/pgfisica\/wp-json\/wp\/v2\/comments?post=170"}],"version-history":[{"count":0,"href":"https:\/\/www.ufsm.br\/cursos\/pos-graduacao\/santa-maria\/pgfisica\/wp-json\/wp\/v2\/pages\/170\/revisions"}],"wp:attachment":[{"href":"https:\/\/www.ufsm.br\/cursos\/pos-graduacao\/santa-maria\/pgfisica\/wp-json\/wp\/v2\/media?parent=170"}],"wp:term":[{"taxonomy":"category","embeddable":true,"href":"https:\/\/www.ufsm.br\/cursos\/pos-graduacao\/santa-maria\/pgfisica\/wp-json\/wp\/v2\/categories?post=170"},{"taxonomy":"post_tag","embeddable":true,"href":"https:\/\/www.ufsm.br\/cursos\/pos-graduacao\/santa-maria\/pgfisica\/wp-json\/wp\/v2\/tags?post=170"}],"curies":[{"name":"wp","href":"https:\/\/api.w.org\/{rel}","templated":true}]}}