{"id":179,"date":"2019-04-01T16:23:39","date_gmt":"2019-04-01T19:23:39","guid":{"rendered":"https:\/\/www.ufsm.br\/cursos\/pos-graduacao\/santa-maria\/pgfisica\/?page_id=179"},"modified":"2019-04-01T16:23:42","modified_gmt":"2019-04-01T19:23:42","slug":"jonas-maziero-dr-ufabc-brasil-2012","status":"publish","type":"page","link":"https:\/\/www.ufsm.br\/cursos\/pos-graduacao\/santa-maria\/pgfisica\/jonas-maziero-dr-ufabc-brasil-2012","title":{"rendered":"Jonas Maziero, Dr. UFABC, Brasil \/ 2012"},"content":{"rendered":"\n<div><span style=\"font-size: large\"><img decoding=\"async\" class=\"wp-image-180 size-thumbnail alignleft\" src=\"https:\/\/www.ufsm.br\/cursos\/pos-graduacao\/santa-maria\/pgfisica\/wp-content\/uploads\/sites\/557\/2019\/04\/servletrecuperafoto-4-150x150.jpg\" alt=\"\" width=\"150\" height=\"150\" \/>Prof. permanente<\/span><\/div>\n<div><span style=\"font-size: large\">Orientador de mestrado e doutorado<br \/><\/span><\/div>\n<p><span style=\"font-size: large\">Pr\u00e9dio do INPE, sala 2045 (1\u00ba ANDAR)<\/span><\/p>\n<div>\n<div><a href=\"mailto:jonasmaziero@gmail.com\">e-mail<\/a>: jonasmaziero@gmail.com\u00a0<br \/><a href=\"http:\/\/sites.google.com\/site\/jonasmaziero\" target=\"_blank\" rel=\"nofollow noopener noreferrer\">www:<\/a>\u00a0http:\/\/sites.google.com\/site\/jonasmaziero<\/div>\n<div>\u00a0<\/div>\n<div><b>\u00c1reas de atua\u00e7\u00e3o<\/b><\/div>\n<div>\n<ul>\n<li>Informa\u00e7\u00e3o Qu\u00e2ntica<\/li>\n<li>Computa\u00e7\u00e3o Qu\u00e2ntica<\/li>\n<li>Sistemas Qu\u00e2nticos Abertos<\/li>\n<li>Materiais Magn\u00e9ticos e Propriedades Magn\u00e9ticas<\/li>\n<li>Correla\u00e7\u00f5es cl\u00e1ssicas e Qu\u00e2nticas<\/li>\n<li>Transi\u00e7\u00f5es de Fase<\/li>\n<li>Simula\u00e7\u00f5es Monte Carlo<\/li>\n<li>Criticalidade em redes fractais<\/li>\n<li>Fundamentos de Mec\u00e2nica Qu\u00e2ntica<\/li>\n<\/ul>\n<\/div>\n<div><a href=\"http:\/\/lattes.cnpq.br\/1270437648097538\" target=\"_blank\" rel=\"nofollow noopener noreferrer\">Curriculum vitae<\/a>:\u00a0http:\/\/lattes.cnpq.br\/1270437648097538<\/div>\n<\/div>\n","protected":false},"excerpt":{"rendered":"<p>Prof. permanente Orientador de mestrado e doutorado Pr\u00e9dio do INPE, sala 2045 (1\u00ba ANDAR) e-mail: jonasmaziero@gmail.com\u00a0www:\u00a0http:\/\/sites.google.com\/site\/jonasmaziero \u00a0 \u00c1reas de atua\u00e7\u00e3o Informa\u00e7\u00e3o Qu\u00e2ntica Computa\u00e7\u00e3o Qu\u00e2ntica Sistemas Qu\u00e2nticos Abertos Materiais Magn\u00e9ticos e Propriedades Magn\u00e9ticas Correla\u00e7\u00f5es cl\u00e1ssicas e Qu\u00e2nticas Transi\u00e7\u00f5es de Fase Simula\u00e7\u00f5es Monte Carlo Criticalidade em redes fractais Fundamentos de Mec\u00e2nica Qu\u00e2ntica Curriculum vitae:\u00a0http:\/\/lattes.cnpq.br\/1270437648097538<\/p>\n","protected":false},"author":115,"featured_media":0,"parent":0,"menu_order":0,"comment_status":"closed","ping_status":"closed","template":"","meta":{"footnotes":""},"categories":[],"tags":[],"class_list":["post-179","page","type-page","status-publish","hentry"],"acf":[],"_links":{"self":[{"href":"https:\/\/www.ufsm.br\/cursos\/pos-graduacao\/santa-maria\/pgfisica\/wp-json\/wp\/v2\/pages\/179","targetHints":{"allow":["GET"]}}],"collection":[{"href":"https:\/\/www.ufsm.br\/cursos\/pos-graduacao\/santa-maria\/pgfisica\/wp-json\/wp\/v2\/pages"}],"about":[{"href":"https:\/\/www.ufsm.br\/cursos\/pos-graduacao\/santa-maria\/pgfisica\/wp-json\/wp\/v2\/types\/page"}],"author":[{"embeddable":true,"href":"https:\/\/www.ufsm.br\/cursos\/pos-graduacao\/santa-maria\/pgfisica\/wp-json\/wp\/v2\/users\/115"}],"replies":[{"embeddable":true,"href":"https:\/\/www.ufsm.br\/cursos\/pos-graduacao\/santa-maria\/pgfisica\/wp-json\/wp\/v2\/comments?post=179"}],"version-history":[{"count":0,"href":"https:\/\/www.ufsm.br\/cursos\/pos-graduacao\/santa-maria\/pgfisica\/wp-json\/wp\/v2\/pages\/179\/revisions"}],"wp:attachment":[{"href":"https:\/\/www.ufsm.br\/cursos\/pos-graduacao\/santa-maria\/pgfisica\/wp-json\/wp\/v2\/media?parent=179"}],"wp:term":[{"taxonomy":"category","embeddable":true,"href":"https:\/\/www.ufsm.br\/cursos\/pos-graduacao\/santa-maria\/pgfisica\/wp-json\/wp\/v2\/categories?post=179"},{"taxonomy":"post_tag","embeddable":true,"href":"https:\/\/www.ufsm.br\/cursos\/pos-graduacao\/santa-maria\/pgfisica\/wp-json\/wp\/v2\/tags?post=179"}],"curies":[{"name":"wp","href":"https:\/\/api.w.org\/{rel}","templated":true}]}}