{"id":186,"date":"2019-04-01T16:33:03","date_gmt":"2019-04-01T19:33:03","guid":{"rendered":"https:\/\/www.ufsm.br\/cursos\/pos-graduacao\/santa-maria\/pgfisica\/?page_id=186"},"modified":"2019-04-01T16:33:06","modified_gmt":"2019-04-01T19:33:06","slug":"leandro-barros-da-silva-dr-ufsm-brasil-2008-colaborador","status":"publish","type":"page","link":"https:\/\/www.ufsm.br\/cursos\/pos-graduacao\/santa-maria\/pgfisica\/leandro-barros-da-silva-dr-ufsm-brasil-2008-colaborador","title":{"rendered":"Leandro Barros da Silva, Dr. UFSM, Brasil \/ 2008 (Colaborador)"},"content":{"rendered":"\n<div><span style=\"font-size: large\"><img decoding=\"async\" class=\"wp-image-187 size-thumbnail alignleft\" src=\"https:\/\/www.ufsm.br\/cursos\/pos-graduacao\/santa-maria\/pgfisica\/wp-content\/uploads\/sites\/557\/2019\/04\/servletrecuperafoto-6-150x150.jpg\" alt=\"\" width=\"150\" height=\"150\" \/>Prof. colaborador<\/span><\/div>\n<p><span style=\"font-size: large\">Pr\u00e9dio 13, sala 1137<\/span><\/p>\n<div>\n<div>Tel: (55) 3220 &#8211; 8859<\/div>\n<div><a href=\"mailto:leandrobdasilva@smail.ufsm.br\">e-mail<\/a>: leandrobdasilva@smail.ufsm.br<\/div>\n<div>\u00a0<\/div>\n<div><b>\u00c1reas de atua\u00e7\u00e3o<\/b><\/div>\n<div>\n<ul>\n<li>Estrutura eletr\u00f4nica<\/li>\n<li>Materiais nanoestruturados<\/li>\n<\/ul>\n<\/div>\n<div><a href=\"http:\/\/lattes.cnpq.br\/2500664315353832\" target=\"_blank\" rel=\"nofollow noopener noreferrer\">Curriculum vitae<\/a>:\u00a0http:\/\/lattes.cnpq.br\/2500664315353832<\/div>\n<div>\u00a0<\/div>\n<div><a href=\"http:\/\/dgp.cnpq.br\/buscaoperacional\/detalhepesq.jsp?pesq=2500664315353832\" target=\"_blank\" rel=\"nofollow noopener noreferrer\">Grupo de pesquisa CNPq<\/a>:\u00a0http:\/\/dgp.cnpq.br\/buscaoperacional\/detalhepesq.jsp?pesq=2500664315353832<\/div>\n<\/div>\n","protected":false},"excerpt":{"rendered":"<p>Prof. colaborador Pr\u00e9dio 13, sala 1137 Tel: (55) 3220 &#8211; 8859 e-mail: leandrobdasilva@smail.ufsm.br \u00a0 \u00c1reas de atua\u00e7\u00e3o Estrutura eletr\u00f4nica Materiais nanoestruturados Curriculum vitae:\u00a0http:\/\/lattes.cnpq.br\/2500664315353832 \u00a0 Grupo de pesquisa CNPq:\u00a0http:\/\/dgp.cnpq.br\/buscaoperacional\/detalhepesq.jsp?pesq=2500664315353832<\/p>\n","protected":false},"author":115,"featured_media":0,"parent":0,"menu_order":0,"comment_status":"closed","ping_status":"closed","template":"","meta":{"footnotes":""},"categories":[],"tags":[],"class_list":["post-186","page","type-page","status-publish","hentry"],"acf":[],"_links":{"self":[{"href":"https:\/\/www.ufsm.br\/cursos\/pos-graduacao\/santa-maria\/pgfisica\/wp-json\/wp\/v2\/pages\/186","targetHints":{"allow":["GET"]}}],"collection":[{"href":"https:\/\/www.ufsm.br\/cursos\/pos-graduacao\/santa-maria\/pgfisica\/wp-json\/wp\/v2\/pages"}],"about":[{"href":"https:\/\/www.ufsm.br\/cursos\/pos-graduacao\/santa-maria\/pgfisica\/wp-json\/wp\/v2\/types\/page"}],"author":[{"embeddable":true,"href":"https:\/\/www.ufsm.br\/cursos\/pos-graduacao\/santa-maria\/pgfisica\/wp-json\/wp\/v2\/users\/115"}],"replies":[{"embeddable":true,"href":"https:\/\/www.ufsm.br\/cursos\/pos-graduacao\/santa-maria\/pgfisica\/wp-json\/wp\/v2\/comments?post=186"}],"version-history":[{"count":0,"href":"https:\/\/www.ufsm.br\/cursos\/pos-graduacao\/santa-maria\/pgfisica\/wp-json\/wp\/v2\/pages\/186\/revisions"}],"wp:attachment":[{"href":"https:\/\/www.ufsm.br\/cursos\/pos-graduacao\/santa-maria\/pgfisica\/wp-json\/wp\/v2\/media?parent=186"}],"wp:term":[{"taxonomy":"category","embeddable":true,"href":"https:\/\/www.ufsm.br\/cursos\/pos-graduacao\/santa-maria\/pgfisica\/wp-json\/wp\/v2\/categories?post=186"},{"taxonomy":"post_tag","embeddable":true,"href":"https:\/\/www.ufsm.br\/cursos\/pos-graduacao\/santa-maria\/pgfisica\/wp-json\/wp\/v2\/tags?post=186"}],"curies":[{"name":"wp","href":"https:\/\/api.w.org\/{rel}","templated":true}]}}