{"id":195,"date":"2019-04-01T16:48:57","date_gmt":"2019-04-01T19:48:57","guid":{"rendered":"https:\/\/www.ufsm.br\/cursos\/pos-graduacao\/santa-maria\/pgfisica\/?page_id=195"},"modified":"2019-04-01T16:49:02","modified_gmt":"2019-04-01T19:49:02","slug":"marcos-andre-carara-dr-ufrgs-brasil-2001","status":"publish","type":"page","link":"https:\/\/www.ufsm.br\/cursos\/pos-graduacao\/santa-maria\/pgfisica\/marcos-andre-carara-dr-ufrgs-brasil-2001","title":{"rendered":"Marcos Andr\u00e9 Carara, Dr. UFRGS, Brasil \/ 2001"},"content":{"rendered":"\n<div><span style=\"font-size: large\"><img decoding=\"async\" class=\"alignleft wp-image-196 size-thumbnail\" src=\"https:\/\/www.ufsm.br\/cursos\/pos-graduacao\/santa-maria\/pgfisica\/wp-content\/uploads\/sites\/557\/2019\/04\/servletrecuperafoto-8-150x150.jpg\" alt=\"\" width=\"150\" height=\"150\" \/>Prof. permanente<\/span><\/div>\n<div><span style=\"font-size: large\">Orientador de mestrado e doutorado<\/span><\/div>\n<div><span style=\"font-size: large\">Pr\u00e9dio 13, sala 1105-A<\/span>\n<div>\n<div>Tel: (55) 3220 &#8211; 8888<\/div>\n<div><a href=\"mailto:marcos.carara@ufsm.br\">e-mail<\/a>: marcos.carara@ufsm.br<\/div>\n<div>\u00a0<\/div>\n<div><b>\u00c1reas de atua\u00e7\u00e3o<\/b><\/div>\n<div>\n<ul>\n<li>Magnetismo<\/li>\n<li>Din\u00e2mica de processos de magnetiza\u00e7\u00e3o<\/li>\n<\/ul>\n<\/div>\n<div><a href=\"http:\/\/lattes.cnpq.br\/1334485128053939\" target=\"_blank\" rel=\"nofollow noopener noreferrer\">Curriculum vitae<\/a>:\u00a0http:\/\/lattes.cnpq.br\/1334485128053939<\/div>\n<div>\u00a0<\/div>\n<div><a href=\"http:\/\/dgp.cnpq.br\/dgp\/espelhogrupo\/0947824926054273\" target=\"_blank\" rel=\"nofollow noopener noreferrer\">Grupo de pesquisa CNPq<\/a>: http:\/\/dgp.cnpq.br\/dgp\/espelhogrupo\/0947824926054273<\/div>\n<\/div>\n<\/div>\n","protected":false},"excerpt":{"rendered":"<p>Prof. permanente Orientador de mestrado e doutorado Pr\u00e9dio 13, sala 1105-A Tel: (55) 3220 &#8211; 8888 e-mail: marcos.carara@ufsm.br \u00a0 \u00c1reas de atua\u00e7\u00e3o Magnetismo Din\u00e2mica de processos de magnetiza\u00e7\u00e3o Curriculum vitae:\u00a0http:\/\/lattes.cnpq.br\/1334485128053939 \u00a0 Grupo de pesquisa CNPq: http:\/\/dgp.cnpq.br\/dgp\/espelhogrupo\/0947824926054273<\/p>\n","protected":false},"author":115,"featured_media":0,"parent":0,"menu_order":0,"comment_status":"closed","ping_status":"closed","template":"","meta":{"footnotes":""},"categories":[],"tags":[],"class_list":["post-195","page","type-page","status-publish","hentry"],"acf":[],"_links":{"self":[{"href":"https:\/\/www.ufsm.br\/cursos\/pos-graduacao\/santa-maria\/pgfisica\/wp-json\/wp\/v2\/pages\/195","targetHints":{"allow":["GET"]}}],"collection":[{"href":"https:\/\/www.ufsm.br\/cursos\/pos-graduacao\/santa-maria\/pgfisica\/wp-json\/wp\/v2\/pages"}],"about":[{"href":"https:\/\/www.ufsm.br\/cursos\/pos-graduacao\/santa-maria\/pgfisica\/wp-json\/wp\/v2\/types\/page"}],"author":[{"embeddable":true,"href":"https:\/\/www.ufsm.br\/cursos\/pos-graduacao\/santa-maria\/pgfisica\/wp-json\/wp\/v2\/users\/115"}],"replies":[{"embeddable":true,"href":"https:\/\/www.ufsm.br\/cursos\/pos-graduacao\/santa-maria\/pgfisica\/wp-json\/wp\/v2\/comments?post=195"}],"version-history":[{"count":0,"href":"https:\/\/www.ufsm.br\/cursos\/pos-graduacao\/santa-maria\/pgfisica\/wp-json\/wp\/v2\/pages\/195\/revisions"}],"wp:attachment":[{"href":"https:\/\/www.ufsm.br\/cursos\/pos-graduacao\/santa-maria\/pgfisica\/wp-json\/wp\/v2\/media?parent=195"}],"wp:term":[{"taxonomy":"category","embeddable":true,"href":"https:\/\/www.ufsm.br\/cursos\/pos-graduacao\/santa-maria\/pgfisica\/wp-json\/wp\/v2\/categories?post=195"},{"taxonomy":"post_tag","embeddable":true,"href":"https:\/\/www.ufsm.br\/cursos\/pos-graduacao\/santa-maria\/pgfisica\/wp-json\/wp\/v2\/tags?post=195"}],"curies":[{"name":"wp","href":"https:\/\/api.w.org\/{rel}","templated":true}]}}