{"id":209,"date":"2019-04-01T16:58:27","date_gmt":"2019-04-01T19:58:27","guid":{"rendered":"https:\/\/www.ufsm.br\/cursos\/pos-graduacao\/santa-maria\/pgfisica\/?page_id=209"},"modified":"2019-04-01T16:58:29","modified_gmt":"2019-04-01T19:58:29","slug":"rogerio-jose-baierle-dr-usp-brasil-1997","status":"publish","type":"page","link":"https:\/\/www.ufsm.br\/cursos\/pos-graduacao\/santa-maria\/pgfisica\/rogerio-jose-baierle-dr-usp-brasil-1997","title":{"rendered":"Rog\u00e9rio Jos\u00e9 Baierle, Dr. USP, Brasil \/ 1997"},"content":{"rendered":"\n<div><span style=\"font-size: large\">Prof. permanente<\/span><\/div>\n<div><span style=\"font-size: large\">Orientador de mestrado e doutorado<br \/><\/span><span style=\"font-size: large\">Bolsista PQ\/CNPq &#8211; N\u00edvel 1D<\/span><\/div>\n<p><span style=\"font-size: large\">Pr\u00e9dio 13, sala 1216-B<\/span><\/p>\n<div>\n<div>Tel: (55) 3220 &#8211; 8859<\/div>\n<div><a href=\"mailto:rbaierle@smail.ufsm.br\">e-mail<\/a>: rbaierle@smail.ufsm.br<\/div>\n<div>\u00a0<\/div>\n<div><b>\u00c1reas de atua\u00e7\u00e3o<\/b><\/div>\n<div>\n<ul>\n<li>Estrutura eletr\u00f4nica<\/li>\n<li>Materiais nanoestruturados<\/li>\n<\/ul>\n<\/div>\n<div><a href=\"http:\/\/lattes.cnpq.br\/7565203547830128\" target=\"_blank\" rel=\"nofollow noopener noreferrer\">Curriculum vitae<\/a>:\u00a0http:\/\/lattes.cnpq.br\/7565203547830128<\/div>\n<div>\u00a0<\/div>\n<div><a href=\"http:\/\/dgp.cnpq.br\/buscaoperacional\/detalhepesq.jsp?pesq=7565203547830128\" target=\"_blank\" rel=\"nofollow noopener noreferrer\">Grupo de pesquisa CNPq<\/a>:\u00a0http:\/\/dgp.cnpq.br\/buscaoperacional\/detalhepesq.jsp?pesq=7565203547830128<\/div>\n<\/div>\n","protected":false},"excerpt":{"rendered":"<p>Prof. permanente Orientador de mestrado e doutoradoBolsista PQ\/CNPq &#8211; N\u00edvel 1D Pr\u00e9dio 13, sala 1216-B Tel: (55) 3220 &#8211; 8859 e-mail: rbaierle@smail.ufsm.br \u00a0 \u00c1reas de atua\u00e7\u00e3o Estrutura eletr\u00f4nica Materiais nanoestruturados Curriculum vitae:\u00a0http:\/\/lattes.cnpq.br\/7565203547830128 \u00a0 Grupo de pesquisa CNPq:\u00a0http:\/\/dgp.cnpq.br\/buscaoperacional\/detalhepesq.jsp?pesq=7565203547830128<\/p>\n","protected":false},"author":115,"featured_media":0,"parent":0,"menu_order":0,"comment_status":"closed","ping_status":"closed","template":"","meta":{"footnotes":""},"categories":[],"tags":[],"class_list":["post-209","page","type-page","status-publish","hentry"],"acf":[],"_links":{"self":[{"href":"https:\/\/www.ufsm.br\/cursos\/pos-graduacao\/santa-maria\/pgfisica\/wp-json\/wp\/v2\/pages\/209","targetHints":{"allow":["GET"]}}],"collection":[{"href":"https:\/\/www.ufsm.br\/cursos\/pos-graduacao\/santa-maria\/pgfisica\/wp-json\/wp\/v2\/pages"}],"about":[{"href":"https:\/\/www.ufsm.br\/cursos\/pos-graduacao\/santa-maria\/pgfisica\/wp-json\/wp\/v2\/types\/page"}],"author":[{"embeddable":true,"href":"https:\/\/www.ufsm.br\/cursos\/pos-graduacao\/santa-maria\/pgfisica\/wp-json\/wp\/v2\/users\/115"}],"replies":[{"embeddable":true,"href":"https:\/\/www.ufsm.br\/cursos\/pos-graduacao\/santa-maria\/pgfisica\/wp-json\/wp\/v2\/comments?post=209"}],"version-history":[{"count":0,"href":"https:\/\/www.ufsm.br\/cursos\/pos-graduacao\/santa-maria\/pgfisica\/wp-json\/wp\/v2\/pages\/209\/revisions"}],"wp:attachment":[{"href":"https:\/\/www.ufsm.br\/cursos\/pos-graduacao\/santa-maria\/pgfisica\/wp-json\/wp\/v2\/media?parent=209"}],"wp:term":[{"taxonomy":"category","embeddable":true,"href":"https:\/\/www.ufsm.br\/cursos\/pos-graduacao\/santa-maria\/pgfisica\/wp-json\/wp\/v2\/categories?post=209"},{"taxonomy":"post_tag","embeddable":true,"href":"https:\/\/www.ufsm.br\/cursos\/pos-graduacao\/santa-maria\/pgfisica\/wp-json\/wp\/v2\/tags?post=209"}],"curies":[{"name":"wp","href":"https:\/\/api.w.org\/{rel}","templated":true}]}}