{"id":225,"date":"2019-04-03T12:46:02","date_gmt":"2019-04-03T15:46:02","guid":{"rendered":"https:\/\/www.ufsm.br\/cursos\/pos-graduacao\/santa-maria\/pgfisica\/?page_id=225"},"modified":"2023-06-20T19:40:46","modified_gmt":"2023-06-20T22:40:46","slug":"fisica-da-atmosfera","status":"publish","type":"page","link":"https:\/\/www.ufsm.br\/cursos\/pos-graduacao\/santa-maria\/pgfisica\/fisica-da-atmosfera","title":{"rendered":"F\u00edsica da atmosfera"},"content":{"rendered":"\n<p><strong>Descri\u00e7\u00e3o<\/strong>: Esta linha de pesquisa, tem por objetivo a investiga\u00e7\u00e3o te\u00f3rica e experimental do fen\u00f4meno de transporte turbulento na camada limite planet\u00e1ria. Uma compreens\u00e3o melhor deste processo permite uma parametriza\u00e7\u00e3o precisa dos modelos matem\u00e1ticos envolvidos.<\/p>\n<p>GRUPOS DE PESQUISA<\/p>\n<ul>\n<li><a href=\"https:\/\/www.ufsm.br\/pro-reitorias\/prpgp\/grupo-de-pesquisa\/laboratorio-de-gases-do-efeito-estufa\">Laborat\u00f3rio de Gases do Efeito Estufa<\/a><\/li>\n<li><a href=\"http:\/\/www.sulflux.ufsm.br\/sulflux\/\">Rede Sul Brasileira de Fluxos Superficiais e Mudan\u00e7as Clim\u00e1ticas (SULFLUX)<\/a><\/li>\n<li>Laborat\u00f3rio de Micrometeorologia (Lumet)<\/li>\n<\/ul>\n<p>ORIENTADORES<\/p>\n<ul>\n<li><a href=\"https:\/\/ufsmpublica.ufsm.br\/docente\/13345\"><span style=\"font-family: Arial;font-size: large\">Debora Regina Roberti<\/span><\/a><\/li>\n<li><a href=\"http:\/\/lattes.cnpq.br\/3195210233978887\"><span style=\"font-family: Arial;font-size: large\">Gerv\u00e1sio Annes Degrazia<\/span><\/a><\/li>\n<\/ul>\n","protected":false},"excerpt":{"rendered":"<p>Descri\u00e7\u00e3o: Esta linha de pesquisa, tem por objetivo a investiga\u00e7\u00e3o te\u00f3rica e experimental do fen\u00f4meno de transporte turbulento na camada limite planet\u00e1ria. Uma compreens\u00e3o melhor deste processo permite uma parametriza\u00e7\u00e3o precisa dos modelos matem\u00e1ticos envolvidos. GRUPOS DE PESQUISA Laborat\u00f3rio de Gases do Efeito Estufa Rede Sul Brasileira de Fluxos Superficiais e Mudan\u00e7as Clim\u00e1ticas (SULFLUX) Laborat\u00f3rio [&hellip;]<\/p>\n","protected":false},"author":115,"featured_media":0,"parent":0,"menu_order":0,"comment_status":"closed","ping_status":"closed","template":"","meta":{"footnotes":""},"categories":[],"tags":[],"class_list":["post-225","page","type-page","status-publish","hentry"],"acf":[],"_links":{"self":[{"href":"https:\/\/www.ufsm.br\/cursos\/pos-graduacao\/santa-maria\/pgfisica\/wp-json\/wp\/v2\/pages\/225","targetHints":{"allow":["GET"]}}],"collection":[{"href":"https:\/\/www.ufsm.br\/cursos\/pos-graduacao\/santa-maria\/pgfisica\/wp-json\/wp\/v2\/pages"}],"about":[{"href":"https:\/\/www.ufsm.br\/cursos\/pos-graduacao\/santa-maria\/pgfisica\/wp-json\/wp\/v2\/types\/page"}],"author":[{"embeddable":true,"href":"https:\/\/www.ufsm.br\/cursos\/pos-graduacao\/santa-maria\/pgfisica\/wp-json\/wp\/v2\/users\/115"}],"replies":[{"embeddable":true,"href":"https:\/\/www.ufsm.br\/cursos\/pos-graduacao\/santa-maria\/pgfisica\/wp-json\/wp\/v2\/comments?post=225"}],"version-history":[{"count":0,"href":"https:\/\/www.ufsm.br\/cursos\/pos-graduacao\/santa-maria\/pgfisica\/wp-json\/wp\/v2\/pages\/225\/revisions"}],"wp:attachment":[{"href":"https:\/\/www.ufsm.br\/cursos\/pos-graduacao\/santa-maria\/pgfisica\/wp-json\/wp\/v2\/media?parent=225"}],"wp:term":[{"taxonomy":"category","embeddable":true,"href":"https:\/\/www.ufsm.br\/cursos\/pos-graduacao\/santa-maria\/pgfisica\/wp-json\/wp\/v2\/categories?post=225"},{"taxonomy":"post_tag","embeddable":true,"href":"https:\/\/www.ufsm.br\/cursos\/pos-graduacao\/santa-maria\/pgfisica\/wp-json\/wp\/v2\/tags?post=225"}],"curies":[{"name":"wp","href":"https:\/\/api.w.org\/{rel}","templated":true}]}}