{"id":228,"date":"2019-04-03T12:51:51","date_gmt":"2019-04-03T15:51:51","guid":{"rendered":"https:\/\/www.ufsm.br\/cursos\/pos-graduacao\/santa-maria\/pgfisica\/?page_id=228"},"modified":"2025-04-03T13:40:26","modified_gmt":"2025-04-03T16:40:26","slug":"propriedades-magneticas-dos-materiais","status":"publish","type":"page","link":"https:\/\/www.ufsm.br\/cursos\/pos-graduacao\/santa-maria\/pgfisica\/propriedades-magneticas-dos-materiais","title":{"rendered":"Mat\u00e9ria Condensada Experimental"},"content":{"rendered":"\n<p><strong>Descri\u00e7\u00e3o<\/strong>: Estudo experimental das propriedades de transporte eletr\u00f4nico e de spin de novos materiais e suas rela\u00e7\u00f5es com os processos de magnetiza\u00e7\u00e3o em nanoestruturas magn\u00e9ticas.<\/p>\n<p>GRUPO DE PESQUISA<\/p>\n<ul>\n<li><a href=\"https:\/\/www.ufsm.br\/grupos\/lmmm\">Laborat\u00f3rio de Magnetismo e Materiais Magn\u00e9ticos &#8211; LMMM<\/a><\/li>\n<\/ul>\n<p><br \/>ORIENTADORES<\/p>\n<ul>\n<li><a href=\"https:\/\/ufsmpublica.ufsm.br\/docente\/17796\">Artur Harres de Oliveira<\/a><\/li>\n<li><a href=\"https:\/\/ufsmpublica.ufsm.br\/docente\/13782\"><span style=\"font-family: Arial;font-size: large\">Lucio Strazzabosco Dorneles<\/span><\/a><\/li>\n<li><a href=\"https:\/\/ufsmpublica.ufsm.br\/docente\/15740\"><span style=\"font-family: Arial;font-size: large\">Ricardo Barreto da Silva<\/span><\/a><\/li>\n<li><a href=\"http:\/\/lattes.cnpq.br\/7639097093830909\">Paulo Ricardo de Souza<\/a><\/li>\n<\/ul>\n","protected":false},"excerpt":{"rendered":"<p>Descri\u00e7\u00e3o: Estudo experimental das propriedades de transporte eletr\u00f4nico e de spin de novos materiais e suas rela\u00e7\u00f5es com os processos de magnetiza\u00e7\u00e3o em nanoestruturas magn\u00e9ticas. GRUPO DE PESQUISA Laborat\u00f3rio de Magnetismo e Materiais Magn\u00e9ticos &#8211; LMMM ORIENTADORES Artur Harres de Oliveira Lucio Strazzabosco Dorneles Ricardo Barreto da Silva Paulo Ricardo de Souza<\/p>\n","protected":false},"author":115,"featured_media":0,"parent":0,"menu_order":0,"comment_status":"closed","ping_status":"closed","template":"","meta":{"footnotes":""},"categories":[],"tags":[],"class_list":["post-228","page","type-page","status-publish","hentry"],"acf":[],"_links":{"self":[{"href":"https:\/\/www.ufsm.br\/cursos\/pos-graduacao\/santa-maria\/pgfisica\/wp-json\/wp\/v2\/pages\/228","targetHints":{"allow":["GET"]}}],"collection":[{"href":"https:\/\/www.ufsm.br\/cursos\/pos-graduacao\/santa-maria\/pgfisica\/wp-json\/wp\/v2\/pages"}],"about":[{"href":"https:\/\/www.ufsm.br\/cursos\/pos-graduacao\/santa-maria\/pgfisica\/wp-json\/wp\/v2\/types\/page"}],"author":[{"embeddable":true,"href":"https:\/\/www.ufsm.br\/cursos\/pos-graduacao\/santa-maria\/pgfisica\/wp-json\/wp\/v2\/users\/115"}],"replies":[{"embeddable":true,"href":"https:\/\/www.ufsm.br\/cursos\/pos-graduacao\/santa-maria\/pgfisica\/wp-json\/wp\/v2\/comments?post=228"}],"version-history":[{"count":0,"href":"https:\/\/www.ufsm.br\/cursos\/pos-graduacao\/santa-maria\/pgfisica\/wp-json\/wp\/v2\/pages\/228\/revisions"}],"wp:attachment":[{"href":"https:\/\/www.ufsm.br\/cursos\/pos-graduacao\/santa-maria\/pgfisica\/wp-json\/wp\/v2\/media?parent=228"}],"wp:term":[{"taxonomy":"category","embeddable":true,"href":"https:\/\/www.ufsm.br\/cursos\/pos-graduacao\/santa-maria\/pgfisica\/wp-json\/wp\/v2\/categories?post=228"},{"taxonomy":"post_tag","embeddable":true,"href":"https:\/\/www.ufsm.br\/cursos\/pos-graduacao\/santa-maria\/pgfisica\/wp-json\/wp\/v2\/tags?post=228"}],"curies":[{"name":"wp","href":"https:\/\/api.w.org\/{rel}","templated":true}]}}