{"id":286,"date":"2019-04-03T13:55:46","date_gmt":"2019-04-03T16:55:46","guid":{"rendered":"https:\/\/www.ufsm.br\/cursos\/pos-graduacao\/santa-maria\/pgfisica\/?page_id=286"},"modified":"2019-04-03T13:55:48","modified_gmt":"2019-04-03T16:55:48","slug":"oreci-escobar-da-silva-dr","status":"publish","type":"page","link":"https:\/\/www.ufsm.br\/cursos\/pos-graduacao\/santa-maria\/pgfisica\/oreci-escobar-da-silva-dr","title":{"rendered":"Oreci Escobar da Silva (Dr.)"},"content":{"rendered":"\n<p><span style=\"font-family: arial, sans-serif\"><span style=\"font-size: large\"><img decoding=\"async\" class=\"size-thumbnail wp-image-287 alignleft\" src=\"https:\/\/www.ufsm.br\/cursos\/pos-graduacao\/santa-maria\/pgfisica\/wp-content\/uploads\/sites\/557\/2019\/04\/servletrecuperafoto-39-150x150.jpg\" alt=\"\" width=\"150\" height=\"150\" srcset=\"https:\/\/www.ufsm.br\/app\/uploads\/sites\/557\/2019\/04\/servletrecuperafoto-39-150x150.jpg 150w, https:\/\/www.ufsm.br\/app\/uploads\/sites\/557\/2019\/04\/servletrecuperafoto-39-300x300.jpg 300w, https:\/\/www.ufsm.br\/app\/uploads\/sites\/557\/2019\/04\/servletrecuperafoto-39-768x768.jpg 768w, https:\/\/www.ufsm.br\/app\/uploads\/sites\/557\/2019\/04\/servletrecuperafoto-39-1024x1024.jpg 1024w, https:\/\/www.ufsm.br\/app\/uploads\/sites\/557\/2019\/04\/servletrecuperafoto-39.jpg 1852w\" sizes=\"(max-width: 150px) 100vw, 150px\" \/>Aluno de Doutorado<\/span><\/span><\/p>\n<p>Pr\u00e9dio 13, salas 1211 ou 1102 (LMMM)<\/p>\n<div>Tel: (55) 3220-8618<\/div>\n<div><a href=\"mailto:orecidasilva@yahoo.com.br\">e-mail<\/a>: orecidasilva@yahoo.com.br<\/div>\n<div>\n<p><span style=\"font-family: arial, sans-serif;font-size: large\">Orientador: Marcos Andr\u00e9 Carara<\/span><\/p>\n<p><span style=\"font-family: arial, sans-serif;font-size: large\">\u00c1reas de Atua\u00e7\u00e3o<\/span><\/p>\n<ul>\n<li><span style=\"font-family: arial, sans-serif;font-size: large\">Materiais Magn\u00e9ticos e Propriedades Magn\u00e9ticas<\/span><\/li>\n<\/ul>\n<div><span style=\"font-family: arial, sans-serif;font-size: large\"><a href=\"http:\/\/lattes.cnpq.br\/5831622462639948\" target=\"_blank\" rel=\"nofollow noopener noreferrer\">Curriculum Vitae<\/a>:\u00a0<\/span><span style=\"font-family: arial, sans-serif;font-size: large\">\u00a0http:\/\/lattes.cnpq.br\/5831622462639948<\/span><\/div>\n<\/div>\n","protected":false},"excerpt":{"rendered":"<p>Aluno de Doutorado Pr\u00e9dio 13, salas 1211 ou 1102 (LMMM) Tel: (55) 3220-8618 e-mail: orecidasilva@yahoo.com.br Orientador: Marcos Andr\u00e9 Carara \u00c1reas de Atua\u00e7\u00e3o Materiais Magn\u00e9ticos e Propriedades Magn\u00e9ticas Curriculum Vitae:\u00a0\u00a0http:\/\/lattes.cnpq.br\/5831622462639948<\/p>\n","protected":false},"author":115,"featured_media":0,"parent":0,"menu_order":0,"comment_status":"closed","ping_status":"closed","template":"","meta":{"footnotes":""},"categories":[],"tags":[],"class_list":["post-286","page","type-page","status-publish","hentry"],"acf":[],"_links":{"self":[{"href":"https:\/\/www.ufsm.br\/cursos\/pos-graduacao\/santa-maria\/pgfisica\/wp-json\/wp\/v2\/pages\/286","targetHints":{"allow":["GET"]}}],"collection":[{"href":"https:\/\/www.ufsm.br\/cursos\/pos-graduacao\/santa-maria\/pgfisica\/wp-json\/wp\/v2\/pages"}],"about":[{"href":"https:\/\/www.ufsm.br\/cursos\/pos-graduacao\/santa-maria\/pgfisica\/wp-json\/wp\/v2\/types\/page"}],"author":[{"embeddable":true,"href":"https:\/\/www.ufsm.br\/cursos\/pos-graduacao\/santa-maria\/pgfisica\/wp-json\/wp\/v2\/users\/115"}],"replies":[{"embeddable":true,"href":"https:\/\/www.ufsm.br\/cursos\/pos-graduacao\/santa-maria\/pgfisica\/wp-json\/wp\/v2\/comments?post=286"}],"version-history":[{"count":0,"href":"https:\/\/www.ufsm.br\/cursos\/pos-graduacao\/santa-maria\/pgfisica\/wp-json\/wp\/v2\/pages\/286\/revisions"}],"wp:attachment":[{"href":"https:\/\/www.ufsm.br\/cursos\/pos-graduacao\/santa-maria\/pgfisica\/wp-json\/wp\/v2\/media?parent=286"}],"wp:term":[{"taxonomy":"category","embeddable":true,"href":"https:\/\/www.ufsm.br\/cursos\/pos-graduacao\/santa-maria\/pgfisica\/wp-json\/wp\/v2\/categories?post=286"},{"taxonomy":"post_tag","embeddable":true,"href":"https:\/\/www.ufsm.br\/cursos\/pos-graduacao\/santa-maria\/pgfisica\/wp-json\/wp\/v2\/tags?post=286"}],"curies":[{"name":"wp","href":"https:\/\/api.w.org\/{rel}","templated":true}]}}