{"id":340,"date":"2019-04-03T15:45:23","date_gmt":"2019-04-03T18:45:23","guid":{"rendered":"https:\/\/www.ufsm.br\/cursos\/pos-graduacao\/santa-maria\/pgfisica\/?page_id=340"},"modified":"2026-03-16T10:51:23","modified_gmt":"2026-03-16T13:51:23","slug":"gerais","status":"publish","type":"page","link":"https:\/\/www.ufsm.br\/cursos\/pos-graduacao\/santa-maria\/pgfisica\/gerais","title":{"rendered":"Tutoriais e formul\u00e1rios"},"content":{"rendered":"\n<p><strong>\u25c9<\/strong> Orienta\u00e7\u00f5es gerais sobre os procedimentos:<\/p>\n\n\n\n<p><a href=\"https:\/\/www.ufsm.br\/app\/uploads\/sites\/557\/2022\/04\/Orientacoes-PPGFIS-Alunos-ingressantes-1.pdf\" target=\"_blank\" rel=\"noreferrer noopener\">Orienta\u00e7\u00f5es aos alunos ingressantes<\/a><\/p>\n\n\n\n<p><a href=\"https:\/\/www.ufsm.br\/app\/uploads\/sites\/557\/2022\/04\/Manual-PPGFIS-2022-1.pdf\" target=\"_blank\" rel=\"noreferrer noopener\">Manual do PPGFIS &#8211; Abril\/2022<\/a><\/p>\n\n\n\n<p>.<\/p>\n\n\n\n<p><strong>\u25c9<\/strong> Pedido de aproveitamento de disciplinas e registro de cr\u00e9ditos <\/p>\n\n\n\n<p><a rel=\"noreferrer noopener\" href=\"https:\/\/www.ufsm.br\/app\/uploads\/sites\/557\/2022\/04\/Tutorial-pedido-aproveitamento-2.pdf\" target=\"_blank\">Tutorial para pedido de aproveitamento\/registro de cr\u00e9ditos no PEN-SIE<\/a><\/p>\n\n\n\n<p><a href=\"https:\/\/www.ufsm.br\/app\/uploads\/sites\/557\/2023\/05\/Requerimento_de_Dispensa_ou_Aproveitamento_de_Disciplinas-NCAPG.docx\" target=\"_blank\" rel=\"noreferrer noopener\">Requerimento o de dispensa ou aproveitamento de disciplina<\/a><\/p>\n\n\n\n<p>&gt; Informa\u00e7\u00f5es para preenchimento do requerimento podem ser obtidas com a secretaria do PPGF\u00cdS.<\/p>\n\n\n\n<p>&gt; C\u00f3digos dos cursos: Mestrado (910) e Doutorado (949) <\/p>\n\n\n\n<p>.<\/p>\n\n\n\n<p><\/p>\n\n\n\n<p><strong>\u25c9<\/strong> Pedido de sufici\u00eancia em L\u00edngua Estrangeira<\/p>\n\n\n\n<p><a href=\"https:\/\/www.ufsm.br\/app\/uploads\/sites\/557\/2022\/04\/Tutorial-pedido-suficiencia-em-lingua-estrangeira-2.pdf\" target=\"_blank\" rel=\"noreferrer noopener\">Tutorial para solicita\u00e7\u00e3o de aproveitamento de teste de sufici\u00eancia em l\u00edngua estrangeira<\/a><\/p>\n\n\n\n<p><a href=\"https:\/\/www.ufsm.br\/app\/uploads\/sites\/557\/2023\/05\/Requerimento_Comprovacao_Suf_Lingua_Estrangeira_NCAPG-1.docx\" target=\"_blank\" rel=\"noreferrer noopener\">Requerimento de aproveitamento de teste de sufici\u00eancia<\/a><\/p>\n\n\n\n<p>.<\/p>\n\n\n\n<p><strong>\u25c9<\/strong> Doc\u00eancia Orientada<\/p>\n\n\n\n<p><a href=\"https:\/\/www.ufsm.br\/app\/uploads\/sites\/557\/2022\/04\/Tutorial-Docencia-Orientada-2.pdf\" target=\"_blank\" rel=\"noreferrer noopener\">Tutorial para doc\u00eancia orientada<\/a><\/p>\n\n\n\n<p><a href=\"https:\/\/www.ufsm.br\/app\/uploads\/sites\/557\/2024\/03\/Plano-Docencia-Orientada_Modelo-Novo-1.doc\" target=\"_blank\" rel=\"noreferrer noopener\">Modelo de Plano de doc\u00eancia orientada<\/a><\/p>\n\n\n\n<p><\/p>\n\n\n\n<p>.<\/p>\n\n\n\n<p><strong>\u25c9<\/strong> Co-orienta\u00e7\u00e3o de IC<\/p>\n\n\n\n<p><a href=\"https:\/\/www.ufsm.br\/app\/uploads\/sites\/557\/2022\/04\/Tutorial-Co-orientacao-de-IC.pdf\" target=\"_blank\" rel=\"noreferrer noopener\">Tutorial para disciplinas de Co-orienta\u00e7\u00e3o de IC<\/a><\/p>\n\n\n\n<p><a rel=\"noreferrer noopener\" href=\"https:\/\/www.ufsm.br\/app\/uploads\/sites\/557\/2022\/04\/Modelo_Relatorio_coorientacao-IC.doc\" target=\"_blank\">Modelo de Relat\u00f3rio de co-orienta\u00e7\u00e3o de IC<\/a><\/p>\n\n\n\n<p>.<\/p>\n\n\n\n<p><strong>\u25c9<\/strong> Pedidos de recursos<\/p>\n\n\n\n<p>O PPG em F\u00edsica recebe anualmente recursos do Programa de Apoio \u00e0 P\u00f3s-Gradua\u00e7\u00e3o (<a href=\"https:\/\/www.gov.br\/capes\/pt-br\/acesso-a-informacao\/acoes-e-programas\/bolsas\/bolsas-no-pais\/proap\" target=\"_blank\" rel=\"noreferrer noopener\">PROAP\/CAPES<\/a>), os quais poder\u00e3o ser solicitados para atendimento de demandas de taxas de inscri\u00e7\u00e3o em eventos cient\u00edficos (alunos e professores); taxas de publica\u00e7\u00e3o (alunos e professores); di\u00e1rias e passagens (alunos, professores e participantes externos); revis\u00e3o e tradu\u00e7\u00e3o de artigos cient\u00edficos (alunos e professores).<\/p>\n\n\n\n<p>Para encaminhamento das solicita\u00e7\u00f5es \u00e9 importante ter conhecimento das normas estabelecidas no <a rel=\"noreferrer noopener\" href=\"https:\/\/www.ufsm.br\/app\/uploads\/sites\/345\/2018\/04\/arq_portoria_n__64__de_24_03_2010_61.pdf\" target=\"_blank\">Regulamento do PROAP<\/a>.<\/p>\n\n\n\n<ul class=\"wp-block-list\">\n<li>Informa\u00e7\u00f5es e formul\u00e1rios para requerimentos de Di\u00e1rias, Taxa de Inscri\u00e7\u00e3o e Passagens Rodovi\u00e1rias est\u00e3o dispon\u00edveis <a href=\"https:\/\/www.ufsm.br\/unidades-universitarias\/ccne\/secretaria-integrada-dos-cursos-de-pos-graduacao-do-ccne\/orientacao-para-a-utilizacao-dos-recursos-do-proap\">aqui<\/a>.<\/li>\n\n\n\n<li><a href=\"https:\/\/www.ufsm.br\/app\/uploads\/sites\/369\/2023\/08\/Informativo_01_23_NAAO_-PRPGP_Criterios_para_liberacao_de_pedidos_de_diarias.pdf\">Informativo 001\/2023<\/a> do N\u00facleo de Apoio Administrativo &#8211; Or\u00e7ament\u00e1rio (NAAO)\/PRPGP&nbsp; referente \u00e0 di\u00e1rias. <\/li>\n<\/ul>\n\n\n\n<p><\/p>\n\n\n\n<p>As orienta\u00e7\u00f5es para abertura dos processos devem ser solicitadas ao N\u00facleo de Gest\u00e3o Or\u00e7ament\u00e1ria do CCNE (financeiro.ccne@ufsm.br).<\/p>\n\n\n\n<p>.<\/p>\n\n\n\n<p><strong>\u25c9<\/strong> Defesas de disserta\u00e7\u00e3o e tese<\/p>\n\n\n\n<p><a href=\"https:\/\/www.ufsm.br\/app\/uploads\/sites\/557\/2026\/03\/Formulario-Homologacao-de-banca-para-qualificacao-ou-defesa-Modelo-Geral-1-4.docx\">Formul\u00e1rio de sugest\u00e3o de banca examinadora<\/a><\/p>\n\n\n\n<p><a href=\"https:\/\/www.ufsm.br\/app\/uploads\/sites\/345\/2018\/08\/TUTORIAL.pdf\" target=\"_blank\" rel=\"noreferrer noopener\">Tutorial para abertura do processo de defesa<\/a><\/p>\n\n\n\n<p><a href=\"https:\/\/www.ufsm.br\/orgaos-suplementares\/biblioteca\/mdt\/\" target=\"_blank\" rel=\"noreferrer noopener\">Biblioteca: Normas MDT<\/a><\/p>\n\n\n\n<p><a href=\"https:\/\/www.ufsm.br\/app\/uploads\/sites\/557\/2022\/04\/Formulario-urgencia-diploma-atualizado-11.04.2022.doc\" target=\"_blank\" rel=\"noreferrer noopener\">Formul\u00e1rio para emiss\u00e3o do diploma com urg\u00eancia<\/a><\/p>\n\n\n\n<p><a href=\"https:\/\/www.ufsm.br\/app\/uploads\/sites\/557\/2022\/04\/RequerimentoProrrogacaoPrazoDefesaStrictoSensu.pdf\">Requerimento para prorroga\u00e7\u00e3o do prazo de defesa<\/a><\/p>\n\n\n\n<p>.<\/p>\n\n\n\n<p>.<\/p>\n\n\n","protected":false},"excerpt":{"rendered":"<p>\u25c9 Orienta\u00e7\u00f5es gerais sobre os procedimentos: Orienta\u00e7\u00f5es aos alunos ingressantes Manual do PPGFIS &#8211; Abril\/2022 . \u25c9 Pedido de aproveitamento de disciplinas e registro de cr\u00e9ditos Tutorial para pedido de aproveitamento\/registro de cr\u00e9ditos no PEN-SIE Requerimento o de dispensa ou aproveitamento de disciplina &gt; Informa\u00e7\u00f5es para preenchimento do requerimento podem ser obtidas com a secretaria [&hellip;]<\/p>\n","protected":false},"author":115,"featured_media":0,"parent":0,"menu_order":0,"comment_status":"closed","ping_status":"closed","template":"","meta":{"footnotes":""},"categories":[],"tags":[],"class_list":["post-340","page","type-page","status-publish","hentry"],"acf":[],"_links":{"self":[{"href":"https:\/\/www.ufsm.br\/cursos\/pos-graduacao\/santa-maria\/pgfisica\/wp-json\/wp\/v2\/pages\/340","targetHints":{"allow":["GET"]}}],"collection":[{"href":"https:\/\/www.ufsm.br\/cursos\/pos-graduacao\/santa-maria\/pgfisica\/wp-json\/wp\/v2\/pages"}],"about":[{"href":"https:\/\/www.ufsm.br\/cursos\/pos-graduacao\/santa-maria\/pgfisica\/wp-json\/wp\/v2\/types\/page"}],"author":[{"embeddable":true,"href":"https:\/\/www.ufsm.br\/cursos\/pos-graduacao\/santa-maria\/pgfisica\/wp-json\/wp\/v2\/users\/115"}],"replies":[{"embeddable":true,"href":"https:\/\/www.ufsm.br\/cursos\/pos-graduacao\/santa-maria\/pgfisica\/wp-json\/wp\/v2\/comments?post=340"}],"version-history":[{"count":0,"href":"https:\/\/www.ufsm.br\/cursos\/pos-graduacao\/santa-maria\/pgfisica\/wp-json\/wp\/v2\/pages\/340\/revisions"}],"wp:attachment":[{"href":"https:\/\/www.ufsm.br\/cursos\/pos-graduacao\/santa-maria\/pgfisica\/wp-json\/wp\/v2\/media?parent=340"}],"wp:term":[{"taxonomy":"category","embeddable":true,"href":"https:\/\/www.ufsm.br\/cursos\/pos-graduacao\/santa-maria\/pgfisica\/wp-json\/wp\/v2\/categories?post=340"},{"taxonomy":"post_tag","embeddable":true,"href":"https:\/\/www.ufsm.br\/cursos\/pos-graduacao\/santa-maria\/pgfisica\/wp-json\/wp\/v2\/tags?post=340"}],"curies":[{"name":"wp","href":"https:\/\/api.w.org\/{rel}","templated":true}]}}