{"id":425,"date":"2019-05-08T16:17:22","date_gmt":"2019-05-08T19:17:22","guid":{"rendered":"https:\/\/www.ufsm.br\/cursos\/pos-graduacao\/santa-maria\/pgfisica\/?page_id=425"},"modified":"2025-11-04T11:34:34","modified_gmt":"2025-11-04T14:34:34","slug":"pos-doutorandos-2","status":"publish","type":"page","link":"https:\/\/www.ufsm.br\/cursos\/pos-graduacao\/santa-maria\/pgfisica\/pos-doutorandos-2","title":{"rendered":"P\u00f3s-Doutorandos"},"content":{"rendered":"\n<div dir=\"ltr\">\n<ul>\n<li id=\"sites-page-title-header\"><span id=\"sites-page-title\" dir=\"ltr\"><a href=\"http:\/\/lattes.cnpq.br\/5471637961840087\">DANIEL MICHELON DOS SANTOS<\/a> &#8211; F\u00edsica da Atmosfera<\/span><\/li>\n<li><span id=\"sites-page-title\" dir=\"ltr\"><a href=\"http:\/\/lattes.cnpq.br\/1434914304135873\">LUIS GUSTAVO NOGUEIRA MARTINS<\/a> &#8211; F\u00edsica da Atmosfera<\/span><\/li>\n<li><span id=\"sites-page-title\" dir=\"ltr\"><a href=\"http:\/\/lattes.cnpq.br\/1038705051572000\">MARIA EDUARDA OLIVEIRA PINHEIRO<\/a> &#8211; F\u00edsica da Atmosfera<\/span><\/li>\n<li><a href=\"http:\/\/lattes.cnpq.br\/9304625088554861\">ANG\u00c9LICA DAIANE SCHNEIDER<\/a> &#8211; F\u00edsica da Mat\u00e9ria Condensada Experimental<\/li>\n<li><a href=\"http:\/\/lattes.cnpq.br\/9301247949561042\">CRISTIANO MABONI<\/a> &#8211; F\u00edsica da Atmosfera<\/li>\n<\/ul>\n<\/div>\n\n\n\n<p><\/p>\n","protected":false},"excerpt":{"rendered":"<p>DANIEL MICHELON DOS SANTOS &#8211; F\u00edsica da Atmosfera LUIS GUSTAVO NOGUEIRA MARTINS &#8211; F\u00edsica da Atmosfera MARIA EDUARDA OLIVEIRA PINHEIRO &#8211; F\u00edsica da Atmosfera ANG\u00c9LICA DAIANE SCHNEIDER &#8211; F\u00edsica da Mat\u00e9ria Condensada Experimental CRISTIANO MABONI &#8211; F\u00edsica da Atmosfera<\/p>\n","protected":false},"author":723,"featured_media":0,"parent":0,"menu_order":0,"comment_status":"closed","ping_status":"closed","template":"","meta":{"footnotes":""},"categories":[],"tags":[],"class_list":["post-425","page","type-page","status-publish","hentry"],"acf":[],"_links":{"self":[{"href":"https:\/\/www.ufsm.br\/cursos\/pos-graduacao\/santa-maria\/pgfisica\/wp-json\/wp\/v2\/pages\/425","targetHints":{"allow":["GET"]}}],"collection":[{"href":"https:\/\/www.ufsm.br\/cursos\/pos-graduacao\/santa-maria\/pgfisica\/wp-json\/wp\/v2\/pages"}],"about":[{"href":"https:\/\/www.ufsm.br\/cursos\/pos-graduacao\/santa-maria\/pgfisica\/wp-json\/wp\/v2\/types\/page"}],"author":[{"embeddable":true,"href":"https:\/\/www.ufsm.br\/cursos\/pos-graduacao\/santa-maria\/pgfisica\/wp-json\/wp\/v2\/users\/723"}],"replies":[{"embeddable":true,"href":"https:\/\/www.ufsm.br\/cursos\/pos-graduacao\/santa-maria\/pgfisica\/wp-json\/wp\/v2\/comments?post=425"}],"version-history":[{"count":0,"href":"https:\/\/www.ufsm.br\/cursos\/pos-graduacao\/santa-maria\/pgfisica\/wp-json\/wp\/v2\/pages\/425\/revisions"}],"wp:attachment":[{"href":"https:\/\/www.ufsm.br\/cursos\/pos-graduacao\/santa-maria\/pgfisica\/wp-json\/wp\/v2\/media?parent=425"}],"wp:term":[{"taxonomy":"category","embeddable":true,"href":"https:\/\/www.ufsm.br\/cursos\/pos-graduacao\/santa-maria\/pgfisica\/wp-json\/wp\/v2\/categories?post=425"},{"taxonomy":"post_tag","embeddable":true,"href":"https:\/\/www.ufsm.br\/cursos\/pos-graduacao\/santa-maria\/pgfisica\/wp-json\/wp\/v2\/tags?post=425"}],"curies":[{"name":"wp","href":"https:\/\/api.w.org\/{rel}","templated":true}]}}