{"id":714,"date":"2022-04-20T13:22:41","date_gmt":"2022-04-20T16:22:41","guid":{"rendered":"https:\/\/www.ufsm.br\/cursos\/pos-graduacao\/santa-maria\/pgfisica\/?page_id=714"},"modified":"2026-03-30T14:32:41","modified_gmt":"2026-03-30T17:32:41","slug":"bolsas-de-pos-graduacao-ppgfis","status":"publish","type":"page","link":"https:\/\/www.ufsm.br\/cursos\/pos-graduacao\/santa-maria\/pgfisica\/bolsas-de-pos-graduacao-ppgfis","title":{"rendered":"Bolsas de P\u00f3s-Gradua\u00e7\u00e3o PPGFIS"},"content":{"rendered":"\n<p class=\"has-text-align-left\">Atualmente, o PPG em F\u00edsica disp\u00f5e de bolsas de p\u00f3s-gradua\u00e7\u00e3o concedidas por dois programas da Coordena\u00e7\u00e3o de Aperfei\u00e7oamento de Pessoal de N\u00edvel Superior (CAPES): o Programa Demanda Social (DS\/CAPES) e o Programa de Desenvolvimento da P\u00f3s-Gradua\u00e7\u00e3o (PDPG\/CAPES). Al\u00e9m disso, o PPGFIS conta com bolsas concedidas pelo Conselho Nacional de Desenvolvimento Cient\u00edfico e Tecnol\u00f3gico (CNPq) e pela Pr\u00f3-Reitoria de P\u00f3s-Gradua\u00e7\u00e3o e Pesquisa (PRPGP) da UFSM.<\/p>\n\n\n\n<p>S\u00e3o 10 (dez) bolsas de mestrado e 16 (dezesseis) bolsas de doutorado concedidas por meio do Programa DS\/CAPES, 02 (duas) bolsas de doutorado concedidas pelo PDPG\/CAPES; 01 (uma) bolsa de mestrado e 05 (cinco) de doutorado concedidas pelo CNPq, 01 (uma) bolsa de mestrado concedida pela PRPGP\/UFSM, 01 (uma) bolsa de mestrado DS\/CAPES concedida por meio de edital espec\u00edfico da PRPGP\/UFSM e 01 bolsa de mestrado concedida pela PRPGP\/UFSM, mediante edital espec\u00edfico.<\/p>\n\n\n\n<p>Bolsistas de mestrado podem receber at\u00e9 24 (vinte e quatro) meses de bolsa, enquanto bolsistas de doutorado podem receber at\u00e9 48 meses de bolsa. Os valores relativos \u00e0s bolsas DS\/CAPES est\u00e3o dispon\u00edveis na p\u00e1gina do <a href=\"https:\/\/www.gov.br\/capes\/pt-br\/acesso-a-informacao\/acoes-e-programas\/bolsas\/prestacao-de-contas\/valores-de-bolsas#:~:text=bolsas%20no%20pa%C3%ADs-,Modalidade%20de%20bolsa,-Valores\" data-type=\"link\" data-id=\"https:\/\/www.gov.br\/capes\/pt-br\/acesso-a-informacao\/acoes-e-programas\/bolsas\/prestacao-de-contas\/valores-de-bolsas#:~:text=bolsas%20no%20pa%C3%ADs-,Modalidade%20de%20bolsa,-Valores\">Programa<\/a>. J\u00e1 quanto aos valores das bolsas concedidas pelas demais ag\u00eancias de fomentos e pela PRPGP\/UFSM, \u00e9 necess\u00e1rio analisar o respectivo edital espec\u00edfico.<\/p>\n\n\n\n<p>Anualmente, o n\u00famero de bolsas DS\/CAPES pode sofrer varia\u00e7\u00e3o positiva ou negativa. O n\u00famero de cotas de bolsas, dividido entre os n\u00edveis e ag\u00eancias de fomento podem ser visualizadas na tabela abaixo.<\/p>\n\n\n\n<div class=\"wp-block-group\"><div class=\"wp-block-group__inner-container is-layout-constrained wp-block-group-is-layout-constrained\">\n<figure class=\"wp-block-table is-style-stripes\"><table class=\"has-very-light-gray-to-cyan-bluish-gray-gradient-background has-background has-fixed-layout\"><thead><tr><th class=\"has-text-align-center\" data-align=\"center\"><strong>AG\u00caNCIA DE FOMENTO<\/strong><\/th><th class=\"has-text-align-center\" data-align=\"center\"><strong>MESTRADO<\/strong><\/th><th class=\"has-text-align-center\" data-align=\"center\"><strong>DOUTORADO<\/strong><\/th><\/tr><\/thead><tbody><tr><td class=\"has-text-align-center\" data-align=\"center\">DS\/CAPES<\/td><td class=\"has-text-align-center\" data-align=\"center\">10<\/td><td class=\"has-text-align-center\" data-align=\"center\">16*<\/td><\/tr><tr><td class=\"has-text-align-center\" data-align=\"center\">PDPG\/CAPES<\/td><td class=\"has-text-align-center\" data-align=\"center\">&#8211;<\/td><td class=\"has-text-align-center\" data-align=\"center\">02<\/td><\/tr><tr><td class=\"has-text-align-center\" data-align=\"center\">CNPq<\/td><td class=\"has-text-align-center\" data-align=\"center\">01<\/td><td class=\"has-text-align-center\" data-align=\"center\">05<\/td><\/tr><tr><td class=\"has-text-align-center\" data-align=\"center\">PRPGP\/UFSM**<\/td><td class=\"has-text-align-center\" data-align=\"center\">01<\/td><td class=\"has-text-align-center\" data-align=\"center\">&#8211;<\/td><\/tr><tr><td class=\"has-text-align-center\" data-align=\"center\">DS\/CAPES\/PRPGP***<\/td><td class=\"has-text-align-center\" data-align=\"center\">01<\/td><td class=\"has-text-align-center\" data-align=\"center\">&#8211;<\/td><\/tr><tr><td class=\"has-text-align-center\" data-align=\"center\"><strong>TOTAL<\/strong><\/td><td class=\"has-text-align-center\" data-align=\"center\"><strong>13<\/strong><\/td><td class=\"has-text-align-center\" data-align=\"center\"><strong>23<\/strong><\/td><\/tr><\/tbody><\/table><figcaption class=\"wp-element-caption\">* Uma das cotas de bolsa \u00e9 do tipo empr\u00e9stimo, o que significa que ao final de sua vig\u00eancia a bolsa n\u00e3o \u00e9 renovada.<br>** Distribui\u00e7\u00e3o de bolsas feita pela PRPGP\/UFSM, mediante editais espec\u00edficos, o que significa que ao final de sua vig\u00eancia a bolsa n\u00e3o \u00e9 renovada.<br>*** Bolsas do Programa DS\/CAPES que s\u00e3o distribu\u00eddas periodicamente pela PRPGP\/UFSM, mediante edital espec\u00edfico, que ao final da sua vig\u00eancia n\u00e3o \u00e9 renovada.<\/figcaption><\/figure>\n<\/div><\/div>\n\n\n\n<p><\/p>\n\n\n\n<p>A constitui\u00e7\u00e3o da Comiss\u00e3o de Bolsas, respons\u00e1vel pelos crit\u00e9rios para aloca\u00e7\u00e3o e corte de bolsas, est\u00e1 dispon\u00edvel na p\u00e1gina do Programa (Menu &gt; Informa\u00e7\u00f5es Adicionais &gt; <a href=\"https:\/\/www.ufsm.br\/cursos\/pos-graduacao\/santa-maria\/pgfisica\/comissao-de-bolsas\/\" target=\"_blank\" rel=\"noreferrer noopener\">Comiss\u00e3o de Bolsas<\/a>).<\/p>\n\n\n\n<p>Al\u00e9m disso, encontra-se dispon\u00edvel na aba de Normas e Regimentos o <a href=\"https:\/\/www.ufsm.br\/app\/uploads\/sites\/557\/2023\/12\/AtoNormativo_01-2023_Critrios_Concesso_de_Bolsas.pdf\" data-type=\"link\" data-id=\"https:\/\/www.ufsm.br\/app\/uploads\/sites\/557\/2023\/12\/AtoNormativo_01-2023_Critrios_Concesso_de_Bolsas.pdf\">Ato Normativo N\u00ba 01\/2023 &#8211; PPGFIS\/UFSM<\/a>, no qual constam as principais informa\u00e7\u00f5es sobre a distribui\u00e7\u00e3o e manuten\u00e7\u00e3o de bolsas.<\/p>\n\n\n\n<p>No \u00e2mbito do PPGFIS, a sele\u00e7\u00e3o de bolsistas \u00e9 feita de acordo com a classifica\u00e7\u00e3o dos editais de ingresso. Casos omissos s\u00e3o analisados pela Comiss\u00e3o de Bolsas.<\/p>\n\n\n\n<p><\/p>\n\n\n\n<p>Segue abaixo a rela\u00e7\u00e3o de alunos bolsistas, de acordo com o n\u00edvel e ag\u00eancia de fomento:<\/p>\n\n\n\n<div class=\"wp-block-columns is-layout-flex wp-container-core-columns-is-layout-9d6595d7 wp-block-columns-is-layout-flex\">\n<div class=\"wp-block-column is-vertically-aligned-center is-layout-flow wp-block-column-is-layout-flow\" style=\"flex-basis:100%\">\n<figure class=\"wp-block-table is-style-stripes\"><table class=\"has-very-light-gray-to-cyan-bluish-gray-gradient-background has-background has-fixed-layout\"><thead><tr><th class=\"has-text-align-center\" data-align=\"center\"><strong>NOME<\/strong><\/th><th class=\"has-text-align-center\" data-align=\"center\"><strong>N\u00cdVEL<\/strong><\/th><th class=\"has-text-align-center\" data-align=\"center\"><strong>AG\u00caNCIA DE FOMENTO<\/strong><\/th><\/tr><\/thead><tbody><tr><td class=\"has-text-align-center\" data-align=\"center\">Alecsander Mergen<\/td><td class=\"has-text-align-center\" data-align=\"center\">Doutorado<\/td><td class=\"has-text-align-center\" data-align=\"center\">DS\/CAPES<\/td><\/tr><tr><td class=\"has-text-align-center\" data-align=\"center\">Andr\u00e9 Luiz Pompeo Kaipper<\/td><td class=\"has-text-align-center\" data-align=\"center\">Doutorado<\/td><td class=\"has-text-align-center\" data-align=\"center\">CNPq<\/td><\/tr><tr><td class=\"has-text-align-center\" data-align=\"center\">Arthur Efraim Bressan Pasqualotto<\/td><td class=\"has-text-align-center\" data-align=\"center\">Doutorado<\/td><td class=\"has-text-align-center\" data-align=\"center\">DS\/CAPES<\/td><\/tr><tr><td class=\"has-text-align-center\" data-align=\"center\">Bruno da Silva Lopes<\/td><td class=\"has-text-align-center\" data-align=\"center\">Doutorado<\/td><td class=\"has-text-align-center\" data-align=\"center\">CNPq<\/td><\/tr><tr><td class=\"has-text-align-center\" data-align=\"center\">Claudia Marzari Cassanta<\/td><td class=\"has-text-align-center\" data-align=\"center\">Doutorado<\/td><td class=\"has-text-align-center\" data-align=\"center\">DS\/CAPES<\/td><\/tr><tr><td class=\"has-text-align-center\" data-align=\"center\">Daniel Marsango<\/td><td class=\"has-text-align-center\" data-align=\"center\">Doutorado<\/td><td class=\"has-text-align-center\" data-align=\"center\">DS\/CAPES<\/td><\/tr><tr><td class=\"has-text-align-center\" data-align=\"center\">Diego Samuel Starke Chrysosthemos<\/td><td class=\"has-text-align-center\" data-align=\"center\">Doutorado<\/td><td class=\"has-text-align-center\" data-align=\"center\">DS\/CAPES<\/td><\/tr><tr><td class=\"has-text-align-center\" data-align=\"center\">Felipe Marcos Melo Albanez<\/td><td class=\"has-text-align-center\" data-align=\"center\">Doutorado<\/td><td class=\"has-text-align-center\" data-align=\"center\">DS\/CAPES<\/td><\/tr><tr><td class=\"has-text-align-center\" data-align=\"center\">Francisco Xavier de Azeredo<\/td><td class=\"has-text-align-center\" data-align=\"center\">Doutorado<\/td><td class=\"has-text-align-center\" data-align=\"center\">DS\/CAPES<\/td><\/tr><tr><td class=\"has-text-align-center\" data-align=\"center\">Gabriel Luan Souza de Oliveira<\/td><td class=\"has-text-align-center\" data-align=\"center\">Doutorado<\/td><td class=\"has-text-align-center\" data-align=\"center\">DS\/CAPES<\/td><\/tr><tr><td class=\"has-text-align-center\" data-align=\"center\">Gabriel Vitorello Soares<\/td><td class=\"has-text-align-center\" data-align=\"center\">Doutorado<\/td><td class=\"has-text-align-center\" data-align=\"center\">PIBPG\/CNPq<\/td><\/tr><tr><td class=\"has-text-align-center\" data-align=\"center\">Giuliano Damian<\/td><td class=\"has-text-align-center\" data-align=\"center\">Doutorado<\/td><td class=\"has-text-align-center\" data-align=\"center\">CNPq<\/td><\/tr><tr><td class=\"has-text-align-center\" data-align=\"center\">Greique Ademir Valk<\/td><td class=\"has-text-align-center\" data-align=\"center\">Doutorado<\/td><td class=\"has-text-align-center\" data-align=\"center\">DS\/CAPES<\/td><\/tr><tr><td class=\"has-text-align-center\" data-align=\"center\">Jos\u00e9 Henrique Costa Pinto Souza<\/td><td class=\"has-text-align-center\" data-align=\"center\">Doutorado<\/td><td class=\"has-text-align-center\" data-align=\"center\">DS\/CAPES<\/td><\/tr><tr><td class=\"has-text-align-center\" data-align=\"center\">Lucas Friedrich<\/td><td class=\"has-text-align-center\" data-align=\"center\">Doutorado<\/td><td class=\"has-text-align-center\" data-align=\"center\">DS\/CAPES<\/td><\/tr><tr><td class=\"has-text-align-center\" data-align=\"center\">Matheus Roos de Oliveira<\/td><td class=\"has-text-align-center\" data-align=\"center\">Doutorado<\/td><td class=\"has-text-align-center\" data-align=\"center\">PDPG\/CAPES<\/td><\/tr><tr><td class=\"has-text-align-center\" data-align=\"center\">Medelin Jean<\/td><td class=\"has-text-align-center\" data-align=\"center\">Doutorado<\/td><td class=\"has-text-align-center\" data-align=\"center\">DS\/CAPES<\/td><\/tr><tr><td class=\"has-text-align-center\" data-align=\"center\">Pedro Ravalha Lorenzoni<\/td><td class=\"has-text-align-center\" data-align=\"center\">Doutorado<\/td><td class=\"has-text-align-center\" data-align=\"center\">DS\/CAPES<\/td><\/tr><tr><td class=\"has-text-align-center\" data-align=\"center\">Pietro Felipe Dias<\/td><td class=\"has-text-align-center\" data-align=\"center\">Doutorado<\/td><td class=\"has-text-align-center\" data-align=\"center\">CNPq<\/td><\/tr><tr><td class=\"has-text-align-center\" data-align=\"center\">Rodrigo Mendez Nunes<\/td><td class=\"has-text-align-center\" data-align=\"center\">Doutorado<\/td><td class=\"has-text-align-center\" data-align=\"center\">DS\/CAPES<\/td><\/tr><tr><td class=\"has-text-align-center\" data-align=\"center\">Samile Araujo Carneiro dos Santos<\/td><td class=\"has-text-align-center\" data-align=\"center\">Doutorado<\/td><td class=\"has-text-align-center\" data-align=\"center\">DS\/CAPES<\/td><\/tr><tr><td class=\"has-text-align-center\" data-align=\"center\">Victor Ferreira dos Santos<\/td><td class=\"has-text-align-center\" data-align=\"center\">Doutorado<\/td><td class=\"has-text-align-center\" data-align=\"center\">DS\/CAPES<\/td><\/tr><tr><td class=\"has-text-align-center\" data-align=\"center\">William da Silva Chaves<\/td><td class=\"has-text-align-center\" data-align=\"center\">Doutorado<\/td><td class=\"has-text-align-center\" data-align=\"center\">PDPG\/CAPES<\/td><\/tr><tr><td class=\"has-text-align-center\" data-align=\"center\">Yan Araujo Santos da Campo<\/td><td class=\"has-text-align-center\" data-align=\"center\">Doutorado<\/td><td class=\"has-text-align-center\" data-align=\"center\">DS\/CAPES<\/td><\/tr><\/tbody><\/table><\/figure>\n<\/div>\n<\/div>\n\n\n\n<div class=\"wp-block-columns is-layout-flex wp-container-core-columns-is-layout-9d6595d7 wp-block-columns-is-layout-flex\">\n<div class=\"wp-block-column is-layout-flow wp-block-column-is-layout-flow\" style=\"flex-basis:100%\">\n<figure class=\"wp-block-table is-style-stripes\"><table class=\"has-very-light-gray-to-cyan-bluish-gray-gradient-background has-background has-fixed-layout\"><thead><tr><th class=\"has-text-align-center\" data-align=\"center\"><strong>NOME<\/strong><\/th><th class=\"has-text-align-center\" data-align=\"center\"><strong>N\u00cdVEL<\/strong><\/th><th class=\"has-text-align-center\" data-align=\"center\"><strong>AG\u00caNCIA DE FOMENTO<\/strong><\/th><\/tr><\/thead><tbody><tr><td class=\"has-text-align-center\" data-align=\"center\">Andr\u00e9 Gon\u00e7alves da Silva<\/td><td class=\"has-text-align-center\" data-align=\"center\">Mestrado<\/td><td class=\"has-text-align-center\" data-align=\"center\">DS\/CAPES<\/td><\/tr><tr><td class=\"has-text-align-center\" data-align=\"center\">Ariel Flaig de Marchi<\/td><td class=\"has-text-align-center\" data-align=\"center\">Mestrado<\/td><td class=\"has-text-align-center\" data-align=\"center\">PRPGP\/UFSM<\/td><\/tr><tr><td class=\"has-text-align-center\" data-align=\"center\">Bruno Andr\u00e9 Ruppenthal<\/td><td class=\"has-text-align-center\" data-align=\"center\">Mestrado<\/td><td class=\"has-text-align-center\" data-align=\"center\">DS\/CAPES<\/td><\/tr><tr><td class=\"has-text-align-center\" data-align=\"center\">Iago Francisco Muhl<\/td><td class=\"has-text-align-center\" data-align=\"center\">Mestrado<\/td><td class=\"has-text-align-center\" data-align=\"center\">DS\/CAPES<\/td><\/tr><tr><td class=\"has-text-align-center\" data-align=\"center\">Jhonatan Bruno Sulzenco<\/td><td class=\"has-text-align-center\" data-align=\"center\">Mestrado<\/td><td class=\"has-text-align-center\" data-align=\"center\">DS\/CAPES<\/td><\/tr><tr><td class=\"has-text-align-center\" data-align=\"center\">Jose Victor Teixeira Magnus<\/td><td class=\"has-text-align-center\" data-align=\"center\">Mestrado<\/td><td class=\"has-text-align-center\" data-align=\"center\">DS\/CAPES<\/td><\/tr><tr><td class=\"has-text-align-center\" data-align=\"center\">Mait\u00ea Silvana de Zorzi de Mellos<\/td><td class=\"has-text-align-center\" data-align=\"center\">Mestrado<\/td><td class=\"has-text-align-center\" data-align=\"center\">DS\/CAPES<\/td><\/tr><tr><td class=\"has-text-align-center\" data-align=\"center\">Matregori Soares Santos<\/td><td class=\"has-text-align-center\" data-align=\"center\">Mestrado<\/td><td class=\"has-text-align-center\" data-align=\"center\">DS\/CAPES<\/td><\/tr><tr><td class=\"has-text-align-center\" data-align=\"center\">Rafael Oliveira Terra<\/td><td class=\"has-text-align-center\" data-align=\"center\">Mestrado<\/td><td class=\"has-text-align-center\" data-align=\"center\">DS\/CAPES<\/td><\/tr><tr><td class=\"has-text-align-center\" data-align=\"center\">Rafaela Conz da Costa<\/td><td class=\"has-text-align-center\" data-align=\"center\">Mestrado<\/td><td class=\"has-text-align-center\" data-align=\"center\">DS\/CAPES<\/td><\/tr><tr><td class=\"has-text-align-center\" data-align=\"center\">Tiago Henrik da Costa<\/td><td class=\"has-text-align-center\" data-align=\"center\">Mestrado<\/td><td class=\"has-text-align-center\" data-align=\"center\">DS\/CAPES\/PRPGP<\/td><\/tr><tr><td class=\"has-text-align-center\" data-align=\"center\">Victor Pocojeski Brasil<\/td><td class=\"has-text-align-center\" data-align=\"center\">Mestrado<\/td><td class=\"has-text-align-center\" data-align=\"center\">PIBPG\/CNPq<\/td><\/tr><tr><td class=\"has-text-align-center\" data-align=\"center\">Vinicius Ceconi Tenotti da Silva<\/td><td class=\"has-text-align-center\" data-align=\"center\">Mestrado<\/td><td class=\"has-text-align-center\" data-align=\"center\">DS\/CAPES<\/td><\/tr><\/tbody><\/table><\/figure>\n<\/div>\n<\/div>\n\n\n\n<p><\/p>\n","protected":false},"excerpt":{"rendered":"<p>Atualmente, o PPG em F\u00edsica disp\u00f5e de bolsas de p\u00f3s-gradua\u00e7\u00e3o concedidas por dois programas da Coordena\u00e7\u00e3o de Aperfei\u00e7oamento de Pessoal de N\u00edvel Superior (CAPES): o Programa Demanda Social (DS\/CAPES) e o Programa de Desenvolvimento da P\u00f3s-Gradua\u00e7\u00e3o (PDPG\/CAPES). Al\u00e9m disso, o PPGFIS conta com bolsas concedidas pelo Conselho Nacional de Desenvolvimento Cient\u00edfico e Tecnol\u00f3gico (CNPq) e [&hellip;]<\/p>\n","protected":false},"author":1,"featured_media":0,"parent":0,"menu_order":0,"comment_status":"closed","ping_status":"closed","template":"","meta":{"footnotes":""},"categories":[],"tags":[65],"class_list":["post-714","page","type-page","status-publish","hentry","tag-bolsas-ppgfis"],"acf":[],"_links":{"self":[{"href":"https:\/\/www.ufsm.br\/cursos\/pos-graduacao\/santa-maria\/pgfisica\/wp-json\/wp\/v2\/pages\/714","targetHints":{"allow":["GET"]}}],"collection":[{"href":"https:\/\/www.ufsm.br\/cursos\/pos-graduacao\/santa-maria\/pgfisica\/wp-json\/wp\/v2\/pages"}],"about":[{"href":"https:\/\/www.ufsm.br\/cursos\/pos-graduacao\/santa-maria\/pgfisica\/wp-json\/wp\/v2\/types\/page"}],"author":[{"embeddable":true,"href":"https:\/\/www.ufsm.br\/cursos\/pos-graduacao\/santa-maria\/pgfisica\/wp-json\/wp\/v2\/users\/1"}],"replies":[{"embeddable":true,"href":"https:\/\/www.ufsm.br\/cursos\/pos-graduacao\/santa-maria\/pgfisica\/wp-json\/wp\/v2\/comments?post=714"}],"version-history":[{"count":0,"href":"https:\/\/www.ufsm.br\/cursos\/pos-graduacao\/santa-maria\/pgfisica\/wp-json\/wp\/v2\/pages\/714\/revisions"}],"wp:attachment":[{"href":"https:\/\/www.ufsm.br\/cursos\/pos-graduacao\/santa-maria\/pgfisica\/wp-json\/wp\/v2\/media?parent=714"}],"wp:term":[{"taxonomy":"category","embeddable":true,"href":"https:\/\/www.ufsm.br\/cursos\/pos-graduacao\/santa-maria\/pgfisica\/wp-json\/wp\/v2\/categories?post=714"},{"taxonomy":"post_tag","embeddable":true,"href":"https:\/\/www.ufsm.br\/cursos\/pos-graduacao\/santa-maria\/pgfisica\/wp-json\/wp\/v2\/tags?post=714"}],"curies":[{"name":"wp","href":"https:\/\/api.w.org\/{rel}","templated":true}]}}