{"id":1232,"date":"2023-04-03T12:51:32","date_gmt":"2023-04-03T15:51:32","guid":{"rendered":"https:\/\/www.ufsm.br\/cursos\/pos-graduacao\/santa-maria\/pgmec\/?page_id=1232"},"modified":"2026-03-17T17:05:34","modified_gmt":"2026-03-17T20:05:34","slug":"docentes","status":"publish","type":"page","link":"https:\/\/www.ufsm.br\/cursos\/pos-graduacao\/santa-maria\/pgmec\/docentes","title":{"rendered":"Docente permanente e colaborador(a)"},"content":{"rendered":"\n<figure class=\"wp-block-table\">\n<table style=\"width: 92.3727%;height: 782px\">\n<tbody>\n<tr style=\"height: 23px\">\n<td style=\"width: 225px;height: 23px\"><strong>Docente permanente<\/strong><\/td>\n<td style=\"width: 298px;height: 23px\"><strong>Departamento<\/strong><\/td>\n<td style=\"width: 260px;height: 23px\"><strong>E-mail<\/strong><\/td>\n<\/tr>\n<tr style=\"height: 46px\">\n<td style=\"width: 225px;height: 46px\"><a href=\"https:\/\/buscatextual.cnpq.br\/buscatextual\/visualizacv.do?id=K4201236Z8&amp;tokenCaptchar=03AFcWeA7h6BvZARb3vppt5GPWa7vpC-laRN6U09W_vsl3bgavILI3nA_mhHpe4IDRihCrvTsIPs0DQu0ylYvxqZbf3MCjn9_X8PjGrg-NjpsxeC5LKQSRGa4hoVS-_Fk2gPh0L9HG9XJYQhn9rGa4ylxIt9Nbic8cEpbmM_ZLXzs8_bQcFPAEBwdm1QiSK8C1-lkAnwAUTadsPP_M_rnic1AT2OGhr644Twq6TmmyPHhsjiYygSLQ7dF8kUZS558i-MTrol3c31WffC1K56Vu2AP6bSxsRbcHVFPVll9f77j7He9Doz0GYIsfYgS0Cv4ewGV8ef3K4ASFoVnsoonLLt7w2a8YERupHWYDh3imV_L7odD3XHVoS54X0N6EMFRG53uFqEa81cLzFumFOR-6FRNerw6CC7BtKB0xyLgZvjvM1WCbCfMioj-IMnNMYZJD5XlzHOpwAEiZzb-y_Qz_IUzPcQxhaQh1mLSND_mboUxe63dtjbGGZ6rV0uOdlVTg2hJyuiH5rr_QSZzFRGbQCTcfWs3sgah7HMJR5KYAf2KVPcm6oltQCs-aFpKZrXqcGuR4BkVGg4anDIm2K7lHGzhMoJQQbMp7s2uM9nz0H1Fksg_jeP2EzPHvZwCuTbvb6uzSJ7GhuU62PPXwi7LmR46TWkyldTae946Md2AzCS59S24FrnLJfuKS8xEbgjhLQ_pOCyJPqal7\">Alexandre Aparecido Buenos<\/a><\/td>\n<td style=\"width: 298px;height: 46px\">DEPTO. ENGENHARIA MEC\u00c2NICA \u2013 DEM<\/td>\n<td style=\"width: 260px;height: 46px\">alexandre.buenos@ufsm.br<\/td>\n<\/tr>\n<tr style=\"height: 46px\">\n<td style=\"width: 225px;height: 46px\"><a href=\"https:\/\/ufsmpublica.ufsm.br\/docente\/17835\" target=\"_blank\" rel=\"noreferrer noopener\">Carlos Eduardo Guex Falc\u00e3o<\/a><\/td>\n<td style=\"width: 298px;height: 46px\">DEPTO. ENGENHARIA MEC\u00c2NICA \u2013 DEM<\/td>\n<td style=\"width: 260px;height: 46px\">cegfalcao@gmail.com<\/td>\n<\/tr>\n<tr style=\"height: 46px\">\n<td style=\"width: 225px;height: 46px\"><a href=\"https:\/\/ufsmpublica.ufsm.br\/docente\/16487\" target=\"_blank\" rel=\"noreferrer noopener\">Cristiano Jose Scheuer<\/a><\/td>\n<td style=\"width: 298px;height: 46px\">DEPTO. ENGENHARIA MEC\u00c2NICA \u2013 DEM<\/td>\n<td style=\"width: 260px;height: 46px\">cristiano.scheuer@gmail.com<\/td>\n<\/tr>\n<tr style=\"height: 46px\">\n<td style=\"width: 225px;height: 46px\"><a href=\"https:\/\/ufsmpublica.ufsm.br\/docente\/16441\" target=\"_blank\" rel=\"noreferrer noopener\">Daniel Fernando Tello Gamarra<\/a><\/td>\n<td style=\"width: 298px;height: 46px\">DEPTO. PROCESSAMENTO DE ENERGIA EL\u00c9TRICA &#8211; DPEE<\/td>\n<td style=\"width: 260px;height: 46px\">fernandotg99@gmail.com<\/td>\n<\/tr>\n<tr style=\"height: 46px\">\n<td style=\"width: 225px;height: 46px\"><a href=\"https:\/\/ufsmpublica.ufsm.br\/docente\/18115\" target=\"_blank\" rel=\"noreferrer noopener\">Eduardo Xavier Barreto<\/a><\/td>\n<td style=\"width: 298px;height: 46px\">DEPTO. ENGENHARIA MEC\u00c2NICA \u2013 DEM<\/td>\n<td style=\"width: 260px;height: 46px\">eduardo.barreto@ufsm.br<\/td>\n<\/tr>\n<tr style=\"height: 46px\">\n<td style=\"width: 225px;height: 46px\"><a href=\"https:\/\/ufsmpublica.ufsm.br\/docente\/18059\" target=\"_blank\" rel=\"noreferrer noopener\">Giuliano Demarco<\/a><\/td>\n<td style=\"width: 298px;height: 46px\">DEPTO. ENGENHARIA MEC\u00c2NICA \u2013 DEM<\/td>\n<td style=\"width: 260px;height: 46px\">giuliano.demarco@ufsm.br<\/td>\n<\/tr>\n<tr style=\"height: 46px\">\n<td style=\"width: 225px;height: 46px\"><a href=\"https:\/\/ufsmpublica.ufsm.br\/docente\/23178\" target=\"_blank\" rel=\"noreferrer noopener\">Maikson Luiz Passaia Tonatto<\/a><\/td>\n<td style=\"width: 298px;height: 46px\">Coordena\u00e7\u00e3o Acad\u00eamica \u2013 UFSM-CS<\/td>\n<td style=\"width: 260px;height: 46px\">maikson.tonatto@ufsm.br<\/td>\n<\/tr>\n<tr style=\"height: 46px\">\n<td style=\"width: 225px;height: 46px\"><a href=\"https:\/\/ufsmpublica.ufsm.br\/docente\/14915\" target=\"_blank\" rel=\"noreferrer noopener\">Mario Eduardo Santos Martins<\/a><\/td>\n<td style=\"width: 298px;height: 46px\">DEPTO. ENGENHARIA MEC\u00c2NICA \u2013 DEM<\/td>\n<td style=\"width: 260px;height: 46px\">mario.martins@ufsm.br<\/td>\n<\/tr>\n<tr style=\"height: 46px\">\n<td style=\"width: 225px;height: 46px\"><a href=\"https:\/\/ufsmpublica.ufsm.br\/docente\/18642\" target=\"_blank\" rel=\"noreferrer noopener\">Nat\u00e1lia de Freitas Daudt<\/a><\/td>\n<td style=\"width: 298px;height: 46px\">DEPTO. ENGENHARIA MEC\u00c2NICA \u2013 DEM<\/td>\n<td style=\"width: 260px;height: 46px\">natalia.daudt@ufsm.br<\/td>\n<\/tr>\n<tr style=\"height: 46px\">\n<td style=\"width: 225px;height: 46px\"><a href=\"https:\/\/ufsmpublica.ufsm.br\/docente\/16760\" target=\"_blank\" rel=\"noreferrer noopener\">Paulo Henrique Mareze<\/a><\/td>\n<td style=\"width: 298px;height: 46px\">DEPTO. ESTRUTURAS E CONSTRU\u00c7\u00c3O CIVIL \u2013 DECC<\/td>\n<td style=\"width: 260px;height: 46px\">paulo.mareze@eac.ufsm.br<\/td>\n<\/tr>\n<tr style=\"height: 46px\">\n<td style=\"width: 225px;height: 46px\"><a href=\"https:\/\/ufsmpublica.ufsm.br\/docente\/23620\" target=\"_blank\" rel=\"noreferrer noopener\">Thompson Di\u00f3rdinis Metzka Lanzanova<\/a><\/td>\n<td style=\"width: 298px;height: 46px\">DEPTO. ENGENHARIA MEC\u00c2NICA \u2013 DEM<\/td>\n<td style=\"width: 260px;height: 46px\">thompson.lanzanova@ufsm.br<\/td>\n<\/tr>\n<tr style=\"height: 46px\">\n<td style=\"width: 225px;height: 46px\"><a href=\"https:\/\/ufsmpublica.ufsm.br\/docente\/18807\" target=\"_blank\" rel=\"noreferrer noopener\">Tiago dos Santos<\/a><\/td>\n<td style=\"width: 298px;height: 46px\">DEPTO. ENGENHARIA MEC\u00c2NICA \u2013 DEM<\/td>\n<td style=\"width: 260px;height: 46px\">tiago.santos@ufsm.br<\/td>\n<\/tr>\n<tr style=\"height: 46px\">\n<td style=\"width: 225px;height: 46px\"><strong>Docente colaborador<\/strong><\/td>\n<td style=\"width: 298px;height: 46px\"><strong>Departamento<\/strong><\/td>\n<td style=\"width: 260px;height: 46px\"><strong>E-mail<\/strong><\/td>\n<\/tr>\n<tr style=\"height: 46px\">\n<td style=\"width: 225px;height: 46px\"><a href=\"https:\/\/ufsmpublica.ufsm.br\/docente\/15340\" target=\"_blank\" rel=\"noreferrer noopener\">Claiton Moro Franchi<\/a><\/td>\n<td style=\"width: 298px;height: 46px\">DEPTO. PROCESSAMENTO DE ENERGIA EL\u00c9TRICA &#8211; DPEE<\/td>\n<td style=\"width: 260px;height: 46px\">claiton.franchi@gmail.com<\/td>\n<\/tr>\n<tr style=\"height: 46px\">\n<td style=\"width: 225px;height: 46px\"><a href=\"https:\/\/ufsmpublica.ufsm.br\/docente\/13782\" target=\"_blank\" rel=\"noreferrer noopener\">Lucio Strazzabosco Dorneles<\/a><\/td>\n<td style=\"width: 298px;height: 46px\">DEPTO. F\u00cdSICA \u2013 DFSC<\/td>\n<td style=\"width: 260px;height: 46px\">lucio.dorneles@ufsm.br<\/td>\n<\/tr>\n<tr style=\"height: 46px\">\n<td style=\"width: 225px;height: 46px\"><a href=\"https:\/\/ufsmpublica.ufsm.br\/docente\/25901\" target=\"_blank\" rel=\"noopener\">Roberto Aizik Tenenbaum<\/a><\/td>\n<td style=\"width: 298px;height: 46px\">DEPTO. DE ESTRUTURAS E CONSTRU\u00c7\u00c3O CIVIL<\/td>\n<td style=\"width: 260px;height: 46px\">\n<p>ratenenbaum@gmail.com<\/p>\n<\/td>\n<\/tr>\n<tr style=\"height: 23px\">\n<td style=\"width: 225px;height: 23px\"><a href=\"https:\/\/ufsmpublica.ufsm.br\/docente\/18259\" target=\"_blank\" rel=\"noreferrer noopener\">Tiago Martinuzzi Buriol<\/a><\/td>\n<td style=\"width: 298px;height: 23px\">DEPTO DE MATEM\u00c1TICA &#8211; DMTM<\/td>\n<td style=\"width: 260px;height: 23px\">tiago.buriol@ufsm.br<\/td>\n<\/tr>\n<\/tbody>\n<\/table>\n<\/figure>\n","protected":false},"excerpt":{"rendered":"<p>Docente permanente Departamento E-mail Alexandre Aparecido Buenos DEPTO. ENGENHARIA MEC\u00c2NICA \u2013 DEM alexandre.buenos@ufsm.br Carlos Eduardo Guex Falc\u00e3o DEPTO. ENGENHARIA MEC\u00c2NICA \u2013 DEM cegfalcao@gmail.com Cristiano Jose Scheuer DEPTO. ENGENHARIA MEC\u00c2NICA \u2013 DEM cristiano.scheuer@gmail.com Daniel Fernando Tello Gamarra DEPTO. PROCESSAMENTO DE ENERGIA EL\u00c9TRICA &#8211; DPEE fernandotg99@gmail.com Eduardo Xavier Barreto DEPTO. ENGENHARIA MEC\u00c2NICA \u2013 DEM eduardo.barreto@ufsm.br Giuliano Demarco [&hellip;]<\/p>\n","protected":false},"author":488,"featured_media":0,"parent":0,"menu_order":0,"comment_status":"closed","ping_status":"closed","template":"","meta":{"footnotes":""},"categories":[],"tags":[],"class_list":["post-1232","page","type-page","status-publish","hentry"],"acf":[],"_links":{"self":[{"href":"https:\/\/www.ufsm.br\/cursos\/pos-graduacao\/santa-maria\/pgmec\/wp-json\/wp\/v2\/pages\/1232","targetHints":{"allow":["GET"]}}],"collection":[{"href":"https:\/\/www.ufsm.br\/cursos\/pos-graduacao\/santa-maria\/pgmec\/wp-json\/wp\/v2\/pages"}],"about":[{"href":"https:\/\/www.ufsm.br\/cursos\/pos-graduacao\/santa-maria\/pgmec\/wp-json\/wp\/v2\/types\/page"}],"author":[{"embeddable":true,"href":"https:\/\/www.ufsm.br\/cursos\/pos-graduacao\/santa-maria\/pgmec\/wp-json\/wp\/v2\/users\/488"}],"replies":[{"embeddable":true,"href":"https:\/\/www.ufsm.br\/cursos\/pos-graduacao\/santa-maria\/pgmec\/wp-json\/wp\/v2\/comments?post=1232"}],"version-history":[{"count":0,"href":"https:\/\/www.ufsm.br\/cursos\/pos-graduacao\/santa-maria\/pgmec\/wp-json\/wp\/v2\/pages\/1232\/revisions"}],"wp:attachment":[{"href":"https:\/\/www.ufsm.br\/cursos\/pos-graduacao\/santa-maria\/pgmec\/wp-json\/wp\/v2\/media?parent=1232"}],"wp:term":[{"taxonomy":"category","embeddable":true,"href":"https:\/\/www.ufsm.br\/cursos\/pos-graduacao\/santa-maria\/pgmec\/wp-json\/wp\/v2\/categories?post=1232"},{"taxonomy":"post_tag","embeddable":true,"href":"https:\/\/www.ufsm.br\/cursos\/pos-graduacao\/santa-maria\/pgmec\/wp-json\/wp\/v2\/tags?post=1232"}],"curies":[{"name":"wp","href":"https:\/\/api.w.org\/{rel}","templated":true}]}}