{"id":1257,"date":"2023-04-18T15:13:38","date_gmt":"2023-04-18T18:13:38","guid":{"rendered":"https:\/\/www.ufsm.br\/cursos\/pos-graduacao\/santa-maria\/pgmec\/?page_id=1257"},"modified":"2024-08-21T11:06:59","modified_gmt":"2024-08-21T14:06:59","slug":"formularios-e-requerimentos","status":"publish","type":"page","link":"https:\/\/www.ufsm.br\/cursos\/pos-graduacao\/santa-maria\/pgmec\/formularios-e-requerimentos","title":{"rendered":"Formul\u00e1rios e Requerimentos"},"content":{"rendered":"\n<p>O PGMec disponilibiza formul\u00e1rios e requerimentos do programa:<\/p>\n<ul>\n<li>\n<p>Modelo de <a href=\"https:\/\/www.ufsm.br\/app\/uploads\/sites\/595\/2023\/02\/Solicitacao-de-Docencia_OrientadaMECANICA.docx\" target=\"_blank\" rel=\"noopener\">Solicita\u00e7\u00e3o de Doc\u00eancia Orientada<\/a><\/p>\n<\/li>\n<li>\n<p>Modelo de <a href=\"https:\/\/www.ufsm.br\/app\/uploads\/sites\/595\/2023\/02\/Modelo_de_Plano_de_Trabalho_de_DOCENCIA-ORIENTADAPGMEC.docx\" target=\"_blank\" rel=\"noopener\">Plano de Doc\u00eancia<\/a><\/p>\n<\/li>\n<li>\n<p>Modelo de Relat\u00f3rio de Bolsistas \u2013 CAPES\/Demanda Social<\/p>\n<\/li>\n<li>\n<p><a href=\"https:\/\/www.ufsm.br\/app\/uploads\/sites\/595\/2023\/05\/Solicitacao-de-Coorientador_PGMec.docx\" target=\"_blank\" rel=\"noopener\">Solicita\u00e7\u00e3o de Coorientador<\/a><\/p>\n<\/li>\n<li>\n<p><a href=\"https:\/\/www.ufsm.br\/orgaos-suplementares\/biblioteca\/ficha-catalografica-2\" target=\"_blank\" rel=\"noopener\">Ficha Catalogr\u00e1fica para Teses e Disserta\u00e7\u00f5es<\/a><\/p>\n<\/li>\n<li>\n<p><a href=\"https:\/\/www.ufsm.br\/cursos\/pos-graduacao\/santa-maria\/ppgep\/wp-content\/uploads\/sites\/551\/2019\/04\/Formulariourgenciadiploma_OK_1.doc\" target=\"_blank\" rel=\"noopener noreferrer\">Formul\u00e1rio de Solicita\u00e7\u00e3o de Urg\u00eancia para Emiss\u00e3o de Diploma<\/a><\/p>\n<\/li>\n<li>\n<p><a href=\"https:\/\/www.ufsm.br\/pro-reitorias\/prpgp\/servicos\/cancelamento-de-curso-de-pos-graduacao\" target=\"_blank\" rel=\"noopener\">Orienta\u00e7\u00f5es para solicita\u00e7\u00e3o de cancelamento do curso<\/a><\/p>\n<\/li>\n<\/ul>\n","protected":false},"excerpt":{"rendered":"<p>O PGMec disponilibiza formul\u00e1rios e requerimentos do programa: Modelo de Solicita\u00e7\u00e3o de Doc\u00eancia Orientada Modelo de Plano de Doc\u00eancia Modelo de Relat\u00f3rio de Bolsistas \u2013 CAPES\/Demanda Social Solicita\u00e7\u00e3o de Coorientador Ficha Catalogr\u00e1fica para Teses e Disserta\u00e7\u00f5es Formul\u00e1rio de Solicita\u00e7\u00e3o de Urg\u00eancia para Emiss\u00e3o de Diploma Orienta\u00e7\u00f5es para solicita\u00e7\u00e3o de cancelamento do curso<\/p>\n","protected":false},"author":818,"featured_media":0,"parent":0,"menu_order":0,"comment_status":"closed","ping_status":"closed","template":"","meta":{"footnotes":""},"categories":[],"tags":[],"class_list":["post-1257","page","type-page","status-publish","hentry"],"acf":[],"_links":{"self":[{"href":"https:\/\/www.ufsm.br\/cursos\/pos-graduacao\/santa-maria\/pgmec\/wp-json\/wp\/v2\/pages\/1257","targetHints":{"allow":["GET"]}}],"collection":[{"href":"https:\/\/www.ufsm.br\/cursos\/pos-graduacao\/santa-maria\/pgmec\/wp-json\/wp\/v2\/pages"}],"about":[{"href":"https:\/\/www.ufsm.br\/cursos\/pos-graduacao\/santa-maria\/pgmec\/wp-json\/wp\/v2\/types\/page"}],"author":[{"embeddable":true,"href":"https:\/\/www.ufsm.br\/cursos\/pos-graduacao\/santa-maria\/pgmec\/wp-json\/wp\/v2\/users\/818"}],"replies":[{"embeddable":true,"href":"https:\/\/www.ufsm.br\/cursos\/pos-graduacao\/santa-maria\/pgmec\/wp-json\/wp\/v2\/comments?post=1257"}],"version-history":[{"count":0,"href":"https:\/\/www.ufsm.br\/cursos\/pos-graduacao\/santa-maria\/pgmec\/wp-json\/wp\/v2\/pages\/1257\/revisions"}],"wp:attachment":[{"href":"https:\/\/www.ufsm.br\/cursos\/pos-graduacao\/santa-maria\/pgmec\/wp-json\/wp\/v2\/media?parent=1257"}],"wp:term":[{"taxonomy":"category","embeddable":true,"href":"https:\/\/www.ufsm.br\/cursos\/pos-graduacao\/santa-maria\/pgmec\/wp-json\/wp\/v2\/categories?post=1257"},{"taxonomy":"post_tag","embeddable":true,"href":"https:\/\/www.ufsm.br\/cursos\/pos-graduacao\/santa-maria\/pgmec\/wp-json\/wp\/v2\/tags?post=1257"}],"curies":[{"name":"wp","href":"https:\/\/api.w.org\/{rel}","templated":true}]}}