{"id":1295,"date":"2023-05-11T13:25:21","date_gmt":"2023-05-11T16:25:21","guid":{"rendered":"https:\/\/www.ufsm.br\/cursos\/pos-graduacao\/santa-maria\/pgmec\/?page_id=1295"},"modified":"2023-05-15T14:35:55","modified_gmt":"2023-05-15T17:35:55","slug":"dissertacoes-2021","status":"publish","type":"page","link":"https:\/\/www.ufsm.br\/cursos\/pos-graduacao\/santa-maria\/pgmec\/dissertacoes-2021","title":{"rendered":"Disserta\u00e7\u00f5es 2021"},"content":{"rendered":"\n<p>\u00a0<\/p>\n<table class=\"table table-striped table-bordered\">\n<tbody>\n<tr>\n<td>Discente: LEONARDO ROSO COLPO<\/td>\n<\/tr>\n<tr>\n<td>Orientador: MACKLINI DALLA NORA<\/td>\n<\/tr>\n<tr>\n<td>T\u00edtulo: <a href=\"https:\/\/sucupira.capes.gov.br\/sucupira\/public\/consultas\/coleta\/trabalhoConclusao\/viewTrabalhoConclusao.jsf?popup=true&amp;id_trabalho=11019508\" target=\"_blank\" rel=\"noopener\">PROJETO CONCEITUAL DE UM VE\u00cdCULO EL\u00c9TRICO DE PEQUENO PORTE PARA O TRANSPORTE URBANO INDIVIDUAL<\/a><\/td>\n<\/tr>\n<\/tbody>\n<\/table>\n<p><span style=\"font-size: revert;color: initial\">Retornar para p\u00e1gina <\/span><a style=\"font-size: revert\" href=\"https:\/\/www.ufsm.br\/cursos\/pos-graduacao\/santa-maria\/pgmec\/dissertacoes-defendidas-2\">Disserta\u00e7\u00f5es Defendidas<\/a><\/p>\n\n\n\n<p><\/p>\n","protected":false},"excerpt":{"rendered":"<p>\u00a0 Discente: LEONARDO ROSO COLPO Orientador: MACKLINI DALLA NORA T\u00edtulo: PROJETO CONCEITUAL DE UM VE\u00cdCULO EL\u00c9TRICO DE PEQUENO PORTE PARA O TRANSPORTE URBANO INDIVIDUAL Retornar para p\u00e1gina Disserta\u00e7\u00f5es Defendidas<\/p>\n","protected":false},"author":818,"featured_media":0,"parent":0,"menu_order":0,"comment_status":"closed","ping_status":"closed","template":"","meta":{"footnotes":""},"categories":[],"tags":[],"class_list":["post-1295","page","type-page","status-publish","hentry"],"acf":[],"_links":{"self":[{"href":"https:\/\/www.ufsm.br\/cursos\/pos-graduacao\/santa-maria\/pgmec\/wp-json\/wp\/v2\/pages\/1295","targetHints":{"allow":["GET"]}}],"collection":[{"href":"https:\/\/www.ufsm.br\/cursos\/pos-graduacao\/santa-maria\/pgmec\/wp-json\/wp\/v2\/pages"}],"about":[{"href":"https:\/\/www.ufsm.br\/cursos\/pos-graduacao\/santa-maria\/pgmec\/wp-json\/wp\/v2\/types\/page"}],"author":[{"embeddable":true,"href":"https:\/\/www.ufsm.br\/cursos\/pos-graduacao\/santa-maria\/pgmec\/wp-json\/wp\/v2\/users\/818"}],"replies":[{"embeddable":true,"href":"https:\/\/www.ufsm.br\/cursos\/pos-graduacao\/santa-maria\/pgmec\/wp-json\/wp\/v2\/comments?post=1295"}],"version-history":[{"count":0,"href":"https:\/\/www.ufsm.br\/cursos\/pos-graduacao\/santa-maria\/pgmec\/wp-json\/wp\/v2\/pages\/1295\/revisions"}],"wp:attachment":[{"href":"https:\/\/www.ufsm.br\/cursos\/pos-graduacao\/santa-maria\/pgmec\/wp-json\/wp\/v2\/media?parent=1295"}],"wp:term":[{"taxonomy":"category","embeddable":true,"href":"https:\/\/www.ufsm.br\/cursos\/pos-graduacao\/santa-maria\/pgmec\/wp-json\/wp\/v2\/categories?post=1295"},{"taxonomy":"post_tag","embeddable":true,"href":"https:\/\/www.ufsm.br\/cursos\/pos-graduacao\/santa-maria\/pgmec\/wp-json\/wp\/v2\/tags?post=1295"}],"curies":[{"name":"wp","href":"https:\/\/api.w.org\/{rel}","templated":true}]}}