{"id":1299,"date":"2023-05-11T13:31:32","date_gmt":"2023-05-11T16:31:32","guid":{"rendered":"https:\/\/www.ufsm.br\/cursos\/pos-graduacao\/santa-maria\/pgmec\/?page_id=1299"},"modified":"2024-03-15T11:26:32","modified_gmt":"2024-03-15T14:26:32","slug":"dissertacoes-2023","status":"publish","type":"page","link":"https:\/\/www.ufsm.br\/cursos\/pos-graduacao\/santa-maria\/pgmec\/dissertacoes-2023","title":{"rendered":"Disserta\u00e7\u00f5es 2023"},"content":{"rendered":"\n<p>\u00a0<\/p>\n<table class=\"table table-striped table-bordered\" style=\"width: 100%;height: 92px\">\n<tbody>\n<tr style=\"height: 23px\">\n<td style=\"height: 23px\">Discente: ANG\u00c9LICA PAOLA DE OLIVEIRA LOPES<\/td>\n<\/tr>\n<tr style=\"height: 23px\">\n<td style=\"height: 23px\">Orientador: CRISTIANO JOSE SCHEUER<\/td>\n<\/tr>\n<tr style=\"height: 46px\">\n<td style=\"height: 46px\">T\u00edtulo: <a href=\"https:\/\/sucupira.capes.gov.br\/sucupira\/public\/consultas\/coleta\/trabalhoConclusao\/viewTrabalhoConclusao.jsf?popup=true&amp;id_trabalho=14038917\" target=\"_blank\" rel=\"noopener\">INFLU\u00caNCIA DA VELOCIDADE DE DESLIZAMENTO E PRESS\u00c3O DE CONTATO SOBRE O DESEMPENHO TRIBOL\u00d3GICO DE A\u00c7OS FERRAMENTA PARA ESTAMPAGEM A FRIO<\/a><\/td>\n<\/tr>\n<\/tbody>\n<\/table>\n<p>\u00a0<\/p>\n<table class=\"table table-striped table-bordered\">\n<tbody>\n<tr style=\"height: 23px\">\n<td style=\"height: 23px\">Discente: ALESSANDRA JAIME NOSVITZ<\/td>\n<\/tr>\n<tr style=\"height: 23px\">\n<td style=\"height: 23px\">Orientador: LEONARDO NABAES ROMANO<\/td>\n<\/tr>\n<tr style=\"height: 46px\">\n<td style=\"height: 46px\">T\u00edtulo: <a href=\"https:\/\/sucupira.capes.gov.br\/sucupira\/public\/consultas\/coleta\/trabalhoConclusao\/viewTrabalhoConclusao.jsf?popup=true&amp;id_trabalho=14039960\" target=\"_blank\" rel=\"noopener\">MAPEAMENTO, DIAGN\u00d3STICO E N\u00cdVEL DE MATURIDADE DO PROCESSO DE MANUTEN\u00c7\u00c3O PRATICADO POR UMA EMPRESA DO RAMO DE SUPERMERCADOS<\/a><\/td>\n<\/tr>\n<\/tbody>\n<\/table>\n<p>\u00a0<\/p>\n<table class=\"table table-striped table-bordered\">\n<tbody>\n<tr style=\"height: 23px\">\n<td style=\"height: 23px\">Discente: EDUARDO RORATO GUARIENTI<\/td>\n<\/tr>\n<tr style=\"height: 23px\">\n<td style=\"height: 23px\">Orientador: LEONARDO NABAES ROMANO<\/td>\n<\/tr>\n<tr style=\"height: 46px\">\n<td style=\"height: 46px\">T\u00edtulo: <a href=\"https:\/\/sucupira.capes.gov.br\/sucupira\/public\/consultas\/coleta\/trabalhoConclusao\/viewTrabalhoConclusao.jsf?popup=true&amp;id_trabalho=14039126\" target=\"_blank\" rel=\"noopener\">CONTRIBUI\u00c7\u00d5ES CONCEITUAIS AO PROJETO DE MECANISMOS PARA A RETIRADA DA CASCA DE MANDIOCA<\/a><\/td>\n<\/tr>\n<\/tbody>\n<\/table>\n<p>\u00a0<\/p>\n<table class=\"table table-striped table-bordered\">\n<tbody>\n<tr style=\"height: 23px\">\n<td style=\"height: 23px\">Discente: FERNANDO HENZ MALDANER<\/td>\n<\/tr>\n<tr style=\"height: 23px\">\n<td style=\"height: 23px\">Orientador: CRISTIANO JOSE SCHEUER<\/td>\n<\/tr>\n<tr style=\"height: 46px\">\n<td style=\"height: 46px\">\n<p>T\u00edtulo: <a href=\"https:\/\/sucupira.capes.gov.br\/sucupira\/public\/consultas\/coleta\/trabalhoConclusao\/viewTrabalhoConclusao.jsf?popup=true&amp;id_trabalho=14039244\" target=\"_blank\" rel=\"noopener\">PROJETO DE UM TRIB\u00d4METRO PARA ENSAIOS DE DESGASTE E ATRITO POR DESLIZAMENTO SOB M\u00daLTIPLAS GEOMETRIAS DE CONTATO<\/a> (dispon\u00edvel a partir de 18\/10\/2025)<\/p>\n<\/td>\n<\/tr>\n<\/tbody>\n<\/table>\n<p>\u00a0<\/p>\n<table class=\"table table-striped table-bordered\" style=\"width: 100%;height: 69px\">\n<tbody>\n<tr style=\"height: 23px\">\n<td style=\"height: 23px\">Discente: IGOR FELIPE GRZYBOWSKI<\/td>\n<\/tr>\n<tr style=\"height: 23px\">\n<td style=\"height: 23px\">Orientador: ALEXANDRE APARECIDO BUENOS<\/td>\n<\/tr>\n<tr style=\"height: 23px\">\n<td style=\"height: 23px\">T\u00edtulo: <a href=\"https:\/\/sucupira.capes.gov.br\/sucupira\/public\/consultas\/coleta\/trabalhoConclusao\/viewTrabalhoConclusao.jsf?popup=true&amp;id_trabalho=14039293\" target=\"_blank\" rel=\"noopener\">AVALIA\u00c7\u00c3O DA INFLU\u00caNCIA DA VAZ\u00c3O DE G\u00c1S UTILIZADA NO PROCESSO GMAW NAS TENS\u00d5ES RESIDUAIS UTILIZANDO ONDAS LCR<\/a><\/td>\n<\/tr>\n<\/tbody>\n<\/table>\n<p>\u00a0<\/p>\n<table class=\"table table-striped table-bordered\">\n<tbody>\n<tr style=\"height: 23px\">\n<td style=\"height: 23px\">Discente: \u00cdGOR RODRIGUES DOS SANTOS<\/td>\n<\/tr>\n<tr style=\"height: 23px\">\n<td style=\"height: 23px\">Orientador: MARIO EDUARDO SANTOS MARTINS<\/td>\n<\/tr>\n<tr style=\"height: 23px\">\n<td style=\"height: 23px\">T\u00edtulo: <a href=\"https:\/\/sucupira.capes.gov.br\/sucupira\/public\/consultas\/coleta\/trabalhoConclusao\/viewTrabalhoConclusao.jsf?popup=true&amp;id_trabalho=14040097\" target=\"_blank\" rel=\"noopener\">PROJETO DE MOTOR MONOCILINDRO DE PESQUISAS TERMODIN\u00c2MICAS<\/a><\/td>\n<\/tr>\n<\/tbody>\n<\/table>\n<p>\u00a0<\/p>\n<table class=\"table table-striped table-bordered\">\n<tbody>\n<tr style=\"height: 23px\">\n<td style=\"height: 23px\">Discente: JANA\u00cdNA LIESENFELD<\/td>\n<\/tr>\n<tr style=\"height: 23px\">\n<td style=\"height: 23px\">Orientador: CRISTIANO JOSE SCHEUER<\/td>\n<\/tr>\n<tr style=\"height: 23px\">\n<td style=\"height: 23px\">T\u00edtulo: <a href=\"https:\/\/sucupira.capes.gov.br\/sucupira\/public\/consultas\/coleta\/trabalhoConclusao\/viewTrabalhoConclusao.jsf?popup=true&amp;id_trabalho=14039420\" target=\"_blank\" rel=\"noopener\">EFEITO DO P\u00d3S-PROCESSAMENTO POR RECOZIMENTO SOBRE AS PROPRIEDADES DO PLA IMPRESSO COM E SEM ADI\u00c7\u00c3O DE GRAFENO<\/a><\/td>\n<\/tr>\n<\/tbody>\n<\/table>\n<p>\u00a0<\/p>\n<table class=\"table table-striped table-bordered\">\n<tbody>\n<tr>\n<td>Discente: MARCELO ROBERTO JUNGBECK<\/td>\n<\/tr>\n<tr>\n<td>Orientador: CARLOS EDUARDO GUEX FALC\u00c3O<\/td>\n<\/tr>\n<tr>\n<td>T\u00edtulo: <a href=\"https:\/\/sucupira.capes.gov.br\/sucupira\/public\/consultas\/coleta\/trabalhoConclusao\/viewTrabalhoConclusao.jsf?popup=true&amp;id_trabalho=14040254\" target=\"_blank\" rel=\"noopener\">ESTUDO 3-D DO IMPACTO DA GEOMETRIA DOS DUTOS SOBRE O ESCOAMENTO DO AR NO LEITO POROSO EM SECADORES DE FLUXO MISTO<\/a><\/td>\n<\/tr>\n<\/tbody>\n<\/table>\n<p>\u00a0<\/p>\n<table class=\"table table-striped table-bordered\">\n<tbody>\n<tr>\n<td>Discente: MARCIO NILO TEODORO GALV\u00c3O<\/td>\n<\/tr>\n<tr>\n<td>Orientador: TIAGO DOS SANTOS<\/td>\n<\/tr>\n<tr>\n<td>T\u00edtulo: <a href=\"https:\/\/sucupira.capes.gov.br\/sucupira\/public\/consultas\/coleta\/trabalhoConclusao\/viewTrabalhoConclusao.jsf?popup=true&amp;id_trabalho=14039523\" target=\"_blank\" rel=\"noopener\">DETERMINA\u00c7\u00c3O DA RESIST\u00caNCIA MEC\u00c2NICA DE MATERIAIS POROSOS PLASTICAMENTE ORTOTR\u00d3PICOS VIA HOMOGENEIZA\u00c7\u00c3O COMPUTACIONAL<\/a><\/td>\n<\/tr>\n<\/tbody>\n<\/table>\n<p>\u00a0<\/p>\n<table class=\"table table-striped table-bordered\">\n<tbody>\n<tr>\n<td>Discente: MURILO DA ROSA AMORIM<\/td>\n<\/tr>\n<tr>\n<td>Orientador: LEONARDO NABAES ROMANO<\/td>\n<\/tr>\n<tr>\n<td>T\u00edtulo: <a href=\"https:\/\/sucupira.capes.gov.br\/sucupira\/public\/consultas\/coleta\/trabalhoConclusao\/viewTrabalhoConclusao.jsf?popup=true&amp;id_trabalho=14039618\" target=\"_blank\" rel=\"noopener\">SISTEMATIZA\u00c7\u00c3O DOS CONHECIMENTOS PARA O PROJETO DE UM REATOR DE CAVITA\u00c7\u00c3O HIDRODIN\u00c2MICA PARA APLICA\u00c7\u00c3O NO BENEFICIAMENTO DE CERVEJA DURANTE O PROCESSO DRY HOPPING<\/a><\/td>\n<\/tr>\n<\/tbody>\n<\/table>\n<p>\u00a0<\/p>\n<table class=\"table table-striped table-bordered\">\n<tbody>\n<tr>\n<td>Discente: PEDRO HENRIQUE MELO BOTTLENDER<\/td>\n<\/tr>\n<tr>\n<td>Orientador: GIULIANO DEMARCO<\/td>\n<\/tr>\n<tr>\n<td>T\u00edtulo: <a href=\"https:\/\/sucupira.capes.gov.br\/sucupira\/public\/consultas\/coleta\/trabalhoConclusao\/viewTrabalhoConclusao.jsf?popup=true&amp;id_trabalho=14039831\" target=\"_blank\" rel=\"noopener\">ESTUDO DA UTILIZA\u00c7\u00c3O DE CONCEITOS BIOMIM\u00c9TICOS EM PERFIS HIDRODIN\u00c2MICOS NACA 4412<\/a><\/td>\n<\/tr>\n<\/tbody>\n<\/table>\n<p>\u00a0<\/p>\n<table class=\"table table-striped table-bordered\" style=\"width: 100%;height: 92px\">\n<tbody>\n<tr style=\"height: 23px\">\n<td style=\"height: 23px\">Discente: VAGNER FLORES DE ALMEIDA<\/td>\n<\/tr>\n<tr style=\"height: 23px\">\n<td style=\"height: 23px\">Orientador: CARLOS EDUARDO GUEX FALC\u00c3O<\/td>\n<\/tr>\n<tr style=\"height: 46px\">\n<td style=\"height: 46px\">T\u00edtulo: <a href=\"https:\/\/sucupira.capes.gov.br\/sucupira\/public\/consultas\/coleta\/trabalhoConclusao\/viewTrabalhoConclusao.jsf?popup=true&amp;id_trabalho=14040355\" target=\"_blank\" rel=\"noopener\">ESTUDO NUM\u00c9RICO DA CONVEC\u00c7\u00c3O NATURAL EM UM BANCO DE TUBOS EL\u00cdPTICOS VERTICAIS<\/a><\/td>\n<\/tr>\n<\/tbody>\n<\/table>\n<p>\u00a0<\/p>\n<table class=\"table table-striped table-bordered\">\n<tbody>\n<tr>\n<td>Discente: VIN\u00cdCIUS ALMEIDA MAINARDI<\/td>\n<\/tr>\n<tr>\n<td>Orientador: CRISTIANO JOSE SCHEUER<\/td>\n<\/tr>\n<tr>\n<td>T\u00edtulo: <a href=\"https:\/\/sucupira.capes.gov.br\/sucupira\/public\/consultas\/coleta\/trabalhoConclusao\/viewTrabalhoConclusao.xhtml?popup=true&amp;id_trabalho=14507990\" target=\"_blank\" rel=\"noopener\">TRIBOCORROS\u00c3O DO A\u00c7O INOXID\u00c1VEL MARTENSITICO AISI 420 CEMENTADO POR PLASMA A BAIXA TEMPERATURA: SINERGIA EROS\u00c3O-CORROS\u00c3O<\/a>\u00a0<\/td>\n<\/tr>\n<\/tbody>\n<\/table>\n<p>\u00a0<\/p>\n<div class=\"entry-content\">\n<div class=\"entry-content\">\n<p>Retornar para p\u00e1gina\u00a0<a href=\"https:\/\/www.ufsm.br\/cursos\/pos-graduacao\/santa-maria\/pgmec\/dissertacoes-defendidas-2\">Disserta\u00e7\u00f5es Defendidas<\/a><\/p>\n<\/div>\n<\/div>\n","protected":false},"excerpt":{"rendered":"<p>\u00a0 Discente: ANG\u00c9LICA PAOLA DE OLIVEIRA LOPES Orientador: CRISTIANO JOSE SCHEUER T\u00edtulo: INFLU\u00caNCIA DA VELOCIDADE DE DESLIZAMENTO E PRESS\u00c3O DE CONTATO SOBRE O DESEMPENHO TRIBOL\u00d3GICO DE A\u00c7OS FERRAMENTA PARA ESTAMPAGEM A FRIO \u00a0 Discente: ALESSANDRA JAIME NOSVITZ Orientador: LEONARDO NABAES ROMANO T\u00edtulo: MAPEAMENTO, DIAGN\u00d3STICO E N\u00cdVEL DE MATURIDADE DO PROCESSO DE MANUTEN\u00c7\u00c3O PRATICADO POR UMA [&hellip;]<\/p>\n","protected":false},"author":818,"featured_media":0,"parent":0,"menu_order":0,"comment_status":"closed","ping_status":"closed","template":"","meta":{"footnotes":""},"categories":[],"tags":[],"class_list":["post-1299","page","type-page","status-publish","hentry"],"acf":[],"_links":{"self":[{"href":"https:\/\/www.ufsm.br\/cursos\/pos-graduacao\/santa-maria\/pgmec\/wp-json\/wp\/v2\/pages\/1299","targetHints":{"allow":["GET"]}}],"collection":[{"href":"https:\/\/www.ufsm.br\/cursos\/pos-graduacao\/santa-maria\/pgmec\/wp-json\/wp\/v2\/pages"}],"about":[{"href":"https:\/\/www.ufsm.br\/cursos\/pos-graduacao\/santa-maria\/pgmec\/wp-json\/wp\/v2\/types\/page"}],"author":[{"embeddable":true,"href":"https:\/\/www.ufsm.br\/cursos\/pos-graduacao\/santa-maria\/pgmec\/wp-json\/wp\/v2\/users\/818"}],"replies":[{"embeddable":true,"href":"https:\/\/www.ufsm.br\/cursos\/pos-graduacao\/santa-maria\/pgmec\/wp-json\/wp\/v2\/comments?post=1299"}],"version-history":[{"count":0,"href":"https:\/\/www.ufsm.br\/cursos\/pos-graduacao\/santa-maria\/pgmec\/wp-json\/wp\/v2\/pages\/1299\/revisions"}],"wp:attachment":[{"href":"https:\/\/www.ufsm.br\/cursos\/pos-graduacao\/santa-maria\/pgmec\/wp-json\/wp\/v2\/media?parent=1299"}],"wp:term":[{"taxonomy":"category","embeddable":true,"href":"https:\/\/www.ufsm.br\/cursos\/pos-graduacao\/santa-maria\/pgmec\/wp-json\/wp\/v2\/categories?post=1299"},{"taxonomy":"post_tag","embeddable":true,"href":"https:\/\/www.ufsm.br\/cursos\/pos-graduacao\/santa-maria\/pgmec\/wp-json\/wp\/v2\/tags?post=1299"}],"curies":[{"name":"wp","href":"https:\/\/api.w.org\/{rel}","templated":true}]}}