{"id":1301,"date":"2023-05-11T13:32:23","date_gmt":"2023-05-11T16:32:23","guid":{"rendered":"https:\/\/www.ufsm.br\/cursos\/pos-graduacao\/santa-maria\/pgmec\/?page_id=1301"},"modified":"2023-05-15T09:29:22","modified_gmt":"2023-05-15T12:29:22","slug":"dissertacoes-2022","status":"publish","type":"page","link":"https:\/\/www.ufsm.br\/cursos\/pos-graduacao\/santa-maria\/pgmec\/dissertacoes-2022","title":{"rendered":"Disserta\u00e7\u00f5es 2022"},"content":{"rendered":"\n<p>\u00a0<\/p>\n<table class=\"table table-striped table-bordered\">\n<tbody>\n<tr>\n<td>Discente: DIEGO MICHAEL CORNELIUS DOS SANTOS<\/td>\n<\/tr>\n<tr>\n<td>Orientador: NAT\u00c1LIA DE FREITAS DAUDT<\/td>\n<\/tr>\n<tr>\n<td>T\u00edtulo: <a href=\"https:\/\/sucupira.capes.gov.br\/sucupira\/public\/consultas\/coleta\/trabalhoConclusao\/viewTrabalhoConclusao.jsf?popup=true&amp;id_trabalho=11391275\" target=\"_blank\" rel=\"noopener\">AVALIA\u00c7\u00c3O MICROESTRUTURAL E MEC\u00c2NICA DE CHAPAS DE TI-16NB OBTIDA POR TAPE CASTING<\/a><\/td>\n<\/tr>\n<\/tbody>\n<\/table>\n<p>\u00a0<\/p>\n<table class=\"table table-striped table-bordered\" style=\"width: 100%;height: 69px\">\n<tbody>\n<tr style=\"height: 23px\">\n<td style=\"height: 23px\">Discente: FELIPE UGALDE PEREIRA<\/td>\n<\/tr>\n<tr style=\"height: 23px\">\n<td style=\"height: 23px\">Orientador: LEONARDO NABAES ROMANO<\/td>\n<\/tr>\n<tr style=\"height: 23px\">\n<td style=\"height: 23px\">T\u00edtulo: <a href=\"https:\/\/sucupira.capes.gov.br\/sucupira\/public\/consultas\/coleta\/trabalhoConclusao\/viewTrabalhoConclusao.jsf?popup=true&amp;id_trabalho=13436562\" target=\"_blank\" rel=\"noopener\">MODELAGEM DO PROCESSO DE PROJETO DE PRODUTO DE UMA EMPRESA DE ESTRUTURAS MET\u00c1LICAS PARA SUPORTE DE M\u00d3DULOS FOTOVOLTAICOS<\/a><\/td>\n<\/tr>\n<\/tbody>\n<\/table>\n<p>\u00a0<\/p>\n<table class=\"table table-striped table-bordered\">\n<tbody>\n<tr>\n<td>Discente: FERNANDA SIGNOR<\/td>\n<\/tr>\n<tr>\n<td>Orientador: NAT\u00c1LIA DE FREITAS DAUDT<\/td>\n<\/tr>\n<tr>\n<td>T\u00edtulo: <a href=\"https:\/\/sucupira.capes.gov.br\/sucupira\/public\/consultas\/coleta\/trabalhoConclusao\/viewTrabalhoConclusao.jsf?popup=true&amp;id_trabalho=13436321\" target=\"_blank\" rel=\"noopener\">PRODU\u00c7\u00c3O E CARACTERIZA\u00c7\u00c3O DE LIGAS DE TI-NB SINTERIZADOS EM SAL FUNDIDO<\/a><\/td>\n<\/tr>\n<\/tbody>\n<\/table>\n<p>\u00a0<\/p>\n<table class=\"table table-striped table-bordered\">\n<tbody>\n<tr>\n<td>Discente: JO\u00c3O LUCAS ZAIONS<\/td>\n<\/tr>\n<tr>\n<td>Orientador: MARIO EDUARDO SANTOS MARTINS<\/td>\n<\/tr>\n<tr>\n<td>T\u00edtulo: <a href=\"https:\/\/sucupira.capes.gov.br\/sucupira\/public\/consultas\/coleta\/trabalhoConclusao\/viewTrabalhoConclusao.jsf?popup=true&amp;id_trabalho=13437032\" target=\"_blank\" rel=\"noopener\">EGR INTERNA PARA REDU\u00c7\u00c3O DO TRABALHO DE BOMBEAMENTO EM UM MOTOR IGNI\u00c7\u00c3O POR CENTELHA DE INJE\u00c7\u00c3O DIRETA<\/a><\/td>\n<\/tr>\n<\/tbody>\n<\/table>\n<p>\u00a0<\/p>\n<table class=\"table table-striped table-bordered\">\n<tbody>\n<tr>\n<td>Discente: MAUR\u00cdCIO BELCHOR BARCELOS<\/td>\n<\/tr>\n<tr>\n<td>Orientador: CRISTIANO JOSE SCHEUER<\/td>\n<\/tr>\n<tr>\n<td>T\u00edtulo: <a href=\"https:\/\/sucupira.capes.gov.br\/sucupira\/public\/consultas\/coleta\/trabalhoConclusao\/viewTrabalhoConclusao.jsf?popup=true&amp;id_trabalho=13437587\" target=\"_blank\" rel=\"noopener\">AVALIA\u00c7\u00c3O DA VIDA DAFERRAMENTA E MECANISMOS DE DESGASTE NO TORNEAMENTO CONVENCIONAL E DEALTO AVAN\u00c7O DA ZONA TERMICAMENTE AFETADA PELO CORTE T\u00c9RMICO PR\u00c9VIO NO A\u00c7OABNT NBR 6655 GRAU LN 280<\/a><\/td>\n<\/tr>\n<\/tbody>\n<\/table>\n<p>\u00a0<\/p>\n<table class=\"table table-striped table-bordered\">\n<tbody>\n<tr>\n<td>Discente: S\u00c9RGIO AUGUSTO FERRAZZA DA SILVA<\/td>\n<\/tr>\n<tr>\n<td>Orientador: ALEXANDRE APARECIDO BUENOS<\/td>\n<\/tr>\n<tr>\n<td>T\u00edtulo: <a href=\"https:\/\/sucupira.capes.gov.br\/sucupira\/public\/consultas\/coleta\/trabalhoConclusao\/viewTrabalhoConclusao.jsf?popup=true&amp;id_trabalho=13409368\" target=\"_blank\" rel=\"noopener\">OTIMIZA\u00c7\u00c3O DA SELE\u00c7\u00c3O DE PAR\u00c2METROS ATRAV\u00c9S DO M\u00c9TODO DE TAGUCHI PARA SOLDAGEM EM A\u00c7O DIN EN 10025-2 S275JR-AR PELO PROCESSO GMAW ROBOTIZADO<\/a><\/td>\n<\/tr>\n<\/tbody>\n<\/table>\n<p>Retornar para p\u00e1gina\u00a0<a href=\"https:\/\/www.ufsm.br\/cursos\/pos-graduacao\/santa-maria\/pgmec\/dissertacoes-defendidas-2\">Disserta\u00e7\u00f5es Defendidas<\/a><\/p>\n","protected":false},"excerpt":{"rendered":"<p>\u00a0 Discente: DIEGO MICHAEL CORNELIUS DOS SANTOS Orientador: NAT\u00c1LIA DE FREITAS DAUDT T\u00edtulo: AVALIA\u00c7\u00c3O MICROESTRUTURAL E MEC\u00c2NICA DE CHAPAS DE TI-16NB OBTIDA POR TAPE CASTING \u00a0 Discente: FELIPE UGALDE PEREIRA Orientador: LEONARDO NABAES ROMANO T\u00edtulo: MODELAGEM DO PROCESSO DE PROJETO DE PRODUTO DE UMA EMPRESA DE ESTRUTURAS MET\u00c1LICAS PARA SUPORTE DE M\u00d3DULOS FOTOVOLTAICOS \u00a0 Discente: [&hellip;]<\/p>\n","protected":false},"author":818,"featured_media":0,"parent":0,"menu_order":0,"comment_status":"closed","ping_status":"closed","template":"","meta":{"footnotes":""},"categories":[],"tags":[],"class_list":["post-1301","page","type-page","status-publish","hentry"],"acf":[],"_links":{"self":[{"href":"https:\/\/www.ufsm.br\/cursos\/pos-graduacao\/santa-maria\/pgmec\/wp-json\/wp\/v2\/pages\/1301","targetHints":{"allow":["GET"]}}],"collection":[{"href":"https:\/\/www.ufsm.br\/cursos\/pos-graduacao\/santa-maria\/pgmec\/wp-json\/wp\/v2\/pages"}],"about":[{"href":"https:\/\/www.ufsm.br\/cursos\/pos-graduacao\/santa-maria\/pgmec\/wp-json\/wp\/v2\/types\/page"}],"author":[{"embeddable":true,"href":"https:\/\/www.ufsm.br\/cursos\/pos-graduacao\/santa-maria\/pgmec\/wp-json\/wp\/v2\/users\/818"}],"replies":[{"embeddable":true,"href":"https:\/\/www.ufsm.br\/cursos\/pos-graduacao\/santa-maria\/pgmec\/wp-json\/wp\/v2\/comments?post=1301"}],"version-history":[{"count":0,"href":"https:\/\/www.ufsm.br\/cursos\/pos-graduacao\/santa-maria\/pgmec\/wp-json\/wp\/v2\/pages\/1301\/revisions"}],"wp:attachment":[{"href":"https:\/\/www.ufsm.br\/cursos\/pos-graduacao\/santa-maria\/pgmec\/wp-json\/wp\/v2\/media?parent=1301"}],"wp:term":[{"taxonomy":"category","embeddable":true,"href":"https:\/\/www.ufsm.br\/cursos\/pos-graduacao\/santa-maria\/pgmec\/wp-json\/wp\/v2\/categories?post=1301"},{"taxonomy":"post_tag","embeddable":true,"href":"https:\/\/www.ufsm.br\/cursos\/pos-graduacao\/santa-maria\/pgmec\/wp-json\/wp\/v2\/tags?post=1301"}],"curies":[{"name":"wp","href":"https:\/\/api.w.org\/{rel}","templated":true}]}}