{"id":1436,"date":"2023-10-26T11:51:35","date_gmt":"2023-10-26T14:51:35","guid":{"rendered":"https:\/\/www.ufsm.br\/cursos\/pos-graduacao\/santa-maria\/pgmec\/?page_id=1436"},"modified":"2024-07-09T10:12:03","modified_gmt":"2024-07-09T13:12:03","slug":"edital-n-031-2023-25-de-outubro-de-2023-nivel-mestrado","status":"publish","type":"page","link":"https:\/\/www.ufsm.br\/cursos\/pos-graduacao\/santa-maria\/pgmec\/edital-n-031-2023-25-de-outubro-de-2023-nivel-mestrado","title":{"rendered":"Edital N. 031\/2023, 25 de outubro de 2023, N\u00edvel Mestrado (1\u00aa janela)"},"content":{"rendered":"\n<p>As Coordena\u00e7\u00f5es dos Cursos e Programas de P\u00f3s-Gradua\u00e7\u00e3o e a Pr\u00f3-Reitoria de P\u00f3s-gradua\u00e7\u00e3o e Pesquisa (PRPGP) tornam p\u00fablico o edital de processo seletivo de P\u00f3s-gradua\u00e7\u00e3o, em n\u00edvel de Doutorado, Mestrado e Especializa\u00e7\u00e3o, para ingresso no 1\u00ba semestre letivo de 2024.<\/p>\n<p><strong>Per\u00edodo de inscri\u00e7\u00f5es: de 30 de outubro at\u00e9 27 de novembro de 2023 (1\u00aa janela).<\/strong><\/p>\n<p>As altera\u00e7\u00f5es do edital por meio de adendos, erratas ou retifica\u00e7\u00f5es, ser\u00e3o divulgadas sempre que necess\u00e1rias\u00a0na\u00a0<a href=\"https:\/\/www.ufsm.br\/pro-reitorias\/prpgp\/editais\/031-2023\" target=\"_blank\" rel=\"noopener\">p\u00e1gina web do Edital N. 031\/2023<\/a>.<\/p>\n<p>As inscri\u00e7\u00f5es ser\u00e3o exclusivamente via web, no endere\u00e7o eletr\u00f4nico\u00a0da\u00a0<a href=\"https:\/\/www.ufsm.br\/pro-reitorias\/prpgp\/editais\/031-2023\" target=\"_blank\" rel=\"noopener\">p\u00e1gina web do Edital N. 031\/2023<\/a>.<\/p>\n<p>Para esclarecer d\u00favidas sobre o edital espec\u00edfico, atendimento pessoal no campus da UFSM, pr\u00e9dio 08 (INPE) sala 2057 ou encaminhamento da d\u00favida via telefone (55 3220-8619) ou por e-mail (ppgep@ufsm.br).\u00a0<\/p>\n<p>A P\u00f3s-Gradua\u00e7\u00e3o em Engenharia Mec\u00e2nica, N\u00edvel Mestrado, ofertar\u00e1 25(vinte e cinco) vagas.<\/p>\n<ul>\n<li>\n<p><a href=\"https:\/\/www.ufsm.br\/app\/uploads\/sites\/345\/2023\/10\/1-EDIT_031_2023.pdf\" target=\"_blank\" rel=\"noopener\">EDITAL GERAL Edital N. 031\/2023<\/a>, 25 de outubro de 2023, edital da Pr\u00f3-Reitoria de P\u00f3s-Gradua\u00e7\u00e3o e Pesquisa (PRPGP); (26\/10\/2023)<\/p>\n<\/li>\n<li>\n<p><a href=\"https:\/\/www.ufsm.br\/app\/uploads\/sites\/345\/2023\/10\/MEST_ENG_MEC_031_2023.pdf\" target=\"_blank\" rel=\"noopener\">EDITAL ESPEC\u00cdFICO \u2013 MESTRADO EM ENGENHARIA MEC\u00c2NICA<\/a>; (26\/10\/2023)<\/p>\n<\/li>\n<li>\n<p><a href=\"https:\/\/www.ufsm.br\/app\/uploads\/sites\/345\/2023\/10\/MEST_ENG_MEC_1JAN_031_2023.pdf\" target=\"_blank\" rel=\"noopener\">1\u00aa janela: Vagas e Cronograma<\/a>; (26\/10\/2023)<\/p>\n<\/li>\n<li>\n<p>Os documentos (ficha de inscri\u00e7\u00e3o, planilha do CV e carta de motiva\u00e7\u00e3o) relacionados ao processo seletivo do PGMec est\u00e3o dispon\u00edveis <a href=\"https:\/\/www.ufsm.br\/cursos\/pos-graduacao\/santa-maria\/pgmec\/editais\/003-2023\" target=\"_blank\" rel=\"noopener\">aqui<\/a>; (26\/10\/2023);<\/p>\n<\/li>\n<li>\n<p>Calend\u00e1rio das entrevistas dispon\u00edvel\u00a0<a href=\"https:\/\/www.ufsm.br\/app\/uploads\/sites\/595\/2023\/10\/CalendarioEntrevistas_Janela1_Site.pdf\" target=\"_blank\" rel=\"noopener\">aqui<\/a>; (11\/12\/2023)<\/p>\n<\/li>\n<li>\n<p>Divulga\u00e7\u00e3o dos resultados preliminares antes do prazo de pedido de reconsidera\u00e7\u00e3o, resultados dispon\u00edveis <a href=\"https:\/\/www.ufsm.br\/app\/uploads\/sites\/595\/2023\/09\/ResultadoSelecaoInterna_Janela1_V1.pdf\" target=\"_blank\" rel=\"noopener\">aqui<\/a>; (22\/12\/2023)<\/p>\n<\/li>\n<li>\n<p><a href=\"https:\/\/www.ufsm.br\/app\/uploads\/sites\/595\/2023\/09\/ResultadoSelecaoInterna_Janela1_V1.pdf\" target=\"_blank\" rel=\"noopener\">Rela\u00e7\u00e3o Pr\u00e9via dos candidatos classificados<\/a> antes do per\u00edodo previsto \u00e0 interposi\u00e7\u00e3o de recurso administrativo; (11\/01\/2024)<\/p>\n<\/li>\n<\/ul>\n<p>O(A) candidato(a) que desejar contestar o resultado da sele\u00e7\u00e3o divulgado pela PRPGP poder\u00e1 interpor recurso administrativo ao Colegiado do PGMEc, a partir da data da publica\u00e7\u00e3o do resultado pela PRPGP (dia 24\/01\/2024) at\u00e9 o prazo definido no cronograma deste edital (at\u00e9 dia 26 \/01\/2024), conforme <a href=\"https:\/\/www.ufsm.br\/app\/uploads\/sites\/345\/2023\/10\/1-EDIT_031_2023.pdf\" target=\"_blank\" rel=\"noopener\">item 3.4 do Edital Geral,<\/a> enviar e-mail para pgmec@ufsm.br<\/p>\n<ul>\n<li>\n<p>\u00c9 responsabilidade do candidato acompanhar as atualiza\u00e7\u00f5es e respectivo cronograma de atividades do edital na p\u00e1gina da PRPGP no link\u00a0<a href=\"https:\/\/www.ufsm.br\/pro-reitorias\/prpgp\/editais\/031-2023\" target=\"_blank\" rel=\"noopener\">aqui<\/a>; (11\/01\/2024)<\/p>\n<\/li>\n<\/ul>\n","protected":false},"excerpt":{"rendered":"<p>As Coordena\u00e7\u00f5es dos Cursos e Programas de P\u00f3s-Gradua\u00e7\u00e3o e a Pr\u00f3-Reitoria de P\u00f3s-gradua\u00e7\u00e3o e Pesquisa (PRPGP) tornam p\u00fablico o edital de processo seletivo de P\u00f3s-gradua\u00e7\u00e3o, em n\u00edvel de Doutorado, Mestrado e Especializa\u00e7\u00e3o, para ingresso no 1\u00ba semestre letivo de 2024. Per\u00edodo de inscri\u00e7\u00f5es: de 30 de outubro at\u00e9 27 de novembro de 2023 (1\u00aa janela). [&hellip;]<\/p>\n","protected":false},"author":818,"featured_media":0,"parent":0,"menu_order":0,"comment_status":"closed","ping_status":"closed","template":"","meta":{"footnotes":""},"categories":[],"tags":[],"class_list":["post-1436","page","type-page","status-publish","hentry"],"acf":[],"_links":{"self":[{"href":"https:\/\/www.ufsm.br\/cursos\/pos-graduacao\/santa-maria\/pgmec\/wp-json\/wp\/v2\/pages\/1436","targetHints":{"allow":["GET"]}}],"collection":[{"href":"https:\/\/www.ufsm.br\/cursos\/pos-graduacao\/santa-maria\/pgmec\/wp-json\/wp\/v2\/pages"}],"about":[{"href":"https:\/\/www.ufsm.br\/cursos\/pos-graduacao\/santa-maria\/pgmec\/wp-json\/wp\/v2\/types\/page"}],"author":[{"embeddable":true,"href":"https:\/\/www.ufsm.br\/cursos\/pos-graduacao\/santa-maria\/pgmec\/wp-json\/wp\/v2\/users\/818"}],"replies":[{"embeddable":true,"href":"https:\/\/www.ufsm.br\/cursos\/pos-graduacao\/santa-maria\/pgmec\/wp-json\/wp\/v2\/comments?post=1436"}],"version-history":[{"count":0,"href":"https:\/\/www.ufsm.br\/cursos\/pos-graduacao\/santa-maria\/pgmec\/wp-json\/wp\/v2\/pages\/1436\/revisions"}],"wp:attachment":[{"href":"https:\/\/www.ufsm.br\/cursos\/pos-graduacao\/santa-maria\/pgmec\/wp-json\/wp\/v2\/media?parent=1436"}],"wp:term":[{"taxonomy":"category","embeddable":true,"href":"https:\/\/www.ufsm.br\/cursos\/pos-graduacao\/santa-maria\/pgmec\/wp-json\/wp\/v2\/categories?post=1436"},{"taxonomy":"post_tag","embeddable":true,"href":"https:\/\/www.ufsm.br\/cursos\/pos-graduacao\/santa-maria\/pgmec\/wp-json\/wp\/v2\/tags?post=1436"}],"curies":[{"name":"wp","href":"https:\/\/api.w.org\/{rel}","templated":true}]}}