{"id":1517,"date":"2024-03-15T11:28:38","date_gmt":"2024-03-15T14:28:38","guid":{"rendered":"https:\/\/www.ufsm.br\/cursos\/pos-graduacao\/santa-maria\/pgmec\/?page_id=1517"},"modified":"2025-01-15T11:27:51","modified_gmt":"2025-01-15T14:27:51","slug":"dissertacoes-2024","status":"publish","type":"page","link":"https:\/\/www.ufsm.br\/cursos\/pos-graduacao\/santa-maria\/pgmec\/dissertacoes-2024","title":{"rendered":"Disserta\u00e7\u00f5es 2024"},"content":{"rendered":"\n<p>\u00a0<\/p>\n<table class=\"table table-striped table-bordered\">\n<tbody>\n<tr>\n<td>Discente: AQUILES DA SILVA SCHAUENBERG<\/td>\n<\/tr>\n<tr>\n<td>Orientador: MAIKSON LUIZ PASSAIA TONATTO<\/td>\n<\/tr>\n<tr>\n<td>T\u00edtulo: <a href=\"https:\/\/sucupira-legado.capes.gov.br\/sucupira\/public\/consultas\/coleta\/trabalhoConclusao\/viewTrabalhoConclusao.xhtml?popup=true&amp;id_trabalho=15636352\" target=\"_blank\" rel=\"noopener\">PREVIS\u00c3O DO GRADIENTE T\u00c9RMICO E DIMENS\u00d5ES DO CORD\u00c3O DE SOLDA NO PROCESSO DE SOLDAGEM GMAW: ABORDAGEM NUM\u00c9RICA E EXPERIMENTAL<\/a><\/td>\n<\/tr>\n<\/tbody>\n<\/table>\n<p>\u00a0<\/p>\n<table class=\"table table-striped table-bordered\">\n<tbody>\n<tr>\n<td>Discente: CRISTIAN DOUGLAS ROSA DA SILVA<\/td>\n<\/tr>\n<tr>\n<td>Orientador: MARIO EDUARDO SANTOS MARTINS<\/td>\n<\/tr>\n<tr>\n<td>T\u00edtulo: <a href=\"https:\/\/sucupira-legado.capes.gov.br\/sucupira\/public\/consultas\/coleta\/trabalhoConclusao\/viewTrabalhoConclusao.xhtml?popup=true&amp;id_trabalho=15636654\" target=\"_blank\" rel=\"noopener\">DESENVOLVIMENTO DE UMA C\u00c2MARA DE COMBUST\u00c3O PARA COMBUST\u00cdVEIS A BASE DE METANO EM MOTORES DE IGNI\u00c7\u00c3O POR CENTELHA<\/a><\/td>\n<\/tr>\n<\/tbody>\n<\/table>\n<p>\u00a0<\/p>\n<table class=\"table table-striped table-bordered\">\n<tbody>\n<tr>\n<td>Discente: EDUARDO TURRA MOOS<\/td>\n<\/tr>\n<tr>\n<td>Orientador: TIAGO DOS SANTOS<\/td>\n<\/tr>\n<tr>\n<td>T\u00edtulo: <a href=\"https:\/\/sucupira-legado.capes.gov.br\/sucupira\/public\/consultas\/coleta\/trabalhoConclusao\/viewTrabalhoConclusao.xhtml?popup=true&amp;id_trabalho=15636927\" target=\"_blank\" rel=\"noopener\">AN\u00c1LISE NUM\u00c9RICA MULTIESCALA DE MEIOS POROSOS ELASTO-PL\u00c1STICOS USANDO O M\u00c9TODO FE\u00b2 DIRETO<\/a><\/td>\n<\/tr>\n<\/tbody>\n<\/table>\n<p>\u00a0<\/p>\n<table class=\"table table-striped table-bordered\" style=\"width: 100%;height: 69px\">\n<tbody>\n<tr style=\"height: 23px\">\n<td style=\"height: 23px\">Discente: FELIPE RANIERE REIS FERREIRA<\/td>\n<\/tr>\n<tr style=\"height: 23px\">\n<td style=\"height: 23px\">Orientador: GIULIANO DEMARCO<\/td>\n<\/tr>\n<tr style=\"height: 23px\">\n<td style=\"height: 23px\">T\u00edtulo: <a href=\"https:\/\/sucupira-legado.capes.gov.br\/sucupira\/public\/consultas\/coleta\/trabalhoConclusao\/viewTrabalhoConclusao.xhtml?popup=true&amp;id_trabalho=15543712\" target=\"_blank\" rel=\"noopener\">ESTUDO DO BIOMIMETISMO DA ASA DA TESOURINHA APLICADO AO PERFIL AERODIN\u00c2MICO NACA 4412<\/a><\/td>\n<\/tr>\n<\/tbody>\n<\/table>\n<p>\u00a0<\/p>\n<table class=\"table table-striped table-bordered\" style=\"width: 100%;height: 92px\">\n<tbody>\n<tr style=\"height: 23px\">\n<td style=\"height: 23px\">Discente: IURI HERMES MULLER<\/td>\n<\/tr>\n<tr style=\"height: 23px\">\n<td style=\"height: 23px\">Orientador: MAIKSON LUIZ PASSAIA TONATTO<\/td>\n<\/tr>\n<tr style=\"height: 46px\">\n<td style=\"height: 46px\">T\u00edtulo: <a href=\"https:\/\/sucupira-legado.capes.gov.br\/sucupira\/public\/consultas\/coleta\/trabalhoConclusao\/viewTrabalhoConclusao.xhtml?popup=true&amp;id_trabalho=15635934\" target=\"_blank\" rel=\"noopener\">IMPLEMENTA\u00c7\u00c3O DE MODELO SUBSTITUTO PARA OTIMIZA\u00c7\u00c3O ESTRUTURAL BASEADA EM REDE NEURAL ARTIFICIAL E ALGORITMO GEN\u00c9TICO<\/a><\/td>\n<\/tr>\n<\/tbody>\n<\/table>\n<p>\u00a0<\/p>\n<table class=\"table table-striped table-bordered\">\n<tbody>\n<tr style=\"height: 23px\">\n<td style=\"height: 23px\">Discente: JULIANO HERTZ KNOB<\/td>\n<\/tr>\n<tr style=\"height: 23px\">\n<td style=\"height: 23px\">Orientador: TIAGO DOS SANTOS<\/td>\n<\/tr>\n<tr style=\"height: 46px\">\n<td style=\"height: 46px\">T\u00edtulo: <a href=\"https:\/\/sucupira-legado.capes.gov.br\/sucupira\/public\/consultas\/coleta\/trabalhoConclusao\/viewTrabalhoConclusao.xhtml?popup=true&amp;id_trabalho=15543619\" target=\"_blank\" rel=\"noopener\">HOMOGENEIZA\u00c7\u00c3O NUM\u00c9RICA PARA A AVALIA\u00c7\u00c3O DA RESIST\u00caNCIA MEC\u00c2NICA DE MATERIAIS POROSOS COM MATRIZ DE VON MISES E POROS ESFEROIDAIS<\/a><\/td>\n<\/tr>\n<\/tbody>\n<\/table>\n<p>\u00a0<\/p>\n<table class=\"table table-striped table-bordered\">\n<tbody>\n<tr style=\"height: 23px\">\n<td style=\"height: 23px\">Discente: MAICON LUIS SILVEIRA DOS SANTOS<\/td>\n<\/tr>\n<tr style=\"height: 23px\">\n<td style=\"height: 23px\">Orientador: ALEXANDRE APARECIDO BUENOS<\/td>\n<\/tr>\n<tr style=\"height: 46px\">\n<td style=\"height: 46px\">T\u00edtulo: ESTUDO DE DESGASTE EM TRANSPORTADORES HELICOIDAIS EMPREGADOS NA MOVIMENTA\u00c7\u00c3O DE GR\u00c3OS (aguardando entrega do material final)<\/td>\n<\/tr>\n<\/tbody>\n<\/table>\n<p>\u00a0<\/p>\n<table class=\"table table-striped table-bordered\" style=\"width: 100%;height: 92px\">\n<tbody>\n<tr style=\"height: 23px\">\n<td style=\"height: 23px\">Discente: MATHEUS STRAPASSON<\/td>\n<\/tr>\n<tr style=\"height: 23px\">\n<td style=\"height: 23px\">Orientador: MARIO EDUARDO SANTOS MARTINS<\/td>\n<\/tr>\n<tr style=\"height: 46px\">\n<td style=\"height: 46px\">T\u00edtulo: <a href=\"https:\/\/sucupira-legado.capes.gov.br\/sucupira\/public\/consultas\/coleta\/trabalhoConclusao\/viewTrabalhoConclusao.xhtml?popup=true&amp;id_trabalho=15543366\" target=\"_blank\" rel=\"noopener\">PROJETO DE BLOCO, ACIONAMENTO DE V\u00c1LVULAS E SISTEMA DE LUBRIFICA\u00c7\u00c3O PARA MOTOR MONOCIL\u00cdNDRICO DE PESQUISA<\/a><\/td>\n<\/tr>\n<\/tbody>\n<\/table>\n<p>\u00a0<\/p>\n<table class=\"table table-striped table-bordered\">\n<tbody>\n<tr>\n<td>Discente: MOISES XAVIER GUIMARAES VALENTIM<\/td>\n<\/tr>\n<tr>\n<td>Orientadora: NATALIA DE FREITAS DAUDT<\/td>\n<\/tr>\n<tr>\n<td>T\u00edtulo: <a href=\"https:\/\/sucupira-legado.capes.gov.br\/sucupira\/public\/consultas\/coleta\/trabalhoConclusao\/viewTrabalhoConclusao.xhtml?popup=true&amp;id_trabalho=15543013\" target=\"_blank\" rel=\"noopener\">CARACTERIZA\u00c7\u00c3O E DESENVOLVIMENTO DE BORRACHAS PARA ALMOFADAS DE VE\u00cdCULOS MILITARES SOB LAGARTAS<\/a><\/td>\n<\/tr>\n<\/tbody>\n<\/table>\n<p>\u00a0<\/p>\n<table class=\"table table-striped table-bordered\">\n<tbody>\n<tr>\n<td>Discente: RUDIMAR LUIS BECKER<\/td>\n<\/tr>\n<tr>\n<td>Orientador: CRISTIANO JOSE SCHEUER<\/td>\n<\/tr>\n<tr>\n<td>T\u00edtulo: MANUFATURA ADITIVA POR DEPOSI\u00c7\u00c3O A ARCO DO ARAME AWS ER 308L Si: INFLU\u00caNCIA DA TRAJET\u00d3RIA DE DEPOSI\u00c7\u00c3O NA MICROESTRUTURA, MICRODUREZA, E NO DESEMPENHO TRIBOL\u00d3GICO E \u00c0 CORROS\u00c3O DAS PR\u00c9-FORMAS (aguardando entrega do material final)<\/td>\n<\/tr>\n<\/tbody>\n<\/table>\n<p>\u00a0<\/p>\n<div class=\"entry-content\">\n<div class=\"entry-content\">\n<div class=\"entry-content\">\n<p>Retornar para p\u00e1gina\u00a0<a href=\"https:\/\/www.ufsm.br\/cursos\/pos-graduacao\/santa-maria\/pgmec\/dissertacoes-defendidas-2\">Disserta\u00e7\u00f5es Defendidas<\/a><\/p>\n<\/div>\n<\/div>\n<\/div>\n","protected":false},"excerpt":{"rendered":"<p>\u00a0 Discente: AQUILES DA SILVA SCHAUENBERG Orientador: MAIKSON LUIZ PASSAIA TONATTO T\u00edtulo: PREVIS\u00c3O DO GRADIENTE T\u00c9RMICO E DIMENS\u00d5ES DO CORD\u00c3O DE SOLDA NO PROCESSO DE SOLDAGEM GMAW: ABORDAGEM NUM\u00c9RICA E EXPERIMENTAL \u00a0 Discente: CRISTIAN DOUGLAS ROSA DA SILVA Orientador: MARIO EDUARDO SANTOS MARTINS T\u00edtulo: DESENVOLVIMENTO DE UMA C\u00c2MARA DE COMBUST\u00c3O PARA COMBUST\u00cdVEIS A BASE DE [&hellip;]<\/p>\n","protected":false},"author":818,"featured_media":0,"parent":0,"menu_order":0,"comment_status":"closed","ping_status":"closed","template":"","meta":{"footnotes":""},"categories":[],"tags":[],"class_list":["post-1517","page","type-page","status-publish","hentry"],"acf":[],"_links":{"self":[{"href":"https:\/\/www.ufsm.br\/cursos\/pos-graduacao\/santa-maria\/pgmec\/wp-json\/wp\/v2\/pages\/1517","targetHints":{"allow":["GET"]}}],"collection":[{"href":"https:\/\/www.ufsm.br\/cursos\/pos-graduacao\/santa-maria\/pgmec\/wp-json\/wp\/v2\/pages"}],"about":[{"href":"https:\/\/www.ufsm.br\/cursos\/pos-graduacao\/santa-maria\/pgmec\/wp-json\/wp\/v2\/types\/page"}],"author":[{"embeddable":true,"href":"https:\/\/www.ufsm.br\/cursos\/pos-graduacao\/santa-maria\/pgmec\/wp-json\/wp\/v2\/users\/818"}],"replies":[{"embeddable":true,"href":"https:\/\/www.ufsm.br\/cursos\/pos-graduacao\/santa-maria\/pgmec\/wp-json\/wp\/v2\/comments?post=1517"}],"version-history":[{"count":0,"href":"https:\/\/www.ufsm.br\/cursos\/pos-graduacao\/santa-maria\/pgmec\/wp-json\/wp\/v2\/pages\/1517\/revisions"}],"wp:attachment":[{"href":"https:\/\/www.ufsm.br\/cursos\/pos-graduacao\/santa-maria\/pgmec\/wp-json\/wp\/v2\/media?parent=1517"}],"wp:term":[{"taxonomy":"category","embeddable":true,"href":"https:\/\/www.ufsm.br\/cursos\/pos-graduacao\/santa-maria\/pgmec\/wp-json\/wp\/v2\/categories?post=1517"},{"taxonomy":"post_tag","embeddable":true,"href":"https:\/\/www.ufsm.br\/cursos\/pos-graduacao\/santa-maria\/pgmec\/wp-json\/wp\/v2\/tags?post=1517"}],"curies":[{"name":"wp","href":"https:\/\/api.w.org\/{rel}","templated":true}]}}