{"id":1755,"date":"2025-04-15T09:51:20","date_gmt":"2025-04-15T12:51:20","guid":{"rendered":"https:\/\/www.ufsm.br\/cursos\/pos-graduacao\/santa-maria\/pgmec\/?page_id=1755"},"modified":"2025-07-07T17:01:41","modified_gmt":"2025-07-07T20:01:41","slug":"edital-n-065-2024-processo-seletivo-de-pos-graduacao-para-ingresso-no-2o-semestre-de-2025","status":"publish","type":"page","link":"https:\/\/www.ufsm.br\/cursos\/pos-graduacao\/santa-maria\/pgmec\/edital-n-065-2024-processo-seletivo-de-pos-graduacao-para-ingresso-no-2o-semestre-de-2025","title":{"rendered":"Edital N. 065\/2024, 30 de setembro de 2024, N\u00edvel Mestrado (3\u00aa janela)"},"content":{"rendered":"\n<p>As Coordena\u00e7\u00f5es dos Cursos e Programas de P\u00f3s-Gradua\u00e7\u00e3o e a Pr\u00f3-Reitoria de P\u00f3s-gradua\u00e7\u00e3o e Pesquisa (PRPGP) tornam p\u00fablico o edital de processo seletivo de P\u00f3s-gradua\u00e7\u00e3o, em n\u00edvel de Doutorado, Mestrado e Especializa\u00e7\u00e3o, para ingresso em 2025.<\/p>\n<p><strong>Per\u00edodo de inscri\u00e7\u00f5es: de 20 de maio at\u00e9 16 de junho (3\u00aa janela de 2025).<\/strong><\/p>\n<p>As altera\u00e7\u00f5es do edital por meio de adendos, erratas ou retifica\u00e7\u00f5es, ser\u00e3o divulgadas sempre que necess\u00e1rias\u00a0na\u00a0p\u00e1gina web do\u00a0<a href=\"https:\/\/www.ufsm.br\/pro-reitorias\/prpgp\/editais\/065-2024\" target=\"_blank\" rel=\"noopener\">Edital N. 065\/2024<\/a>.<\/p>\n<p>As inscri\u00e7\u00f5es ser\u00e3o exclusivamente via web, no endere\u00e7o eletr\u00f4nico da p\u00e1gina web do Edital N. 065\/2024, no link <a href=\"https:\/\/portal.ufsm.br\/concursos\/inscricao\/opcoes.html?edicao=5081\" target=\"_blank\" rel=\"noopener\">https:\/\/portal.ufsm.br\/concursos\/inscricao\/opcoes.html?edicao=5081<\/a>.<\/p>\n<p>Para esclarecer d\u00favidas sobre o edital espec\u00edfico, atendimento pessoal no campus da UFSM, pr\u00e9dio 08 (INPE) sala 2057 ou encaminhamento da d\u00favida via telefone (55 3220-8619) ou por e-mail (pgmec@ufsm.br).\u00a0<\/p>\n<p>A P\u00f3s-Gradua\u00e7\u00e3o em Engenharia Mec\u00e2nica, N\u00edvel Mestrado, ofertar\u00e1 25 (vinte e cinco) vagas.<\/p>\n<ul>\n<li>\n<p>Para acessar o EDITAL GERAL Edital N. 065\/2024 e respectivas RETIFICA\u00c7\u00d5ES, acesse o link\u00a0<a href=\"https:\/\/www.ufsm.br\/pro-reitorias\/prpgp\/editais\/065-2024\" target=\"_blank\" rel=\"noopener\">https:\/\/www.ufsm.br\/pro-reitorias\/prpgp\/editais\/065-2024<\/a>; (01\/10\/2024)<\/p>\n<\/li>\n<li>\n<p><a href=\"https:\/\/www.ufsm.br\/app\/uploads\/sites\/345\/2024\/09\/MEST_ENGMEC_065_2024.pdf\" target=\"_blank\" rel=\"noopener\">EDITAL ESPEC\u00cdFICO \u2013 MESTRADO EM ENGENHARIA MEC\u00c2NICA<\/a>; (01\/10\/2024)<\/p>\n<\/li>\n<li>\n<p><a href=\"https:\/\/www.ufsm.br\/app\/uploads\/sites\/345\/2024\/09\/3J_MEST_ENGMEC_065_2024.pdf\" target=\"_blank\" rel=\"noopener\">3\u00aa janela: Vagas e Cronograma<\/a>; (19\/05\/2025)<\/p>\n<\/li>\n<li>Documentos relacionados ao processo seletivo do PGMec para download:<\/li>\n<\/ul>\n<p>(1)\u00a0<a href=\"https:\/\/www.ufsm.br\/app\/uploads\/sites\/595\/2024\/10\/FichaInscricao_PGMEC_2025-1.pdf\" target=\"_blank\" rel=\"noopener\">Ficha de inscri\u00e7\u00e3o em PDF<\/a>;<br \/>\u00a0 \u00a0 \u00a0<a href=\"https:\/\/www.ufsm.br\/app\/uploads\/sites\/595\/2024\/10\/FichaInscricao_PGMEC_2025-1.docx\" target=\"_blank\" rel=\"noopener\">Ficha de inscri\u00e7\u00e3o edit\u00e1vel<\/a>;<br \/>(2)\u00a0<a href=\"https:\/\/www.ufsm.br\/app\/uploads\/sites\/595\/2024\/10\/PlanilhaAvaliacaoCV_PGMEC_2025-1.pdf\" target=\"_blank\" rel=\"noopener\">Planilha do CV em PDF<\/a>;<br \/>\u00a0 \u00a0 \u00a0<a href=\"https:\/\/www.ufsm.br\/app\/uploads\/sites\/595\/2024\/10\/PlanilhaAvaliacaoCV_PGMEC_2025-1.docx\" target=\"_blank\" rel=\"noopener\">Planilha do CV edit\u00e1vel<\/a>;<br \/>(3)\u00a0<a href=\"https:\/\/www.ufsm.br\/app\/uploads\/sites\/595\/2024\/10\/CartaMotivacao_PGMEC_2025-1.docx\" target=\"_blank\" rel=\"noopener\">Carta de motiva\u00e7\u00e3o<\/a>;<\/p>\n<div class=\"entry-content\">\n<ul>\n<li>\n<p>Calend\u00e1rio das entrevistas dispon\u00edvel\u00a0<a href=\"https:\/\/www.ufsm.br\/app\/uploads\/sites\/595\/2024\/10\/Calendario-Entrevistas-Janela-3.pdf\" target=\"_blank\" rel=\"noopener\">aqui<\/a>; (25\/06\/2025)<\/p>\n<\/li>\n<li>\n<p>Divulga\u00e7\u00e3o dos resultados preliminares antes do prazo de pedido de reconsidera\u00e7\u00e3o, resultados dispon\u00edveis\u00a0<a href=\"https:\/\/www.ufsm.br\/app\/uploads\/sites\/595\/2024\/10\/ResultadoPreliminar_v1.pdf\" target=\"_blank\" rel=\"noopener\">aqui<\/a>; (07\/07\/2025)<\/p>\n<\/li>\n<li>\n<p>\u00c9 responsabilidade do(a) candidato(a) acompanhar as atualiza\u00e7\u00f5es e publica\u00e7\u00f5es do edital na p\u00e1gina da PRPGP no link\u00a0<a href=\"https:\/\/www.ufsm.br\/pro-reitorias\/prpgp\/editais\/065-2024\" target=\"_blank\" rel=\"noopener\">aqui<\/a>; (07\/07\/2025)<\/p>\n<\/li>\n<\/ul>\n<\/div>\n\n\n\n<p><\/p>\n","protected":false},"excerpt":{"rendered":"<p>As Coordena\u00e7\u00f5es dos Cursos e Programas de P\u00f3s-Gradua\u00e7\u00e3o e a Pr\u00f3-Reitoria de P\u00f3s-gradua\u00e7\u00e3o e Pesquisa (PRPGP) tornam p\u00fablico o edital de processo seletivo de P\u00f3s-gradua\u00e7\u00e3o, em n\u00edvel de Doutorado, Mestrado e Especializa\u00e7\u00e3o, para ingresso em 2025. Per\u00edodo de inscri\u00e7\u00f5es: de 20 de maio at\u00e9 16 de junho (3\u00aa janela de 2025). As altera\u00e7\u00f5es do edital [&hellip;]<\/p>\n","protected":false},"author":818,"featured_media":0,"parent":0,"menu_order":0,"comment_status":"closed","ping_status":"closed","template":"","meta":{"footnotes":""},"categories":[],"tags":[],"class_list":["post-1755","page","type-page","status-publish","hentry"],"acf":[],"_links":{"self":[{"href":"https:\/\/www.ufsm.br\/cursos\/pos-graduacao\/santa-maria\/pgmec\/wp-json\/wp\/v2\/pages\/1755","targetHints":{"allow":["GET"]}}],"collection":[{"href":"https:\/\/www.ufsm.br\/cursos\/pos-graduacao\/santa-maria\/pgmec\/wp-json\/wp\/v2\/pages"}],"about":[{"href":"https:\/\/www.ufsm.br\/cursos\/pos-graduacao\/santa-maria\/pgmec\/wp-json\/wp\/v2\/types\/page"}],"author":[{"embeddable":true,"href":"https:\/\/www.ufsm.br\/cursos\/pos-graduacao\/santa-maria\/pgmec\/wp-json\/wp\/v2\/users\/818"}],"replies":[{"embeddable":true,"href":"https:\/\/www.ufsm.br\/cursos\/pos-graduacao\/santa-maria\/pgmec\/wp-json\/wp\/v2\/comments?post=1755"}],"version-history":[{"count":0,"href":"https:\/\/www.ufsm.br\/cursos\/pos-graduacao\/santa-maria\/pgmec\/wp-json\/wp\/v2\/pages\/1755\/revisions"}],"wp:attachment":[{"href":"https:\/\/www.ufsm.br\/cursos\/pos-graduacao\/santa-maria\/pgmec\/wp-json\/wp\/v2\/media?parent=1755"}],"wp:term":[{"taxonomy":"category","embeddable":true,"href":"https:\/\/www.ufsm.br\/cursos\/pos-graduacao\/santa-maria\/pgmec\/wp-json\/wp\/v2\/categories?post=1755"},{"taxonomy":"post_tag","embeddable":true,"href":"https:\/\/www.ufsm.br\/cursos\/pos-graduacao\/santa-maria\/pgmec\/wp-json\/wp\/v2\/tags?post=1755"}],"curies":[{"name":"wp","href":"https:\/\/api.w.org\/{rel}","templated":true}]}}