{"id":1851,"date":"2026-03-16T22:05:07","date_gmt":"2026-03-17T01:05:07","guid":{"rendered":"https:\/\/www.ufsm.br\/cursos\/pos-graduacao\/santa-maria\/pgmec\/?page_id=1851"},"modified":"2026-03-16T22:05:08","modified_gmt":"2026-03-17T01:05:08","slug":"urgencia-para-emissao-de-diploma-da-pos-graduacao","status":"publish","type":"page","link":"https:\/\/www.ufsm.br\/cursos\/pos-graduacao\/santa-maria\/pgmec\/urgencia-para-emissao-de-diploma-da-pos-graduacao","title":{"rendered":"Urg\u00eancia para emiss\u00e3o de diploma da p\u00f3s-gradua\u00e7\u00e3o"},"content":{"rendered":"\n<p>O interessado em acelerar o processo de emiss\u00e3o de Diploma\/Certificado dever\u00e1 preencher o\u00a0<a href=\"https:\/\/www.ufsm.br\/app\/uploads\/sites\/345\/2018\/08\/Formulario-UrgenciaDiplomaCertificado-PG.doc\">formul\u00e1rio de solicita\u00e7\u00e3o de urg\u00eancia<\/a> e anexar a documenta\u00e7\u00e3o comprobat\u00f3ria para esta urg\u00eancia. Em seguida, dever\u00e1 envi\u00e1-lo\/lev\u00e1-lo \u00e0 Secretaria do curso (pgmec@ufsm.br) para homologa\u00e7\u00e3o da Coordena\u00e7\u00e3o\/Secretaria do Curso e ser anexado ao processo de defesa com a ata de defesa para encaminhamento \u00e0 PRPGP.<\/p>\n<p>Os motivos mais comuns reconhecidos como urg\u00eancia para a expedi\u00e7\u00e3o do diploma s\u00e3o os que constam no formul\u00e1rio, listados abaixo, sendo aceitos outros motivos, desde que comprovados.<\/p>\n<ul>\n<li>Aprova\u00e7\u00e3o\/Posse em Concurso P\u00fablico;<\/li>\n<li>Para progress\u00e3o\/titula\u00e7\u00e3o externa \u00e0 UFSM<strong>\u00a0<\/strong>(para servidores da UFSM poder\u00e1 ser usada a ata de defesa homologada pela Coordena\u00e7\u00e3o do PPG\/CPG ou e acordo com normativa de progress\u00e3o atual da PROGEP);<\/li>\n<li>Para ingresso em Curso de outra IES.<\/li>\n<\/ul>\n","protected":false},"excerpt":{"rendered":"<p>O interessado em acelerar o processo de emiss\u00e3o de Diploma\/Certificado dever\u00e1 preencher o\u00a0formul\u00e1rio de solicita\u00e7\u00e3o de urg\u00eancia e anexar a documenta\u00e7\u00e3o comprobat\u00f3ria para esta urg\u00eancia. Em seguida, dever\u00e1 envi\u00e1-lo\/lev\u00e1-lo \u00e0 Secretaria do curso (pgmec@ufsm.br) para homologa\u00e7\u00e3o da Coordena\u00e7\u00e3o\/Secretaria do Curso e ser anexado ao processo de defesa com a ata de defesa para encaminhamento \u00e0 [&hellip;]<\/p>\n","protected":false},"author":818,"featured_media":0,"parent":0,"menu_order":0,"comment_status":"closed","ping_status":"closed","template":"","meta":{"footnotes":""},"categories":[],"tags":[],"class_list":["post-1851","page","type-page","status-publish","hentry"],"acf":[],"_links":{"self":[{"href":"https:\/\/www.ufsm.br\/cursos\/pos-graduacao\/santa-maria\/pgmec\/wp-json\/wp\/v2\/pages\/1851","targetHints":{"allow":["GET"]}}],"collection":[{"href":"https:\/\/www.ufsm.br\/cursos\/pos-graduacao\/santa-maria\/pgmec\/wp-json\/wp\/v2\/pages"}],"about":[{"href":"https:\/\/www.ufsm.br\/cursos\/pos-graduacao\/santa-maria\/pgmec\/wp-json\/wp\/v2\/types\/page"}],"author":[{"embeddable":true,"href":"https:\/\/www.ufsm.br\/cursos\/pos-graduacao\/santa-maria\/pgmec\/wp-json\/wp\/v2\/users\/818"}],"replies":[{"embeddable":true,"href":"https:\/\/www.ufsm.br\/cursos\/pos-graduacao\/santa-maria\/pgmec\/wp-json\/wp\/v2\/comments?post=1851"}],"version-history":[{"count":0,"href":"https:\/\/www.ufsm.br\/cursos\/pos-graduacao\/santa-maria\/pgmec\/wp-json\/wp\/v2\/pages\/1851\/revisions"}],"wp:attachment":[{"href":"https:\/\/www.ufsm.br\/cursos\/pos-graduacao\/santa-maria\/pgmec\/wp-json\/wp\/v2\/media?parent=1851"}],"wp:term":[{"taxonomy":"category","embeddable":true,"href":"https:\/\/www.ufsm.br\/cursos\/pos-graduacao\/santa-maria\/pgmec\/wp-json\/wp\/v2\/categories?post=1851"},{"taxonomy":"post_tag","embeddable":true,"href":"https:\/\/www.ufsm.br\/cursos\/pos-graduacao\/santa-maria\/pgmec\/wp-json\/wp\/v2\/tags?post=1851"}],"curies":[{"name":"wp","href":"https:\/\/api.w.org\/{rel}","templated":true}]}}