{"id":1886,"date":"2026-03-17T18:35:55","date_gmt":"2026-03-17T21:35:55","guid":{"rendered":"https:\/\/www.ufsm.br\/cursos\/pos-graduacao\/santa-maria\/pgmec\/?page_id=1886"},"modified":"2026-03-18T18:48:30","modified_gmt":"2026-03-18T21:48:30","slug":"bolsa-de-estudo","status":"publish","type":"page","link":"https:\/\/www.ufsm.br\/cursos\/pos-graduacao\/santa-maria\/pgmec\/bolsa-de-estudo","title":{"rendered":"Bolsa de estudo"},"content":{"rendered":"\n<p dir=\"ltr\">A Pr\u00f3-Reitoria de P\u00f3s-Gradua\u00e7\u00e3o e Pesquisa, atrav\u00e9s do N\u00facleo de Sele\u00e7\u00e3o e Bolsas da P\u00f3s-Gradua\u00e7\u00e3o (NSB\/CPG), acompanha e executa alguns programas de bolsas de mestrado, doutorado e p\u00f3s-doutorado.<\/p>\n<p dir=\"ltr\">Cada programa de p\u00f3s-gradua\u00e7\u00e3o acad\u00eamico pode ter um determinado n\u00famero de bolsas para atendimento a alunos de mestrado, doutorado e pesquisadores. As bolsas s\u00e3o concedidas por ag\u00eancias federais e estaduais de fomento (CAPES, CNPq, FAPERGS, etc) ou ainda com financiamento privado. Os crit\u00e9rios de concess\u00e3o e o gerenciamento e execu\u00e7\u00e3o das bolsas concedidas s\u00e3o de responsabilidade de cada Programa de P\u00f3s-Gradua\u00e7\u00e3o.<\/p>\n<p><strong>Os estudantes de p\u00f3s-gradua\u00e7\u00e3o em Engenharia Mec\u00e2nica podem pleitear bolsas de mestrado, por meio de uma sele\u00e7\u00e3o, normatizada atrav\u00e9s de um edital espec\u00edfico, com previs\u00e3o de divulga\u00e7\u00e3o no in\u00edcio de cada semestre no ano corrente.<\/strong><\/p>\n<p dir=\"ltr\">Principais programas de bolsas CAPES:<br \/><strong><a href=\"https:\/\/www.gov.br\/capes\/pt-br\/acesso-a-informacao\/acoes-e-programas\/bolsas\/bolsas-no-pais\/programa-de-demanda-social-ds\">Programa de Demanda Social \u2013 DS<\/a><\/strong><br \/><strong><a href=\"https:\/\/www.gov.br\/capes\/pt-br\/acesso-a-informacao\/acoes-e-programas\/bolsas\/bolsas-no-pais\/proex\">Programa de Excel\u00eancia Acad\u00eamica \u2013 PROEX<\/a><\/strong><br \/><strong><a href=\"https:\/\/www.gov.br\/capes\/pt-br\/acesso-a-informacao\/acoes-e-programas\/bolsas\/bolsas-no-pais\/pnpd-capes\">Programa Nacional de P\u00f3s-Doutorado \u2013 PNPD<\/a><\/strong><br \/>Informa\u00e7\u00f5es sobre os demais programas:\u00a0<strong><a href=\"https:\/\/www.gov.br\/capes\/pt-br\">www.capes.gov.br<\/a><\/strong><\/p>\n<div><strong>N\u00c3O CONCLUS\u00c3O DO CURSO E RESTITUI\u00c7\u00c3O DE VALORES<\/strong><\/div>\n<div>A n\u00e3o conclus\u00e3o de curso de alunos\u00a0<strong>bolsistas DS\/CAPES<\/strong>\u00a0requer a devolu\u00e7\u00e3o dos valores recebidos, conforme Art. 13 do Regulamento DS\/CAPES:<\/div>\n<blockquote>\n<p>\u201cArt. 13, Par\u00e1grafo \u00fanico: A n\u00e3o conclus\u00e3o do curso acarretar\u00e1 a obriga\u00e7\u00e3o de restituir os valores despendidos com a bolsa, salvo se motivada por caso fortuito, for\u00e7a maior, circunst\u00e2ncia alheia \u00e0 sua vontade ou doen\u00e7a grave devidamente comprovada. A avalia\u00e7\u00e3o dessas situa\u00e7\u00f5es fica condicionada \u00e0 aprova\u00e7\u00e3o pela Diretoria Colegiada da CAPES, em despacho fundamentado.\u201d<\/p>\n<\/blockquote>\n<p><strong>BOLSAS CNPq e FAPERGS<\/strong>:\u00a0s\u00e3o pleiteadas e gerenciadas diretamente pela Coordena\u00e7\u00e3o do Programa ou pelo(a) orientador(a) do(a) discente. As consultas podem ser feitas nas p\u00e1ginas das respectivas ag\u00eancias:<strong>\u00a0<a href=\"https:\/\/www.gov.br\/cnpq\/pt-br\">www.cnpq.br<\/a><\/strong>\u00a0e\u00a0<strong><a href=\"http:\/\/www.fapergs.rs.gov.br\/\">www.fapergs.rs.gov.br<\/a><\/strong><\/p>\n<p><strong>\u00daLTIMOS EDITAIS DE SELE\u00c7\u00c3O PARA CONSULTA:<\/strong><\/p>\n<ul>\n<li>\n<p><a href=\"https:\/\/www.ufsm.br\/cursos\/pos-graduacao\/santa-maria\/pgmec\/editais\/001-2026-2\" target=\"_blank\" rel=\"noopener\">Edital N. 001\/2026\/PGMEC<\/a>\u00a0(per\u00edodo de mar\u00e7o de 2026 at\u00e9 fevereiro de 2027);<\/p>\n<\/li>\n<li>\n<p><a href=\"https:\/\/www.ufsm.br\/cursos\/pos-graduacao\/santa-maria\/pgmec\/editais\/004-2023\" target=\"_blank\" rel=\"noopener\">Edital N. 004\/2023\/PGMEC<\/a>\u00a0(per\u00edodo de novembro de 2023 a fevereiro de 2024);<\/p>\n<\/li>\n<li>\n<p><a href=\"https:\/\/www.ufsm.br\/cursos\/pos-graduacao\/santa-maria\/pgmec\/editais\/001-2023\" target=\"_blank\" rel=\"noopener\">Edital N.001\/2023\/PGMEC<\/a>\u00a0(per\u00edodo de mar\u00e7o de 2023 a fevereiro de 2025);<\/p>\n<\/li>\n<li>\n<p><a href=\"https:\/\/www.ufsm.br\/cursos\/pos-graduacao\/santa-maria\/pgmec\/editais\/004-2022\" target=\"_blank\" rel=\"noopener\">Edital N.004\/2022\/PGMEC<\/a>\u00a0(per\u00edodo de novembro de 2022 a fevereiro de 2024);<\/p>\n<\/li>\n<li>\n<p><a href=\"https:\/\/www.ufsm.br\/cursos\/pos-graduacao\/santa-maria\/pgmec\/editais\/001-2022\" target=\"_blank\" rel=\"noopener\">Edital N.001\/2022\/PGMEC<\/a>\u00a0(per\u00edodo de mar\u00e7o de 2022 a fevereiro de 2023);<\/p>\n<\/li>\n<li>\n<p><a href=\"https:\/\/www.ufsm.br\/cursos\/pos-graduacao\/santa-maria\/pgmec\/editais\/002-2021\" target=\"_blank\" rel=\"noopener\">Edital N.002\/2021\/PGMEC<\/a>\u00a0(per\u00edodo de mar\u00e7o de 2021 a fevereiro de 2022).<\/p>\n<\/li>\n<\/ul>\n","protected":false},"excerpt":{"rendered":"<p>A Pr\u00f3-Reitoria de P\u00f3s-Gradua\u00e7\u00e3o e Pesquisa, atrav\u00e9s do N\u00facleo de Sele\u00e7\u00e3o e Bolsas da P\u00f3s-Gradua\u00e7\u00e3o (NSB\/CPG), acompanha e executa alguns programas de bolsas de mestrado, doutorado e p\u00f3s-doutorado. Cada programa de p\u00f3s-gradua\u00e7\u00e3o acad\u00eamico pode ter um determinado n\u00famero de bolsas para atendimento a alunos de mestrado, doutorado e pesquisadores. As bolsas s\u00e3o concedidas por ag\u00eancias [&hellip;]<\/p>\n","protected":false},"author":818,"featured_media":0,"parent":0,"menu_order":0,"comment_status":"closed","ping_status":"closed","template":"","meta":{"footnotes":""},"categories":[],"tags":[],"class_list":["post-1886","page","type-page","status-publish","hentry"],"acf":[],"_links":{"self":[{"href":"https:\/\/www.ufsm.br\/cursos\/pos-graduacao\/santa-maria\/pgmec\/wp-json\/wp\/v2\/pages\/1886","targetHints":{"allow":["GET"]}}],"collection":[{"href":"https:\/\/www.ufsm.br\/cursos\/pos-graduacao\/santa-maria\/pgmec\/wp-json\/wp\/v2\/pages"}],"about":[{"href":"https:\/\/www.ufsm.br\/cursos\/pos-graduacao\/santa-maria\/pgmec\/wp-json\/wp\/v2\/types\/page"}],"author":[{"embeddable":true,"href":"https:\/\/www.ufsm.br\/cursos\/pos-graduacao\/santa-maria\/pgmec\/wp-json\/wp\/v2\/users\/818"}],"replies":[{"embeddable":true,"href":"https:\/\/www.ufsm.br\/cursos\/pos-graduacao\/santa-maria\/pgmec\/wp-json\/wp\/v2\/comments?post=1886"}],"version-history":[{"count":0,"href":"https:\/\/www.ufsm.br\/cursos\/pos-graduacao\/santa-maria\/pgmec\/wp-json\/wp\/v2\/pages\/1886\/revisions"}],"wp:attachment":[{"href":"https:\/\/www.ufsm.br\/cursos\/pos-graduacao\/santa-maria\/pgmec\/wp-json\/wp\/v2\/media?parent=1886"}],"wp:term":[{"taxonomy":"category","embeddable":true,"href":"https:\/\/www.ufsm.br\/cursos\/pos-graduacao\/santa-maria\/pgmec\/wp-json\/wp\/v2\/categories?post=1886"},{"taxonomy":"post_tag","embeddable":true,"href":"https:\/\/www.ufsm.br\/cursos\/pos-graduacao\/santa-maria\/pgmec\/wp-json\/wp\/v2\/tags?post=1886"}],"curies":[{"name":"wp","href":"https:\/\/api.w.org\/{rel}","templated":true}]}}