{"id":206,"date":"2019-04-30T15:16:53","date_gmt":"2019-04-30T18:16:53","guid":{"rendered":"https:\/\/www.ufsm.br\/cursos\/pos-graduacao\/santa-maria\/pgmec\/?page_id=206"},"modified":"2023-04-26T12:51:43","modified_gmt":"2023-04-26T15:51:43","slug":"laboratorio-de-apoio-ao-desenvolvimento-e-inovacao-de-produtos-e-processos-ladipp","status":"publish","type":"page","link":"https:\/\/www.ufsm.br\/cursos\/pos-graduacao\/santa-maria\/pgmec\/laboratorio-de-apoio-ao-desenvolvimento-e-inovacao-de-produtos-e-processos-ladipp","title":{"rendered":"Laborat\u00f3rio de Apoio ao Desenvolvimento e Inova\u00e7\u00e3o de Produtos e Processos (LADIPP)"},"content":{"rendered":"\n<p>Com uma \u00e1rea constru\u00edda de aproximadamente 75 m\u00b2, o laborat\u00f3rio tem como objetivo dar apoio no desenvolvimento e inova\u00e7\u00e3o de produtos e processos nas \u00e1reas de medi\u00e7\u00f5es dimensionais e caracteriza\u00e7\u00e3o de materiais atrav\u00e9s de ensaios mec\u00e2nicos na \u00e1rea de for\u00e7a. Dentre os equipamentos existentes, tem-se: 01 (uma) m\u00e1quina de medir por coordenadas \u201ctridimensional\u201d \u00f3ptico e contato CNC, fabricante Baty, modelo Venture Plus 6490, com capacidade de medi\u00e7\u00e3o X, Y e Z (640 x 900 x 250 mm) e resolu\u00e7\u00e3o 0,0005 mm; 01 (um) bra\u00e7o articulado de medi\u00e7\u00e3o tridimensional, fabricante Cimcore, modelo Stinger II 4024, com capacidade de 1200 mm; e 01 (uma) m\u00e1quina universal de ensaios, fabricante EMIC, modelo DL2000, com capacidade de 20 kN \/ 2000 kgf e resolu\u00e7\u00e3o de 0,1 N. Al\u00e9m disso, o laborat\u00f3rio possui diversos equipamentos para medi\u00e7\u00f5es dimensionais, tais como balan\u00e7as, c\u00e9lulas de carga, instrumentos de medi\u00e7\u00e3o e jogo de blocos padr\u00f5es.<\/p>\n<p>O Laborat\u00f3rio de Apoio ao Desenvolvimento e a Inova\u00e7\u00e3o de Produtos e Processos (LADIPP) est\u00e1 situado no pr\u00e9dio 10, sala 402 do Centro de Tecnologia da Universidade Federal de Santa Maria (UFSM).<\/p>\n<p>Contato de\u00a0Email:\u00a0<span id=\"cloak89299\"><a class=\"notranslate\" href=\"mailto:ladipp@ufsm.br\">ladipp@ufsm.br<\/a><br \/><\/span>Telefone: +55 55 3220-8840<\/p>\n\n\n<div class=\"wp-block-image\">\n<figure class=\"aligncenter\"><img fetchpriority=\"high\" decoding=\"async\" width=\"648\" height=\"586\" src=\"https:\/\/www.ufsm.br\/cursos\/pos-graduacao\/santa-maria\/pgmec\/wp-content\/uploads\/sites\/595\/2019\/06\/image-2-3.jpg\" alt=\"\" class=\"wp-image-279\" srcset=\"https:\/\/www.ufsm.br\/app\/uploads\/sites\/595\/2019\/06\/image-2-3.jpg 648w, https:\/\/www.ufsm.br\/app\/uploads\/sites\/595\/2019\/06\/image-2-300x271.jpg 300w\" sizes=\"(max-width: 648px) 100vw, 648px\" \/><\/figure>\n<\/div>","protected":false},"excerpt":{"rendered":"<p>Com uma \u00e1rea constru\u00edda de aproximadamente 75 m\u00b2, o laborat\u00f3rio tem como objetivo dar apoio no desenvolvimento e inova\u00e7\u00e3o de produtos e processos nas \u00e1reas de medi\u00e7\u00f5es dimensionais e caracteriza\u00e7\u00e3o de materiais atrav\u00e9s de ensaios mec\u00e2nicos na \u00e1rea de for\u00e7a. Dentre os equipamentos existentes, tem-se: 01 (uma) m\u00e1quina de medir por coordenadas \u201ctridimensional\u201d \u00f3ptico e [&hellip;]<\/p>\n","protected":false},"author":801,"featured_media":0,"parent":0,"menu_order":0,"comment_status":"closed","ping_status":"closed","template":"","meta":{"footnotes":""},"categories":[],"tags":[],"class_list":["post-206","page","type-page","status-publish","hentry"],"acf":[],"_links":{"self":[{"href":"https:\/\/www.ufsm.br\/cursos\/pos-graduacao\/santa-maria\/pgmec\/wp-json\/wp\/v2\/pages\/206","targetHints":{"allow":["GET"]}}],"collection":[{"href":"https:\/\/www.ufsm.br\/cursos\/pos-graduacao\/santa-maria\/pgmec\/wp-json\/wp\/v2\/pages"}],"about":[{"href":"https:\/\/www.ufsm.br\/cursos\/pos-graduacao\/santa-maria\/pgmec\/wp-json\/wp\/v2\/types\/page"}],"author":[{"embeddable":true,"href":"https:\/\/www.ufsm.br\/cursos\/pos-graduacao\/santa-maria\/pgmec\/wp-json\/wp\/v2\/users\/801"}],"replies":[{"embeddable":true,"href":"https:\/\/www.ufsm.br\/cursos\/pos-graduacao\/santa-maria\/pgmec\/wp-json\/wp\/v2\/comments?post=206"}],"version-history":[{"count":0,"href":"https:\/\/www.ufsm.br\/cursos\/pos-graduacao\/santa-maria\/pgmec\/wp-json\/wp\/v2\/pages\/206\/revisions"}],"wp:attachment":[{"href":"https:\/\/www.ufsm.br\/cursos\/pos-graduacao\/santa-maria\/pgmec\/wp-json\/wp\/v2\/media?parent=206"}],"wp:term":[{"taxonomy":"category","embeddable":true,"href":"https:\/\/www.ufsm.br\/cursos\/pos-graduacao\/santa-maria\/pgmec\/wp-json\/wp\/v2\/categories?post=206"},{"taxonomy":"post_tag","embeddable":true,"href":"https:\/\/www.ufsm.br\/cursos\/pos-graduacao\/santa-maria\/pgmec\/wp-json\/wp\/v2\/tags?post=206"}],"curies":[{"name":"wp","href":"https:\/\/api.w.org\/{rel}","templated":true}]}}