{"id":208,"date":"2019-04-30T15:19:35","date_gmt":"2019-04-30T18:19:35","guid":{"rendered":"https:\/\/www.ufsm.br\/cursos\/pos-graduacao\/santa-maria\/pgmec\/?page_id=208"},"modified":"2023-04-26T12:49:12","modified_gmt":"2023-04-26T15:49:12","slug":"laboratorio-de-projeto-de-sistemas-tecnicos-lpst","status":"publish","type":"page","link":"https:\/\/www.ufsm.br\/cursos\/pos-graduacao\/santa-maria\/pgmec\/laboratorio-de-projeto-de-sistemas-tecnicos-lpst","title":{"rendered":"Laborat\u00f3rio de Projeto de Sistemas T\u00e9cnicos (LPST)"},"content":{"rendered":"\n<p>O laborat\u00f3rio possui \u00e1rea constru\u00edda de aproximadamente 45 m\u00b2, o laborat\u00f3rio tem como objetivo atuar no desenvolvimento e prototipagem de produtos nas mais diversas \u00e1reas da engenharia. Dentre os equipamentos existentes, tem-se: 01 (uma) esta\u00e7\u00e3o de trabalho Supermicro, com dois processadores de 18 n\u00facleos\/cada Intel Xeon E5-2697V4 2,3 GHz 45 MB, 128 GB de mem\u00f3ria DDR4 Kingston, 1,8 TB de HD SAS e placa de v\u00eddeo NVIDIA quadro M6000 de 24 GB para simula\u00e7\u00f5es computacionais; e 02 (duas) impressoras 3D, sendo uma da fabricante Stratasys, modelo F170, que imprime pe\u00e7as nos materiais PLA, ABS e ASA com volume de impress\u00e3o de 300 X 230 X 450 mm e a outra da fabricante Cliever, modelo CL2 Pro Plus, que imprime em PLA e ABS com volume de impress\u00e3o de 254 X 254 X 254 mm.<\/p>\n<p>O LPST fica localizado no Pr\u00e9dio 10 do CT, Sala 401, junto ao Laborat\u00f3rio de Tecnologia Mec\u00e2nica e Aeroespacial (NUMAE), telefone: (55) 3220-8652, e-mail: romano@mecanica.ufsm.br<\/p>\n\n\n<div class=\"wp-block-image\">\n<figure class=\"aligncenter\"><img fetchpriority=\"high\" decoding=\"async\" width=\"658\" height=\"555\" src=\"https:\/\/www.ufsm.br\/cursos\/pos-graduacao\/santa-maria\/pgmec\/wp-content\/uploads\/sites\/595\/2019\/06\/image-2-4.jpg\" alt=\"\" class=\"wp-image-280\" srcset=\"https:\/\/www.ufsm.br\/app\/uploads\/sites\/595\/2019\/06\/image-2-4.jpg 658w, https:\/\/www.ufsm.br\/app\/uploads\/sites\/595\/2019\/06\/image-2-300x253.jpg 300w\" sizes=\"(max-width: 658px) 100vw, 658px\" \/><\/figure>\n<\/div>","protected":false},"excerpt":{"rendered":"<p>O laborat\u00f3rio possui \u00e1rea constru\u00edda de aproximadamente 45 m\u00b2, o laborat\u00f3rio tem como objetivo atuar no desenvolvimento e prototipagem de produtos nas mais diversas \u00e1reas da engenharia. Dentre os equipamentos existentes, tem-se: 01 (uma) esta\u00e7\u00e3o de trabalho Supermicro, com dois processadores de 18 n\u00facleos\/cada Intel Xeon E5-2697V4 2,3 GHz 45 MB, 128 GB de mem\u00f3ria [&hellip;]<\/p>\n","protected":false},"author":801,"featured_media":0,"parent":0,"menu_order":0,"comment_status":"closed","ping_status":"closed","template":"","meta":{"footnotes":""},"categories":[],"tags":[],"class_list":["post-208","page","type-page","status-publish","hentry"],"acf":[],"_links":{"self":[{"href":"https:\/\/www.ufsm.br\/cursos\/pos-graduacao\/santa-maria\/pgmec\/wp-json\/wp\/v2\/pages\/208","targetHints":{"allow":["GET"]}}],"collection":[{"href":"https:\/\/www.ufsm.br\/cursos\/pos-graduacao\/santa-maria\/pgmec\/wp-json\/wp\/v2\/pages"}],"about":[{"href":"https:\/\/www.ufsm.br\/cursos\/pos-graduacao\/santa-maria\/pgmec\/wp-json\/wp\/v2\/types\/page"}],"author":[{"embeddable":true,"href":"https:\/\/www.ufsm.br\/cursos\/pos-graduacao\/santa-maria\/pgmec\/wp-json\/wp\/v2\/users\/801"}],"replies":[{"embeddable":true,"href":"https:\/\/www.ufsm.br\/cursos\/pos-graduacao\/santa-maria\/pgmec\/wp-json\/wp\/v2\/comments?post=208"}],"version-history":[{"count":0,"href":"https:\/\/www.ufsm.br\/cursos\/pos-graduacao\/santa-maria\/pgmec\/wp-json\/wp\/v2\/pages\/208\/revisions"}],"wp:attachment":[{"href":"https:\/\/www.ufsm.br\/cursos\/pos-graduacao\/santa-maria\/pgmec\/wp-json\/wp\/v2\/media?parent=208"}],"wp:term":[{"taxonomy":"category","embeddable":true,"href":"https:\/\/www.ufsm.br\/cursos\/pos-graduacao\/santa-maria\/pgmec\/wp-json\/wp\/v2\/categories?post=208"},{"taxonomy":"post_tag","embeddable":true,"href":"https:\/\/www.ufsm.br\/cursos\/pos-graduacao\/santa-maria\/pgmec\/wp-json\/wp\/v2\/tags?post=208"}],"curies":[{"name":"wp","href":"https:\/\/api.w.org\/{rel}","templated":true}]}}