{"id":212,"date":"2019-04-30T15:23:49","date_gmt":"2019-04-30T18:23:49","guid":{"rendered":"https:\/\/www.ufsm.br\/cursos\/pos-graduacao\/santa-maria\/pgmec\/?page_id=212"},"modified":"2023-04-26T12:47:29","modified_gmt":"2023-04-26T15:47:29","slug":"laboratorio-de-soldagem","status":"publish","type":"page","link":"https:\/\/www.ufsm.br\/cursos\/pos-graduacao\/santa-maria\/pgmec\/laboratorio-de-soldagem","title":{"rendered":"Laborat\u00f3rio de Soldagem"},"content":{"rendered":"\n<p>Com uma \u00e1rea constru\u00edda de aproximadamente 200 m\u00b2, o laborat\u00f3rio fornece espa\u00e7o para pesquisas e desenvolvimento na \u00e1rea de soldagem, fundi\u00e7\u00e3o e tratamentos t\u00e9rmicos. Dentre os equipamentos existentes, tem-se: 01 (uma) m\u00e1quina de soldagem TIG AC\/DC de alta frequ\u00eancia, fabricante Lincoln Eletric, modelo Square Wave TIG-355; 02 (duas) m\u00e1quinas de soldagem MIG, sendo 01 (uma) da fabricante Lincoln Eletric, modelo Power MIG 350 MP e 01 (uma) da fabricante Lincoln Eletric, modelo IDEALARC CV 400 &#8211; I; 02 (duas) m\u00e1quinas de soldagem MAG, sendo 01 (uma) da fabricante White Martins, modelo VI 320 e 01 (uma) da fabricante IMC Soldagem, modelo Digiplus A7; 01 (uma) m\u00e1quina de soldagem arame tubular, fabricante IMC Soldagem, modelo Digiplus A7; 01 (uma) m\u00e1quina de soldagem arco submerso, fabricante Keyue, modelo MZ-1000; 01 (um) transformador, fabricante ESAB, modelo Super Bantam; 01 (um) retificador para soldagem por eletrodo revestido, fabricante ESAB, modelo LHE 425; inversores e geradores; 01 (um) conjunto para soldagem e brasagem oxiacetil\u00eanica, fabricante Prox; 01 (uma) m\u00e1quina de soldagem por pontos, fabricante Transweld, modelo TWP-L; 01 (um) equipamento para automatiza\u00e7\u00e3o do processo de soldagem e corte, fabricante Tecnopampa, modelo 1500; 01 (uma) m\u00e1quina de corte plasma CNC, fabricante Hypertherm, modelo Power max 1650 G3 series; 01 (um) conjunto para oxicorte, fabricante Soldox, modelo 200N; 02 (dois) fornos para tratamento t\u00e9rmico, sendo 01 (um) da fabricante Quimis, modelo Q318M e 01 (um) da fabricante ECI, modelo CT 120 L; 01 (um) forno de indu\u00e7\u00e3o magn\u00e9tica, fabricante Malhotra Technologies, modelo RS 1.3 LAKH; estufas, peneiras para fundi\u00e7\u00e3o; balan\u00e7as anal\u00edticas.<\/p>\n<p>\u00a0<\/p>\n<p>Professor respons\u00e1vel: Alexandre Aparecido Buenos<br \/>Endere\u00e7o: Pr\u00e9dio 10 (Pavilh\u00e3o de Laborat\u00f3rios)<br \/>Telefone: (55) 3220-8842<br \/>Email para contato:\u00a0<span id=\"cloak2179\"><a class=\"notranslate\" href=\"mailto:alebuenos@mecanica.ufsm.br\">alebuenos@mecanica.ufsm.br<\/a><\/span><\/p>\n\n\n<div class=\"wp-block-image\">\n<figure class=\"aligncenter\"><img fetchpriority=\"high\" decoding=\"async\" width=\"656\" height=\"698\" src=\"https:\/\/www.ufsm.br\/cursos\/pos-graduacao\/santa-maria\/pgmec\/wp-content\/uploads\/sites\/595\/2019\/06\/image-4-2.jpg\" alt=\"\" class=\"wp-image-287\" srcset=\"https:\/\/www.ufsm.br\/app\/uploads\/sites\/595\/2019\/06\/image-4-2.jpg 656w, https:\/\/www.ufsm.br\/app\/uploads\/sites\/595\/2019\/06\/image-4-282x300.jpg 282w\" sizes=\"(max-width: 656px) 100vw, 656px\" \/><\/figure>\n<\/div>","protected":false},"excerpt":{"rendered":"<p>Com uma \u00e1rea constru\u00edda de aproximadamente 200 m\u00b2, o laborat\u00f3rio fornece espa\u00e7o para pesquisas e desenvolvimento na \u00e1rea de soldagem, fundi\u00e7\u00e3o e tratamentos t\u00e9rmicos. Dentre os equipamentos existentes, tem-se: 01 (uma) m\u00e1quina de soldagem TIG AC\/DC de alta frequ\u00eancia, fabricante Lincoln Eletric, modelo Square Wave TIG-355; 02 (duas) m\u00e1quinas de soldagem MIG, sendo 01 (uma) [&hellip;]<\/p>\n","protected":false},"author":801,"featured_media":0,"parent":0,"menu_order":0,"comment_status":"closed","ping_status":"closed","template":"","meta":{"footnotes":""},"categories":[],"tags":[],"class_list":["post-212","page","type-page","status-publish","hentry"],"acf":[],"_links":{"self":[{"href":"https:\/\/www.ufsm.br\/cursos\/pos-graduacao\/santa-maria\/pgmec\/wp-json\/wp\/v2\/pages\/212","targetHints":{"allow":["GET"]}}],"collection":[{"href":"https:\/\/www.ufsm.br\/cursos\/pos-graduacao\/santa-maria\/pgmec\/wp-json\/wp\/v2\/pages"}],"about":[{"href":"https:\/\/www.ufsm.br\/cursos\/pos-graduacao\/santa-maria\/pgmec\/wp-json\/wp\/v2\/types\/page"}],"author":[{"embeddable":true,"href":"https:\/\/www.ufsm.br\/cursos\/pos-graduacao\/santa-maria\/pgmec\/wp-json\/wp\/v2\/users\/801"}],"replies":[{"embeddable":true,"href":"https:\/\/www.ufsm.br\/cursos\/pos-graduacao\/santa-maria\/pgmec\/wp-json\/wp\/v2\/comments?post=212"}],"version-history":[{"count":0,"href":"https:\/\/www.ufsm.br\/cursos\/pos-graduacao\/santa-maria\/pgmec\/wp-json\/wp\/v2\/pages\/212\/revisions"}],"wp:attachment":[{"href":"https:\/\/www.ufsm.br\/cursos\/pos-graduacao\/santa-maria\/pgmec\/wp-json\/wp\/v2\/media?parent=212"}],"wp:term":[{"taxonomy":"category","embeddable":true,"href":"https:\/\/www.ufsm.br\/cursos\/pos-graduacao\/santa-maria\/pgmec\/wp-json\/wp\/v2\/categories?post=212"},{"taxonomy":"post_tag","embeddable":true,"href":"https:\/\/www.ufsm.br\/cursos\/pos-graduacao\/santa-maria\/pgmec\/wp-json\/wp\/v2\/tags?post=212"}],"curies":[{"name":"wp","href":"https:\/\/api.w.org\/{rel}","templated":true}]}}