{"id":214,"date":"2019-04-30T15:25:03","date_gmt":"2019-04-30T18:25:03","guid":{"rendered":"https:\/\/www.ufsm.br\/cursos\/pos-graduacao\/santa-maria\/pgmec\/?page_id=214"},"modified":"2019-06-13T14:11:08","modified_gmt":"2019-06-13T17:11:08","slug":"laboratorio-de-metalurgia-fisica","status":"publish","type":"page","link":"https:\/\/www.ufsm.br\/cursos\/pos-graduacao\/santa-maria\/pgmec\/laboratorio-de-metalurgia-fisica","title":{"rendered":"Laborat\u00f3rio de Metalurgia F\u00edsica"},"content":{"rendered":"\n<p>Proporciona a realiza\u00e7\u00e3o de an\u00e1lises macro e microsc\u00f3picas em materiais, bem como sua caracteriza\u00e7\u00e3o mec\u00e2nica. Dentre os recursos dispon\u00edveis, tem-se: 02 (duas) m\u00e1quinas de corte para retirada de amostras, sendo 01 (uma) da fabricante Panambra, modelo Mesotom e 01 (uma) da fabricante Buehler, modelo Isomet 1000; 01 (uma) embutidora da fabricante Risitec, modelo RS 30; 01 (uma) lixadeira da fabricante Teclago, modelo PL 02 E; 02 (duas) politrizes, sendo 01 (uma) da fabricante Panambra, modelo DP-10 e 01 (uma) da fabricante Panambra, modelo DP-9a; lupas; 03 (tr\u00eas) microsc\u00f3pios \u00f3pticos, sendo 01 (uma) da fabricante Mshot, modelo MC30, 01 (uma) da fabricante Olympus, modelo BX60M e 01 (uma) da fabricante Ghangzhou; 01 (uma) bancada metalogr\u00e1fica da fabricante Neophot 2; software para tratamento de imagens; 01 (um) microdur\u00f4metro da fabricante Shimadzu, modelo HMU-2; 04 (quatro) dur\u00f4metros, sendo 01 (um) da fabricante WPM, modelo HPO 250, 02 (dois) da fabricante WPM, modelo HP 50\/250 e 01 (um) da fabricante Digimess, modelo 400.010; 02 (dois) martelos para ensaio Charpy e Izod, sendo 01 (um) da fabricante WPM, modelo PS 30 e 01 (um) da fabricante AVK, modelo VT 30; 02 (dois) fornos para tratamento t\u00e9rmico em metais, sendo 01 (um) da fabricante Digimec, modelo SH-1 e 01 (um) da fabricante Sanchis; 01 (um) forno a v\u00e1cuo para cer\u00e2micos da fabricante Bravac, 01 (um) forno tubular para v\u00e1cuo ou atmosfera controlada da fabricante Sanchis; 01 bomba de alto v\u00e1cuo tipo difusora da Marca Edwards; 01 (uma) m\u00e1quina de ensaio Jominy de fabrica\u00e7\u00e3o da pr\u00f3pria UFSM; 05 (cinco) sistemas de aquisi\u00e7\u00e3o de dados de deforma\u00e7\u00e3o e temperatura da fabricante HBM, modelo Spyder 8; 01 (um) sistema de gera\u00e7\u00e3o de ondas ultrass\u00f4nicas da fabricante Thornton, modelo C\/T; 01 (um) microsc\u00f3pio eletr\u00f4nico de varredura da fabricante Jeol, modelo JSM 6360, equipado com an\u00e1lise elementar espectrosc\u00f3pica de raios-X por energia dispersiva (EDS) modelo QUEST da fabricante ThermoSystem, al\u00e9m de 01 (um) depositador do tipo magnetron sputtering da fabricante Denton, modelo Desk II.<\/p>\n\n\n\n<div class=\"wp-block-image\"><figure class=\"aligncenter\"><img fetchpriority=\"high\" decoding=\"async\" width=\"651\" height=\"645\" src=\"https:\/\/www.ufsm.br\/cursos\/pos-graduacao\/santa-maria\/pgmec\/wp-content\/uploads\/sites\/595\/2019\/06\/image-4-3.jpg\" alt=\"\" class=\"wp-image-289\" srcset=\"https:\/\/www.ufsm.br\/app\/uploads\/sites\/595\/2019\/06\/image-4-3.jpg 651w, https:\/\/www.ufsm.br\/app\/uploads\/sites\/595\/2019\/06\/image-4-3-150x150.jpg 150w, https:\/\/www.ufsm.br\/app\/uploads\/sites\/595\/2019\/06\/image-4-300x297.jpg 300w\" sizes=\"(max-width: 651px) 100vw, 651px\" \/><\/figure><\/div>\n","protected":false},"excerpt":{"rendered":"<p>Proporciona a realiza\u00e7\u00e3o de an\u00e1lises macro e microsc\u00f3picas em materiais, bem como sua caracteriza\u00e7\u00e3o mec\u00e2nica. Dentre os recursos dispon\u00edveis, tem-se: 02 (duas) m\u00e1quinas de corte para retirada de amostras, sendo 01 (uma) da fabricante Panambra, modelo Mesotom e 01 (uma) da fabricante Buehler, modelo Isomet 1000; 01 (uma) embutidora da fabricante Risitec, modelo RS 30; [&hellip;]<\/p>\n","protected":false},"author":801,"featured_media":0,"parent":0,"menu_order":0,"comment_status":"closed","ping_status":"closed","template":"","meta":{"footnotes":""},"categories":[],"tags":[],"class_list":["post-214","page","type-page","status-publish","hentry"],"acf":[],"_links":{"self":[{"href":"https:\/\/www.ufsm.br\/cursos\/pos-graduacao\/santa-maria\/pgmec\/wp-json\/wp\/v2\/pages\/214","targetHints":{"allow":["GET"]}}],"collection":[{"href":"https:\/\/www.ufsm.br\/cursos\/pos-graduacao\/santa-maria\/pgmec\/wp-json\/wp\/v2\/pages"}],"about":[{"href":"https:\/\/www.ufsm.br\/cursos\/pos-graduacao\/santa-maria\/pgmec\/wp-json\/wp\/v2\/types\/page"}],"author":[{"embeddable":true,"href":"https:\/\/www.ufsm.br\/cursos\/pos-graduacao\/santa-maria\/pgmec\/wp-json\/wp\/v2\/users\/801"}],"replies":[{"embeddable":true,"href":"https:\/\/www.ufsm.br\/cursos\/pos-graduacao\/santa-maria\/pgmec\/wp-json\/wp\/v2\/comments?post=214"}],"version-history":[{"count":0,"href":"https:\/\/www.ufsm.br\/cursos\/pos-graduacao\/santa-maria\/pgmec\/wp-json\/wp\/v2\/pages\/214\/revisions"}],"wp:attachment":[{"href":"https:\/\/www.ufsm.br\/cursos\/pos-graduacao\/santa-maria\/pgmec\/wp-json\/wp\/v2\/media?parent=214"}],"wp:term":[{"taxonomy":"category","embeddable":true,"href":"https:\/\/www.ufsm.br\/cursos\/pos-graduacao\/santa-maria\/pgmec\/wp-json\/wp\/v2\/categories?post=214"},{"taxonomy":"post_tag","embeddable":true,"href":"https:\/\/www.ufsm.br\/cursos\/pos-graduacao\/santa-maria\/pgmec\/wp-json\/wp\/v2\/tags?post=214"}],"curies":[{"name":"wp","href":"https:\/\/api.w.org\/{rel}","templated":true}]}}