{"id":216,"date":"2019-04-30T15:26:26","date_gmt":"2019-04-30T18:26:26","guid":{"rendered":"https:\/\/www.ufsm.br\/cursos\/pos-graduacao\/santa-maria\/pgmec\/?page_id=216"},"modified":"2023-04-26T12:45:31","modified_gmt":"2023-04-26T15:45:31","slug":"laboratorio-de-motores-labmot","status":"publish","type":"page","link":"https:\/\/www.ufsm.br\/cursos\/pos-graduacao\/santa-maria\/pgmec\/laboratorio-de-motores-labmot","title":{"rendered":"Laborat\u00f3rio de Motores (LABMOT)"},"content":{"rendered":"\n<p>Apresenta instala\u00e7\u00f5es voltadas ao ensaio experimental e simula\u00e7\u00e3o num\u00e9rica de motores de combust\u00e3o interna e componentes veiculares. Com uma \u00e1rea constru\u00edda de aproximadamente 600 m\u00b2, possui salas de testes e salas para pesquisadores, alunos e professores. Dentre os equipamentos tem-se: dinam\u00f4metros de bancada para 30 kW modelo MWD NL160, 50 kW marca Frenelsa, 240 kW marca AVL Dynoperform, e 260 kW marca MWD NL260E; dinam\u00f4metro de chassis para 465 kW marca Mustang USA; analisador de gases FTIR Sesam i60 FT marca AVL; grupos motor-gerador de 35 kW Stemac MWM e 50 kW Cummins Power; diversos motores do ciclo Diesel e Otto das marcas Ricardo, Volkswagen, Renault, Ford, Fiat, MWM e Perkins para pesquisa; ve\u00edculo experimental Fiat Siena 1.4 tetrafuel; unidades de pressuriza\u00e7\u00e3o de ar e combust\u00edvel; placas de aquisi\u00e7\u00e3o de dados National Instruments USB-6353 e USB-6000; software para processamento de dados com rotinas em LabView e Matlab; banco de fluxo MotorPower 160 CFM; sistemas de gerenciamento eletr\u00f4nico de motores e ve\u00edculos como Motec M800, Motec M400, Megasquirt, e Fueltech FT 400; diversos sensores de press\u00e3o piezel\u00e9tricos AVL GH14D; oscilosc\u00f3pio Tektronix DPO3034; instrumentos diversos para medi\u00e7\u00e3o como paqu\u00edmetros, micr\u00f4metros e rel\u00f3gios comparadores marca Starret com resolu\u00e7\u00e3o de 0.02 e 0.01 mm; ferramentas para montagens mec\u00e2nicas diversas; impressora 3D Cliever CL1; licen\u00e7as de software GT-Suite GAMMA Technologies, AVL Fire CFD, AVL Boost 1D; rede wireless.<\/p>\n<p>Pr\u00e9dio: 9D \u2013 Departamento de Engenharia Mec\u00e2nica<br \/><strong>E-mail:<\/strong>gpmot@mecanica.ufsm.br<br \/><strong>Site:<\/strong><a href=\"http:\/\/www.ufsm.br\/gpmot\"><strong> http:\/\/www.ufsm.br\/gpmot<\/strong><\/a><\/p>\n\n\n<div class=\"wp-block-image\">\n<figure class=\"aligncenter\"><img fetchpriority=\"high\" decoding=\"async\" width=\"557\" height=\"613\" src=\"https:\/\/www.ufsm.br\/cursos\/pos-graduacao\/santa-maria\/pgmec\/wp-content\/uploads\/sites\/595\/2019\/06\/image-4-4.jpg\" alt=\"\" class=\"wp-image-291\" srcset=\"https:\/\/www.ufsm.br\/app\/uploads\/sites\/595\/2019\/06\/image-4-4.jpg 557w, https:\/\/www.ufsm.br\/app\/uploads\/sites\/595\/2019\/06\/image-4-273x300.jpg 273w\" sizes=\"(max-width: 557px) 100vw, 557px\" \/><\/figure>\n<\/div>","protected":false},"excerpt":{"rendered":"<p>Apresenta instala\u00e7\u00f5es voltadas ao ensaio experimental e simula\u00e7\u00e3o num\u00e9rica de motores de combust\u00e3o interna e componentes veiculares. Com uma \u00e1rea constru\u00edda de aproximadamente 600 m\u00b2, possui salas de testes e salas para pesquisadores, alunos e professores. Dentre os equipamentos tem-se: dinam\u00f4metros de bancada para 30 kW modelo MWD NL160, 50 kW marca Frenelsa, 240 kW [&hellip;]<\/p>\n","protected":false},"author":801,"featured_media":0,"parent":0,"menu_order":0,"comment_status":"closed","ping_status":"closed","template":"","meta":{"footnotes":""},"categories":[],"tags":[],"class_list":["post-216","page","type-page","status-publish","hentry"],"acf":[],"_links":{"self":[{"href":"https:\/\/www.ufsm.br\/cursos\/pos-graduacao\/santa-maria\/pgmec\/wp-json\/wp\/v2\/pages\/216","targetHints":{"allow":["GET"]}}],"collection":[{"href":"https:\/\/www.ufsm.br\/cursos\/pos-graduacao\/santa-maria\/pgmec\/wp-json\/wp\/v2\/pages"}],"about":[{"href":"https:\/\/www.ufsm.br\/cursos\/pos-graduacao\/santa-maria\/pgmec\/wp-json\/wp\/v2\/types\/page"}],"author":[{"embeddable":true,"href":"https:\/\/www.ufsm.br\/cursos\/pos-graduacao\/santa-maria\/pgmec\/wp-json\/wp\/v2\/users\/801"}],"replies":[{"embeddable":true,"href":"https:\/\/www.ufsm.br\/cursos\/pos-graduacao\/santa-maria\/pgmec\/wp-json\/wp\/v2\/comments?post=216"}],"version-history":[{"count":0,"href":"https:\/\/www.ufsm.br\/cursos\/pos-graduacao\/santa-maria\/pgmec\/wp-json\/wp\/v2\/pages\/216\/revisions"}],"wp:attachment":[{"href":"https:\/\/www.ufsm.br\/cursos\/pos-graduacao\/santa-maria\/pgmec\/wp-json\/wp\/v2\/media?parent=216"}],"wp:term":[{"taxonomy":"category","embeddable":true,"href":"https:\/\/www.ufsm.br\/cursos\/pos-graduacao\/santa-maria\/pgmec\/wp-json\/wp\/v2\/categories?post=216"},{"taxonomy":"post_tag","embeddable":true,"href":"https:\/\/www.ufsm.br\/cursos\/pos-graduacao\/santa-maria\/pgmec\/wp-json\/wp\/v2\/tags?post=216"}],"curies":[{"name":"wp","href":"https:\/\/api.w.org\/{rel}","templated":true}]}}