{"id":218,"date":"2019-04-30T15:27:46","date_gmt":"2019-04-30T18:27:46","guid":{"rendered":"https:\/\/www.ufsm.br\/cursos\/pos-graduacao\/santa-maria\/pgmec\/?page_id=218"},"modified":"2019-06-13T16:52:02","modified_gmt":"2019-06-13T19:52:02","slug":"laboratorio-de-vibracoes-e-acustica","status":"publish","type":"page","link":"https:\/\/www.ufsm.br\/cursos\/pos-graduacao\/santa-maria\/pgmec\/laboratorio-de-vibracoes-e-acustica","title":{"rendered":"Laborat\u00f3rio de Vibra\u00e7\u00f5es e Ac\u00fastica"},"content":{"rendered":"\n<p align=\"justify\">Destinado a pesquisa em ru\u00eddo, vibra\u00e7\u00f5es e ac\u00fastica, este apresenta a seguinte estrutura e equipamentos: 01 (uma) c\u00e2mara de dois pavimentos para avalia\u00e7\u00e3o da transmiss\u00e3o sonora por impacto; 01 (uma) c\u00e2mara reverberante de 207 m\u00b3; 01 (uma) c\u00e2mara reverberante dupla de 60 \/ 67 m\u00b3; medidores de n\u00edvel de press\u00e3o sonora; microfones para campos livre difuso e de press\u00e3o; aceler\u00f4metros; shakers e martelos de impacto; analisadores de sinais; manequim para medi\u00e7\u00f5es biauriculares e de fones de ouvido; medidor de vibra\u00e7\u00e3o no corpo humano; fontes sonoras omnidirecionais; fonte sonora de diretividade vari\u00e1vel; fonte sonora especial para ac\u00fastica de dutos e silenciadores; tapping machines para avalia\u00e7\u00e3o de ru\u00eddo de impacto; sonda de medi\u00e7\u00e3o de intensidade sonora; fones de ouvido eletrodin\u00e2micos; ferramentas computacionais.<\/p>\n<p align=\"justify\">A c\u00e2mara reverberante maior, de 206 metros c\u00fabicos \u00e9 usada para ensaios de medi\u00e7\u00e3o de absor\u00e7\u00e3o sonora de materiais (ISO 354), pot\u00eancia sonora de equipamentos dom\u00e9sticos ou m\u00e1quinas industriais (ISSO 3745), entre outros ensaios que utilizam campo difuso. A figura seguinte demonstra a aplica\u00e7\u00e3o de uma fonte de refer\u00eancia de ru\u00eddo aerodin\u00e2mico (Bruel&amp;Kjaer type 4204) e o sistema girat\u00f3rio para microfones (<i>rotate boom<\/i>) modelo Bruel&amp;Kjaer type 3923. A c\u00e2mara de transmiss\u00e3o sonora, usada para medir n\u00edveis de isolamentos sonoro de paredes de alvenaria (ISO 10140), paredes de gesso ou elementos construtivos da ind\u00fastria ou da constru\u00e7\u00e3o civil (portas, janelas, divis\u00f3rias, etc.). A c\u00e2mara de impacto \u00e9 usada para verificar n\u00edveis de isolamento de impacto entre pisos superior e inferior. Um exemplo de aplica\u00e7\u00e3o da fonte sonora omnidirecional (dodecaedro, modelo Bruel&amp;Kjaer Type 4292-L) e o <i>rotate boom <\/i>s\u00e3o vistos na Figura seguinte. No piso superior, utiliza-se a m\u00e1quina de impacto para gerar um n\u00edvel de ru\u00eddo de impacta\u00e7\u00e3o padronizado (ISO 717-2).<\/p>\n\n\n\n<div class=\"wp-block-image\"><figure class=\"aligncenter is-resized\"><img decoding=\"async\" src=\"https:\/\/www.ufsm.br\/cursos\/pos-graduacao\/santa-maria\/pgmec\/wp-content\/uploads\/sites\/595\/2019\/06\/image-4-6.jpg\" alt=\"\" class=\"wp-image-295\" width=\"586\" srcset=\"https:\/\/www.ufsm.br\/app\/uploads\/sites\/595\/2019\/06\/image-4-6.jpg 653w, https:\/\/www.ufsm.br\/app\/uploads\/sites\/595\/2019\/06\/image-4-6-300x230.jpg 300w\" sizes=\"(max-width: 653px) 100vw, 653px\" \/><\/figure><\/div>\n\n\n\n<p>Outro instrumento frequentemente utilizado \u00e9 o medidor de n\u00edvel de press\u00e3o sonora (Bruel&amp;Kjaer 2270). \u00c9 utilizado para medir n\u00edveis de press\u00e3o sonora de m\u00e1quinas, ru\u00eddo ambiental (tr\u00e1fego, ru\u00eddo de trem, aeron\u00e1utico) ou avalia\u00e7\u00e3o de ru\u00eddo em edifica\u00e7\u00f5es. Para medi\u00e7\u00f5es segundo a ISO 10534-2, utiliza-se tubos de imped\u00e2ncia. S\u00e3o usados para medira absor\u00e7\u00e3o sonora de materiais como espumas, l\u00e3s de vidro, ressonadores, materiais construtivos, asfalto, concreto.<\/p>\n\n\n\n<div class=\"wp-block-image\"><figure class=\"aligncenter\"><img fetchpriority=\"high\" decoding=\"async\" width=\"586\" height=\"703\" src=\"https:\/\/www.ufsm.br\/cursos\/pos-graduacao\/santa-maria\/pgmec\/wp-content\/uploads\/sites\/595\/2019\/06\/image-4-8.jpg\" alt=\"\" class=\"wp-image-297\" srcset=\"https:\/\/www.ufsm.br\/app\/uploads\/sites\/595\/2019\/06\/image-4-8.jpg 586w, https:\/\/www.ufsm.br\/app\/uploads\/sites\/595\/2019\/06\/image-4-250x300.jpg 250w\" sizes=\"(max-width: 586px) 100vw, 586px\" \/><\/figure><\/div>\n\n\n\n<p> O laborat\u00f3rio de vibra\u00e7\u00f5es e ac\u00fastica tamb\u00e9m conta fontes de refer\u00eancia, analisadores de sinais, amplificadores de pot\u00eancia, microfones, aceler\u00f4metros e martelos de impacto. A figura abaixo apresenta alguns dos principais equipamentos, marca e modelo.<\/p>\n\n\n\n<div class=\"wp-block-image\"><figure class=\"aligncenter\"><img decoding=\"async\" width=\"528\" height=\"709\" src=\"https:\/\/www.ufsm.br\/cursos\/pos-graduacao\/santa-maria\/pgmec\/wp-content\/uploads\/sites\/595\/2019\/06\/image-4-9.jpg\" alt=\"\" class=\"wp-image-300\" srcset=\"https:\/\/www.ufsm.br\/app\/uploads\/sites\/595\/2019\/06\/image-4-9.jpg 528w, https:\/\/www.ufsm.br\/app\/uploads\/sites\/595\/2019\/06\/image-4-223x300.jpg 223w\" sizes=\"(max-width: 528px) 100vw, 528px\" \/><\/figure><\/div>\n","protected":false},"excerpt":{"rendered":"<p>Destinado a pesquisa em ru\u00eddo, vibra\u00e7\u00f5es e ac\u00fastica, este apresenta a seguinte estrutura e equipamentos: 01 (uma) c\u00e2mara de dois pavimentos para avalia\u00e7\u00e3o da transmiss\u00e3o sonora por impacto; 01 (uma) c\u00e2mara reverberante de 207 m\u00b3; 01 (uma) c\u00e2mara reverberante dupla de 60 \/ 67 m\u00b3; medidores de n\u00edvel de press\u00e3o sonora; microfones para campos livre [&hellip;]<\/p>\n","protected":false},"author":801,"featured_media":0,"parent":0,"menu_order":0,"comment_status":"closed","ping_status":"closed","template":"","meta":{"footnotes":""},"categories":[],"tags":[],"class_list":["post-218","page","type-page","status-publish","hentry"],"acf":[],"_links":{"self":[{"href":"https:\/\/www.ufsm.br\/cursos\/pos-graduacao\/santa-maria\/pgmec\/wp-json\/wp\/v2\/pages\/218","targetHints":{"allow":["GET"]}}],"collection":[{"href":"https:\/\/www.ufsm.br\/cursos\/pos-graduacao\/santa-maria\/pgmec\/wp-json\/wp\/v2\/pages"}],"about":[{"href":"https:\/\/www.ufsm.br\/cursos\/pos-graduacao\/santa-maria\/pgmec\/wp-json\/wp\/v2\/types\/page"}],"author":[{"embeddable":true,"href":"https:\/\/www.ufsm.br\/cursos\/pos-graduacao\/santa-maria\/pgmec\/wp-json\/wp\/v2\/users\/801"}],"replies":[{"embeddable":true,"href":"https:\/\/www.ufsm.br\/cursos\/pos-graduacao\/santa-maria\/pgmec\/wp-json\/wp\/v2\/comments?post=218"}],"version-history":[{"count":0,"href":"https:\/\/www.ufsm.br\/cursos\/pos-graduacao\/santa-maria\/pgmec\/wp-json\/wp\/v2\/pages\/218\/revisions"}],"wp:attachment":[{"href":"https:\/\/www.ufsm.br\/cursos\/pos-graduacao\/santa-maria\/pgmec\/wp-json\/wp\/v2\/media?parent=218"}],"wp:term":[{"taxonomy":"category","embeddable":true,"href":"https:\/\/www.ufsm.br\/cursos\/pos-graduacao\/santa-maria\/pgmec\/wp-json\/wp\/v2\/categories?post=218"},{"taxonomy":"post_tag","embeddable":true,"href":"https:\/\/www.ufsm.br\/cursos\/pos-graduacao\/santa-maria\/pgmec\/wp-json\/wp\/v2\/tags?post=218"}],"curies":[{"name":"wp","href":"https:\/\/api.w.org\/{rel}","templated":true}]}}