{"id":220,"date":"2019-04-30T15:29:09","date_gmt":"2019-04-30T18:29:09","guid":{"rendered":"https:\/\/www.ufsm.br\/cursos\/pos-graduacao\/santa-maria\/pgmec\/?page_id=220"},"modified":"2019-06-13T14:31:19","modified_gmt":"2019-06-13T17:31:19","slug":"laboratorio-de-eletronica-de-potencia-e-controle","status":"publish","type":"page","link":"https:\/\/www.ufsm.br\/cursos\/pos-graduacao\/santa-maria\/pgmec\/laboratorio-de-eletronica-de-potencia-e-controle","title":{"rendered":"Laborat\u00f3rio de Eletr\u00f4nica de Pot\u00eancia e Controle"},"content":{"rendered":"\n<p>Disponibiliza em torno de 800 m\u00b2 de \u00e1rea f\u00edsica, divididas em laborat\u00f3rios de pesquisa e salas para alunos, pesquisadores e professores. Conta com diversos equipamentos, dentre estes: diversos oscilosc\u00f3pios Tektronix DPO3034 e DPO3054, oscilosc\u00f3pios digitais Lecroy 6030, ponteiras de corrente e tens\u00e3o Tektronix para oscilosc\u00f3pios, c\u00e2mera t\u00e9rmica Fluke Ti20, mult\u00edmetros true RMS Fluke 175, analisadores de qualidade de energia Fluke 434 e 435, diversas fontes reguladas ICEL 30 V, bancada de filtros ativos; tac\u00f4metros digitais Politerm 6236B, conversores PWM conectados \u00e0 rede; emulador de turbina e\u00f3lica de velocidade vari\u00e1vel; prototipadora Ptotomat S62, acionamento e motor CC sem escovas; acionamento de motor de indu\u00e7\u00e3o monof\u00e1sico para o estudo de controladores vetoriais; testadores de isola\u00e7\u00e3o de alta tens\u00e3o Kyoritsu 3123; diversos mult\u00edmetros Fluke 175; emulador de sistema de gera\u00e7\u00e3o e\u00f3lica; impressora 3D; oscilosc\u00f3pios; analisadores de energia Minipa ET-5060C; dinam\u00f4metro ativo WEG 75 kW; banco de baterias em 420 Vcc 45 A; geradores e\u00f3licos de eixo vertical e horizontal; torqu\u00edmetros digitais; encoders; volt\u00edmetros; amper\u00edmetros; processadores digitais de sinais; analisador de rede\/espectro\/imped\u00e2ncia; medidor de fun\u00e7\u00f5es de transfer\u00eancia.<\/p>\n\n\n\n<div class=\"wp-block-image\"><figure class=\"aligncenter\"><img fetchpriority=\"high\" decoding=\"async\" width=\"658\" height=\"514\" src=\"https:\/\/www.ufsm.br\/cursos\/pos-graduacao\/santa-maria\/pgmec\/wp-content\/uploads\/sites\/595\/2019\/06\/image-4-11.jpg\" alt=\"\" class=\"wp-image-302\" srcset=\"https:\/\/www.ufsm.br\/app\/uploads\/sites\/595\/2019\/06\/image-4-11.jpg 658w, https:\/\/www.ufsm.br\/app\/uploads\/sites\/595\/2019\/06\/image-4-300x234.jpg 300w\" sizes=\"(max-width: 658px) 100vw, 658px\" \/><\/figure><\/div>\n","protected":false},"excerpt":{"rendered":"<p>Disponibiliza em torno de 800 m\u00b2 de \u00e1rea f\u00edsica, divididas em laborat\u00f3rios de pesquisa e salas para alunos, pesquisadores e professores. Conta com diversos equipamentos, dentre estes: diversos oscilosc\u00f3pios Tektronix DPO3034 e DPO3054, oscilosc\u00f3pios digitais Lecroy 6030, ponteiras de corrente e tens\u00e3o Tektronix para oscilosc\u00f3pios, c\u00e2mera t\u00e9rmica Fluke Ti20, mult\u00edmetros true RMS Fluke 175, analisadores [&hellip;]<\/p>\n","protected":false},"author":801,"featured_media":0,"parent":0,"menu_order":0,"comment_status":"closed","ping_status":"closed","template":"","meta":{"footnotes":""},"categories":[],"tags":[],"class_list":["post-220","page","type-page","status-publish","hentry"],"acf":[],"_links":{"self":[{"href":"https:\/\/www.ufsm.br\/cursos\/pos-graduacao\/santa-maria\/pgmec\/wp-json\/wp\/v2\/pages\/220","targetHints":{"allow":["GET"]}}],"collection":[{"href":"https:\/\/www.ufsm.br\/cursos\/pos-graduacao\/santa-maria\/pgmec\/wp-json\/wp\/v2\/pages"}],"about":[{"href":"https:\/\/www.ufsm.br\/cursos\/pos-graduacao\/santa-maria\/pgmec\/wp-json\/wp\/v2\/types\/page"}],"author":[{"embeddable":true,"href":"https:\/\/www.ufsm.br\/cursos\/pos-graduacao\/santa-maria\/pgmec\/wp-json\/wp\/v2\/users\/801"}],"replies":[{"embeddable":true,"href":"https:\/\/www.ufsm.br\/cursos\/pos-graduacao\/santa-maria\/pgmec\/wp-json\/wp\/v2\/comments?post=220"}],"version-history":[{"count":0,"href":"https:\/\/www.ufsm.br\/cursos\/pos-graduacao\/santa-maria\/pgmec\/wp-json\/wp\/v2\/pages\/220\/revisions"}],"wp:attachment":[{"href":"https:\/\/www.ufsm.br\/cursos\/pos-graduacao\/santa-maria\/pgmec\/wp-json\/wp\/v2\/media?parent=220"}],"wp:term":[{"taxonomy":"category","embeddable":true,"href":"https:\/\/www.ufsm.br\/cursos\/pos-graduacao\/santa-maria\/pgmec\/wp-json\/wp\/v2\/categories?post=220"},{"taxonomy":"post_tag","embeddable":true,"href":"https:\/\/www.ufsm.br\/cursos\/pos-graduacao\/santa-maria\/pgmec\/wp-json\/wp\/v2\/tags?post=220"}],"curies":[{"name":"wp","href":"https:\/\/api.w.org\/{rel}","templated":true}]}}