{"id":222,"date":"2019-04-30T15:31:00","date_gmt":"2019-04-30T18:31:00","guid":{"rendered":"https:\/\/www.ufsm.br\/cursos\/pos-graduacao\/santa-maria\/pgmec\/?page_id=222"},"modified":"2019-06-13T14:35:49","modified_gmt":"2019-06-13T17:35:49","slug":"laboratorios-do-colegio-tecnico-industrial-de-santa-maria-ctism","status":"publish","type":"page","link":"https:\/\/www.ufsm.br\/cursos\/pos-graduacao\/santa-maria\/pgmec\/laboratorios-do-colegio-tecnico-industrial-de-santa-maria-ctism","title":{"rendered":"Laborat\u00f3rios do Col\u00e9gio T\u00e9cnico Industrial de Santa Maria (CTISM)"},"content":{"rendered":"\n<p>Em um espa\u00e7o superior a 500 m\u00b2, diversos laborat\u00f3rios s\u00e3o disponibilizados. A \u00e1rea de transforma\u00e7\u00e3o de pol\u00edmeros \u00e9 suprida por equipamentos como: moinho de navalhas marca SEIBT modelo 250LR e aglutinador marca SEIBT modelo AS-500; injetora de pol\u00edmeros marca ROMI modelo Pr\u00e1tica 80; e extrusora de pol\u00edmeros marca SEIBT modelo ES 35-FR para produ\u00e7\u00e3o de filamentos, filmes e l\u00e2minas. A \u00e1rea de metalografia disp\u00f5em de m\u00e1quinas para corte (cortadora metalogr\u00e1fica marca Teclago modelo CM80) e embutimento de amostras (prensa embutidora marca Fortel modelo EFD30); lixadeiras e politrizes (marca Fortel modelo PLF); estereomicrosc\u00f3pio (marca Zeiss modelo Axio Lab A1); dur\u00f4metro de bancada (marca Digimess modelo 400.001) e microdur\u00f4metro (marca Shimadzu modelo HMV-G 20DT); m\u00e1quina de ensaios universal (marca EMIC modelo DL100); fornos tipo mufla para tratamento t\u00e9rmico (marca QUIMIS modelo Q318M). A \u00e1rea de soldagem disp\u00f5e de fontes de soldagem MIG\/MAG e arame tubular (marca Balmer modelo MB 250 LS, marca Esab modelo Smashweld 257 e marca Esab modelo Smashweld 318), TIG (marca Lincoln Electric modelo TIG255 e marca Esab modelo <em>Heliarc<\/em> 255 AC\/DC), arco submerso (marca Sumig modelo Autoarc 360), oxiacetil\u00eanica, eletrodo revestido (marca Esab modelo Super Bantam 422 DC), e por resist\u00eancia; manipulador rob\u00f3tico para soldagem (marca Yaskawa Motoman modelo AR170 acoplado \u00e0s fontes de soldagem multiprocesso marca IMC Soldagem modelo Digiplus A7, e MIG\/MAG marca Fronius modelo TransPlus Synergic 5000 CMT); e m\u00e1quina de corte plasma. As \u00e1reas de usinagem e tecnologias CAD\/CAE\/CAM e FEM s\u00e3o supridas por 38 microcomputadores equipados com softwares dedicados ao projeto e fabrica\u00e7\u00e3o (SolidWorks, Simulation e SolidCam); centro de usinagem CNC (marca ROMI modelo D600); centros de torneamento CNC (marca Harding e modelo GS150); e uma impressora 3D (marca uPrint modelo SE Plus), al\u00e9m de diversas ferramentas de usinagem e instrumentos de medi\u00e7\u00e3o.<\/p>\n\n\n\n<div class=\"wp-block-image\"><figure class=\"aligncenter\"><img fetchpriority=\"high\" decoding=\"async\" width=\"655\" height=\"711\" src=\"https:\/\/www.ufsm.br\/cursos\/pos-graduacao\/santa-maria\/pgmec\/wp-content\/uploads\/sites\/595\/2019\/06\/image-4-12.jpg\" alt=\"\" class=\"wp-image-304\" srcset=\"https:\/\/www.ufsm.br\/app\/uploads\/sites\/595\/2019\/06\/image-4-12.jpg 655w, https:\/\/www.ufsm.br\/app\/uploads\/sites\/595\/2019\/06\/image-4-276x300.jpg 276w\" sizes=\"(max-width: 655px) 100vw, 655px\" \/><\/figure><\/div>\n\n\n\n<div class=\"wp-block-image\"><figure class=\"aligncenter\"><img decoding=\"async\" width=\"659\" height=\"660\" src=\"https:\/\/www.ufsm.br\/cursos\/pos-graduacao\/santa-maria\/pgmec\/wp-content\/uploads\/sites\/595\/2019\/06\/image-4-13.jpg\" alt=\"\" class=\"wp-image-306\" srcset=\"https:\/\/www.ufsm.br\/app\/uploads\/sites\/595\/2019\/06\/image-4-13.jpg 659w, https:\/\/www.ufsm.br\/app\/uploads\/sites\/595\/2019\/06\/image-4-13-150x150.jpg 150w, https:\/\/www.ufsm.br\/app\/uploads\/sites\/595\/2019\/06\/image-4-300x300.jpg 300w\" sizes=\"(max-width: 659px) 100vw, 659px\" \/><\/figure><\/div>\n","protected":false},"excerpt":{"rendered":"<p>Em um espa\u00e7o superior a 500 m\u00b2, diversos laborat\u00f3rios s\u00e3o disponibilizados. A \u00e1rea de transforma\u00e7\u00e3o de pol\u00edmeros \u00e9 suprida por equipamentos como: moinho de navalhas marca SEIBT modelo 250LR e aglutinador marca SEIBT modelo AS-500; injetora de pol\u00edmeros marca ROMI modelo Pr\u00e1tica 80; e extrusora de pol\u00edmeros marca SEIBT modelo ES 35-FR para produ\u00e7\u00e3o de [&hellip;]<\/p>\n","protected":false},"author":801,"featured_media":0,"parent":0,"menu_order":0,"comment_status":"closed","ping_status":"closed","template":"","meta":{"footnotes":""},"categories":[],"tags":[],"class_list":["post-222","page","type-page","status-publish","hentry"],"acf":[],"_links":{"self":[{"href":"https:\/\/www.ufsm.br\/cursos\/pos-graduacao\/santa-maria\/pgmec\/wp-json\/wp\/v2\/pages\/222","targetHints":{"allow":["GET"]}}],"collection":[{"href":"https:\/\/www.ufsm.br\/cursos\/pos-graduacao\/santa-maria\/pgmec\/wp-json\/wp\/v2\/pages"}],"about":[{"href":"https:\/\/www.ufsm.br\/cursos\/pos-graduacao\/santa-maria\/pgmec\/wp-json\/wp\/v2\/types\/page"}],"author":[{"embeddable":true,"href":"https:\/\/www.ufsm.br\/cursos\/pos-graduacao\/santa-maria\/pgmec\/wp-json\/wp\/v2\/users\/801"}],"replies":[{"embeddable":true,"href":"https:\/\/www.ufsm.br\/cursos\/pos-graduacao\/santa-maria\/pgmec\/wp-json\/wp\/v2\/comments?post=222"}],"version-history":[{"count":0,"href":"https:\/\/www.ufsm.br\/cursos\/pos-graduacao\/santa-maria\/pgmec\/wp-json\/wp\/v2\/pages\/222\/revisions"}],"wp:attachment":[{"href":"https:\/\/www.ufsm.br\/cursos\/pos-graduacao\/santa-maria\/pgmec\/wp-json\/wp\/v2\/media?parent=222"}],"wp:term":[{"taxonomy":"category","embeddable":true,"href":"https:\/\/www.ufsm.br\/cursos\/pos-graduacao\/santa-maria\/pgmec\/wp-json\/wp\/v2\/categories?post=222"},{"taxonomy":"post_tag","embeddable":true,"href":"https:\/\/www.ufsm.br\/cursos\/pos-graduacao\/santa-maria\/pgmec\/wp-json\/wp\/v2\/tags?post=222"}],"curies":[{"name":"wp","href":"https:\/\/api.w.org\/{rel}","templated":true}]}}