{"id":224,"date":"2019-04-30T15:33:28","date_gmt":"2019-04-30T18:33:28","guid":{"rendered":"https:\/\/www.ufsm.br\/cursos\/pos-graduacao\/santa-maria\/pgmec\/?page_id=224"},"modified":"2019-04-30T15:33:30","modified_gmt":"2019-04-30T18:33:30","slug":"laboratorios-auxiliares-e-multiusuario","status":"publish","type":"page","link":"https:\/\/www.ufsm.br\/cursos\/pos-graduacao\/santa-maria\/pgmec\/laboratorios-auxiliares-e-multiusuario","title":{"rendered":"Laborat\u00f3rios Auxiliares e Multiusu\u00e1rio"},"content":{"rendered":"\n<p align=\"justify\">S\u00e3o laborat\u00f3rios multiusu\u00e1rio e\/ou coordenados por professores com parcerias e pesquisas j\u00e1 pr\u00e9-estabelecidas, os quais apresentam estrutura e equipamentos dispon\u00edveis para uso, tais como: 30 computadores Intel Xeon e AMD PRO com licen\u00e7as de diversos software para simula\u00e7\u00e3o num\u00e9rica; espectr\u00f4metro FTIR; espectr\u00f4metro FT-Rama; espectr\u00f4metro de correla\u00e7\u00e3o de f\u00f3tons; espectr\u00f4metro NIR UV-VIS; analisador termogravim\u00e9trico e calorim\u00e9trico; difrat\u00f4metros de raios-x (Brueker, modelo D8); microsc\u00f3pio de for\u00e7a at\u00f4mica, m\u00e1quina de fadiga mec\u00e2nica (Instron); rugos\u00edmetros; medidor de \u00e2ngulo de contato e energia livre de superf\u00edcie; deposi\u00e7\u00e3o de filmes finos por Magnetron Sputtering; c\u00e2maras de refrigera\u00e7\u00e3o e ultrafreezers cient\u00edficos; balan\u00e7as anal\u00edticas; medidores de PH; destiladores de \u00e1gua; centr\u00edfugas e ultra-centr\u00edfugas; scanner 3D; cromat\u00f3grafos; conjunto para avalia\u00e7\u00e3o de vibra\u00e7\u00f5es em corpos e medidas de ru\u00eddos. A rela\u00e7\u00e3o de equipamentos multiusu\u00e1rios dispon\u00edveis na UFSM pode ser vista no <i>link<\/i>: <a href=\"http:\/\/w3.ufsm.br\/multiusuario\">http:\/\/w3.ufsm.br\/multiusuario<\/a>.<\/p>\n<p align=\"justify\">Das 30 workstations citadas, 20 (Intel Xeon) possuem instalados os seguintes programas: MATLAB\/Simulink; Pacote CFD++\/Ennova\/Tecplot; Otimizador Multi Disciplinar Nexus; Abaqus; Solid Works; Ambientes de programa\u00e7\u00e3o: C\/C++.<\/p>\n","protected":false},"excerpt":{"rendered":"<p>S\u00e3o laborat\u00f3rios multiusu\u00e1rio e\/ou coordenados por professores com parcerias e pesquisas j\u00e1 pr\u00e9-estabelecidas, os quais apresentam estrutura e equipamentos dispon\u00edveis para uso, tais como: 30 computadores Intel Xeon e AMD PRO com licen\u00e7as de diversos software para simula\u00e7\u00e3o num\u00e9rica; espectr\u00f4metro FTIR; espectr\u00f4metro FT-Rama; espectr\u00f4metro de correla\u00e7\u00e3o de f\u00f3tons; espectr\u00f4metro NIR UV-VIS; analisador termogravim\u00e9trico e calorim\u00e9trico; [&hellip;]<\/p>\n","protected":false},"author":801,"featured_media":0,"parent":0,"menu_order":0,"comment_status":"closed","ping_status":"closed","template":"","meta":{"footnotes":""},"categories":[],"tags":[],"class_list":["post-224","page","type-page","status-publish","hentry"],"acf":[],"_links":{"self":[{"href":"https:\/\/www.ufsm.br\/cursos\/pos-graduacao\/santa-maria\/pgmec\/wp-json\/wp\/v2\/pages\/224","targetHints":{"allow":["GET"]}}],"collection":[{"href":"https:\/\/www.ufsm.br\/cursos\/pos-graduacao\/santa-maria\/pgmec\/wp-json\/wp\/v2\/pages"}],"about":[{"href":"https:\/\/www.ufsm.br\/cursos\/pos-graduacao\/santa-maria\/pgmec\/wp-json\/wp\/v2\/types\/page"}],"author":[{"embeddable":true,"href":"https:\/\/www.ufsm.br\/cursos\/pos-graduacao\/santa-maria\/pgmec\/wp-json\/wp\/v2\/users\/801"}],"replies":[{"embeddable":true,"href":"https:\/\/www.ufsm.br\/cursos\/pos-graduacao\/santa-maria\/pgmec\/wp-json\/wp\/v2\/comments?post=224"}],"version-history":[{"count":0,"href":"https:\/\/www.ufsm.br\/cursos\/pos-graduacao\/santa-maria\/pgmec\/wp-json\/wp\/v2\/pages\/224\/revisions"}],"wp:attachment":[{"href":"https:\/\/www.ufsm.br\/cursos\/pos-graduacao\/santa-maria\/pgmec\/wp-json\/wp\/v2\/media?parent=224"}],"wp:term":[{"taxonomy":"category","embeddable":true,"href":"https:\/\/www.ufsm.br\/cursos\/pos-graduacao\/santa-maria\/pgmec\/wp-json\/wp\/v2\/categories?post=224"},{"taxonomy":"post_tag","embeddable":true,"href":"https:\/\/www.ufsm.br\/cursos\/pos-graduacao\/santa-maria\/pgmec\/wp-json\/wp\/v2\/tags?post=224"}],"curies":[{"name":"wp","href":"https:\/\/api.w.org\/{rel}","templated":true}]}}