{"id":228,"date":"2019-04-30T16:26:10","date_gmt":"2019-04-30T19:26:10","guid":{"rendered":"https:\/\/www.ufsm.br\/cursos\/pos-graduacao\/santa-maria\/pgmec\/?page_id=228"},"modified":"2019-07-09T17:06:34","modified_gmt":"2019-07-09T20:06:34","slug":"fenomenos-de-transporte-e-energia","status":"publish","type":"page","link":"https:\/\/www.ufsm.br\/cursos\/pos-graduacao\/santa-maria\/pgmec\/fenomenos-de-transporte-e-energia","title":{"rendered":"Fen\u00f4menos de Transporte  e Energia"},"content":{"rendered":"\n<p>A \u00e1rea de Fen\u00f4menos de Transporte e Energia visa criar ferramentas te\u00f3ricas e experimentais voltadas ao desenvolvimento de sistemas energ\u00e9ticos eficientes, como geradores e\u00f3licos, motores de combust\u00e3o interna, sistemas de transfer\u00eancia de calor, entre outros. Este processo \u00e9 feito utilizando conhecimentos envolvendo as \u00e1reas de Transfer\u00eancia de Calor, Mec\u00e2nica dos Fluidos, Termodin\u00e2mica, Combust\u00e3o, com abordagens te\u00f3ricas, num\u00e9ricas e experimentais. Os estudos visam analisar, projetar e desenvolver sistemas eficientes, atendendo a demandas, quanto a gera\u00e7\u00e3o, transfer\u00eancia e convers\u00e3o de energia, do pa\u00eds e regi\u00e3o.<\/p>\n<p><strong>Linha de Pesquisa:<\/strong><\/p>\n<ul>\n<li>\n<p align=\"justify\">Desenvolvimento e An\u00e1lise de Sistemas para Convers\u00e3o de Energias Renov\u00e1veis<\/p>\n<\/li>\n<\/ul>\n<p><strong>Disciplinas:<\/strong><\/p>\n<ul>\n<li><span style=\"font-family: Georgia, serif\"><span style=\"font-size: medium\">DEM815 &#8211; Termodin\u00e2mica Cl\u00e1ssica<\/span><\/span><\/li>\n<li><span style=\"font-family: Georgia, serif\"><span style=\"font-size: medium\">DEM816 -Transfer\u00eancia de Calor e Massa I<\/span><\/span><\/li>\n<li><span style=\"font-family: Georgia, serif\"><span style=\"font-size: medium\">DEM817 -Transfer\u00eancia de Calor e Massa II<\/span><\/span><\/li>\n<li><span style=\"font-family: Georgia, serif\"><span style=\"font-size: medium\">DEM818 &#8211; Mec\u00e2nica dos Fluidos Viscosos<\/span><\/span><\/li>\n<li><span style=\"font-family: Georgia, serif\"><span style=\"font-size: medium\">DEM819 &#8211; Transfer\u00eancia de Calor e Mec\u00e2nica dos Fluidos Computacional<\/span><\/span><\/li>\n<li><span style=\"font-family: Georgia, serif\"><span style=\"font-size: medium\">DEM820 &#8211; Termodin\u00e2mica e Din\u00e2mica para Motores de Combust\u00e3o Interna<\/span><\/span><\/li>\n<li><span style=\"font-family: Georgia, serif\"><span style=\"font-size: medium\">DPEE914 &#8211; Sistemas de Gera\u00e7\u00e3o Renov\u00e1veis de Energia El\u00e9trica<\/span><\/span><\/li>\n<\/ul>\n<p><strong>Docentes:<\/strong><\/p>\n<ul>\n<li>\n<p><a href=\"http:\/\/buscatextual.cnpq.br\/buscatextual\/visualizacv.do?id=K4480314H1\">Carlos Eduardo Guex Falc\u00e3o<\/a><\/p>\n<\/li>\n<li>\n<p><a href=\"http:\/\/buscatextual.cnpq.br\/buscatextual\/visualizacv.do?id=K4201554U6\">Eduardo Xavier Barreto<\/a><\/p>\n<\/li>\n<li>\n<p><a href=\"http:\/\/buscatextual.cnpq.br\/buscatextual\/visualizacv.do?id=K4233187D2\">Giuliano Demarco<\/a><\/p>\n<\/li>\n<li>\n<p><a href=\"http:\/\/buscatextual.cnpq.br\/buscatextual\/visualizacv.do?id=K4765248J6\">Humberto Pinheiro<\/a><\/p>\n<\/li>\n<li>\n<p><a href=\"http:\/\/buscatextual.cnpq.br\/buscatextual\/visualizacv.do?id=K4352245Z5\">Macklini Dalla Nora<\/a><\/p>\n<\/li>\n<li>\n<p><a href=\"http:\/\/buscatextual.cnpq.br\/buscatextual\/visualizacv.do?id=K4790228A5\">M\u00e1rio E. Santos Martins<\/a><\/p>\n<\/li>\n<\/ul>\n","protected":false},"excerpt":{"rendered":"<p>A \u00e1rea de Fen\u00f4menos de Transporte e Energia visa criar ferramentas te\u00f3ricas e experimentais voltadas ao desenvolvimento de sistemas energ\u00e9ticos eficientes, como geradores e\u00f3licos, motores de combust\u00e3o interna, sistemas de transfer\u00eancia de calor, entre outros. Este processo \u00e9 feito utilizando conhecimentos envolvendo as \u00e1reas de Transfer\u00eancia de Calor, Mec\u00e2nica dos Fluidos, Termodin\u00e2mica, Combust\u00e3o, com abordagens [&hellip;]<\/p>\n","protected":false},"author":801,"featured_media":0,"parent":0,"menu_order":0,"comment_status":"closed","ping_status":"closed","template":"","meta":{"footnotes":""},"categories":[],"tags":[],"class_list":["post-228","page","type-page","status-publish","hentry"],"acf":[],"_links":{"self":[{"href":"https:\/\/www.ufsm.br\/cursos\/pos-graduacao\/santa-maria\/pgmec\/wp-json\/wp\/v2\/pages\/228","targetHints":{"allow":["GET"]}}],"collection":[{"href":"https:\/\/www.ufsm.br\/cursos\/pos-graduacao\/santa-maria\/pgmec\/wp-json\/wp\/v2\/pages"}],"about":[{"href":"https:\/\/www.ufsm.br\/cursos\/pos-graduacao\/santa-maria\/pgmec\/wp-json\/wp\/v2\/types\/page"}],"author":[{"embeddable":true,"href":"https:\/\/www.ufsm.br\/cursos\/pos-graduacao\/santa-maria\/pgmec\/wp-json\/wp\/v2\/users\/801"}],"replies":[{"embeddable":true,"href":"https:\/\/www.ufsm.br\/cursos\/pos-graduacao\/santa-maria\/pgmec\/wp-json\/wp\/v2\/comments?post=228"}],"version-history":[{"count":0,"href":"https:\/\/www.ufsm.br\/cursos\/pos-graduacao\/santa-maria\/pgmec\/wp-json\/wp\/v2\/pages\/228\/revisions"}],"wp:attachment":[{"href":"https:\/\/www.ufsm.br\/cursos\/pos-graduacao\/santa-maria\/pgmec\/wp-json\/wp\/v2\/media?parent=228"}],"wp:term":[{"taxonomy":"category","embeddable":true,"href":"https:\/\/www.ufsm.br\/cursos\/pos-graduacao\/santa-maria\/pgmec\/wp-json\/wp\/v2\/categories?post=228"},{"taxonomy":"post_tag","embeddable":true,"href":"https:\/\/www.ufsm.br\/cursos\/pos-graduacao\/santa-maria\/pgmec\/wp-json\/wp\/v2\/tags?post=228"}],"curies":[{"name":"wp","href":"https:\/\/api.w.org\/{rel}","templated":true}]}}