{"id":230,"date":"2019-04-30T16:29:20","date_gmt":"2019-04-30T19:29:20","guid":{"rendered":"https:\/\/www.ufsm.br\/cursos\/pos-graduacao\/santa-maria\/pgmec\/?page_id=230"},"modified":"2019-07-11T15:08:29","modified_gmt":"2019-07-11T18:08:29","slug":"projeto-e-analise-de-sistemas-mecanicos","status":"publish","type":"page","link":"https:\/\/www.ufsm.br\/cursos\/pos-graduacao\/santa-maria\/pgmec\/projeto-e-analise-de-sistemas-mecanicos","title":{"rendered":"Projeto e An\u00e1lise de Sistemas Mec\u00e2nicos"},"content":{"rendered":"\n<p>A \u00e1rea de Projeto e An\u00e1lise de Sistemas mec\u00e2nicos tem por objetivo contemplar a ampla gama de atividades envolvidas no projeto de sistemas mec\u00e2nicos, como m\u00e1quinas, ferramentas e implementos. A \u00e1rea de concentra\u00e7\u00e3o abrange tanto as etapas de desenvolvimento de produto, an\u00e1lise, dimensionamento e controle de sistemas mec\u00e2nicos, bem como a caracteriza\u00e7\u00e3o e modelagem do comportamento dos materiais de constru\u00e7\u00e3o. As atividades e trabalhos desenvolvidos s\u00e3o voltados ao desenvolvimento de ferramentas te\u00f3ricas, num\u00e9ricas, pr\u00e1ticas e experimentais que venham a contribuir no projeto de sistemas eficientes e seguros, tendo como foco a forma\u00e7\u00e3o de recursos humanos, bem como a gera\u00e7\u00e3o de conhecimento cient\u00edfico e o desenvolvimento tecnol\u00f3gico da regi\u00e3o e do pa\u00eds.<\/p>\n<p><strong>Linhas de Pesquisa: <\/strong><\/p>\n<ul>\n<li>\n<p align=\"justify\">Desenvolvimento de Produtos e Processos Sustent\u00e1veis.<\/p>\n<\/li>\n<li>\n<p align=\"justify\">Monitoramento e Controle Do Comportamento Din\u00e2mico de Sistemas Mec\u00e2nicos.<\/p>\n<\/li>\n<\/ul>\n<p><strong>Disciplinas:<\/strong><\/p>\n<ul>\n<li><span style=\"font-family: Georgia, serif\"><span style=\"font-size: medium\">DEM822 -Mec\u00e2nica dos S\u00f3lidos<\/span><\/span><\/li>\n<li><span style=\"font-family: Georgia, serif\"><span style=\"font-size: medium\">DEM822 &#8211; Mec\u00e2nica dos S\u00f3lidos Computacional<\/span><\/span><\/li>\n<li><span style=\"font-family: Georgia, serif\"><span style=\"font-size: medium\">DEM824 &#8211; Din\u00e2mica de Sistemas Mec\u00e2nicos<\/span><\/span><\/li>\n<li><span style=\"font-family: Georgia, serif\"><span style=\"font-size: medium\">DEM825 &#8211; T\u00e9cnicas de Caracteriza\u00e7\u00e3o de Materiais<\/span><\/span><\/li>\n<li><span style=\"font-family: Georgia, serif\"><span style=\"font-size: medium\">DEM813 &#8211; Metalurgia Mec\u00e2nica<\/span><\/span><\/li>\n<li><span style=\"font-family: Georgia, serif\"><span style=\"font-size: medium\">DEM826 &#8211; Sele\u00e7\u00e3o de Materiais e Processos de Fabrica\u00e7\u00e3o<\/span><\/span><\/li>\n<li><span style=\"font-family: Georgia, serif\"><span style=\"font-size: medium\">DEM809 &#8211; Desenvolvimento Integrado de Produtos<\/span><\/span><\/li>\n<li><span style=\"font-family: Georgia, serif\"><span style=\"font-size: medium\">DEM828 &#8211; Projeto de Elementos Mec\u00e2nicos<\/span><\/span><\/li>\n<li><span style=\"font-family: Georgia, serif\"><span style=\"font-size: medium\">DEM829 &#8211; Vibroac\u00fastica B\u00e1sica<\/span><\/span><\/li>\n<li><span style=\"font-family: Georgia, serif\"><span style=\"font-size: medium\">DEM830 &#8211; Controle de Ru\u00eddo<\/span><\/span><\/li>\n<\/ul>\n<p><strong>Docentes:<\/strong><\/p>\n<ul>\n<li>\n<p><a href=\"http:\/\/buscatextual.cnpq.br\/buscatextual\/visualizacv.do?id=K4201236Z8\">Alexandre Aparecido Buenos <\/a><\/p>\n<\/li>\n<li>\n<p><a href=\"http:\/\/buscatextual.cnpq.br\/buscatextual\/visualizacv.do?id=K4592867E3\">Andr\u00e9 Lu\u00eds da Silva <\/a><\/p>\n<\/li>\n<li>\n<p><a href=\"http:\/\/buscatextual.cnpq.br\/buscatextual\/visualizacv.do?id=K4290456T1\">Cristiano Jos\u00e9 Scheuer<\/a><\/p>\n<\/li>\n<li>\n<p><a href=\"http:\/\/buscatextual.cnpq.br\/buscatextual\/visualizacv.do?id=K4270722T1\">Eric Brand\u00e3o Carneiro <\/a><\/p>\n<\/li>\n<li>\n<p><a href=\"http:\/\/buscatextual.cnpq.br\/buscatextual\/visualizacv.do?id=K4792131Y3\">In\u00e1cio da Fontoura Limberger <\/a><\/p>\n<\/li>\n<li>\n<p><a href=\"http:\/\/buscatextual.cnpq.br\/buscatextual\/visualizacv.do?id=K4728860D9\">Leonardo Nabaes Romano<\/a><\/p>\n<\/li>\n<li>\n<p><a href=\"http:\/\/buscatextual.cnpq.br\/buscatextual\/visualizacv.do?id=K4489392U6\">Nat\u00e1lia de Freitas Daudt<\/a><\/p>\n<\/li>\n<li>\n<p><a href=\"http:\/\/buscatextual.cnpq.br\/buscatextual\/visualizacv.do?id=K4238363H4\">Paulo Henrique Mareze<\/a><\/p>\n<\/li>\n<li>\n<p><a href=\"http:\/\/buscatextual.cnpq.br\/buscatextual\/visualizacv.do?id=K4325489U5\">Tiago dos Santos<\/a><\/p>\n<\/li>\n<\/ul>\n","protected":false},"excerpt":{"rendered":"<p>A \u00e1rea de Projeto e An\u00e1lise de Sistemas mec\u00e2nicos tem por objetivo contemplar a ampla gama de atividades envolvidas no projeto de sistemas mec\u00e2nicos, como m\u00e1quinas, ferramentas e implementos. A \u00e1rea de concentra\u00e7\u00e3o abrange tanto as etapas de desenvolvimento de produto, an\u00e1lise, dimensionamento e controle de sistemas mec\u00e2nicos, bem como a caracteriza\u00e7\u00e3o e modelagem do [&hellip;]<\/p>\n","protected":false},"author":801,"featured_media":0,"parent":0,"menu_order":0,"comment_status":"closed","ping_status":"closed","template":"","meta":{"footnotes":""},"categories":[],"tags":[],"class_list":["post-230","page","type-page","status-publish","hentry"],"acf":[],"_links":{"self":[{"href":"https:\/\/www.ufsm.br\/cursos\/pos-graduacao\/santa-maria\/pgmec\/wp-json\/wp\/v2\/pages\/230","targetHints":{"allow":["GET"]}}],"collection":[{"href":"https:\/\/www.ufsm.br\/cursos\/pos-graduacao\/santa-maria\/pgmec\/wp-json\/wp\/v2\/pages"}],"about":[{"href":"https:\/\/www.ufsm.br\/cursos\/pos-graduacao\/santa-maria\/pgmec\/wp-json\/wp\/v2\/types\/page"}],"author":[{"embeddable":true,"href":"https:\/\/www.ufsm.br\/cursos\/pos-graduacao\/santa-maria\/pgmec\/wp-json\/wp\/v2\/users\/801"}],"replies":[{"embeddable":true,"href":"https:\/\/www.ufsm.br\/cursos\/pos-graduacao\/santa-maria\/pgmec\/wp-json\/wp\/v2\/comments?post=230"}],"version-history":[{"count":0,"href":"https:\/\/www.ufsm.br\/cursos\/pos-graduacao\/santa-maria\/pgmec\/wp-json\/wp\/v2\/pages\/230\/revisions"}],"wp:attachment":[{"href":"https:\/\/www.ufsm.br\/cursos\/pos-graduacao\/santa-maria\/pgmec\/wp-json\/wp\/v2\/media?parent=230"}],"wp:term":[{"taxonomy":"category","embeddable":true,"href":"https:\/\/www.ufsm.br\/cursos\/pos-graduacao\/santa-maria\/pgmec\/wp-json\/wp\/v2\/categories?post=230"},{"taxonomy":"post_tag","embeddable":true,"href":"https:\/\/www.ufsm.br\/cursos\/pos-graduacao\/santa-maria\/pgmec\/wp-json\/wp\/v2\/tags?post=230"}],"curies":[{"name":"wp","href":"https:\/\/api.w.org\/{rel}","templated":true}]}}