{"id":233,"date":"2019-04-30T16:36:16","date_gmt":"2019-04-30T19:36:16","guid":{"rendered":"https:\/\/www.ufsm.br\/cursos\/pos-graduacao\/santa-maria\/pgmec\/?page_id=233"},"modified":"2019-05-03T15:33:08","modified_gmt":"2019-05-03T18:33:08","slug":"desenvolvimento-de-produtos-e-processos-sustentaveis","status":"publish","type":"page","link":"https:\/\/www.ufsm.br\/cursos\/pos-graduacao\/santa-maria\/pgmec\/desenvolvimento-de-produtos-e-processos-sustentaveis","title":{"rendered":"Desenvolvimento de Produtos e Processos Sustent\u00e1veis"},"content":{"rendered":"\n<p style=\"text-align: left\">Esta linha de pesquisa tem como objetivo desenvolver metodologias e ferramentas te\u00f3ricas, computacionais, pr\u00e1ticas e experimentais para o apoio ao projeto, desenvolvimento e fabrica\u00e7\u00e3o de processos, materiais e produtos sustent\u00e1veis. Neste sentido, a sustentabilidade refere-se tanto \u00e0 fase de desenvolvimento de produto, \u00e0 sele\u00e7\u00e3o de materiais alternativos, em conceitos de projetos eficientes tanto do ponto de vista energ\u00e9tico quanto de gera\u00e7\u00e3o de res\u00edduos, bem como o melhor aproveitamento de recursos e mat\u00e9rias-primas. As metodologias a serem desenvolvidas, como resultado dessa linha de pesquisa, s\u00e3o voltadas \u00e0 fase de concep\u00e7\u00e3o e gerenciamento de projeto, an\u00e1lise mec\u00e2nica e controle de equipamentos e processos, bem como o desenvolvimento e caracteriza\u00e7\u00e3o de materiais de constru\u00e7\u00e3o.<\/p>\n<ul>\n<li>\n<p align=\"justify\"><span style=\"font-family: Georgia, serif\">\u00c1rea de Concentra\u00e7\u00e3o Vinculada: Projeto e an\u00e1lise de sistemas mec\u00e2nicos. <\/span><\/p>\n<\/li>\n<\/ul>\n","protected":false},"excerpt":{"rendered":"<p>Esta linha de pesquisa tem como objetivo desenvolver metodologias e ferramentas te\u00f3ricas, computacionais, pr\u00e1ticas e experimentais para o apoio ao projeto, desenvolvimento e fabrica\u00e7\u00e3o de processos, materiais e produtos sustent\u00e1veis. Neste sentido, a sustentabilidade refere-se tanto \u00e0 fase de desenvolvimento de produto, \u00e0 sele\u00e7\u00e3o de materiais alternativos, em conceitos de projetos eficientes tanto do ponto [&hellip;]<\/p>\n","protected":false},"author":801,"featured_media":0,"parent":0,"menu_order":0,"comment_status":"closed","ping_status":"closed","template":"","meta":{"footnotes":""},"categories":[],"tags":[],"class_list":["post-233","page","type-page","status-publish","hentry"],"acf":[],"_links":{"self":[{"href":"https:\/\/www.ufsm.br\/cursos\/pos-graduacao\/santa-maria\/pgmec\/wp-json\/wp\/v2\/pages\/233","targetHints":{"allow":["GET"]}}],"collection":[{"href":"https:\/\/www.ufsm.br\/cursos\/pos-graduacao\/santa-maria\/pgmec\/wp-json\/wp\/v2\/pages"}],"about":[{"href":"https:\/\/www.ufsm.br\/cursos\/pos-graduacao\/santa-maria\/pgmec\/wp-json\/wp\/v2\/types\/page"}],"author":[{"embeddable":true,"href":"https:\/\/www.ufsm.br\/cursos\/pos-graduacao\/santa-maria\/pgmec\/wp-json\/wp\/v2\/users\/801"}],"replies":[{"embeddable":true,"href":"https:\/\/www.ufsm.br\/cursos\/pos-graduacao\/santa-maria\/pgmec\/wp-json\/wp\/v2\/comments?post=233"}],"version-history":[{"count":0,"href":"https:\/\/www.ufsm.br\/cursos\/pos-graduacao\/santa-maria\/pgmec\/wp-json\/wp\/v2\/pages\/233\/revisions"}],"wp:attachment":[{"href":"https:\/\/www.ufsm.br\/cursos\/pos-graduacao\/santa-maria\/pgmec\/wp-json\/wp\/v2\/media?parent=233"}],"wp:term":[{"taxonomy":"category","embeddable":true,"href":"https:\/\/www.ufsm.br\/cursos\/pos-graduacao\/santa-maria\/pgmec\/wp-json\/wp\/v2\/categories?post=233"},{"taxonomy":"post_tag","embeddable":true,"href":"https:\/\/www.ufsm.br\/cursos\/pos-graduacao\/santa-maria\/pgmec\/wp-json\/wp\/v2\/tags?post=233"}],"curies":[{"name":"wp","href":"https:\/\/api.w.org\/{rel}","templated":true}]}}