{"id":235,"date":"2019-04-30T16:42:23","date_gmt":"2019-04-30T19:42:23","guid":{"rendered":"https:\/\/www.ufsm.br\/cursos\/pos-graduacao\/santa-maria\/pgmec\/?page_id=235"},"modified":"2019-05-03T15:34:35","modified_gmt":"2019-05-03T18:34:35","slug":"desenvolvimento-e-analise-de-sistemas-para-conversao-de-energias-renovaveis","status":"publish","type":"page","link":"https:\/\/www.ufsm.br\/cursos\/pos-graduacao\/santa-maria\/pgmec\/desenvolvimento-e-analise-de-sistemas-para-conversao-de-energias-renovaveis","title":{"rendered":"Desenvolvimento e An\u00e1lise de Sistemas para Convers\u00e3o de Energias Renov\u00e1veis"},"content":{"rendered":"\n<p>Esta linha de pesquisa objetiva estudar, modelar e desenvolver sistemas que envolvam gera\u00e7\u00e3o, transfer\u00eancia ou convers\u00e3o de energias renov\u00e1veis. Estudos de gera\u00e7\u00e3o de energia ser\u00e3o desenvolvidos com enfoques te\u00f3ricos, num\u00e9ricos e experimentais considerando diferentes par\u00e2metros, combust\u00edveis e biocombust\u00edveis no funcionamento de motores de combust\u00e3o interna. Com este mesmo enfoque, ser\u00e3o desenvolvidos estudos em transfer\u00eancia de energia em dispositivos trocadores de calor e de convers\u00e3o de energia em geradores e\u00f3licos, tanto atrav\u00e9s do desenvolvimento de modelos com valida\u00e7\u00f5es num\u00e9ricas, como atrav\u00e9s da constru\u00e7\u00e3o de prot\u00f3tipos para levantamento de dados experimentais.<\/p>\n<ul>\n<li>\u00c1rea de Concentra\u00e7\u00e3o Vinculada: Fen\u00f4menos de transporte e energia.<\/li>\n<\/ul>\n","protected":false},"excerpt":{"rendered":"<p>Esta linha de pesquisa objetiva estudar, modelar e desenvolver sistemas que envolvam gera\u00e7\u00e3o, transfer\u00eancia ou convers\u00e3o de energias renov\u00e1veis. Estudos de gera\u00e7\u00e3o de energia ser\u00e3o desenvolvidos com enfoques te\u00f3ricos, num\u00e9ricos e experimentais considerando diferentes par\u00e2metros, combust\u00edveis e biocombust\u00edveis no funcionamento de motores de combust\u00e3o interna. Com este mesmo enfoque, ser\u00e3o desenvolvidos estudos em transfer\u00eancia de [&hellip;]<\/p>\n","protected":false},"author":801,"featured_media":0,"parent":0,"menu_order":0,"comment_status":"closed","ping_status":"closed","template":"","meta":{"footnotes":""},"categories":[],"tags":[],"class_list":["post-235","page","type-page","status-publish","hentry"],"acf":[],"_links":{"self":[{"href":"https:\/\/www.ufsm.br\/cursos\/pos-graduacao\/santa-maria\/pgmec\/wp-json\/wp\/v2\/pages\/235","targetHints":{"allow":["GET"]}}],"collection":[{"href":"https:\/\/www.ufsm.br\/cursos\/pos-graduacao\/santa-maria\/pgmec\/wp-json\/wp\/v2\/pages"}],"about":[{"href":"https:\/\/www.ufsm.br\/cursos\/pos-graduacao\/santa-maria\/pgmec\/wp-json\/wp\/v2\/types\/page"}],"author":[{"embeddable":true,"href":"https:\/\/www.ufsm.br\/cursos\/pos-graduacao\/santa-maria\/pgmec\/wp-json\/wp\/v2\/users\/801"}],"replies":[{"embeddable":true,"href":"https:\/\/www.ufsm.br\/cursos\/pos-graduacao\/santa-maria\/pgmec\/wp-json\/wp\/v2\/comments?post=235"}],"version-history":[{"count":0,"href":"https:\/\/www.ufsm.br\/cursos\/pos-graduacao\/santa-maria\/pgmec\/wp-json\/wp\/v2\/pages\/235\/revisions"}],"wp:attachment":[{"href":"https:\/\/www.ufsm.br\/cursos\/pos-graduacao\/santa-maria\/pgmec\/wp-json\/wp\/v2\/media?parent=235"}],"wp:term":[{"taxonomy":"category","embeddable":true,"href":"https:\/\/www.ufsm.br\/cursos\/pos-graduacao\/santa-maria\/pgmec\/wp-json\/wp\/v2\/categories?post=235"},{"taxonomy":"post_tag","embeddable":true,"href":"https:\/\/www.ufsm.br\/cursos\/pos-graduacao\/santa-maria\/pgmec\/wp-json\/wp\/v2\/tags?post=235"}],"curies":[{"name":"wp","href":"https:\/\/api.w.org\/{rel}","templated":true}]}}