{"id":237,"date":"2019-04-30T16:45:40","date_gmt":"2019-04-30T19:45:40","guid":{"rendered":"https:\/\/www.ufsm.br\/cursos\/pos-graduacao\/santa-maria\/pgmec\/?page_id=237"},"modified":"2019-05-03T15:35:38","modified_gmt":"2019-05-03T18:35:38","slug":"monitoramento-e-controle-do-comportamento-dinamico-de-sistemas-mecanicos","status":"publish","type":"page","link":"https:\/\/www.ufsm.br\/cursos\/pos-graduacao\/santa-maria\/pgmec\/monitoramento-e-controle-do-comportamento-dinamico-de-sistemas-mecanicos","title":{"rendered":"Monitoramento e Controle do Comportamento Din\u00e2mico de Sistemas Mec\u00e2nicos"},"content":{"rendered":"\n<p>Esta linha de pesquisa tem como objetivo utilizar m\u00e9todos te\u00f3ricos, num\u00e9ricos e experimentais voltados \u00e0 an\u00e1lise, monitoramento e controle do comportamento din\u00e2mico de materiais, estruturas e sistemas mec\u00e2nicos submetidos a condi\u00e7\u00f5es de contorno te\u00f3ricas ou de interesse pr\u00e1tico, tais como carregamentos impulsivos, cont\u00ednuos, harm\u00f4nicos<br \/>ou aleat\u00f3rios. Um dos enfoques dessa linha de pesquisa \u00e9 voltado ao controle de ru\u00eddos e vibra\u00e7\u00f5es. O que pode ser feito de forma passiva, por meio do desenvolvimento de novos materiais que possam ser empregados na atenua\u00e7\u00e3o destes aspectos em estruturas civis, mec\u00e2nicas e aeroespaciais, dentre outras, ou pela aplica\u00e7\u00e3o de t\u00e9cnicas de controle ativo, utilizando atuadores (mec\u00e2nicos, hidr\u00e1ulicos, el\u00e9tricos, etc.), \u00e0 redu\u00e7\u00e3o dos n\u00edveis de vibra\u00e7\u00e3o de estruturas mec\u00e2nicas em geral. Uma segunda frente, ainda mais abrangente, visa \u00e0 aplica\u00e7\u00e3o de t\u00e9cnicas de controle ativo \u00e0 opera\u00e7\u00e3o aut\u00f4noma de sistemas mec\u00e2nicos, tal como a automa\u00e7\u00e3o de ve\u00edculos aeroespaciais, mediante modelagem, simula\u00e7\u00e3o e implementa\u00e7\u00e3o de sistemas embarcados. As a\u00e7\u00f5es supramencionadas podem, ainda, ser combinadas a m\u00e9todos de monitoramento de danos estruturais associados \u00e0 vida em fadiga de equipamentos submetidos a solicita\u00e7\u00f5es c\u00edclicas.<\/p>\n<ul>\n<li>\n<p align=\"justify\"><span style=\"font-family: Georgia, serif\">\u00c1rea de Concentra\u00e7\u00e3o Vinculada: Projeto e an\u00e1lise de sistemas mec\u00e2nicos. <\/span><\/p>\n<\/li>\n<\/ul>\n","protected":false},"excerpt":{"rendered":"<p>Esta linha de pesquisa tem como objetivo utilizar m\u00e9todos te\u00f3ricos, num\u00e9ricos e experimentais voltados \u00e0 an\u00e1lise, monitoramento e controle do comportamento din\u00e2mico de materiais, estruturas e sistemas mec\u00e2nicos submetidos a condi\u00e7\u00f5es de contorno te\u00f3ricas ou de interesse pr\u00e1tico, tais como carregamentos impulsivos, cont\u00ednuos, harm\u00f4nicosou aleat\u00f3rios. Um dos enfoques dessa linha de pesquisa \u00e9 voltado ao [&hellip;]<\/p>\n","protected":false},"author":801,"featured_media":0,"parent":0,"menu_order":0,"comment_status":"closed","ping_status":"closed","template":"","meta":{"footnotes":""},"categories":[],"tags":[],"class_list":["post-237","page","type-page","status-publish","hentry"],"acf":[],"_links":{"self":[{"href":"https:\/\/www.ufsm.br\/cursos\/pos-graduacao\/santa-maria\/pgmec\/wp-json\/wp\/v2\/pages\/237","targetHints":{"allow":["GET"]}}],"collection":[{"href":"https:\/\/www.ufsm.br\/cursos\/pos-graduacao\/santa-maria\/pgmec\/wp-json\/wp\/v2\/pages"}],"about":[{"href":"https:\/\/www.ufsm.br\/cursos\/pos-graduacao\/santa-maria\/pgmec\/wp-json\/wp\/v2\/types\/page"}],"author":[{"embeddable":true,"href":"https:\/\/www.ufsm.br\/cursos\/pos-graduacao\/santa-maria\/pgmec\/wp-json\/wp\/v2\/users\/801"}],"replies":[{"embeddable":true,"href":"https:\/\/www.ufsm.br\/cursos\/pos-graduacao\/santa-maria\/pgmec\/wp-json\/wp\/v2\/comments?post=237"}],"version-history":[{"count":0,"href":"https:\/\/www.ufsm.br\/cursos\/pos-graduacao\/santa-maria\/pgmec\/wp-json\/wp\/v2\/pages\/237\/revisions"}],"wp:attachment":[{"href":"https:\/\/www.ufsm.br\/cursos\/pos-graduacao\/santa-maria\/pgmec\/wp-json\/wp\/v2\/media?parent=237"}],"wp:term":[{"taxonomy":"category","embeddable":true,"href":"https:\/\/www.ufsm.br\/cursos\/pos-graduacao\/santa-maria\/pgmec\/wp-json\/wp\/v2\/categories?post=237"},{"taxonomy":"post_tag","embeddable":true,"href":"https:\/\/www.ufsm.br\/cursos\/pos-graduacao\/santa-maria\/pgmec\/wp-json\/wp\/v2\/tags?post=237"}],"curies":[{"name":"wp","href":"https:\/\/api.w.org\/{rel}","templated":true}]}}